{"id":9954,"date":"2026-01-15T16:47:34","date_gmt":"2026-01-15T20:47:34","guid":{"rendered":"https:\/\/uvj26cep1o-staging.onrocket.site\/?post_type=product&#038;p=9954"},"modified":"2026-01-29T15:01:51","modified_gmt":"2026-01-29T19:01:51","slug":"ld1-sec","status":"publish","type":"product","link":"https:\/\/revtronik.com\/fr\/product\/ld1-sec\/","title":{"rendered":"LD1-SEC LOADTRONIK ELECTRIQUE SILVER SUR CHARIOT"},"content":{"rendered":"<div class=\"fl-builder-content fl-builder-content-9930 fl-builder-template fl-builder-module-template fl-builder-global-templates-locked\" data-post-id=\"9930\"><div class=\"fl-module fl-module-info-box fl-node-6wayv5ft90kx\" data-node=\"6wayv5ft90kx\">\n\t<div class=\"fl-module-content fl-node-content\">\n\t\t<div class=\"uabb-module-content uabb-infobox infobox-left infobox-responsive-left infobox-has-photo infobox-photo-above-title\">\n\t<div class=\"uabb-infobox-left-right-wrap\">\n\t<div class=\"uabb-infobox-content\">\n\t\t\t<div class=\"uabb-module-content uabb-imgicon-wrap\">\t\t\n\t\t\t\t\t<div class=\"uabb-image\t\t uabb-image-crop-simple\" itemscope itemtype=\"https:\/\/schema.org\/ImageObject\">\n\t\t\t<div class=\"uabb-image-content\">\n\t\t\t\t<img loading=\"lazy\" decoding=\"async\" width=\"90\" height=\"85\" class=\"uabb-photo-img wp-image-8104 size-full\" src=\"https:\/\/revtronik.com\/wp-content\/uploads\/Installation_Icon-TipTronik-Trailer-Dumper-Box-Tipper-Raised-Alarm-Warning-GPS-WIFI-Revtronik.svg\" alt=\"Installation Icon TipTronik Trailer Dumper Box Tipper Raised Alarm Warning GPS WIFI Revtronik\" title=\"Installation Icon TipTronik Trailer Dumper Box Tipper Raised Alarm Warning GPS WIFI Revtronik\" itemprop=\"image\"\/>\n\t\t\t<\/div>\n\t\t<\/div>\n\n\t\t<\/div><div class='uabb-infobox-title-wrap'><h5 class=\"uabb-infobox-title-prefix\">SILVER<\/h5><h4 class=\"uabb-infobox-title\">UTILISATION ELECTRIQUE<\/h4><\/div><div class=\"uabb-infobox-separator\"><div class=\"uabb-module-content uabb-separator-parent\">\n\t<div class=\"uabb-separator\"><\/div>\n<\/div>\n<\/div>\t\t\t<div class=\"uabb-infobox-text-wrap\">\n\t\t\t\t<div class=\"uabb-infobox-text uabb-text-editor\"><p class=\" translation-block\">L'utilisation du <strong>LOADTRONIK \u00c9LECTRIQUE ARGENT<\/strong> vous permet de simuler une charge \u00e9lectrique dans votre installation, m\u00eame sans v\u00e9hicule (remorque). La charge ajout\u00e9e moyenne est de 8 amp\u00e8res (\u00b1). Gr\u00e2ce \u00e0 cet appareil, vous visualiserez l'intensit\u00e9 et la tension de chaque circuit activ\u00e9, ainsi que le circuit lui-m\u00eame et les \u00e9ventuels contacts entre les fils gr\u00e2ce aux voyants int\u00e9gr\u00e9s.<\/p>\n<p class=\" translation-block\"><strong>L'\u00c9DITION \u00c9LECTRIQUE ARGENT<\/strong> est notre mod\u00e8le de milieu de gamme et ne dispose pas de t\u00e9l\u00e9commande sans fil. Cet appareil peut \u00eatre utilis\u00e9 sur le v\u00e9hicule et en s\u00e9rie entre le v\u00e9hicule et la remorque. Seules les \u00e9ditions GOLD sont fournies avec une t\u00e9l\u00e9commande. Il est possible de connecter l'appareil \u00e0 une source de tension externe gr\u00e2ce aux adaptateurs disponibles en option. <strong>*L'\u00c9dition GOLD<\/strong> vous permet \u00e9galement de contr\u00f4ler ces fonctions via la t\u00e9l\u00e9commande sans fil et de visualiser toutes ces donn\u00e9es directement sur votre \u00e9cran. L'\u00e9cran couleur des mod\u00e8les SILVER et GOLD permet de visualiser simultan\u00e9ment le courant et la tension, ce qui n'est pas possible avec l'\u00e9dition Bronze. La couleur des points sur l'\u00e9cran indique \u00e9galement toute anomalie de tension.<span style=\"color: #999999\"><em> *Pour plus de d\u00e9tails, consultez les manuels d'utilisation.<\/em><\/span><\/span><\/p>\n<\/div>\t\t\t<\/div>\n\t\t\t\t\t\t<\/div>\t<\/div>\n<\/div>\n\t<\/div>\n<\/div>\n<\/div><div class=\"uabb-js-breakpoint\" style=\"display: none;\"><\/div>\n<p><div class=\"fl-builder-content fl-builder-content-6709 fl-builder-template fl-builder-module-template fl-builder-global-templates-locked\" data-post-id=\"6709\"><div class=\"fl-module fl-module-info-box fl-node-82c45fk9tuxh\" data-node=\"82c45fk9tuxh\">\n\t<div class=\"fl-module-content fl-node-content\">\n\t\t<div class=\"uabb-module-content uabb-infobox infobox-center infobox-responsive-center infobox-has-photo infobox-photo-above-title\">\n\t<div class=\"uabb-infobox-left-right-wrap\">\n\t<a href=\"https:\/\/revtronik.com\/dealer-and-distributor\/\" target=\"_self\"  class=\"uabb-infobox-module-link\" aria-label=\"Go to https:\/\/revtronik.com\/dealer-and-distributor\/\"><\/a><div class=\"uabb-infobox-content\">\n\t\t\t<div class=\"uabb-module-content uabb-imgicon-wrap\">\t\t\n\t\t\t\t\t<div class=\"uabb-image\t\t uabb-image-crop-simple\" itemscope itemtype=\"https:\/\/schema.org\/ImageObject\">\n\t\t\t<div class=\"uabb-image-content\">\n\t\t\t\t<img loading=\"lazy\" decoding=\"async\" width=\"202\" height=\"202\" class=\"uabb-photo-img wp-image-8119 size-full\" src=\"https:\/\/revtronik.com\/wp-content\/uploads\/Approved-Certified-Icon-TipTronik-Trailer-Dumper-Box-Tipper-Raised-Alarm-GPS-WIFI-Revtronik.svg\" alt=\"Approved Certified Icon TipTronik Trailer Dumper Box Tipper Raised Alarm GPS WIFI Revtronik\" title=\"Approved Certified Icon TipTronik Trailer Dumper Box Tipper Raised Alarm GPS WIFI Revtronik\" itemprop=\"image\"\/>\n\t\t\t<\/div>\n\t\t<\/div>\n\n\t\t<\/div><div class='uabb-infobox-title-wrap'><h4 class=\"uabb-infobox-title\">INSTALLATIONS<br>APPROUV\u00c9ES<br><span style=\"color: #fff\">.<\/h4><\/div><div class=\"uabb-infobox-separator\"><div class=\"uabb-module-content uabb-separator-parent\">\n\t<div class=\"uabb-separator\"><\/div>\n<\/div>\n<\/div>\t\t\t<div class=\"uabb-infobox-text-wrap\">\n\t\t\t\t<div class=\"uabb-infobox-text uabb-text-editor\"><p>Bien que notre syst\u00e8me se caract\u00e9rise par une installation simple et rapide, nous recommandons fortement une installation professionnelle par un technicien certifi\u00e9 pour une s\u00e9curit\u00e9 et des performances optimales. Avec <strong><a href=\"https:\/\/revtronik.com\/fr\/dealer-and-distributor\/\">plus de 200 distributeurs RevTronik agr\u00e9\u00e9s \u00e0 travers le Canada et les Usa,<\/a><\/strong>Il y a assur\u00e9ment un installateur qualifi\u00e9 pr\u00e8s de chez vous pour vous aider !<\/p>\n<p class=\"p1\" style=\"text-align: center;\"><span style=\"font-size: 16px;\"><strong><span class=\"s1\"><a href=\"http:\/\/revtronik.com\/dealer-and-distributor\/\">TROUVEZ VOTRE DISTRIBUTEUR AGR\u00c9\u00c9<br \/>EN UN CLIC !<\/a><\/span><\/strong><\/span><\/p>\n<\/div>\t\t\t<\/div>\n\t\t\t\t\t\t<\/div>\t<\/div>\n<\/div>\n\t<\/div>\n<\/div>\n<\/div><div class=\"uabb-js-breakpoint\" style=\"display: none;\"><\/div><br \/>\n<div class=\"fl-builder-content fl-builder-content-6717 fl-builder-template fl-builder-module-template fl-builder-global-templates-locked\" data-post-id=\"6717\"><div class=\"fl-module fl-module-info-box fl-node-mvxwtgnsic6h\" data-node=\"mvxwtgnsic6h\">\n\t<div class=\"fl-module-content fl-node-content\">\n\t\t<div class=\"uabb-module-content uabb-infobox infobox-center infobox-responsive-center infobox-has-photo infobox-photo-above-title\">\n\t<div class=\"uabb-infobox-left-right-wrap\">\n\t<a href=\"https:\/\/revtronik.com\/dealer-and-distributor\/\" target=\"_self\"  class=\"uabb-infobox-module-link\" aria-label=\"Go to https:\/\/revtronik.com\/dealer-and-distributor\/\"><\/a><div class=\"uabb-infobox-content\">\n\t\t\t<div class=\"uabb-module-content uabb-imgicon-wrap\">\t\t\n\t\t\t\t\t<div class=\"uabb-image\t\t uabb-image-crop-simple\" itemscope itemtype=\"https:\/\/schema.org\/ImageObject\">\n\t\t\t<div class=\"uabb-image-content\">\n\t\t\t\t<img loading=\"lazy\" decoding=\"async\" width=\"800\" height=\"558\" class=\"uabb-photo-img wp-image-256 size-full\" src=\"https:\/\/revtronik.com\/wp-content\/uploads\/Map-Pin-Revtronik.svg\" alt=\"Map Pin Revtronik\" title=\"Map Pin Revtronik\" itemprop=\"image\"\/>\n\t\t\t<\/div>\n\t\t<\/div>\n\n\t\t<\/div><div class='uabb-infobox-title-wrap'><\/div>\t\t<\/div>\t<\/div>\n<\/div>\n\t<\/div>\n<\/div>\n<\/div><div class=\"uabb-js-breakpoint\" style=\"display: none;\"><\/div><\/p>","protected":false},"excerpt":{"rendered":"[fl_builder_insert_layout id=6741]\n<h3 style=\"text-align: center;\">LD1-SEC LOADTRONIK ELECTRICAL SILVER ON CART<\/h3>\n<p>[fl_builder_insert_layout id= 9822]<br \/>\n[fl_builder_insert_layout id= 9842]<br \/>\n[fl_builder_insert_layout id= 9827]<br \/>\n[fl_builder_insert_layout id= 9833]<br \/>\n[fl_builder_insert_layout id= 9837]<br \/>\n[fl_builder_insert_layout id=6750]<br \/>\n[fl_builder_insert_layout id= 9859]<\/p>\n<p>[fl_builder_insert_layout id= 6882]<br \/>\n[fl_builder_insert_layout id= 7813]<\/p>\n","protected":false},"featured_media":9982,"template":"","meta":{"_acf_changed":false,"site-sidebar-layout":"default","site-content-layout":"","ast-site-content-layout":"default","site-content-style":"default","site-sidebar-style":"default","ast-global-header-display":"","ast-banner-title-visibility":"","ast-main-header-display":"","ast-hfb-above-header-display":"","ast-hfb-below-header-display":"","ast-hfb-mobile-header-display":"","site-post-title":"","ast-breadcrumbs-content":"","ast-featured-img":"","footer-sml-layout":"","ast-disable-related-posts":"","theme-transparent-header-meta":"default","adv-header-id-meta":"","stick-header-meta":"","header-above-stick-meta":"","header-main-stick-meta":"","header-below-stick-meta":"","astra-migrate-meta-layouts":"set","ast-page-background-enabled":"default","ast-page-background-meta":{"desktop":{"background-color":"var(--ast-global-color-4)","background-image":"","background-repeat":"repeat","background-position":"center center","background-size":"auto","background-attachment":"scroll","background-type":"","background-media":"","overlay-type":"","overlay-color":"","overlay-opacity":"","overlay-gradient":""},"tablet":{"background-color":"","background-image":"","background-repeat":"repeat","background-position":"center center","background-size":"auto","background-attachment":"scroll","background-type":"","background-media":"","overlay-type":"","overlay-color":"","overlay-opacity":"","overlay-gradient":""},"mobile":{"background-color":"","background-image":"","background-repeat":"repeat","background-position":"center center","background-size":"auto","background-attachment":"scroll","background-type":"","background-media":"","overlay-type":"","overlay-color":"","overlay-opacity":"","overlay-gradient":""}},"ast-content-background-meta":{"desktop":{"background-color":"var(--ast-global-color-5)","background-image":"","background-repeat":"repeat","background-position":"center center","background-size":"auto","background-attachment":"scroll","background-type":"","background-media":"","overlay-type":"","overlay-color":"","overlay-opacity":"","overlay-gradient":""},"tablet":{"background-color":"var(--ast-global-color-5)","background-image":"","background-repeat":"repeat","background-position":"center center","background-size":"auto","background-attachment":"scroll","background-type":"","background-media":"","overlay-type":"","overlay-color":"","overlay-opacity":"","overlay-gradient":""},"mobile":{"background-color":"var(--ast-global-color-5)","background-image":"","background-repeat":"repeat","background-position":"center center","background-size":"auto","background-attachment":"scroll","background-type":"","background-media":"","overlay-type":"","overlay-color":"","overlay-opacity":"","overlay-gradient":""}}},"product_brand":[],"product_cat":[168],"product_tag":[170,169],"class_list":{"0":"post-9954","1":"product","2":"type-product","3":"status-publish","4":"has-post-thumbnail","6":"product_cat-loadtronik","7":"product_tag-electrical","8":"product_tag-loadtronik","9":"desktop-align-left","10":"tablet-align-left","11":"mobile-align-left","13":"first","14":"instock","15":"shipping-taxable","16":"product-type-simple"},"acf":[],"yoast_head":"<!-- This site is optimized with the Yoast SEO Premium plugin v27.3 (Yoast SEO v27.5) - https:\/\/yoast.com\/product\/yoast-seo-premium-wordpress\/ -->\n<title>TRAILER SIMULATOR LOADTRONIK LD1-SEC ELECTRICAL SILVER ON CART<\/title>\n<meta name=\"description\" content=\"LOADTRONIK wireless and bi-directional electrical circuit analysis and control trailer simulator LD1-SEC SILVER CART EDITION by RevTronik.com.\" \/>\n<meta name=\"robots\" content=\"index, follow, max-snippet:-1, max-image-preview:large, max-video-preview:-1\" \/>\n<link rel=\"canonical\" href=\"https:\/\/revtronik.com\/fr\/product\/ld1-sec\/\" \/>\n<meta property=\"og:locale\" content=\"fr_CA\" \/>\n<meta property=\"og:type\" content=\"article\" \/>\n<meta property=\"og:title\" content=\"LD1-SEC LOADTRONIK ELECTRICAL SILVER ON CART\" \/>\n<meta property=\"og:description\" content=\"LOADTRONIK wireless and bi-directional electrical circuit analysis and control trailer simulator LD1-SEC SILVER CART EDITION by RevTronik.com.\" \/>\n<meta property=\"og:url\" content=\"https:\/\/revtronik.com\/fr\/product\/ld1-sec\/\" \/>\n<meta property=\"og:site_name\" content=\"REVTRONIK.com\" \/>\n<meta property=\"article:publisher\" content=\"https:\/\/www.facebook.com\/revtronik\" \/>\n<meta property=\"article:modified_time\" content=\"2026-01-29T19:01:51+00:00\" \/>\n<meta property=\"og:image\" content=\"https:\/\/revtronik.com\/wp-content\/uploads\/LD1-SEC-LoadTRONIK-Electrical-SILVER-CART-Wireless-Bi-Directionnal-Trailer-Simulator-by-RevTronik.webp\" \/>\n\t<meta property=\"og:image:width\" content=\"800\" \/>\n\t<meta property=\"og:image:height\" content=\"800\" \/>\n\t<meta property=\"og:image:type\" content=\"image\/webp\" \/>\n<meta name=\"twitter:card\" content=\"summary_large_image\" \/>\n<meta name=\"twitter:title\" content=\"LD1-SEC LOADTRONIK ELECTRICAL SILVER ON CART\" \/>\n<meta name=\"twitter:description\" content=\"LOADTRONIK wireless and bi-directional electrical circuit analysis and control trailer simulator LD1-SEC SILVER CART EDITION by RevTronik.com.\" \/>\n<meta name=\"twitter:label1\" content=\"Price\" \/>\n\t<meta name=\"twitter:data1\" content=\"\" \/>\n\t<meta name=\"twitter:label2\" content=\"Availability\" \/>\n\t<meta name=\"twitter:data2\" content=\"In stock\" \/>\n<script type=\"application\/ld+json\" class=\"yoast-schema-graph\">{\"@context\":\"https:\\\/\\\/schema.org\",\"@graph\":[{\"@type\":\"WebPage\",\"@id\":\"https:\\\/\\\/revtronik.com\\\/product\\\/ld1-sec\\\/\",\"url\":\"https:\\\/\\\/revtronik.com\\\/product\\\/ld1-sec\\\/\",\"name\":\"TRAILER SIMULATOR LOADTRONIK LD1-SEC ELECTRICAL SILVER ON CART\",\"isPartOf\":{\"@id\":\"https:\\\/\\\/revtronik.com\\\/#website\"},\"primaryImageOfPage\":{\"@id\":\"https:\\\/\\\/revtronik.com\\\/product\\\/ld1-sec\\\/#primaryimage\"},\"image\":{\"@id\":\"https:\\\/\\\/revtronik.com\\\/product\\\/ld1-sec\\\/#primaryimage\"},\"thumbnailUrl\":\"https:\\\/\\\/revtronik.com\\\/wp-content\\\/uploads\\\/LD1-SEC-LoadTRONIK-Electrical-SILVER-CART-Wireless-Bi-Directionnal-Trailer-Simulator-by-RevTronik.webp\",\"datePublished\":\"2026-01-15T20:47:34+00:00\",\"dateModified\":\"2026-01-29T19:01:51+00:00\",\"description\":\"LOADTRONIK wireless and bi-directional electrical circuit analysis and control trailer simulator LD1-SEC SILVER CART EDITION by RevTronik.com.\",\"breadcrumb\":{\"@id\":\"https:\\\/\\\/revtronik.com\\\/product\\\/ld1-sec\\\/#breadcrumb\"},\"inLanguage\":\"fr-CA\",\"potentialAction\":[{\"@type\":\"ReadAction\",\"target\":[\"https:\\\/\\\/revtronik.com\\\/product\\\/ld1-sec\\\/\"]}]},{\"@type\":\"ImageObject\",\"inLanguage\":\"fr-CA\",\"@id\":\"https:\\\/\\\/revtronik.com\\\/product\\\/ld1-sec\\\/#primaryimage\",\"url\":\"https:\\\/\\\/revtronik.com\\\/wp-content\\\/uploads\\\/LD1-SEC-LoadTRONIK-Electrical-SILVER-CART-Wireless-Bi-Directionnal-Trailer-Simulator-by-RevTronik.webp\",\"contentUrl\":\"https:\\\/\\\/revtronik.com\\\/wp-content\\\/uploads\\\/LD1-SEC-LoadTRONIK-Electrical-SILVER-CART-Wireless-Bi-Directionnal-Trailer-Simulator-by-RevTronik.webp\",\"width\":800,\"height\":800,\"caption\":\"LD1 SEC LoadTRONIK Electrical SILVER CART Wireless Bi Directionnal Trailer Simulator by RevTronik\"},{\"@type\":\"BreadcrumbList\",\"@id\":\"https:\\\/\\\/revtronik.com\\\/product\\\/ld1-sec\\\/#breadcrumb\",\"itemListElement\":[{\"@type\":\"ListItem\",\"position\":1,\"name\":\"Accueil\",\"item\":\"https:\\\/\\\/revtronik.com\\\/\"},{\"@type\":\"ListItem\",\"position\":2,\"name\":\"Shop\",\"item\":\"https:\\\/\\\/revtronik.com\\\/?page_id=1916\"},{\"@type\":\"ListItem\",\"position\":3,\"name\":\"LoadTRONIK\",\"item\":\"https:\\\/\\\/revtronik.com\\\/product-category\\\/loadtronik\\\/\"},{\"@type\":\"ListItem\",\"position\":4,\"name\":\"LD1-SEC LOADTRONIK ELECTRICAL SILVER ON CART\"}]},{\"@type\":\"WebSite\",\"@id\":\"https:\\\/\\\/revtronik.com\\\/#website\",\"url\":\"https:\\\/\\\/revtronik.com\\\/\",\"name\":\"REVTRONIK.com\",\"description\":\"Smart Trucking Products\",\"publisher\":{\"@id\":\"https:\\\/\\\/revtronik.com\\\/#organization\"},\"potentialAction\":[{\"@type\":\"SearchAction\",\"target\":{\"@type\":\"EntryPoint\",\"urlTemplate\":\"https:\\\/\\\/revtronik.com\\\/?s={search_term_string}\"},\"query-input\":{\"@type\":\"PropertyValueSpecification\",\"valueRequired\":true,\"valueName\":\"search_term_string\"}}],\"inLanguage\":\"fr-CA\"},{\"@type\":\"Organization\",\"@id\":\"https:\\\/\\\/revtronik.com\\\/#organization\",\"name\":\"RevTronik inc.\",\"url\":\"https:\\\/\\\/revtronik.com\\\/\",\"logo\":{\"@type\":\"ImageObject\",\"inLanguage\":\"fr-CA\",\"@id\":\"https:\\\/\\\/revtronik.com\\\/#\\\/schema\\\/logo\\\/image\\\/\",\"url\":\"https:\\\/\\\/revtronik.com\\\/wp-content\\\/uploads\\\/MS-revtronik-Banner-trucking-products-solutions-and-racing-division-performance.webp\",\"contentUrl\":\"https:\\\/\\\/revtronik.com\\\/wp-content\\\/uploads\\\/MS-revtronik-Banner-trucking-products-solutions-and-racing-division-performance.webp\",\"width\":1200,\"height\":675,\"caption\":\"RevTronik inc.\"},\"image\":{\"@id\":\"https:\\\/\\\/revtronik.com\\\/#\\\/schema\\\/logo\\\/image\\\/\"},\"sameAs\":[\"https:\\\/\\\/www.facebook.com\\\/revtronik\",\"https:\\\/\\\/www.youtube.com\\\/channel\\\/UCiXuXHlfSRJmUqmJbOoc2wQ\",\"https:\\\/\\\/www.linkedin.com\\\/company\\\/revtronik-inc-\\\/\"],\"description\":\"Meet present and future truck industry requirements with user friendly, high quality and cost effective products !\",\"email\":\"info@revtronik.com\",\"telephone\":\"+1 819 870-2331\",\"legalName\":\"Revtronik inc.\",\"foundingDate\":\"2014-10-26\",\"numberOfEmployees\":{\"@type\":\"QuantitativeValue\",\"minValue\":\"1\",\"maxValue\":\"10\"}}]}<\/script>\n<meta property=\"product:price:currency\" content=\"CAD\" \/>\n<meta property=\"og:availability\" content=\"instock\" \/>\n<meta property=\"product:availability\" content=\"instock\" \/>\n<meta property=\"product:retailer_item_id\" content=\"LD1-SEC\" \/>\n<meta property=\"product:condition\" content=\"new\" \/>\n<!-- \/ Yoast SEO Premium plugin. -->","yoast_head_json":{"title":"TRAILER SIMULATOR LOADTRONIK LD1-SEC ELECTRICAL SILVER ON CART","description":"LOADTRONIK wireless and bi-directional electrical circuit analysis and control trailer simulator LD1-SEC SILVER CART EDITION by RevTronik.com.","robots":{"index":"index","follow":"follow","max-snippet":"max-snippet:-1","max-image-preview":"max-image-preview:large","max-video-preview":"max-video-preview:-1"},"canonical":"https:\/\/revtronik.com\/fr\/product\/ld1-sec\/","og_locale":"fr_CA","og_type":"article","og_title":"LD1-SEC LOADTRONIK ELECTRICAL SILVER ON CART","og_description":"LOADTRONIK wireless and bi-directional electrical circuit analysis and control trailer simulator LD1-SEC SILVER CART EDITION by RevTronik.com.","og_url":"https:\/\/revtronik.com\/fr\/product\/ld1-sec\/","og_site_name":"REVTRONIK.com","article_publisher":"https:\/\/www.facebook.com\/revtronik","article_modified_time":"2026-01-29T19:01:51+00:00","og_image":[{"width":800,"height":800,"url":"https:\/\/revtronik.com\/wp-content\/uploads\/LD1-SEC-LoadTRONIK-Electrical-SILVER-CART-Wireless-Bi-Directionnal-Trailer-Simulator-by-RevTronik.webp","type":"image\/webp"}],"twitter_card":"summary_large_image","twitter_title":"LD1-SEC LOADTRONIK ELECTRICAL SILVER ON CART","twitter_description":"LOADTRONIK wireless and bi-directional electrical circuit analysis and control trailer simulator LD1-SEC SILVER CART EDITION by RevTronik.com.","twitter_misc":{"Price":"","Availability":"In stock"},"schema":{"@context":"https:\/\/schema.org","@graph":[{"@type":"WebPage","@id":"https:\/\/revtronik.com\/product\/ld1-sec\/","url":"https:\/\/revtronik.com\/product\/ld1-sec\/","name":"TRAILER SIMULATOR LOADTRONIK LD1-SEC ELECTRICAL SILVER ON CART","isPartOf":{"@id":"https:\/\/revtronik.com\/#website"},"primaryImageOfPage":{"@id":"https:\/\/revtronik.com\/product\/ld1-sec\/#primaryimage"},"image":{"@id":"https:\/\/revtronik.com\/product\/ld1-sec\/#primaryimage"},"thumbnailUrl":"https:\/\/revtronik.com\/wp-content\/uploads\/LD1-SEC-LoadTRONIK-Electrical-SILVER-CART-Wireless-Bi-Directionnal-Trailer-Simulator-by-RevTronik.webp","datePublished":"2026-01-15T20:47:34+00:00","dateModified":"2026-01-29T19:01:51+00:00","description":"LOADTRONIK wireless and bi-directional electrical circuit analysis and control trailer simulator LD1-SEC SILVER CART EDITION by RevTronik.com.","breadcrumb":{"@id":"https:\/\/revtronik.com\/product\/ld1-sec\/#breadcrumb"},"inLanguage":"fr-CA","potentialAction":[{"@type":"ReadAction","target":["https:\/\/revtronik.com\/product\/ld1-sec\/"]}]},{"@type":"ImageObject","inLanguage":"fr-CA","@id":"https:\/\/revtronik.com\/product\/ld1-sec\/#primaryimage","url":"https:\/\/revtronik.com\/wp-content\/uploads\/LD1-SEC-LoadTRONIK-Electrical-SILVER-CART-Wireless-Bi-Directionnal-Trailer-Simulator-by-RevTronik.webp","contentUrl":"https:\/\/revtronik.com\/wp-content\/uploads\/LD1-SEC-LoadTRONIK-Electrical-SILVER-CART-Wireless-Bi-Directionnal-Trailer-Simulator-by-RevTronik.webp","width":800,"height":800,"caption":"LD1 SEC LoadTRONIK Electrical SILVER CART Wireless Bi Directionnal Trailer Simulator by RevTronik"},{"@type":"BreadcrumbList","@id":"https:\/\/revtronik.com\/product\/ld1-sec\/#breadcrumb","itemListElement":[{"@type":"ListItem","position":1,"name":"Accueil","item":"https:\/\/revtronik.com\/"},{"@type":"ListItem","position":2,"name":"Shop","item":"https:\/\/revtronik.com\/?page_id=1916"},{"@type":"ListItem","position":3,"name":"LoadTRONIK","item":"https:\/\/revtronik.com\/product-category\/loadtronik\/"},{"@type":"ListItem","position":4,"name":"LD1-SEC LOADTRONIK ELECTRICAL SILVER ON CART"}]},{"@type":"WebSite","@id":"https:\/\/revtronik.com\/#website","url":"https:\/\/revtronik.com\/","name":"REVTRONIK.com","description":"Smart Trucking Products","publisher":{"@id":"https:\/\/revtronik.com\/#organization"},"potentialAction":[{"@type":"SearchAction","target":{"@type":"EntryPoint","urlTemplate":"https:\/\/revtronik.com\/?s={search_term_string}"},"query-input":{"@type":"PropertyValueSpecification","valueRequired":true,"valueName":"search_term_string"}}],"inLanguage":"fr-CA"},{"@type":"Organization","@id":"https:\/\/revtronik.com\/#organization","name":"RevTronik inc.","url":"https:\/\/revtronik.com\/","logo":{"@type":"ImageObject","inLanguage":"fr-CA","@id":"https:\/\/revtronik.com\/#\/schema\/logo\/image\/","url":"https:\/\/revtronik.com\/wp-content\/uploads\/MS-revtronik-Banner-trucking-products-solutions-and-racing-division-performance.webp","contentUrl":"https:\/\/revtronik.com\/wp-content\/uploads\/MS-revtronik-Banner-trucking-products-solutions-and-racing-division-performance.webp","width":1200,"height":675,"caption":"RevTronik inc."},"image":{"@id":"https:\/\/revtronik.com\/#\/schema\/logo\/image\/"},"sameAs":["https:\/\/www.facebook.com\/revtronik","https:\/\/www.youtube.com\/channel\/UCiXuXHlfSRJmUqmJbOoc2wQ","https:\/\/www.linkedin.com\/company\/revtronik-inc-\/"],"description":"Des produits de haute qualit\u00e9, faciles \u00e0 utiliser et rentables, qui r\u00e9pondent aux exigences actuelles et futures de l'industrie du camionnage.","email":"info@revtronik.com","telephone":"+1 819 870-2331","legalName":"Revtronik inc.","foundingDate":"2014-10-26","numberOfEmployees":{"@type":"QuantitativeValue","minValue":"1","maxValue":"10"}}]},"product_price_currency":"CAD","og_availability":"instock","product_availability":"instock","product_retailer_item_id":"LD1-SEC","product_condition":"new"},"_links":{"self":[{"href":"https:\/\/revtronik.com\/fr\/wp-json\/wp\/v2\/product\/9954","targetHints":{"allow":["GET"]}}],"collection":[{"href":"https:\/\/revtronik.com\/fr\/wp-json\/wp\/v2\/product"}],"about":[{"href":"https:\/\/revtronik.com\/fr\/wp-json\/wp\/v2\/types\/product"}],"wp:featuredmedia":[{"embeddable":true,"href":"https:\/\/revtronik.com\/fr\/wp-json\/wp\/v2\/media\/9982"}],"wp:attachment":[{"href":"https:\/\/revtronik.com\/fr\/wp-json\/wp\/v2\/media?parent=9954"}],"wp:term":[{"taxonomy":"product_brand","embeddable":true,"href":"https:\/\/revtronik.com\/fr\/wp-json\/wp\/v2\/product_brand?post=9954"},{"taxonomy":"product_cat","embeddable":true,"href":"https:\/\/revtronik.com\/fr\/wp-json\/wp\/v2\/product_cat?post=9954"},{"taxonomy":"product_tag","embeddable":true,"href":"https:\/\/revtronik.com\/fr\/wp-json\/wp\/v2\/product_tag?post=9954"}],"curies":[{"name":"wp","href":"https:\/\/api.w.org\/{rel}","templated":true}]}}