{"id":8880,"date":"2025-10-03T14:42:50","date_gmt":"2025-10-03T18:42:50","guid":{"rendered":"https:\/\/uvj26cep1o-staging.onrocket.site\/?post_type=product&#038;p=8880"},"modified":"2025-10-07T15:39:52","modified_gmt":"2025-10-07T19:39:52","slug":"tp4-tc1","status":"publish","type":"product","link":"https:\/\/revtronik.com\/fr\/product\/tp4-tc1\/","title":{"rendered":"TP4-TC1: KIT FILAIRE POUR 1ere REMORQUE (A)"},"content":{"rendered":"<p><img loading=\"lazy\" decoding=\"async\" class=\"alignnone size-medium wp-image-8104\" title=\"Installation Icon TipTronik Trailer Dumper Box Tipper Raised Alarm Warning GPS WIFI Revtronik\" role=\"img\" src=\"https:\/\/revtronik.com\/wp-content\/uploads\/Installation_Icon-TipTronik-Trailer-Dumper-Box-Tipper-Raised-Alarm-Warning-GPS-WIFI-Revtronik.svg\" alt=\"Installation Icon TipTronik Trailer Dumper Box Tipper Raised Alarm Warning GPS WIFI Revtronik\" width=\"40\" height=\"40\" \/><\/p>\n<p>The electrical Installation is very quick and simple and mainly installed at the front of the trailer. The standard installation of our systems is quick and easy. Find the place where you want to install the heavy duty 7-wire socket, use the aluminum support provided if necessary, then install the sensor preferably in a horizontal orientation in the front of the trailer and plug everything together. *Some installation may vary.<\/p>\n<p>Some customers use the <a href=\"https:\/\/revtronik.com\/product\/tp-tk25\/\" target=\"_blank\" rel=\"noopener\">25 foot wired extension<\/a> to allow the installation of the sensor at the rear of the trailer. This new positioning helps the operating efficiency of the sensor allowing it to compensate for the flexibility of the front of the trailer and the chassis which can cause false alarms. You can find this part in the list below.<\/p>\n<p>&nbsp;<\/p>\n<p><div class=\"fl-builder-content fl-builder-content-6709 fl-builder-template fl-builder-module-template fl-builder-global-templates-locked\" data-post-id=\"6709\"><div class=\"fl-module fl-module-info-box fl-node-82c45fk9tuxh\" data-node=\"82c45fk9tuxh\">\n\t<div class=\"fl-module-content fl-node-content\">\n\t\t<div class=\"uabb-module-content uabb-infobox infobox-center infobox-responsive-center infobox-has-photo infobox-photo-above-title\">\n\t<div class=\"uabb-infobox-left-right-wrap\">\n\t<a href=\"https:\/\/revtronik.com\/dealer-and-distributor\/\" target=\"_self\"  class=\"uabb-infobox-module-link\" aria-label=\"Go to https:\/\/revtronik.com\/dealer-and-distributor\/\"><\/a><div class=\"uabb-infobox-content\">\n\t\t\t<div class=\"uabb-module-content uabb-imgicon-wrap\">\t\t\n\t\t\t\t\t<div class=\"uabb-image\t\t uabb-image-crop-simple\" itemscope itemtype=\"https:\/\/schema.org\/ImageObject\">\n\t\t\t<div class=\"uabb-image-content\">\n\t\t\t\t<img loading=\"lazy\" decoding=\"async\" width=\"202\" height=\"202\" class=\"uabb-photo-img wp-image-8119 size-full\" src=\"https:\/\/revtronik.com\/wp-content\/uploads\/Approved-Certified-Icon-TipTronik-Trailer-Dumper-Box-Tipper-Raised-Alarm-GPS-WIFI-Revtronik.svg\" alt=\"Approved Certified Icon TipTronik Trailer Dumper Box Tipper Raised Alarm GPS WIFI Revtronik\" title=\"Approved Certified Icon TipTronik Trailer Dumper Box Tipper Raised Alarm GPS WIFI Revtronik\" itemprop=\"image\"\/>\n\t\t\t<\/div>\n\t\t<\/div>\n\n\t\t<\/div><div class='uabb-infobox-title-wrap'><h4 class=\"uabb-infobox-title\">INSTALLATIONS<br>APPROUV\u00c9ES<br><span style=\"color: #fff\">.<\/h4><\/div><div class=\"uabb-infobox-separator\"><div class=\"uabb-module-content uabb-separator-parent\">\n\t<div class=\"uabb-separator\"><\/div>\n<\/div>\n<\/div>\t\t\t<div class=\"uabb-infobox-text-wrap\">\n\t\t\t\t<div class=\"uabb-infobox-text uabb-text-editor\"><p>Bien que notre syst\u00e8me se caract\u00e9rise par une installation simple et rapide, nous recommandons fortement une installation professionnelle par un technicien certifi\u00e9 pour une s\u00e9curit\u00e9 et des performances optimales. Avec <strong><a href=\"https:\/\/revtronik.com\/fr\/dealer-and-distributor\/\">plus de 200 distributeurs RevTronik agr\u00e9\u00e9s \u00e0 travers le Canada et les Usa,<\/a><\/strong>Il y a assur\u00e9ment un installateur qualifi\u00e9 pr\u00e8s de chez vous pour vous aider !<\/p>\n<p class=\"p1\" style=\"text-align: center;\"><span style=\"font-size: 16px;\"><strong><span class=\"s1\"><a href=\"http:\/\/revtronik.com\/dealer-and-distributor\/\">TROUVEZ VOTRE DISTRIBUTEUR AGR\u00c9\u00c9<br \/>EN UN CLIC !<\/a><\/span><\/strong><\/span><\/p>\n<\/div>\t\t\t<\/div>\n\t\t\t\t\t\t<\/div>\t<\/div>\n<\/div>\n\t<\/div>\n<\/div>\n<\/div><div class=\"uabb-js-breakpoint\" style=\"display: none;\"><\/div><br \/>\n<div class=\"fl-builder-content fl-builder-content-6717 fl-builder-template fl-builder-module-template fl-builder-global-templates-locked\" data-post-id=\"6717\"><div class=\"fl-module fl-module-info-box fl-node-mvxwtgnsic6h\" data-node=\"mvxwtgnsic6h\">\n\t<div class=\"fl-module-content fl-node-content\">\n\t\t<div class=\"uabb-module-content uabb-infobox infobox-center infobox-responsive-center infobox-has-photo infobox-photo-above-title\">\n\t<div class=\"uabb-infobox-left-right-wrap\">\n\t<a href=\"https:\/\/revtronik.com\/dealer-and-distributor\/\" target=\"_self\"  class=\"uabb-infobox-module-link\" aria-label=\"Go to https:\/\/revtronik.com\/dealer-and-distributor\/\"><\/a><div class=\"uabb-infobox-content\">\n\t\t\t<div class=\"uabb-module-content uabb-imgicon-wrap\">\t\t\n\t\t\t\t\t<div class=\"uabb-image\t\t uabb-image-crop-simple\" itemscope itemtype=\"https:\/\/schema.org\/ImageObject\">\n\t\t\t<div class=\"uabb-image-content\">\n\t\t\t\t<img loading=\"lazy\" decoding=\"async\" width=\"800\" height=\"558\" class=\"uabb-photo-img wp-image-256 size-full\" src=\"https:\/\/revtronik.com\/wp-content\/uploads\/Map-Pin-Revtronik.svg\" alt=\"Map Pin Revtronik\" title=\"Map Pin Revtronik\" itemprop=\"image\"\/>\n\t\t\t<\/div>\n\t\t<\/div>\n\n\t\t<\/div><div class='uabb-infobox-title-wrap'><\/div>\t\t<\/div>\t<\/div>\n<\/div>\n\t<\/div>\n<\/div>\n<\/div><div class=\"uabb-js-breakpoint\" style=\"display: none;\"><\/div><\/p>","protected":false},"excerpt":{"rendered":"<p class=\"p1\">[fl_builder_insert_layout id=6741]<\/p>\n<h3 style=\"text-align: center;\">TP4-TC1<\/h3>\n<h4 style=\"text-align: center;\">*ONLY WORKS WITH TRUCKS EQUIPPED WITH A WIRED SYSTEM*<\/h4>\n<p style=\"text-align: center;\"><img loading=\"lazy\" decoding=\"async\" class=\"alignnone wp-image-8357\" title=\"Wired Setup TipTRONIK Dump Truck Tipper Raised Dump Box Alarm Warning System Wifi GPS options Revtronik\" src=\"https:\/\/revtronik.com\/wp-content\/uploads\/Wired-Setup-TipTRONIK-Dump-Truck-Tipper-Raised-Dump-Box-Alarm-Warning-System-Wifi_GPS_options-Revtronik-600x128.webp\" alt=\"Wired Setup TipTRONIK Dump Truck Tipper Raised Dump Box Alarm Warning System Wifi GPS options Revtronik\" width=\"347\" height=\"74\" srcset=\"https:\/\/revtronik.com\/wp-content\/uploads\/Wired-Setup-TipTRONIK-Dump-Truck-Tipper-Raised-Dump-Box-Alarm-Warning-System-Wifi_GPS_options-Revtronik-600x128.webp 600w, https:\/\/revtronik.com\/wp-content\/uploads\/Wired-Setup-TipTRONIK-Dump-Truck-Tipper-Raised-Dump-Box-Alarm-Warning-System-Wifi_GPS_options-Revtronik-300x64.webp 300w, https:\/\/revtronik.com\/wp-content\/uploads\/Wired-Setup-TipTRONIK-Dump-Truck-Tipper-Raised-Dump-Box-Alarm-Warning-System-Wifi_GPS_options-Revtronik-768x164.webp 768w, https:\/\/revtronik.com\/wp-content\/uploads\/Wired-Setup-TipTRONIK-Dump-Truck-Tipper-Raised-Dump-Box-Alarm-Warning-System-Wifi_GPS_options-Revtronik-18x4.webp 18w, https:\/\/revtronik.com\/wp-content\/uploads\/Wired-Setup-TipTRONIK-Dump-Truck-Tipper-Raised-Dump-Box-Alarm-Warning-System-Wifi_GPS_options-Revtronik.webp 1000w\" sizes=\"auto, (max-width: 347px) 100vw, 347px\" \/><\/p>\n<p>This standard system is particularly popular in the dump truck industry. While it delivers all the premium features of our high-quality electronics, this model does not include WIFI capability. Note that nearly 95% of customers prefer our WIFI-enabled systems for true wireless operation between truck and trailer. This kit operates with a wired connection between components.<\/p>\n<p><strong>The TP4-TC1<\/strong> set includes the <a href=\"https:\/\/revtronik.com\/product\/tp-tc5\/\">4-pins receptacle<\/a>, the <a href=\"https:\/\/revtronik.com\/product\/tp-b09\/\">mounting plate<\/a> for the receptacle and sensor if necessary, the <a href=\"https:\/\/revtronik.com\/product\/tp-154m\/\">8x Contactless Sensor<\/a>, The <a href=\"https:\/\/revtronik.com\/product\/tp-bsr\/\">Sensor Bracket<\/a>, the user manual and vehicle compliance decals.<\/p>\n[fl_builder_insert_layout id=8576]\n<p class=\"p1\"><span class=\"s1\">[fl_builder_insert_layout id=7112] <\/span><\/p>\n<p>[fl_builder_insert_layout id=6882]<br \/>\n[products ids=\"2226,8666,8891,4647\" columns=\"3\"]<\/p>\n","protected":false},"featured_media":8895,"template":"","meta":{"_acf_changed":false,"site-sidebar-layout":"default","site-content-layout":"","ast-site-content-layout":"default","site-content-style":"default","site-sidebar-style":"default","ast-global-header-display":"","ast-banner-title-visibility":"","ast-main-header-display":"","ast-hfb-above-header-display":"","ast-hfb-below-header-display":"","ast-hfb-mobile-header-display":"","site-post-title":"","ast-breadcrumbs-content":"","ast-featured-img":"","footer-sml-layout":"","ast-disable-related-posts":"","theme-transparent-header-meta":"default","adv-header-id-meta":"","stick-header-meta":"","header-above-stick-meta":"","header-main-stick-meta":"","header-below-stick-meta":"","astra-migrate-meta-layouts":"set","ast-page-background-enabled":"default","ast-page-background-meta":{"desktop":{"background-color":"var(--ast-global-color-4)","background-image":"","background-repeat":"repeat","background-position":"center center","background-size":"auto","background-attachment":"scroll","background-type":"","background-media":"","overlay-type":"","overlay-color":"","overlay-opacity":"","overlay-gradient":""},"tablet":{"background-color":"","background-image":"","background-repeat":"repeat","background-position":"center center","background-size":"auto","background-attachment":"scroll","background-type":"","background-media":"","overlay-type":"","overlay-color":"","overlay-opacity":"","overlay-gradient":""},"mobile":{"background-color":"","background-image":"","background-repeat":"repeat","background-position":"center center","background-size":"auto","background-attachment":"scroll","background-type":"","background-media":"","overlay-type":"","overlay-color":"","overlay-opacity":"","overlay-gradient":""}},"ast-content-background-meta":{"desktop":{"background-color":"var(--ast-global-color-5)","background-image":"","background-repeat":"repeat","background-position":"center center","background-size":"auto","background-attachment":"scroll","background-type":"","background-media":"","overlay-type":"","overlay-color":"","overlay-opacity":"","overlay-gradient":""},"tablet":{"background-color":"var(--ast-global-color-5)","background-image":"","background-repeat":"repeat","background-position":"center center","background-size":"auto","background-attachment":"scroll","background-type":"","background-media":"","overlay-type":"","overlay-color":"","overlay-opacity":"","overlay-gradient":""},"mobile":{"background-color":"var(--ast-global-color-5)","background-image":"","background-repeat":"repeat","background-position":"center center","background-size":"auto","background-attachment":"scroll","background-type":"","background-media":"","overlay-type":"","overlay-color":"","overlay-opacity":"","overlay-gradient":""}}},"product_brand":[],"product_cat":[36],"product_tag":[34,48,62,128,121,139,160],"class_list":{"0":"post-8880","1":"product","2":"type-product","3":"status-publish","4":"has-post-thumbnail","6":"product_cat-tiptronik","7":"product_tag-tiptronik","8":"product_tag-pup-trailer","9":"product_tag-bi-train","10":"product_tag-quick-attach","11":"product_tag-standard-trailer-dumper-frameless-front","12":"product_tag-tiptronik-basic-wired-kits","13":"product_tag-tp4-2025","14":"desktop-align-left","15":"tablet-align-left","16":"mobile-align-left","18":"first","19":"instock","20":"shipping-taxable","21":"product-type-simple"},"acf":[],"yoast_head":"<!-- This site is optimized with the Yoast SEO Premium plugin v27.3 (Yoast SEO v27.5) - https:\/\/yoast.com\/product\/yoast-seo-premium-wordpress\/ -->\n<title>TP4-TC1: TIPTRONIK WIRED KIT FOR TRAILER +MOUNTING BRACKET<\/title>\n<meta name=\"description\" content=\"TP2-TC1: WIRED minimal and simple kit for trailer with mounting brackets for TipTRONIK raised dump box alarm system by RevTRONIK.\" \/>\n<meta name=\"robots\" content=\"index, follow, max-snippet:-1, max-image-preview:large, max-video-preview:-1\" \/>\n<link rel=\"canonical\" href=\"https:\/\/revtronik.com\/fr\/product\/tp4-tc1\/\" \/>\n<meta property=\"og:locale\" content=\"fr_CA\" \/>\n<meta property=\"og:type\" content=\"article\" \/>\n<meta property=\"og:title\" content=\"TP4-TC1: TIPTRONIK WIRED KIT FOR TRAILER +MOUNTING BRACKET - REVTRONIK.com %\" \/>\n<meta property=\"og:description\" content=\"TP2-TC1: WIRED minimal and simple kit for trailer with mounting brackets for TipTRONIK raised dump box alarm system by RevTRONIK.\" \/>\n<meta property=\"og:url\" content=\"https:\/\/revtronik.com\/fr\/product\/tp4-tc1\/\" \/>\n<meta property=\"og:site_name\" content=\"REVTRONIK.com\" \/>\n<meta property=\"article:publisher\" content=\"https:\/\/www.facebook.com\/revtronik\" \/>\n<meta property=\"article:modified_time\" content=\"2025-10-07T19:39:52+00:00\" \/>\n<meta property=\"og:image\" content=\"https:\/\/revtronik.com\/wp-content\/uploads\/TP4-TC1-TipTRONIK-Dumpers-Raised-Dump-Box-Alarm-Warning-Systems-WIFI-GPS-Revtronik.webp\" \/>\n\t<meta property=\"og:image:width\" content=\"800\" \/>\n\t<meta property=\"og:image:height\" content=\"800\" \/>\n\t<meta property=\"og:image:type\" content=\"image\/webp\" \/>\n<meta name=\"twitter:card\" content=\"summary_large_image\" \/>\n<meta name=\"twitter:label1\" content=\"Price\" \/>\n\t<meta name=\"twitter:data1\" content=\"\" \/>\n\t<meta name=\"twitter:label2\" content=\"Availability\" \/>\n\t<meta name=\"twitter:data2\" content=\"In stock\" \/>\n<script type=\"application\/ld+json\" class=\"yoast-schema-graph\">{\"@context\":\"https:\\\/\\\/schema.org\",\"@graph\":[{\"@type\":\"WebPage\",\"@id\":\"https:\\\/\\\/revtronik.com\\\/product\\\/tp4-tc1\\\/\",\"url\":\"https:\\\/\\\/revtronik.com\\\/product\\\/tp4-tc1\\\/\",\"name\":\"TP4-TC1: TIPTRONIK WIRED KIT FOR TRAILER +MOUNTING BRACKET\",\"isPartOf\":{\"@id\":\"https:\\\/\\\/revtronik.com\\\/#website\"},\"primaryImageOfPage\":{\"@id\":\"https:\\\/\\\/revtronik.com\\\/product\\\/tp4-tc1\\\/#primaryimage\"},\"image\":{\"@id\":\"https:\\\/\\\/revtronik.com\\\/product\\\/tp4-tc1\\\/#primaryimage\"},\"thumbnailUrl\":\"https:\\\/\\\/revtronik.com\\\/wp-content\\\/uploads\\\/TP4-TC1-TipTRONIK-Dumpers-Raised-Dump-Box-Alarm-Warning-Systems-WIFI-GPS-Revtronik.webp\",\"datePublished\":\"2025-10-03T18:42:50+00:00\",\"dateModified\":\"2025-10-07T19:39:52+00:00\",\"description\":\"TP2-TC1: WIRED minimal and simple kit for trailer with mounting brackets for TipTRONIK raised dump box alarm system by RevTRONIK.\",\"breadcrumb\":{\"@id\":\"https:\\\/\\\/revtronik.com\\\/product\\\/tp4-tc1\\\/#breadcrumb\"},\"inLanguage\":\"fr-CA\",\"potentialAction\":[{\"@type\":\"ReadAction\",\"target\":[\"https:\\\/\\\/revtronik.com\\\/product\\\/tp4-tc1\\\/\"]}]},{\"@type\":\"ImageObject\",\"inLanguage\":\"fr-CA\",\"@id\":\"https:\\\/\\\/revtronik.com\\\/product\\\/tp4-tc1\\\/#primaryimage\",\"url\":\"https:\\\/\\\/revtronik.com\\\/wp-content\\\/uploads\\\/TP4-TC1-TipTRONIK-Dumpers-Raised-Dump-Box-Alarm-Warning-Systems-WIFI-GPS-Revtronik.webp\",\"contentUrl\":\"https:\\\/\\\/revtronik.com\\\/wp-content\\\/uploads\\\/TP4-TC1-TipTRONIK-Dumpers-Raised-Dump-Box-Alarm-Warning-Systems-WIFI-GPS-Revtronik.webp\",\"width\":800,\"height\":800,\"caption\":\"TP4 TC1 TipTRONIK Dumpers Raised Dump Box Alarm Warning Systems WIFI GPS Revtronik\"},{\"@type\":\"BreadcrumbList\",\"@id\":\"https:\\\/\\\/revtronik.com\\\/product\\\/tp4-tc1\\\/#breadcrumb\",\"itemListElement\":[{\"@type\":\"ListItem\",\"position\":1,\"name\":\"Accueil\",\"item\":\"https:\\\/\\\/revtronik.com\\\/\"},{\"@type\":\"ListItem\",\"position\":2,\"name\":\"Shop\",\"item\":\"https:\\\/\\\/revtronik.com\\\/?page_id=1916\"},{\"@type\":\"ListItem\",\"position\":3,\"name\":\"TipTRONIK\",\"item\":\"https:\\\/\\\/revtronik.com\\\/product-category\\\/tiptronik\\\/\"},{\"@type\":\"ListItem\",\"position\":4,\"name\":\"TP4-TC1: TIPTRONIK WIRED KIT FOR TRAILER +MOUNTING BRACKET\"}]},{\"@type\":\"WebSite\",\"@id\":\"https:\\\/\\\/revtronik.com\\\/#website\",\"url\":\"https:\\\/\\\/revtronik.com\\\/\",\"name\":\"REVTRONIK.com\",\"description\":\"Smart Trucking Products\",\"publisher\":{\"@id\":\"https:\\\/\\\/revtronik.com\\\/#organization\"},\"potentialAction\":[{\"@type\":\"SearchAction\",\"target\":{\"@type\":\"EntryPoint\",\"urlTemplate\":\"https:\\\/\\\/revtronik.com\\\/?s={search_term_string}\"},\"query-input\":{\"@type\":\"PropertyValueSpecification\",\"valueRequired\":true,\"valueName\":\"search_term_string\"}}],\"inLanguage\":\"fr-CA\"},{\"@type\":\"Organization\",\"@id\":\"https:\\\/\\\/revtronik.com\\\/#organization\",\"name\":\"RevTronik inc.\",\"url\":\"https:\\\/\\\/revtronik.com\\\/\",\"logo\":{\"@type\":\"ImageObject\",\"inLanguage\":\"fr-CA\",\"@id\":\"https:\\\/\\\/revtronik.com\\\/#\\\/schema\\\/logo\\\/image\\\/\",\"url\":\"https:\\\/\\\/revtronik.com\\\/wp-content\\\/uploads\\\/MS-revtronik-Banner-trucking-products-solutions-and-racing-division-performance.webp\",\"contentUrl\":\"https:\\\/\\\/revtronik.com\\\/wp-content\\\/uploads\\\/MS-revtronik-Banner-trucking-products-solutions-and-racing-division-performance.webp\",\"width\":1200,\"height\":675,\"caption\":\"RevTronik inc.\"},\"image\":{\"@id\":\"https:\\\/\\\/revtronik.com\\\/#\\\/schema\\\/logo\\\/image\\\/\"},\"sameAs\":[\"https:\\\/\\\/www.facebook.com\\\/revtronik\",\"https:\\\/\\\/www.youtube.com\\\/channel\\\/UCiXuXHlfSRJmUqmJbOoc2wQ\",\"https:\\\/\\\/www.linkedin.com\\\/company\\\/revtronik-inc-\\\/\"],\"description\":\"Meet present and future truck industry requirements with user friendly, high quality and cost effective products !\",\"email\":\"info@revtronik.com\",\"telephone\":\"+1 819 870-2331\",\"legalName\":\"Revtronik inc.\",\"foundingDate\":\"2014-10-26\",\"numberOfEmployees\":{\"@type\":\"QuantitativeValue\",\"minValue\":\"1\",\"maxValue\":\"10\"}}]}<\/script>\n<meta property=\"product:price:currency\" content=\"CAD\" \/>\n<meta property=\"og:availability\" content=\"instock\" \/>\n<meta property=\"product:availability\" content=\"instock\" \/>\n<meta property=\"product:retailer_item_id\" content=\"TP4-TC1\" \/>\n<meta property=\"product:condition\" content=\"new\" \/>\n<!-- \/ Yoast SEO Premium plugin. -->","yoast_head_json":{"title":"TP4-TC1: KIT FILAIRE POUR 1ere REMORQUE (A)","description":"TP2-TC1: WIRED minimal and simple kit for trailer with mounting brackets for TipTRONIK raised dump box alarm system by RevTRONIK.","robots":{"index":"index","follow":"follow","max-snippet":"max-snippet:-1","max-image-preview":"max-image-preview:large","max-video-preview":"max-video-preview:-1"},"canonical":"https:\/\/revtronik.com\/fr\/product\/tp4-tc1\/","og_locale":"fr_CA","og_type":"article","og_title":"TP4-TC1: TIPTRONIK WIRED KIT FOR TRAILER +MOUNTING BRACKET - REVTRONIK.com %","og_description":"TP2-TC1: WIRED minimal and simple kit for trailer with mounting brackets for TipTRONIK raised dump box alarm system by RevTRONIK.","og_url":"https:\/\/revtronik.com\/fr\/product\/tp4-tc1\/","og_site_name":"REVTRONIK.com","article_publisher":"https:\/\/www.facebook.com\/revtronik","article_modified_time":"2025-10-07T19:39:52+00:00","og_image":[{"width":800,"height":800,"url":"https:\/\/revtronik.com\/wp-content\/uploads\/TP4-TC1-TipTRONIK-Dumpers-Raised-Dump-Box-Alarm-Warning-Systems-WIFI-GPS-Revtronik.webp","type":"image\/webp"}],"twitter_card":"summary_large_image","twitter_misc":{"Price":"","Availability":"In stock"},"schema":{"@context":"https:\/\/schema.org","@graph":[{"@type":"WebPage","@id":"https:\/\/revtronik.com\/product\/tp4-tc1\/","url":"https:\/\/revtronik.com\/product\/tp4-tc1\/","name":"TP4-TC1: KIT FILAIRE POUR 1ere REMORQUE (A)","isPartOf":{"@id":"https:\/\/revtronik.com\/#website"},"primaryImageOfPage":{"@id":"https:\/\/revtronik.com\/product\/tp4-tc1\/#primaryimage"},"image":{"@id":"https:\/\/revtronik.com\/product\/tp4-tc1\/#primaryimage"},"thumbnailUrl":"https:\/\/revtronik.com\/wp-content\/uploads\/TP4-TC1-TipTRONIK-Dumpers-Raised-Dump-Box-Alarm-Warning-Systems-WIFI-GPS-Revtronik.webp","datePublished":"2025-10-03T18:42:50+00:00","dateModified":"2025-10-07T19:39:52+00:00","description":"TP2-TC1: WIRED minimal and simple kit for trailer with mounting brackets for TipTRONIK raised dump box alarm system by RevTRONIK.","breadcrumb":{"@id":"https:\/\/revtronik.com\/product\/tp4-tc1\/#breadcrumb"},"inLanguage":"fr-CA","potentialAction":[{"@type":"ReadAction","target":["https:\/\/revtronik.com\/product\/tp4-tc1\/"]}]},{"@type":"ImageObject","inLanguage":"fr-CA","@id":"https:\/\/revtronik.com\/product\/tp4-tc1\/#primaryimage","url":"https:\/\/revtronik.com\/wp-content\/uploads\/TP4-TC1-TipTRONIK-Dumpers-Raised-Dump-Box-Alarm-Warning-Systems-WIFI-GPS-Revtronik.webp","contentUrl":"https:\/\/revtronik.com\/wp-content\/uploads\/TP4-TC1-TipTRONIK-Dumpers-Raised-Dump-Box-Alarm-Warning-Systems-WIFI-GPS-Revtronik.webp","width":800,"height":800,"caption":"TP4 TC1 TipTRONIK Dumpers Raised Dump Box Alarm Warning Systems WIFI GPS Revtronik"},{"@type":"BreadcrumbList","@id":"https:\/\/revtronik.com\/product\/tp4-tc1\/#breadcrumb","itemListElement":[{"@type":"ListItem","position":1,"name":"Accueil","item":"https:\/\/revtronik.com\/"},{"@type":"ListItem","position":2,"name":"Shop","item":"https:\/\/revtronik.com\/?page_id=1916"},{"@type":"ListItem","position":3,"name":"TipTRONIK","item":"https:\/\/revtronik.com\/product-category\/tiptronik\/"},{"@type":"ListItem","position":4,"name":"TP4-TC1: TIPTRONIK WIRED KIT FOR TRAILER +MOUNTING BRACKET"}]},{"@type":"WebSite","@id":"https:\/\/revtronik.com\/#website","url":"https:\/\/revtronik.com\/","name":"REVTRONIK.com","description":"Smart Trucking Products","publisher":{"@id":"https:\/\/revtronik.com\/#organization"},"potentialAction":[{"@type":"SearchAction","target":{"@type":"EntryPoint","urlTemplate":"https:\/\/revtronik.com\/?s={search_term_string}"},"query-input":{"@type":"PropertyValueSpecification","valueRequired":true,"valueName":"search_term_string"}}],"inLanguage":"fr-CA"},{"@type":"Organization","@id":"https:\/\/revtronik.com\/#organization","name":"RevTronik inc.","url":"https:\/\/revtronik.com\/","logo":{"@type":"ImageObject","inLanguage":"fr-CA","@id":"https:\/\/revtronik.com\/#\/schema\/logo\/image\/","url":"https:\/\/revtronik.com\/wp-content\/uploads\/MS-revtronik-Banner-trucking-products-solutions-and-racing-division-performance.webp","contentUrl":"https:\/\/revtronik.com\/wp-content\/uploads\/MS-revtronik-Banner-trucking-products-solutions-and-racing-division-performance.webp","width":1200,"height":675,"caption":"RevTronik inc."},"image":{"@id":"https:\/\/revtronik.com\/#\/schema\/logo\/image\/"},"sameAs":["https:\/\/www.facebook.com\/revtronik","https:\/\/www.youtube.com\/channel\/UCiXuXHlfSRJmUqmJbOoc2wQ","https:\/\/www.linkedin.com\/company\/revtronik-inc-\/"],"description":"Des produits de haute qualit\u00e9, faciles \u00e0 utiliser et rentables, qui r\u00e9pondent aux exigences actuelles et futures de l'industrie du camionnage.","email":"info@revtronik.com","telephone":"+1 819 870-2331","legalName":"Revtronik inc.","foundingDate":"2014-10-26","numberOfEmployees":{"@type":"QuantitativeValue","minValue":"1","maxValue":"10"}}]},"product_price_currency":"CAD","og_availability":"instock","product_availability":"instock","product_retailer_item_id":"TP4-TC1","product_condition":"new"},"_links":{"self":[{"href":"https:\/\/revtronik.com\/fr\/wp-json\/wp\/v2\/product\/8880","targetHints":{"allow":["GET"]}}],"collection":[{"href":"https:\/\/revtronik.com\/fr\/wp-json\/wp\/v2\/product"}],"about":[{"href":"https:\/\/revtronik.com\/fr\/wp-json\/wp\/v2\/types\/product"}],"wp:featuredmedia":[{"embeddable":true,"href":"https:\/\/revtronik.com\/fr\/wp-json\/wp\/v2\/media\/8895"}],"wp:attachment":[{"href":"https:\/\/revtronik.com\/fr\/wp-json\/wp\/v2\/media?parent=8880"}],"wp:term":[{"taxonomy":"product_brand","embeddable":true,"href":"https:\/\/revtronik.com\/fr\/wp-json\/wp\/v2\/product_brand?post=8880"},{"taxonomy":"product_cat","embeddable":true,"href":"https:\/\/revtronik.com\/fr\/wp-json\/wp\/v2\/product_cat?post=8880"},{"taxonomy":"product_tag","embeddable":true,"href":"https:\/\/revtronik.com\/fr\/wp-json\/wp\/v2\/product_tag?post=8880"}],"curies":[{"name":"wp","href":"https:\/\/api.w.org\/{rel}","templated":true}]}}