{"id":8847,"date":"2025-09-25T14:52:03","date_gmt":"2025-09-25T18:52:03","guid":{"rendered":"https:\/\/uvj26cep1o-staging.onrocket.site\/?post_type=product&#038;p=8847"},"modified":"2025-09-25T15:04:40","modified_gmt":"2025-09-25T19:04:40","slug":"tp-pbklp","status":"publish","type":"product","link":"https:\/\/revtronik.com\/fr\/product\/tp-pbklp\/","title":{"rendered":"TP-PBKLP: C\u00c2BLE D'ALIMENTATION AVEC BOUTON SONORE LUMINEUX POUR TIPTRONIK PORTABLES"},"content":{"rendered":"<div class=\"fl-builder-content fl-builder-content-7778 fl-builder-template fl-builder-module-template fl-builder-global-templates-locked\" data-post-id=\"7778\"><div class=\"fl-module fl-module-info-box fl-node-lfzxq7csvb5o\" data-node=\"lfzxq7csvb5o\">\n\t<div class=\"fl-module-content fl-node-content\">\n\t\t<div class=\"uabb-module-content uabb-infobox infobox-left infobox-responsive-left infobox-has-photo infobox-photo-above-title\">\n\t<div class=\"uabb-infobox-left-right-wrap\">\n\t<div class=\"uabb-infobox-content\">\n\t\t\t<div class=\"uabb-module-content uabb-imgicon-wrap\">\t\t\n\t\t\t\t\t<div class=\"uabb-image\t\t uabb-image-crop-simple\" itemscope itemtype=\"https:\/\/schema.org\/ImageObject\">\n\t\t\t<div class=\"uabb-image-content\">\n\t\t\t\t<img decoding=\"async\" class=\"uabb-photo-img\" src=\"https:\/\/revtronik.com\/wp-content\/uploads\/CAB-ICON-TipTronik-Trailer-Dumper-Box-Tipper-Raised-Alarm-Warning-GPS-Revtronik.svg\" alt=\"\" title=\"\" itemprop=\"image\"\/>\n\t\t\t<\/div>\n\t\t<\/div>\n\n\t\t<\/div><div class='uabb-infobox-title-wrap'><h4 class=\"uabb-infobox-title\">INSTALLATION EN CABINE<\/h4><\/div><div class=\"uabb-infobox-separator\"><div class=\"uabb-module-content uabb-separator-parent\">\n\t<div class=\"uabb-separator\"><\/div>\n<\/div>\n<\/div>\t\t\t<div class=\"uabb-infobox-text-wrap\">\n\t\t\t\t<div class=\"uabb-infobox-text uabb-text-editor\"><p class=\" translation-block\">L'installation de notre TipTRONIK est v\u00e9ritablement l'une des plus simples et des plus rapides de sa cat\u00e9gorie. Pour une installation rapide, tout est inclus dans la bo\u00eete. Choisissez simplement l'emplacement de votre choix, \u00e0 l'int\u00e9rieur ou \u00e0 l'ext\u00e9rieur de la console du camion, et branchez-le sur une source d'alimentation de type contact. Choisissez ensuite l'emplacement du capteur sans contact et connectez-le au module TipTRONIK : votre installation est termin\u00e9e. <span style=\"color: #1c2d5a\"><em>*Notez qu'avec un <span style=\"color: #294389\"><strong><span style=\"text-decoration: underline\"><a style=\"color: #294389;text-decoration: underline\" href=\"https:\/\/revtronik.com\/product\/tp4-gtkb\/\" target=\"_blank\" rel=\"noopener\">kit mobile<\/a><\/span><\/strong>, vous pouvez installer un TipTRONIK sur un camion et synchroniser une remorque en quelques secondes !<\/p>\n<\/div>\t\t\t<\/div>\n\t\t\t\t\t\t<\/div>\t<\/div>\n<\/div>\n\t<\/div>\n<\/div>\n<\/div><div class=\"uabb-js-breakpoint\" style=\"display: none;\"><\/div>\n<p><div class=\"fl-builder-content fl-builder-content-6709 fl-builder-template fl-builder-module-template fl-builder-global-templates-locked\" data-post-id=\"6709\"><div class=\"fl-module fl-module-info-box fl-node-82c45fk9tuxh\" data-node=\"82c45fk9tuxh\">\n\t<div class=\"fl-module-content fl-node-content\">\n\t\t<div class=\"uabb-module-content uabb-infobox infobox-center infobox-responsive-center infobox-has-photo infobox-photo-above-title\">\n\t<div class=\"uabb-infobox-left-right-wrap\">\n\t<a href=\"https:\/\/revtronik.com\/dealer-and-distributor\/\" target=\"_self\"  class=\"uabb-infobox-module-link\" aria-label=\"Go to https:\/\/revtronik.com\/dealer-and-distributor\/\"><\/a><div class=\"uabb-infobox-content\">\n\t\t\t<div class=\"uabb-module-content uabb-imgicon-wrap\">\t\t\n\t\t\t\t\t<div class=\"uabb-image\t\t uabb-image-crop-simple\" itemscope itemtype=\"https:\/\/schema.org\/ImageObject\">\n\t\t\t<div class=\"uabb-image-content\">\n\t\t\t\t<img loading=\"lazy\" decoding=\"async\" width=\"202\" height=\"202\" class=\"uabb-photo-img wp-image-8119 size-full\" src=\"https:\/\/revtronik.com\/wp-content\/uploads\/Approved-Certified-Icon-TipTronik-Trailer-Dumper-Box-Tipper-Raised-Alarm-GPS-WIFI-Revtronik.svg\" alt=\"Approved Certified Icon TipTronik Trailer Dumper Box Tipper Raised Alarm GPS WIFI Revtronik\" title=\"Approved Certified Icon TipTronik Trailer Dumper Box Tipper Raised Alarm GPS WIFI Revtronik\" itemprop=\"image\"\/>\n\t\t\t<\/div>\n\t\t<\/div>\n\n\t\t<\/div><div class='uabb-infobox-title-wrap'><h4 class=\"uabb-infobox-title\">INSTALLATIONS<br>APPROUV\u00c9ES<br><span style=\"color: #fff\">.<\/h4><\/div><div class=\"uabb-infobox-separator\"><div class=\"uabb-module-content uabb-separator-parent\">\n\t<div class=\"uabb-separator\"><\/div>\n<\/div>\n<\/div>\t\t\t<div class=\"uabb-infobox-text-wrap\">\n\t\t\t\t<div class=\"uabb-infobox-text uabb-text-editor\"><p>Bien que notre syst\u00e8me se caract\u00e9rise par une installation simple et rapide, nous recommandons fortement une installation professionnelle par un technicien certifi\u00e9 pour une s\u00e9curit\u00e9 et des performances optimales. Avec <strong><a href=\"https:\/\/revtronik.com\/fr\/dealer-and-distributor\/\">plus de 200 distributeurs RevTronik agr\u00e9\u00e9s \u00e0 travers le Canada et les Usa,<\/a><\/strong>Il y a assur\u00e9ment un installateur qualifi\u00e9 pr\u00e8s de chez vous pour vous aider !<\/p>\n<p class=\"p1\" style=\"text-align: center;\"><span style=\"font-size: 16px;\"><strong><span class=\"s1\"><a href=\"http:\/\/revtronik.com\/dealer-and-distributor\/\">TROUVEZ VOTRE DISTRIBUTEUR AGR\u00c9\u00c9<br \/>EN UN CLIC !<\/a><\/span><\/strong><\/span><\/p>\n<\/div>\t\t\t<\/div>\n\t\t\t\t\t\t<\/div>\t<\/div>\n<\/div>\n\t<\/div>\n<\/div>\n<\/div><div class=\"uabb-js-breakpoint\" style=\"display: none;\"><\/div><br \/>\n<div class=\"fl-builder-content fl-builder-content-6717 fl-builder-template fl-builder-module-template fl-builder-global-templates-locked\" data-post-id=\"6717\"><div class=\"fl-module fl-module-info-box fl-node-mvxwtgnsic6h\" data-node=\"mvxwtgnsic6h\">\n\t<div class=\"fl-module-content fl-node-content\">\n\t\t<div class=\"uabb-module-content uabb-infobox infobox-center infobox-responsive-center infobox-has-photo infobox-photo-above-title\">\n\t<div class=\"uabb-infobox-left-right-wrap\">\n\t<a href=\"https:\/\/revtronik.com\/dealer-and-distributor\/\" target=\"_self\"  class=\"uabb-infobox-module-link\" aria-label=\"Go to https:\/\/revtronik.com\/dealer-and-distributor\/\"><\/a><div class=\"uabb-infobox-content\">\n\t\t\t<div class=\"uabb-module-content uabb-imgicon-wrap\">\t\t\n\t\t\t\t\t<div class=\"uabb-image\t\t uabb-image-crop-simple\" itemscope itemtype=\"https:\/\/schema.org\/ImageObject\">\n\t\t\t<div class=\"uabb-image-content\">\n\t\t\t\t<img loading=\"lazy\" decoding=\"async\" width=\"800\" height=\"558\" class=\"uabb-photo-img wp-image-256 size-full\" src=\"https:\/\/revtronik.com\/wp-content\/uploads\/Map-Pin-Revtronik.svg\" alt=\"Map Pin Revtronik\" title=\"Map Pin Revtronik\" itemprop=\"image\"\/>\n\t\t\t<\/div>\n\t\t<\/div>\n\n\t\t<\/div><div class='uabb-infobox-title-wrap'><\/div>\t\t<\/div>\t<\/div>\n<\/div>\n\t<\/div>\n<\/div>\n<\/div><div class=\"uabb-js-breakpoint\" style=\"display: none;\"><\/div><\/p>","protected":false},"excerpt":{"rendered":"[fl_builder_insert_layout id=6741]\n<h3 style=\"text-align: center;\">TP-PBKLP<\/h3>\n<p>&nbsp;<\/p>\n<p style=\"text-align: center;\"><strong>Portable Power Cable<\/strong> with <strong>Illuminated Buzzer Button<\/strong> for portable cab modules TP3, TP4 of TipTRONIK audible and visual raised dump box alarms systems.<\/p>\n[fl_builder_insert_layout id=6750]\n","protected":false},"featured_media":8848,"template":"","meta":{"_acf_changed":false,"site-sidebar-layout":"default","site-content-layout":"","ast-site-content-layout":"default","site-content-style":"default","site-sidebar-style":"default","ast-global-header-display":"","ast-banner-title-visibility":"","ast-main-header-display":"","ast-hfb-above-header-display":"","ast-hfb-below-header-display":"","ast-hfb-mobile-header-display":"","site-post-title":"","ast-breadcrumbs-content":"","ast-featured-img":"","footer-sml-layout":"","ast-disable-related-posts":"","theme-transparent-header-meta":"default","adv-header-id-meta":"","stick-header-meta":"","header-above-stick-meta":"","header-main-stick-meta":"","header-below-stick-meta":"","astra-migrate-meta-layouts":"set","ast-page-background-enabled":"default","ast-page-background-meta":{"desktop":{"background-color":"var(--ast-global-color-4)","background-image":"","background-repeat":"repeat","background-position":"center center","background-size":"auto","background-attachment":"scroll","background-type":"","background-media":"","overlay-type":"","overlay-color":"","overlay-opacity":"","overlay-gradient":""},"tablet":{"background-color":"","background-image":"","background-repeat":"repeat","background-position":"center center","background-size":"auto","background-attachment":"scroll","background-type":"","background-media":"","overlay-type":"","overlay-color":"","overlay-opacity":"","overlay-gradient":""},"mobile":{"background-color":"","background-image":"","background-repeat":"repeat","background-position":"center center","background-size":"auto","background-attachment":"scroll","background-type":"","background-media":"","overlay-type":"","overlay-color":"","overlay-opacity":"","overlay-gradient":""}},"ast-content-background-meta":{"desktop":{"background-color":"var(--ast-global-color-5)","background-image":"","background-repeat":"repeat","background-position":"center center","background-size":"auto","background-attachment":"scroll","background-type":"","background-media":"","overlay-type":"","overlay-color":"","overlay-opacity":"","overlay-gradient":""},"tablet":{"background-color":"var(--ast-global-color-5)","background-image":"","background-repeat":"repeat","background-position":"center center","background-size":"auto","background-attachment":"scroll","background-type":"","background-media":"","overlay-type":"","overlay-color":"","overlay-opacity":"","overlay-gradient":""},"mobile":{"background-color":"var(--ast-global-color-5)","background-image":"","background-repeat":"repeat","background-position":"center center","background-size":"auto","background-attachment":"scroll","background-type":"","background-media":"","overlay-type":"","overlay-color":"","overlay-opacity":"","overlay-gradient":""}}},"product_brand":[],"product_cat":[36],"product_tag":[119],"class_list":{"0":"post-8847","1":"product","2":"type-product","3":"status-publish","4":"has-post-thumbnail","6":"product_cat-tiptronik","7":"product_tag-tiptronik-parts","8":"desktop-align-left","9":"tablet-align-left","10":"mobile-align-left","12":"first","13":"instock","14":"shipping-taxable","15":"product-type-simple"},"acf":[],"yoast_head":"<!-- This site is optimized with the Yoast SEO Premium plugin v27.3 (Yoast SEO v27.5) - https:\/\/yoast.com\/product\/yoast-seo-premium-wordpress\/ -->\n<title>TP-PBKLP: PORTABLE POWER CABLE &amp; ILLUMINATED BUZZER\u00a0BUTTON<\/title>\n<meta name=\"description\" content=\"Power Cable with Illuminated Buzzer Button for PORTABLE cab modules TP3 and TP4 of TipTRONIK audible and visual raised dump box alarms systems.\" \/>\n<meta name=\"robots\" content=\"index, follow, max-snippet:-1, max-image-preview:large, max-video-preview:-1\" \/>\n<link rel=\"canonical\" href=\"https:\/\/revtronik.com\/fr\/product\/tp-pbklp\/\" \/>\n<meta property=\"og:locale\" content=\"fr_CA\" \/>\n<meta property=\"og:type\" content=\"article\" \/>\n<meta property=\"og:title\" content=\"TP-PBKLP: PORTABLE POWER CABLE &amp; ILLUMINATED BUZZER\u00a0BUTTON - REVTRONIK.com %\" \/>\n<meta property=\"og:description\" content=\"Power Cable with Illuminated Buzzer Button for PORTABLE cab modules TP3 and TP4 of TipTRONIK audible and visual raised dump box alarms systems.\" \/>\n<meta property=\"og:url\" content=\"https:\/\/revtronik.com\/fr\/product\/tp-pbklp\/\" \/>\n<meta property=\"og:site_name\" content=\"REVTRONIK.com\" \/>\n<meta property=\"article:publisher\" content=\"https:\/\/www.facebook.com\/revtronik\" \/>\n<meta property=\"article:modified_time\" content=\"2025-09-25T19:04:40+00:00\" \/>\n<meta property=\"og:image\" content=\"https:\/\/revtronik.com\/wp-content\/uploads\/TP-PBKLP-TipTRONIK-Dumpers-Raised-Dump-Box-Alarm-Warning-Systems-WIFI-GPS-Revtronik.webp\" \/>\n\t<meta property=\"og:image:width\" content=\"1433\" \/>\n\t<meta property=\"og:image:height\" content=\"780\" \/>\n\t<meta property=\"og:image:type\" content=\"image\/webp\" \/>\n<meta name=\"twitter:card\" content=\"summary_large_image\" \/>\n<meta name=\"twitter:label1\" content=\"Price\" \/>\n\t<meta name=\"twitter:data1\" content=\"\" \/>\n\t<meta name=\"twitter:label2\" content=\"Availability\" \/>\n\t<meta name=\"twitter:data2\" content=\"In stock\" \/>\n<script type=\"application\/ld+json\" class=\"yoast-schema-graph\">{\"@context\":\"https:\\\/\\\/schema.org\",\"@graph\":[{\"@type\":\"WebPage\",\"@id\":\"https:\\\/\\\/revtronik.com\\\/product\\\/tp-pbklp\\\/\",\"url\":\"https:\\\/\\\/revtronik.com\\\/product\\\/tp-pbklp\\\/\",\"name\":\"TP-PBKLP: PORTABLE POWER CABLE & ILLUMINATED BUZZER\u00a0BUTTON\",\"isPartOf\":{\"@id\":\"https:\\\/\\\/revtronik.com\\\/#website\"},\"primaryImageOfPage\":{\"@id\":\"https:\\\/\\\/revtronik.com\\\/product\\\/tp-pbklp\\\/#primaryimage\"},\"image\":{\"@id\":\"https:\\\/\\\/revtronik.com\\\/product\\\/tp-pbklp\\\/#primaryimage\"},\"thumbnailUrl\":\"https:\\\/\\\/revtronik.com\\\/wp-content\\\/uploads\\\/TP-PBKLP-TipTRONIK-Dumpers-Raised-Dump-Box-Alarm-Warning-Systems-WIFI-GPS-Revtronik.webp\",\"datePublished\":\"2025-09-25T18:52:03+00:00\",\"dateModified\":\"2025-09-25T19:04:40+00:00\",\"description\":\"Power Cable with Illuminated Buzzer Button for PORTABLE cab modules TP3 and TP4 of TipTRONIK audible and visual raised dump box alarms systems.\",\"breadcrumb\":{\"@id\":\"https:\\\/\\\/revtronik.com\\\/product\\\/tp-pbklp\\\/#breadcrumb\"},\"inLanguage\":\"fr-CA\",\"potentialAction\":[{\"@type\":\"ReadAction\",\"target\":[\"https:\\\/\\\/revtronik.com\\\/product\\\/tp-pbklp\\\/\"]}]},{\"@type\":\"ImageObject\",\"inLanguage\":\"fr-CA\",\"@id\":\"https:\\\/\\\/revtronik.com\\\/product\\\/tp-pbklp\\\/#primaryimage\",\"url\":\"https:\\\/\\\/revtronik.com\\\/wp-content\\\/uploads\\\/TP-PBKLP-TipTRONIK-Dumpers-Raised-Dump-Box-Alarm-Warning-Systems-WIFI-GPS-Revtronik.webp\",\"contentUrl\":\"https:\\\/\\\/revtronik.com\\\/wp-content\\\/uploads\\\/TP-PBKLP-TipTRONIK-Dumpers-Raised-Dump-Box-Alarm-Warning-Systems-WIFI-GPS-Revtronik.webp\",\"width\":1433,\"height\":780,\"caption\":\"TP PBKLP TipTRONIK Dumpers Raised Dump Box Alarm Warning Systems WIFI GPS Revtronik\"},{\"@type\":\"BreadcrumbList\",\"@id\":\"https:\\\/\\\/revtronik.com\\\/product\\\/tp-pbklp\\\/#breadcrumb\",\"itemListElement\":[{\"@type\":\"ListItem\",\"position\":1,\"name\":\"Accueil\",\"item\":\"https:\\\/\\\/revtronik.com\\\/\"},{\"@type\":\"ListItem\",\"position\":2,\"name\":\"Shop\",\"item\":\"https:\\\/\\\/revtronik.com\\\/?page_id=1916\"},{\"@type\":\"ListItem\",\"position\":3,\"name\":\"TipTRONIK\",\"item\":\"https:\\\/\\\/revtronik.com\\\/product-category\\\/tiptronik\\\/\"},{\"@type\":\"ListItem\",\"position\":4,\"name\":\"TP-PBKLP: PORTABLE POWER CABLE &#038; ILLUMINATED BUZZER\u00a0BUTTON\"}]},{\"@type\":\"WebSite\",\"@id\":\"https:\\\/\\\/revtronik.com\\\/#website\",\"url\":\"https:\\\/\\\/revtronik.com\\\/\",\"name\":\"REVTRONIK.com\",\"description\":\"Smart Trucking Products\",\"publisher\":{\"@id\":\"https:\\\/\\\/revtronik.com\\\/#organization\"},\"potentialAction\":[{\"@type\":\"SearchAction\",\"target\":{\"@type\":\"EntryPoint\",\"urlTemplate\":\"https:\\\/\\\/revtronik.com\\\/?s={search_term_string}\"},\"query-input\":{\"@type\":\"PropertyValueSpecification\",\"valueRequired\":true,\"valueName\":\"search_term_string\"}}],\"inLanguage\":\"fr-CA\"},{\"@type\":\"Organization\",\"@id\":\"https:\\\/\\\/revtronik.com\\\/#organization\",\"name\":\"RevTronik inc.\",\"url\":\"https:\\\/\\\/revtronik.com\\\/\",\"logo\":{\"@type\":\"ImageObject\",\"inLanguage\":\"fr-CA\",\"@id\":\"https:\\\/\\\/revtronik.com\\\/#\\\/schema\\\/logo\\\/image\\\/\",\"url\":\"https:\\\/\\\/revtronik.com\\\/wp-content\\\/uploads\\\/MS-revtronik-Banner-trucking-products-solutions-and-racing-division-performance.webp\",\"contentUrl\":\"https:\\\/\\\/revtronik.com\\\/wp-content\\\/uploads\\\/MS-revtronik-Banner-trucking-products-solutions-and-racing-division-performance.webp\",\"width\":1200,\"height\":675,\"caption\":\"RevTronik inc.\"},\"image\":{\"@id\":\"https:\\\/\\\/revtronik.com\\\/#\\\/schema\\\/logo\\\/image\\\/\"},\"sameAs\":[\"https:\\\/\\\/www.facebook.com\\\/revtronik\",\"https:\\\/\\\/www.youtube.com\\\/channel\\\/UCiXuXHlfSRJmUqmJbOoc2wQ\",\"https:\\\/\\\/www.linkedin.com\\\/company\\\/revtronik-inc-\\\/\"],\"description\":\"Meet present and future truck industry requirements with user friendly, high quality and cost effective products !\",\"email\":\"info@revtronik.com\",\"telephone\":\"+1 819 870-2331\",\"legalName\":\"Revtronik inc.\",\"foundingDate\":\"2014-10-26\",\"numberOfEmployees\":{\"@type\":\"QuantitativeValue\",\"minValue\":\"1\",\"maxValue\":\"10\"}}]}<\/script>\n<meta property=\"product:price:currency\" content=\"CAD\" \/>\n<meta property=\"og:availability\" content=\"instock\" \/>\n<meta property=\"product:availability\" content=\"instock\" \/>\n<meta property=\"product:retailer_item_id\" content=\"TP-PBKLP\" \/>\n<meta property=\"product:condition\" content=\"new\" \/>\n<!-- \/ Yoast SEO Premium plugin. -->","yoast_head_json":{"title":"TP-PBKLP: PORTABLE POWER CABLE & ILLUMINATED BUZZER\u00a0BUTTON","description":"Power Cable with Illuminated Buzzer Button for PORTABLE cab modules TP3 and TP4 of TipTRONIK audible and visual raised dump box alarms systems.","robots":{"index":"index","follow":"follow","max-snippet":"max-snippet:-1","max-image-preview":"max-image-preview:large","max-video-preview":"max-video-preview:-1"},"canonical":"https:\/\/revtronik.com\/fr\/product\/tp-pbklp\/","og_locale":"fr_CA","og_type":"article","og_title":"TP-PBKLP: PORTABLE POWER CABLE & ILLUMINATED BUZZER\u00a0BUTTON - REVTRONIK.com %","og_description":"Power Cable with Illuminated Buzzer Button for PORTABLE cab modules TP3 and TP4 of TipTRONIK audible and visual raised dump box alarms systems.","og_url":"https:\/\/revtronik.com\/fr\/product\/tp-pbklp\/","og_site_name":"REVTRONIK.com","article_publisher":"https:\/\/www.facebook.com\/revtronik","article_modified_time":"2025-09-25T19:04:40+00:00","og_image":[{"width":1433,"height":780,"url":"https:\/\/revtronik.com\/wp-content\/uploads\/TP-PBKLP-TipTRONIK-Dumpers-Raised-Dump-Box-Alarm-Warning-Systems-WIFI-GPS-Revtronik.webp","type":"image\/webp"}],"twitter_card":"summary_large_image","twitter_misc":{"Price":"","Availability":"In stock"},"schema":{"@context":"https:\/\/schema.org","@graph":[{"@type":"WebPage","@id":"https:\/\/revtronik.com\/product\/tp-pbklp\/","url":"https:\/\/revtronik.com\/product\/tp-pbklp\/","name":"TP-PBKLP: PORTABLE POWER CABLE & ILLUMINATED BUZZER\u00a0BUTTON","isPartOf":{"@id":"https:\/\/revtronik.com\/#website"},"primaryImageOfPage":{"@id":"https:\/\/revtronik.com\/product\/tp-pbklp\/#primaryimage"},"image":{"@id":"https:\/\/revtronik.com\/product\/tp-pbklp\/#primaryimage"},"thumbnailUrl":"https:\/\/revtronik.com\/wp-content\/uploads\/TP-PBKLP-TipTRONIK-Dumpers-Raised-Dump-Box-Alarm-Warning-Systems-WIFI-GPS-Revtronik.webp","datePublished":"2025-09-25T18:52:03+00:00","dateModified":"2025-09-25T19:04:40+00:00","description":"Power Cable with Illuminated Buzzer Button for PORTABLE cab modules TP3 and TP4 of TipTRONIK audible and visual raised dump box alarms systems.","breadcrumb":{"@id":"https:\/\/revtronik.com\/product\/tp-pbklp\/#breadcrumb"},"inLanguage":"fr-CA","potentialAction":[{"@type":"ReadAction","target":["https:\/\/revtronik.com\/product\/tp-pbklp\/"]}]},{"@type":"ImageObject","inLanguage":"fr-CA","@id":"https:\/\/revtronik.com\/product\/tp-pbklp\/#primaryimage","url":"https:\/\/revtronik.com\/wp-content\/uploads\/TP-PBKLP-TipTRONIK-Dumpers-Raised-Dump-Box-Alarm-Warning-Systems-WIFI-GPS-Revtronik.webp","contentUrl":"https:\/\/revtronik.com\/wp-content\/uploads\/TP-PBKLP-TipTRONIK-Dumpers-Raised-Dump-Box-Alarm-Warning-Systems-WIFI-GPS-Revtronik.webp","width":1433,"height":780,"caption":"TP PBKLP TipTRONIK Dumpers Raised Dump Box Alarm Warning Systems WIFI GPS Revtronik"},{"@type":"BreadcrumbList","@id":"https:\/\/revtronik.com\/product\/tp-pbklp\/#breadcrumb","itemListElement":[{"@type":"ListItem","position":1,"name":"Accueil","item":"https:\/\/revtronik.com\/"},{"@type":"ListItem","position":2,"name":"Shop","item":"https:\/\/revtronik.com\/?page_id=1916"},{"@type":"ListItem","position":3,"name":"TipTRONIK","item":"https:\/\/revtronik.com\/product-category\/tiptronik\/"},{"@type":"ListItem","position":4,"name":"TP-PBKLP: PORTABLE POWER CABLE &#038; ILLUMINATED BUZZER\u00a0BUTTON"}]},{"@type":"WebSite","@id":"https:\/\/revtronik.com\/#website","url":"https:\/\/revtronik.com\/","name":"REVTRONIK.com","description":"Smart Trucking Products","publisher":{"@id":"https:\/\/revtronik.com\/#organization"},"potentialAction":[{"@type":"SearchAction","target":{"@type":"EntryPoint","urlTemplate":"https:\/\/revtronik.com\/?s={search_term_string}"},"query-input":{"@type":"PropertyValueSpecification","valueRequired":true,"valueName":"search_term_string"}}],"inLanguage":"fr-CA"},{"@type":"Organization","@id":"https:\/\/revtronik.com\/#organization","name":"RevTronik inc.","url":"https:\/\/revtronik.com\/","logo":{"@type":"ImageObject","inLanguage":"fr-CA","@id":"https:\/\/revtronik.com\/#\/schema\/logo\/image\/","url":"https:\/\/revtronik.com\/wp-content\/uploads\/MS-revtronik-Banner-trucking-products-solutions-and-racing-division-performance.webp","contentUrl":"https:\/\/revtronik.com\/wp-content\/uploads\/MS-revtronik-Banner-trucking-products-solutions-and-racing-division-performance.webp","width":1200,"height":675,"caption":"RevTronik inc."},"image":{"@id":"https:\/\/revtronik.com\/#\/schema\/logo\/image\/"},"sameAs":["https:\/\/www.facebook.com\/revtronik","https:\/\/www.youtube.com\/channel\/UCiXuXHlfSRJmUqmJbOoc2wQ","https:\/\/www.linkedin.com\/company\/revtronik-inc-\/"],"description":"Des produits de haute qualit\u00e9, faciles \u00e0 utiliser et rentables, qui r\u00e9pondent aux exigences actuelles et futures de l'industrie du camionnage.","email":"info@revtronik.com","telephone":"+1 819 870-2331","legalName":"Revtronik inc.","foundingDate":"2014-10-26","numberOfEmployees":{"@type":"QuantitativeValue","minValue":"1","maxValue":"10"}}]},"product_price_currency":"CAD","og_availability":"instock","product_availability":"instock","product_retailer_item_id":"TP-PBKLP","product_condition":"new"},"_links":{"self":[{"href":"https:\/\/revtronik.com\/fr\/wp-json\/wp\/v2\/product\/8847","targetHints":{"allow":["GET"]}}],"collection":[{"href":"https:\/\/revtronik.com\/fr\/wp-json\/wp\/v2\/product"}],"about":[{"href":"https:\/\/revtronik.com\/fr\/wp-json\/wp\/v2\/types\/product"}],"wp:featuredmedia":[{"embeddable":true,"href":"https:\/\/revtronik.com\/fr\/wp-json\/wp\/v2\/media\/8848"}],"wp:attachment":[{"href":"https:\/\/revtronik.com\/fr\/wp-json\/wp\/v2\/media?parent=8847"}],"wp:term":[{"taxonomy":"product_brand","embeddable":true,"href":"https:\/\/revtronik.com\/fr\/wp-json\/wp\/v2\/product_brand?post=8847"},{"taxonomy":"product_cat","embeddable":true,"href":"https:\/\/revtronik.com\/fr\/wp-json\/wp\/v2\/product_cat?post=8847"},{"taxonomy":"product_tag","embeddable":true,"href":"https:\/\/revtronik.com\/fr\/wp-json\/wp\/v2\/product_tag?post=8847"}],"curies":[{"name":"wp","href":"https:\/\/api.w.org\/{rel}","templated":true}]}}