{"id":5895,"date":"2025-01-22T16:02:38","date_gmt":"2025-01-22T20:02:38","guid":{"rendered":"https:\/\/revtronik.com\/?post_type=product&#038;p=5895"},"modified":"2025-04-08T17:29:00","modified_gmt":"2025-04-08T21:29:00","slug":"dollytronik","status":"publish","type":"product","link":"https:\/\/revtronik.com\/fr\/product\/dollytronik\/","title":{"rendered":"DOLLYTRONIK 1st Edition"},"content":{"rendered":"<h4 style=\"text-align: left;\">QUICK SPECS :<\/h4>\n<ul>\n<li style=\"text-align: left;\">Product Weight: 120 lbs with battery<\/li>\n<li style=\"text-align: left;\">Color\/Finish: Blue<\/li>\n<li style=\"text-align: left;\">Wheel Size: 13\u2033<\/li>\n<li style=\"text-align: left;\">Motor Type: Electric<\/li>\n<li style=\"text-align: left;\">Start Type: Throttle<\/li>\n<li style=\"text-align: left;\">Operating Weight: 3200Lbs<\/li>\n<li style=\"text-align: left;\">Hitch Type: 2 5\/16\u201d Ball Mount<\/li>\n<li style=\"text-align: left;\">Battery Type: 48V Lead Acid AGM<\/li>\n<li style=\"text-align: left;\">Frame Material: Steel<\/li>\n<li style=\"text-align: left;\">Tire Tread Type: All-Terrain, Pneumatic<\/li>\n<li style=\"text-align: left;\">Brake Type : Manual on handle<\/li>\n<\/ul>\n<hr \/>\n<p style=\"text-align: center;\"><strong><a href=\"https:\/\/revtronik.com\/dealer-and-distributor\/\">Find a distributor<\/a><\/strong><\/p>\n<p><span style=\"color: #0000ff;\"><a href=\"https:\/\/revtronik.com\/fr\/dealer-and-distributor\/\"><img loading=\"lazy\" decoding=\"async\" class=\"alignnone wp-image-256 aligncenter\" title=\"Map Pin Revtronik\" role=\"img\" src=\"https:\/\/revtronik.com\/wp-content\/uploads\/Map-Pin-Revtronik.svg\" alt=\"Map Pin Revtronik\" width=\"417\" height=\"291\" \/><\/a><br \/>\n<\/span><\/p>","protected":false},"excerpt":{"rendered":"<h4 style=\"text-align: center;\"><img loading=\"lazy\" decoding=\"async\" class=\"alignnone size-medium wp-image-5892\" title=\"DollyTRONIK PRODUCT CATHEGORY\" src=\"https:\/\/revtronik.com\/wp-content\/uploads\/DollyTRONIK-PRODUCT-CATHEGORY-600x284.png\" alt=\"DollyTRONIK PRODUCT CATHEGORY\" width=\"600\" height=\"284\" \/><\/h4>\n<h3 style=\"text-align: center;\"><span style=\"color: #7fc349;\">ELEVATE<\/span><span style=\"color: #7fc349;\"> YOUR LOAD &amp;<\/span><span style=\"color: #7fc349;\">\u00a0DRIVE !<\/span><\/h3>\n<p style=\"text-align: center;\">Electric Self-Propelled for Trailer and Racing Car<br \/>\n800 W motor and 48 V batteries<\/p>\n<h3 style=\"text-align: left;\">3200LB TOWING CAPACITY<\/h3>\n<p>As a small team owner, I often work alone in the garage, loading and unloading the racing trailer, moving the car alone, etc and it was really painfull. I decide to modify an Electric Trailer Dolly to create and create an Electric Car Mover. After a year of testing here is our final product with lot of small technical detail to make it safer, stronger and more adapted to our Racing need\u2019s.<\/p>\n<p>DollyTRONIK help you move your car with EASE in the shop, at the race track, in the yard. Strong enough and well balanced, it makes it so easy to push or pull the car in and out of the trailer. It basically helps to move the car without having to start the engine in almost any situation. It also helps to enter in and out the Race Car into the trailer without using the engine and make the clutch slipping during that moment.<\/p>\n<p>With all those modifications, it also appears that moving the trailer was also easier to make and more secure. So, you can either use it to move your trailer, your car or both at the same time!!<\/p>\n<h3>STANDARD ELECTRIC TRAILER DOLLY:<\/h3>\n<p>Move your trailer with ease on any type of surface (grass, gravel, asphalt, packed sand) with our 6.5\u2033 tires<\/p>\n<ul>\n<li>With our oversize all-terrain pneumatic tire.<\/li>\n<li>Our new 48-volt Lead Acid AGM battery gives more power and longer efficiency than our first prototype.<\/li>\n<li>Shifting the weight behind the wheels helps to better distribute the weight on an uneven surface to prevent the Dolley Mover from lifting abruptly.<\/li>\n<li>Integrated brakes on the handle provide better control and safety when moving on sloping terrain or for stopping fast.<\/li>\n<li>Adjustable height hitch.<\/li>\n<\/ul>\n<p>&nbsp;<\/p>\n<h3><\/h3>\n<h3><strong><img loading=\"lazy\" decoding=\"async\" class=\"aligncenter wp-image-5920\" title=\"CAR LIFT DollyTRONIK DT Revtronik Racing Division\" src=\"https:\/\/revtronik.com\/wp-content\/uploads\/CAR-LIFT-DollyTRONIK-DT-Revtronik-Racing-Division-600x170.webp\" alt=\"CAR LIFT DollyTRONIK DT Revtronik Racing Division\" width=\"396\" height=\"112\" srcset=\"https:\/\/revtronik.com\/wp-content\/uploads\/CAR-LIFT-DollyTRONIK-DT-Revtronik-Racing-Division-600x170.webp 600w, https:\/\/revtronik.com\/wp-content\/uploads\/CAR-LIFT-DollyTRONIK-DT-Revtronik-Racing-Division-300x85.webp 300w, https:\/\/revtronik.com\/wp-content\/uploads\/CAR-LIFT-DollyTRONIK-DT-Revtronik-Racing-Division-768x217.webp 768w, https:\/\/revtronik.com\/wp-content\/uploads\/CAR-LIFT-DollyTRONIK-DT-Revtronik-Racing-Division-1536x435.webp 1536w, https:\/\/revtronik.com\/wp-content\/uploads\/CAR-LIFT-DollyTRONIK-DT-Revtronik-Racing-Division-18x5.webp 18w, https:\/\/revtronik.com\/wp-content\/uploads\/CAR-LIFT-DollyTRONIK-DT-Revtronik-Racing-Division-350x100.webp 350w, https:\/\/revtronik.com\/wp-content\/uploads\/CAR-LIFT-DollyTRONIK-DT-Revtronik-Racing-Division.webp 2000w\" sizes=\"auto, (max-width: 396px) 100vw, 396px\" \/><\/strong><\/h3>\n<p>&nbsp;<\/p>\n<h3 style=\"text-align: center;\">SPECIAL SWIVEL PLATE FOR MOVING RACING CAR<\/h3>\n<ul>\n<li>Our low-profile frame and electrical box help to pass underneath the rear bumper of almost any race car.<\/li>\n<li>Integrated brakes on the handle provide better control and safety when unloading the racing car from the trailer or when moving on sloping terrain.<\/li>\n<li>Custom made swivel plate with rubber protection to go underneath the bumper and can fit to different type from standard dirtcar bumper to V style Lightning sprint bumper.<\/li>\n<li>Several height adjustments for bumper plate<\/li>\n<\/ul>\n<h3>SPECIFICATIONS:<\/h3>\n<ul>\n<li>Product Weight: 120 lbs with battery<\/li>\n<li>Color\/Finish: Blue<\/li>\n<li>Wheel Size: 13\u2033<\/li>\n<li>Motor Type: Electric<\/li>\n<li>Start Type: Throttle<\/li>\n<li>Operating Weight: 3200Lbs<\/li>\n<li>Hitch Type: 2 5\/16\u201d Ball Mount<\/li>\n<li>Battery Type: 48V Lead Acid AGM<\/li>\n<li>Frame Material: Steel<\/li>\n<li>Tire Tread Type: All-Terrain, Pneumatic<\/li>\n<li>Brake Type : Manual on handle<\/li>\n<\/ul>","protected":false},"featured_media":5904,"template":"","meta":{"_acf_changed":false,"site-sidebar-layout":"default","site-content-layout":"","ast-site-content-layout":"default","site-content-style":"default","site-sidebar-style":"default","ast-global-header-display":"","ast-banner-title-visibility":"","ast-main-header-display":"","ast-hfb-above-header-display":"","ast-hfb-below-header-display":"","ast-hfb-mobile-header-display":"","site-post-title":"","ast-breadcrumbs-content":"","ast-featured-img":"","footer-sml-layout":"","ast-disable-related-posts":"","theme-transparent-header-meta":"default","adv-header-id-meta":"","stick-header-meta":"","header-above-stick-meta":"","header-main-stick-meta":"","header-below-stick-meta":"","astra-migrate-meta-layouts":"set","ast-page-background-enabled":"default","ast-page-background-meta":{"desktop":{"background-color":"var(--ast-global-color-4)","background-image":"","background-repeat":"repeat","background-position":"center center","background-size":"auto","background-attachment":"scroll","background-type":"","background-media":"","overlay-type":"","overlay-color":"","overlay-opacity":"","overlay-gradient":""},"tablet":{"background-color":"","background-image":"","background-repeat":"repeat","background-position":"center center","background-size":"auto","background-attachment":"scroll","background-type":"","background-media":"","overlay-type":"","overlay-color":"","overlay-opacity":"","overlay-gradient":""},"mobile":{"background-color":"","background-image":"","background-repeat":"repeat","background-position":"center center","background-size":"auto","background-attachment":"scroll","background-type":"","background-media":"","overlay-type":"","overlay-color":"","overlay-opacity":"","overlay-gradient":""}},"ast-content-background-meta":{"desktop":{"background-color":"var(--ast-global-color-5)","background-image":"","background-repeat":"repeat","background-position":"center center","background-size":"auto","background-attachment":"scroll","background-type":"","background-media":"","overlay-type":"","overlay-color":"","overlay-opacity":"","overlay-gradient":""},"tablet":{"background-color":"var(--ast-global-color-5)","background-image":"","background-repeat":"repeat","background-position":"center center","background-size":"auto","background-attachment":"scroll","background-type":"","background-media":"","overlay-type":"","overlay-color":"","overlay-opacity":"","overlay-gradient":""},"mobile":{"background-color":"var(--ast-global-color-5)","background-image":"","background-repeat":"repeat","background-position":"center center","background-size":"auto","background-attachment":"scroll","background-type":"","background-media":"","overlay-type":"","overlay-color":"","overlay-opacity":"","overlay-gradient":""}}},"product_brand":[],"product_cat":[144],"product_tag":[145],"class_list":{"0":"post-5895","1":"product","2":"type-product","3":"status-publish","4":"has-post-thumbnail","6":"product_cat-racing-division","7":"product_tag-dollytronik","8":"desktop-align-left","9":"tablet-align-left","10":"mobile-align-left","12":"first","13":"instock","14":"featured","15":"shipping-taxable","16":"product-type-simple"},"acf":[],"yoast_head":"<!-- This site is optimized with the Yoast SEO Premium plugin v27.3 (Yoast SEO v27.5) - https:\/\/yoast.com\/product\/yoast-seo-premium-wordpress\/ -->\n<title>DOLLYTRONIK 1st Edition - REVTRONIK.com<\/title>\n<meta name=\"description\" content=\"Move your car with ease on any type of surface with our oversize all-terrain pneumatic tire with the DollyTRONIK by Revtronik Racing Division.\" \/>\n<meta name=\"robots\" content=\"index, follow, max-snippet:-1, max-image-preview:large, max-video-preview:-1\" \/>\n<link rel=\"canonical\" href=\"https:\/\/revtronik.com\/fr\/product\/dollytronik\/\" \/>\n<meta property=\"og:locale\" content=\"fr_CA\" \/>\n<meta property=\"og:type\" content=\"article\" \/>\n<meta property=\"og:title\" content=\"DOLLYTRONIK 1st Edition - REVTRONIK.com %\" \/>\n<meta property=\"og:description\" content=\"Move your car with ease on any type of surface with our oversize all-terrain pneumatic tire with the DollyTRONIK by Revtronik Racing Division.\" \/>\n<meta property=\"og:url\" content=\"https:\/\/revtronik.com\/fr\/product\/dollytronik\/\" \/>\n<meta property=\"og:site_name\" content=\"REVTRONIK.com\" \/>\n<meta property=\"article:publisher\" content=\"https:\/\/www.facebook.com\/revtronik\" \/>\n<meta property=\"article:modified_time\" content=\"2025-04-08T21:29:00+00:00\" \/>\n<meta property=\"og:image\" content=\"https:\/\/revtronik.com\/wp-content\/uploads\/RDDT-DollyTRONIK-Side-B-Revtronik-Racing-Division.webp\" \/>\n\t<meta property=\"og:image:width\" content=\"842\" \/>\n\t<meta property=\"og:image:height\" content=\"969\" \/>\n\t<meta property=\"og:image:type\" content=\"image\/webp\" \/>\n<meta name=\"twitter:card\" content=\"summary_large_image\" \/>\n<meta name=\"twitter:label1\" content=\"Price\" \/>\n\t<meta name=\"twitter:data1\" content=\"\" \/>\n\t<meta name=\"twitter:label2\" content=\"Availability\" \/>\n\t<meta name=\"twitter:data2\" content=\"In stock\" \/>\n<script type=\"application\/ld+json\" class=\"yoast-schema-graph\">{\"@context\":\"https:\\\/\\\/schema.org\",\"@graph\":[{\"@type\":\"WebPage\",\"@id\":\"https:\\\/\\\/revtronik.com\\\/product\\\/dollytronik\\\/\",\"url\":\"https:\\\/\\\/revtronik.com\\\/product\\\/dollytronik\\\/\",\"name\":\"DOLLYTRONIK 1st Edition - REVTRONIK.com\",\"isPartOf\":{\"@id\":\"https:\\\/\\\/revtronik.com\\\/#website\"},\"primaryImageOfPage\":{\"@id\":\"https:\\\/\\\/revtronik.com\\\/product\\\/dollytronik\\\/#primaryimage\"},\"image\":{\"@id\":\"https:\\\/\\\/revtronik.com\\\/product\\\/dollytronik\\\/#primaryimage\"},\"thumbnailUrl\":\"https:\\\/\\\/revtronik.com\\\/wp-content\\\/uploads\\\/RDDT-DollyTRONIK-Side-B-Revtronik-Racing-Division.webp\",\"datePublished\":\"2025-01-22T20:02:38+00:00\",\"dateModified\":\"2025-04-08T21:29:00+00:00\",\"description\":\"Move your car with ease on any type of surface with our oversize all-terrain pneumatic tire with the DollyTRONIK by Revtronik Racing Division.\",\"breadcrumb\":{\"@id\":\"https:\\\/\\\/revtronik.com\\\/product\\\/dollytronik\\\/#breadcrumb\"},\"inLanguage\":\"fr-CA\",\"potentialAction\":[{\"@type\":\"ReadAction\",\"target\":[\"https:\\\/\\\/revtronik.com\\\/product\\\/dollytronik\\\/\"]}]},{\"@type\":\"ImageObject\",\"inLanguage\":\"fr-CA\",\"@id\":\"https:\\\/\\\/revtronik.com\\\/product\\\/dollytronik\\\/#primaryimage\",\"url\":\"https:\\\/\\\/revtronik.com\\\/wp-content\\\/uploads\\\/RDDT-DollyTRONIK-Side-B-Revtronik-Racing-Division.webp\",\"contentUrl\":\"https:\\\/\\\/revtronik.com\\\/wp-content\\\/uploads\\\/RDDT-DollyTRONIK-Side-B-Revtronik-Racing-Division.webp\",\"width\":842,\"height\":969,\"caption\":\"RD|DT DollyTRONIK Side B Revtronik Racing Division\"},{\"@type\":\"BreadcrumbList\",\"@id\":\"https:\\\/\\\/revtronik.com\\\/product\\\/dollytronik\\\/#breadcrumb\",\"itemListElement\":[{\"@type\":\"ListItem\",\"position\":1,\"name\":\"Accueil\",\"item\":\"https:\\\/\\\/revtronik.com\\\/\"},{\"@type\":\"ListItem\",\"position\":2,\"name\":\"Shop\",\"item\":\"https:\\\/\\\/revtronik.com\\\/?page_id=1916\"},{\"@type\":\"ListItem\",\"position\":3,\"name\":\"RACING DIVISION\",\"item\":\"https:\\\/\\\/revtronik.com\\\/product-category\\\/racing-division\\\/\"},{\"@type\":\"ListItem\",\"position\":4,\"name\":\"DOLLYTRONIK 1st Edition\"}]},{\"@type\":\"WebSite\",\"@id\":\"https:\\\/\\\/revtronik.com\\\/#website\",\"url\":\"https:\\\/\\\/revtronik.com\\\/\",\"name\":\"REVTRONIK.com\",\"description\":\"Smart Trucking Products\",\"publisher\":{\"@id\":\"https:\\\/\\\/revtronik.com\\\/#organization\"},\"potentialAction\":[{\"@type\":\"SearchAction\",\"target\":{\"@type\":\"EntryPoint\",\"urlTemplate\":\"https:\\\/\\\/revtronik.com\\\/?s={search_term_string}\"},\"query-input\":{\"@type\":\"PropertyValueSpecification\",\"valueRequired\":true,\"valueName\":\"search_term_string\"}}],\"inLanguage\":\"fr-CA\"},{\"@type\":\"Organization\",\"@id\":\"https:\\\/\\\/revtronik.com\\\/#organization\",\"name\":\"RevTronik inc.\",\"url\":\"https:\\\/\\\/revtronik.com\\\/\",\"logo\":{\"@type\":\"ImageObject\",\"inLanguage\":\"fr-CA\",\"@id\":\"https:\\\/\\\/revtronik.com\\\/#\\\/schema\\\/logo\\\/image\\\/\",\"url\":\"https:\\\/\\\/revtronik.com\\\/wp-content\\\/uploads\\\/MS-revtronik-Banner-trucking-products-solutions-and-racing-division-performance.webp\",\"contentUrl\":\"https:\\\/\\\/revtronik.com\\\/wp-content\\\/uploads\\\/MS-revtronik-Banner-trucking-products-solutions-and-racing-division-performance.webp\",\"width\":1200,\"height\":675,\"caption\":\"RevTronik inc.\"},\"image\":{\"@id\":\"https:\\\/\\\/revtronik.com\\\/#\\\/schema\\\/logo\\\/image\\\/\"},\"sameAs\":[\"https:\\\/\\\/www.facebook.com\\\/revtronik\",\"https:\\\/\\\/www.youtube.com\\\/channel\\\/UCiXuXHlfSRJmUqmJbOoc2wQ\",\"https:\\\/\\\/www.linkedin.com\\\/company\\\/revtronik-inc-\\\/\"],\"description\":\"Meet present and future truck industry requirements with user friendly, high quality and cost effective products !\",\"email\":\"info@revtronik.com\",\"telephone\":\"+1 819 870-2331\",\"legalName\":\"Revtronik inc.\",\"foundingDate\":\"2014-10-26\",\"numberOfEmployees\":{\"@type\":\"QuantitativeValue\",\"minValue\":\"1\",\"maxValue\":\"10\"}}]}<\/script>\n<meta property=\"product:price:currency\" content=\"CAD\" \/>\n<meta property=\"og:availability\" content=\"instock\" \/>\n<meta property=\"product:availability\" content=\"instock\" \/>\n<meta property=\"product:retailer_item_id\" content=\"RD-DT FE\" \/>\n<meta property=\"product:condition\" content=\"new\" \/>\n<!-- \/ Yoast SEO Premium plugin. -->","yoast_head_json":{"title":"DOLLYTRONIK 1st Edition - REVTRONIK.com","description":"Move your car with ease on any type of surface with our oversize all-terrain pneumatic tire with the DollyTRONIK by Revtronik Racing Division.","robots":{"index":"index","follow":"follow","max-snippet":"max-snippet:-1","max-image-preview":"max-image-preview:large","max-video-preview":"max-video-preview:-1"},"canonical":"https:\/\/revtronik.com\/fr\/product\/dollytronik\/","og_locale":"fr_CA","og_type":"article","og_title":"DOLLYTRONIK 1st Edition - REVTRONIK.com %","og_description":"Move your car with ease on any type of surface with our oversize all-terrain pneumatic tire with the DollyTRONIK by Revtronik Racing Division.","og_url":"https:\/\/revtronik.com\/fr\/product\/dollytronik\/","og_site_name":"REVTRONIK.com","article_publisher":"https:\/\/www.facebook.com\/revtronik","article_modified_time":"2025-04-08T21:29:00+00:00","og_image":[{"width":842,"height":969,"url":"https:\/\/revtronik.com\/wp-content\/uploads\/RDDT-DollyTRONIK-Side-B-Revtronik-Racing-Division.webp","type":"image\/webp"}],"twitter_card":"summary_large_image","twitter_misc":{"Price":"","Availability":"In stock"},"schema":{"@context":"https:\/\/schema.org","@graph":[{"@type":"WebPage","@id":"https:\/\/revtronik.com\/product\/dollytronik\/","url":"https:\/\/revtronik.com\/product\/dollytronik\/","name":"DOLLYTRONIK 1st Edition - REVTRONIK.com","isPartOf":{"@id":"https:\/\/revtronik.com\/#website"},"primaryImageOfPage":{"@id":"https:\/\/revtronik.com\/product\/dollytronik\/#primaryimage"},"image":{"@id":"https:\/\/revtronik.com\/product\/dollytronik\/#primaryimage"},"thumbnailUrl":"https:\/\/revtronik.com\/wp-content\/uploads\/RDDT-DollyTRONIK-Side-B-Revtronik-Racing-Division.webp","datePublished":"2025-01-22T20:02:38+00:00","dateModified":"2025-04-08T21:29:00+00:00","description":"Move your car with ease on any type of surface with our oversize all-terrain pneumatic tire with the DollyTRONIK by Revtronik Racing Division.","breadcrumb":{"@id":"https:\/\/revtronik.com\/product\/dollytronik\/#breadcrumb"},"inLanguage":"fr-CA","potentialAction":[{"@type":"ReadAction","target":["https:\/\/revtronik.com\/product\/dollytronik\/"]}]},{"@type":"ImageObject","inLanguage":"fr-CA","@id":"https:\/\/revtronik.com\/product\/dollytronik\/#primaryimage","url":"https:\/\/revtronik.com\/wp-content\/uploads\/RDDT-DollyTRONIK-Side-B-Revtronik-Racing-Division.webp","contentUrl":"https:\/\/revtronik.com\/wp-content\/uploads\/RDDT-DollyTRONIK-Side-B-Revtronik-Racing-Division.webp","width":842,"height":969,"caption":"RD|DT DollyTRONIK Side B Revtronik Racing Division"},{"@type":"BreadcrumbList","@id":"https:\/\/revtronik.com\/product\/dollytronik\/#breadcrumb","itemListElement":[{"@type":"ListItem","position":1,"name":"Accueil","item":"https:\/\/revtronik.com\/"},{"@type":"ListItem","position":2,"name":"Shop","item":"https:\/\/revtronik.com\/?page_id=1916"},{"@type":"ListItem","position":3,"name":"RACING DIVISION","item":"https:\/\/revtronik.com\/product-category\/racing-division\/"},{"@type":"ListItem","position":4,"name":"DOLLYTRONIK 1st Edition"}]},{"@type":"WebSite","@id":"https:\/\/revtronik.com\/#website","url":"https:\/\/revtronik.com\/","name":"REVTRONIK.com","description":"Smart Trucking Products","publisher":{"@id":"https:\/\/revtronik.com\/#organization"},"potentialAction":[{"@type":"SearchAction","target":{"@type":"EntryPoint","urlTemplate":"https:\/\/revtronik.com\/?s={search_term_string}"},"query-input":{"@type":"PropertyValueSpecification","valueRequired":true,"valueName":"search_term_string"}}],"inLanguage":"fr-CA"},{"@type":"Organization","@id":"https:\/\/revtronik.com\/#organization","name":"RevTronik inc.","url":"https:\/\/revtronik.com\/","logo":{"@type":"ImageObject","inLanguage":"fr-CA","@id":"https:\/\/revtronik.com\/#\/schema\/logo\/image\/","url":"https:\/\/revtronik.com\/wp-content\/uploads\/MS-revtronik-Banner-trucking-products-solutions-and-racing-division-performance.webp","contentUrl":"https:\/\/revtronik.com\/wp-content\/uploads\/MS-revtronik-Banner-trucking-products-solutions-and-racing-division-performance.webp","width":1200,"height":675,"caption":"RevTronik inc."},"image":{"@id":"https:\/\/revtronik.com\/#\/schema\/logo\/image\/"},"sameAs":["https:\/\/www.facebook.com\/revtronik","https:\/\/www.youtube.com\/channel\/UCiXuXHlfSRJmUqmJbOoc2wQ","https:\/\/www.linkedin.com\/company\/revtronik-inc-\/"],"description":"Des produits de haute qualit\u00e9, faciles \u00e0 utiliser et rentables, qui r\u00e9pondent aux exigences actuelles et futures de l'industrie du camionnage.","email":"info@revtronik.com","telephone":"+1 819 870-2331","legalName":"Revtronik inc.","foundingDate":"2014-10-26","numberOfEmployees":{"@type":"QuantitativeValue","minValue":"1","maxValue":"10"}}]},"product_price_currency":"CAD","og_availability":"instock","product_availability":"instock","product_retailer_item_id":"RD-DT FE","product_condition":"new"},"_links":{"self":[{"href":"https:\/\/revtronik.com\/fr\/wp-json\/wp\/v2\/product\/5895","targetHints":{"allow":["GET"]}}],"collection":[{"href":"https:\/\/revtronik.com\/fr\/wp-json\/wp\/v2\/product"}],"about":[{"href":"https:\/\/revtronik.com\/fr\/wp-json\/wp\/v2\/types\/product"}],"wp:featuredmedia":[{"embeddable":true,"href":"https:\/\/revtronik.com\/fr\/wp-json\/wp\/v2\/media\/5904"}],"wp:attachment":[{"href":"https:\/\/revtronik.com\/fr\/wp-json\/wp\/v2\/media?parent=5895"}],"wp:term":[{"taxonomy":"product_brand","embeddable":true,"href":"https:\/\/revtronik.com\/fr\/wp-json\/wp\/v2\/product_brand?post=5895"},{"taxonomy":"product_cat","embeddable":true,"href":"https:\/\/revtronik.com\/fr\/wp-json\/wp\/v2\/product_cat?post=5895"},{"taxonomy":"product_tag","embeddable":true,"href":"https:\/\/revtronik.com\/fr\/wp-json\/wp\/v2\/product_tag?post=5895"}],"curies":[{"name":"wp","href":"https:\/\/api.w.org\/{rel}","templated":true}]}}