{"id":5565,"date":"2024-01-24T16:56:19","date_gmt":"2024-01-24T20:56:19","guid":{"rendered":"https:\/\/revtronik.com\/?post_type=product&#038;p=5565"},"modified":"2024-03-06T17:11:55","modified_gmt":"2024-03-06T21:11:55","slug":"ht31-h","status":"publish","type":"product","link":"https:\/\/revtronik.com\/fr\/product\/ht31-h\/","title":{"rendered":"HEATTRONIK HT3 1-H"},"content":{"rendered":"","protected":false},"excerpt":{"rendered":"<p>MOD\u00c8LES \"BRANCHEZ \/ UTILISEZ\" 100% PR\u00caTS \u00c0 L'EMPLOI !<\/p>\n<p>The HeatTRONIK HT3 is the first in a series of 2nd generation products. Compiling years of user experience with the HT1\/HT2 models, it offers the best cost\/feature ratio. Like all HeatTRONIK products, its main function is to ensure that the vehicle can be started at all times, with a single electrical outlet while consuming as little electricity as possible. To achieve the best energy efficiency, it compares the outside temperature with the battery voltage to strategically activate the best required components. It is the perfect mix of models with engine heater diagnostics with a durable housing sealed by epoxy immersion.<\/p>\n<p><strong>INNOVATION<\/strong><\/p>\n<ul>\n<li>Integrated, simple and rapid diagnostics of the correct operation of the engine heater directly on the vehicle box or on an external controller.<\/li>\n<li>Multiple presets that adapt to different needs..<\/li>\n<li>Easy programming with integrated external switches.<\/li>\n<\/ul>\n<p><strong>AVANTAGES<\/strong><\/p>\n<ul>\n<li>Significant electricity savings.<\/li>\n<li>Requires only one electrical outlet.<\/li>\n<li>Eliminates human error.<\/li>\n<li>Optimal battery voltage and engine temperature at start-up.<\/li>\n<li>Increases the lifespan of batteries, starters and alternators.<\/li>\n<li>Connection all year round.<\/li>\n<li>Compact and robust outdoor intelligent controller.<\/li>\n<li>100% epoxy sealed.<\/li>\n<li>Simple and quick installation.<\/li>\n<\/ul>\n<p><strong>COMPATIBLE<\/strong><\/p>\n<ul>\n<li>\u00abCab Power\u00bb compatible.<\/li>\n<li>Compatible with our smart chargers.<\/li>\n<li>All types of vehicles.<\/li>\n<\/ul>","protected":false},"featured_media":5566,"template":"","meta":{"_acf_changed":false,"site-sidebar-layout":"default","site-content-layout":"","ast-site-content-layout":"default","site-content-style":"default","site-sidebar-style":"default","ast-global-header-display":"","ast-banner-title-visibility":"","ast-main-header-display":"","ast-hfb-above-header-display":"","ast-hfb-below-header-display":"","ast-hfb-mobile-header-display":"","site-post-title":"","ast-breadcrumbs-content":"","ast-featured-img":"","footer-sml-layout":"","ast-disable-related-posts":"","theme-transparent-header-meta":"default","adv-header-id-meta":"","stick-header-meta":"","header-above-stick-meta":"","header-main-stick-meta":"","header-below-stick-meta":"","astra-migrate-meta-layouts":"set","ast-page-background-enabled":"default","ast-page-background-meta":{"desktop":{"background-color":"var(--ast-global-color-4)","background-image":"","background-repeat":"repeat","background-position":"center center","background-size":"auto","background-attachment":"scroll","background-type":"","background-media":"","overlay-type":"","overlay-color":"","overlay-opacity":"","overlay-gradient":""},"tablet":{"background-color":"","background-image":"","background-repeat":"repeat","background-position":"center center","background-size":"auto","background-attachment":"scroll","background-type":"","background-media":"","overlay-type":"","overlay-color":"","overlay-opacity":"","overlay-gradient":""},"mobile":{"background-color":"","background-image":"","background-repeat":"repeat","background-position":"center center","background-size":"auto","background-attachment":"scroll","background-type":"","background-media":"","overlay-type":"","overlay-color":"","overlay-opacity":"","overlay-gradient":""}},"ast-content-background-meta":{"desktop":{"background-color":"var(--ast-global-color-5)","background-image":"","background-repeat":"repeat","background-position":"center center","background-size":"auto","background-attachment":"scroll","background-type":"","background-media":"","overlay-type":"","overlay-color":"","overlay-opacity":"","overlay-gradient":""},"tablet":{"background-color":"var(--ast-global-color-5)","background-image":"","background-repeat":"repeat","background-position":"center center","background-size":"auto","background-attachment":"scroll","background-type":"","background-media":"","overlay-type":"","overlay-color":"","overlay-opacity":"","overlay-gradient":""},"mobile":{"background-color":"var(--ast-global-color-5)","background-image":"","background-repeat":"repeat","background-position":"center center","background-size":"auto","background-attachment":"scroll","background-type":"","background-media":"","overlay-type":"","overlay-color":"","overlay-opacity":"","overlay-gradient":""}}},"product_brand":[],"product_cat":[87],"product_tag":[135],"class_list":{"0":"post-5565","1":"product","2":"type-product","3":"status-publish","4":"has-post-thumbnail","6":"product_cat-heattronik","7":"product_tag-heattronik","8":"desktop-align-left","9":"tablet-align-left","10":"mobile-align-left","12":"first","13":"instock","14":"featured","15":"shipping-taxable","16":"product-type-simple"},"acf":[],"yoast_head":"<!-- This site is optimized with the Yoast SEO Premium plugin v27.3 (Yoast SEO v27.6) - https:\/\/yoast.com\/product\/yoast-seo-premium-wordpress\/ -->\n<title>HEATTRONIK HT3 1-H - REVTRONIK.com<\/title>\n<meta name=\"description\" content=\"New HeatTRONIK HT3: Smaller, completely sealed, faster to install, pre-programmed as clients needs. Cab Power management systems compatible.\" \/>\n<meta name=\"robots\" content=\"index, follow, max-snippet:-1, max-image-preview:large, max-video-preview:-1\" \/>\n<link rel=\"canonical\" href=\"https:\/\/revtronik.com\/fr\/product\/ht31-h\/\" \/>\n<meta property=\"og:locale\" content=\"fr_CA\" \/>\n<meta property=\"og:type\" content=\"article\" \/>\n<meta property=\"og:title\" content=\"HEATTRONIK HT3 1-H\" \/>\n<meta property=\"og:description\" content=\"New HeatTRONIK HT3: Smaller, completely sealed, faster to install, pre-programmed as clients needs. Cab Power management systems compatible.\" \/>\n<meta property=\"og:url\" content=\"https:\/\/revtronik.com\/fr\/product\/ht31-h\/\" \/>\n<meta property=\"og:site_name\" content=\"REVTRONIK.com\" \/>\n<meta property=\"article:publisher\" content=\"https:\/\/www.facebook.com\/revtronik\" \/>\n<meta property=\"article:modified_time\" content=\"2024-03-06T21:11:55+00:00\" \/>\n<meta property=\"og:image\" content=\"https:\/\/revtronik.com\/wp-content\/uploads\/HT3-HeatTRONIK-Trucking-winter-bgr-HeatTRONIK-Logo-Wireless-Tester-Remote-Control-HeatTRONIK-Engine-Heater-Battery-Power-Optimizer-Revtronik.webp\" \/>\n\t<meta property=\"og:image:width\" content=\"1000\" \/>\n\t<meta property=\"og:image:height\" content=\"658\" \/>\n\t<meta property=\"og:image:type\" content=\"image\/webp\" \/>\n<meta name=\"twitter:card\" content=\"summary_large_image\" \/>\n<meta name=\"twitter:title\" content=\"HEATTRONIK HT3 1-H\" \/>\n<meta name=\"twitter:description\" content=\"New HeatTRONIK HT3: Smaller, completely sealed, faster to install, pre-programmed as clients needs. Cab Power management systems compatible.\" \/>\n<meta name=\"twitter:image\" content=\"https:\/\/revtronik.com\/wp-content\/uploads\/HT3-HeatTRONIK-Trucking-winter-bgr-HeatTRONIK-Logo-Wireless-Tester-Remote-Control-HeatTRONIK-Engine-Heater-Battery-Power-Optimizer-Revtronik.webp\" \/>\n<meta name=\"twitter:label1\" content=\"Price\" \/>\n\t<meta name=\"twitter:data1\" content=\"\" \/>\n\t<meta name=\"twitter:label2\" content=\"Availability\" \/>\n\t<meta name=\"twitter:data2\" content=\"In stock\" \/>\n<script type=\"application\/ld+json\" class=\"yoast-schema-graph\">{\"@context\":\"https:\\\/\\\/schema.org\",\"@graph\":[{\"@type\":\"WebPage\",\"@id\":\"https:\\\/\\\/revtronik.com\\\/product\\\/ht31-h\\\/\",\"url\":\"https:\\\/\\\/revtronik.com\\\/product\\\/ht31-h\\\/\",\"name\":\"HEATTRONIK HT3 1-H - REVTRONIK.com\",\"isPartOf\":{\"@id\":\"https:\\\/\\\/revtronik.com\\\/#website\"},\"primaryImageOfPage\":{\"@id\":\"https:\\\/\\\/revtronik.com\\\/product\\\/ht31-h\\\/#primaryimage\"},\"image\":{\"@id\":\"https:\\\/\\\/revtronik.com\\\/product\\\/ht31-h\\\/#primaryimage\"},\"thumbnailUrl\":\"https:\\\/\\\/revtronik.com\\\/wp-content\\\/uploads\\\/HT3-HeatTRONIK-Trucking-winter-bgr-HeatTRONIK-Logo-Wireless-Tester-Remote-Control-HeatTRONIK-Engine-Heater-Battery-Power-Optimizer-Revtronik.webp\",\"datePublished\":\"2024-01-24T20:56:19+00:00\",\"dateModified\":\"2024-03-06T21:11:55+00:00\",\"description\":\"New HeatTRONIK HT3: Smaller, completely sealed, faster to install, pre-programmed as clients needs. Cab Power management systems compatible.\",\"breadcrumb\":{\"@id\":\"https:\\\/\\\/revtronik.com\\\/product\\\/ht31-h\\\/#breadcrumb\"},\"inLanguage\":\"fr-CA\",\"potentialAction\":[{\"@type\":\"ReadAction\",\"target\":[\"https:\\\/\\\/revtronik.com\\\/product\\\/ht31-h\\\/\"]}]},{\"@type\":\"ImageObject\",\"inLanguage\":\"fr-CA\",\"@id\":\"https:\\\/\\\/revtronik.com\\\/product\\\/ht31-h\\\/#primaryimage\",\"url\":\"https:\\\/\\\/revtronik.com\\\/wp-content\\\/uploads\\\/HT3-HeatTRONIK-Trucking-winter-bgr-HeatTRONIK-Logo-Wireless-Tester-Remote-Control-HeatTRONIK-Engine-Heater-Battery-Power-Optimizer-Revtronik.webp\",\"contentUrl\":\"https:\\\/\\\/revtronik.com\\\/wp-content\\\/uploads\\\/HT3-HeatTRONIK-Trucking-winter-bgr-HeatTRONIK-Logo-Wireless-Tester-Remote-Control-HeatTRONIK-Engine-Heater-Battery-Power-Optimizer-Revtronik.webp\",\"width\":1000,\"height\":658,\"caption\":\"HT3 HeatTRONIK Trucking winter bgr HeatTRONIK Logo Wireless Tester Remote Control HeatTRONIK Engine Heater Battery Power Optimizer Revtronik\"},{\"@type\":\"BreadcrumbList\",\"@id\":\"https:\\\/\\\/revtronik.com\\\/product\\\/ht31-h\\\/#breadcrumb\",\"itemListElement\":[{\"@type\":\"ListItem\",\"position\":1,\"name\":\"Accueil\",\"item\":\"https:\\\/\\\/revtronik.com\\\/\"},{\"@type\":\"ListItem\",\"position\":2,\"name\":\"Shop\",\"item\":\"https:\\\/\\\/revtronik.com\\\/?page_id=1916\"},{\"@type\":\"ListItem\",\"position\":3,\"name\":\"HeatTRONIK\",\"item\":\"https:\\\/\\\/revtronik.com\\\/product-category\\\/heattronik\\\/\"},{\"@type\":\"ListItem\",\"position\":4,\"name\":\"HEATTRONIK HT3 1-H\"}]},{\"@type\":\"WebSite\",\"@id\":\"https:\\\/\\\/revtronik.com\\\/#website\",\"url\":\"https:\\\/\\\/revtronik.com\\\/\",\"name\":\"REVTRONIK.com\",\"description\":\"Smart Trucking Products\",\"publisher\":{\"@id\":\"https:\\\/\\\/revtronik.com\\\/#organization\"},\"potentialAction\":[{\"@type\":\"SearchAction\",\"target\":{\"@type\":\"EntryPoint\",\"urlTemplate\":\"https:\\\/\\\/revtronik.com\\\/?s={search_term_string}\"},\"query-input\":{\"@type\":\"PropertyValueSpecification\",\"valueRequired\":true,\"valueName\":\"search_term_string\"}}],\"inLanguage\":\"fr-CA\"},{\"@type\":\"Organization\",\"@id\":\"https:\\\/\\\/revtronik.com\\\/#organization\",\"name\":\"RevTronik inc.\",\"url\":\"https:\\\/\\\/revtronik.com\\\/\",\"logo\":{\"@type\":\"ImageObject\",\"inLanguage\":\"fr-CA\",\"@id\":\"https:\\\/\\\/revtronik.com\\\/#\\\/schema\\\/logo\\\/image\\\/\",\"url\":\"https:\\\/\\\/revtronik.com\\\/wp-content\\\/uploads\\\/MS-revtronik-Banner-trucking-products-solutions-and-racing-division-performance.webp\",\"contentUrl\":\"https:\\\/\\\/revtronik.com\\\/wp-content\\\/uploads\\\/MS-revtronik-Banner-trucking-products-solutions-and-racing-division-performance.webp\",\"width\":1200,\"height\":675,\"caption\":\"RevTronik inc.\"},\"image\":{\"@id\":\"https:\\\/\\\/revtronik.com\\\/#\\\/schema\\\/logo\\\/image\\\/\"},\"sameAs\":[\"https:\\\/\\\/www.facebook.com\\\/revtronik\",\"https:\\\/\\\/www.youtube.com\\\/channel\\\/UCiXuXHlfSRJmUqmJbOoc2wQ\",\"https:\\\/\\\/www.linkedin.com\\\/company\\\/revtronik-inc-\\\/\"],\"description\":\"Meet present and future truck industry requirements with user friendly, high quality and cost effective products !\",\"email\":\"info@revtronik.com\",\"telephone\":\"+1 819 870-2331\",\"legalName\":\"Revtronik inc.\",\"foundingDate\":\"2014-10-26\",\"numberOfEmployees\":{\"@type\":\"QuantitativeValue\",\"minValue\":\"1\",\"maxValue\":\"10\"}}]}<\/script>\n<meta property=\"product:price:currency\" content=\"CAD\" \/>\n<meta property=\"og:availability\" content=\"instock\" \/>\n<meta property=\"product:availability\" content=\"instock\" \/>\n<meta property=\"product:retailer_item_id\" content=\"HT31-H\" \/>\n<meta property=\"product:condition\" content=\"new\" \/>\n<!-- \/ Yoast SEO Premium plugin. -->","yoast_head_json":{"title":"HEATTRONIK HT3 1-H - REVTRONIK.com","description":"New HeatTRONIK HT3: Smaller, completely sealed, faster to install, pre-programmed as clients needs. Cab Power management systems compatible.","robots":{"index":"index","follow":"follow","max-snippet":"max-snippet:-1","max-image-preview":"max-image-preview:large","max-video-preview":"max-video-preview:-1"},"canonical":"https:\/\/revtronik.com\/fr\/product\/ht31-h\/","og_locale":"fr_CA","og_type":"article","og_title":"HEATTRONIK HT3 1-H","og_description":"New HeatTRONIK HT3: Smaller, completely sealed, faster to install, pre-programmed as clients needs. Cab Power management systems compatible.","og_url":"https:\/\/revtronik.com\/fr\/product\/ht31-h\/","og_site_name":"REVTRONIK.com","article_publisher":"https:\/\/www.facebook.com\/revtronik","article_modified_time":"2024-03-06T21:11:55+00:00","og_image":[{"width":1000,"height":658,"url":"https:\/\/revtronik.com\/wp-content\/uploads\/HT3-HeatTRONIK-Trucking-winter-bgr-HeatTRONIK-Logo-Wireless-Tester-Remote-Control-HeatTRONIK-Engine-Heater-Battery-Power-Optimizer-Revtronik.webp","type":"image\/webp"}],"twitter_card":"summary_large_image","twitter_title":"HEATTRONIK HT3 1-H","twitter_description":"New HeatTRONIK HT3: Smaller, completely sealed, faster to install, pre-programmed as clients needs. Cab Power management systems compatible.","twitter_image":"https:\/\/revtronik.com\/wp-content\/uploads\/HT3-HeatTRONIK-Trucking-winter-bgr-HeatTRONIK-Logo-Wireless-Tester-Remote-Control-HeatTRONIK-Engine-Heater-Battery-Power-Optimizer-Revtronik.webp","twitter_misc":{"Price":"","Availability":"In stock"},"schema":{"@context":"https:\/\/schema.org","@graph":[{"@type":"WebPage","@id":"https:\/\/revtronik.com\/product\/ht31-h\/","url":"https:\/\/revtronik.com\/product\/ht31-h\/","name":"HEATTRONIK HT3 1-H - REVTRONIK.com","isPartOf":{"@id":"https:\/\/revtronik.com\/#website"},"primaryImageOfPage":{"@id":"https:\/\/revtronik.com\/product\/ht31-h\/#primaryimage"},"image":{"@id":"https:\/\/revtronik.com\/product\/ht31-h\/#primaryimage"},"thumbnailUrl":"https:\/\/revtronik.com\/wp-content\/uploads\/HT3-HeatTRONIK-Trucking-winter-bgr-HeatTRONIK-Logo-Wireless-Tester-Remote-Control-HeatTRONIK-Engine-Heater-Battery-Power-Optimizer-Revtronik.webp","datePublished":"2024-01-24T20:56:19+00:00","dateModified":"2024-03-06T21:11:55+00:00","description":"New HeatTRONIK HT3: Smaller, completely sealed, faster to install, pre-programmed as clients needs. Cab Power management systems compatible.","breadcrumb":{"@id":"https:\/\/revtronik.com\/product\/ht31-h\/#breadcrumb"},"inLanguage":"fr-CA","potentialAction":[{"@type":"ReadAction","target":["https:\/\/revtronik.com\/product\/ht31-h\/"]}]},{"@type":"ImageObject","inLanguage":"fr-CA","@id":"https:\/\/revtronik.com\/product\/ht31-h\/#primaryimage","url":"https:\/\/revtronik.com\/wp-content\/uploads\/HT3-HeatTRONIK-Trucking-winter-bgr-HeatTRONIK-Logo-Wireless-Tester-Remote-Control-HeatTRONIK-Engine-Heater-Battery-Power-Optimizer-Revtronik.webp","contentUrl":"https:\/\/revtronik.com\/wp-content\/uploads\/HT3-HeatTRONIK-Trucking-winter-bgr-HeatTRONIK-Logo-Wireless-Tester-Remote-Control-HeatTRONIK-Engine-Heater-Battery-Power-Optimizer-Revtronik.webp","width":1000,"height":658,"caption":"HT3 HeatTRONIK Trucking winter bgr HeatTRONIK Logo Wireless Tester Remote Control HeatTRONIK Engine Heater Battery Power Optimizer Revtronik"},{"@type":"BreadcrumbList","@id":"https:\/\/revtronik.com\/product\/ht31-h\/#breadcrumb","itemListElement":[{"@type":"ListItem","position":1,"name":"Accueil","item":"https:\/\/revtronik.com\/"},{"@type":"ListItem","position":2,"name":"Shop","item":"https:\/\/revtronik.com\/?page_id=1916"},{"@type":"ListItem","position":3,"name":"HeatTRONIK","item":"https:\/\/revtronik.com\/product-category\/heattronik\/"},{"@type":"ListItem","position":4,"name":"HEATTRONIK HT3 1-H"}]},{"@type":"WebSite","@id":"https:\/\/revtronik.com\/#website","url":"https:\/\/revtronik.com\/","name":"REVTRONIK.com","description":"Smart Trucking Products","publisher":{"@id":"https:\/\/revtronik.com\/#organization"},"potentialAction":[{"@type":"SearchAction","target":{"@type":"EntryPoint","urlTemplate":"https:\/\/revtronik.com\/?s={search_term_string}"},"query-input":{"@type":"PropertyValueSpecification","valueRequired":true,"valueName":"search_term_string"}}],"inLanguage":"fr-CA"},{"@type":"Organization","@id":"https:\/\/revtronik.com\/#organization","name":"RevTronik inc.","url":"https:\/\/revtronik.com\/","logo":{"@type":"ImageObject","inLanguage":"fr-CA","@id":"https:\/\/revtronik.com\/#\/schema\/logo\/image\/","url":"https:\/\/revtronik.com\/wp-content\/uploads\/MS-revtronik-Banner-trucking-products-solutions-and-racing-division-performance.webp","contentUrl":"https:\/\/revtronik.com\/wp-content\/uploads\/MS-revtronik-Banner-trucking-products-solutions-and-racing-division-performance.webp","width":1200,"height":675,"caption":"RevTronik inc."},"image":{"@id":"https:\/\/revtronik.com\/#\/schema\/logo\/image\/"},"sameAs":["https:\/\/www.facebook.com\/revtronik","https:\/\/www.youtube.com\/channel\/UCiXuXHlfSRJmUqmJbOoc2wQ","https:\/\/www.linkedin.com\/company\/revtronik-inc-\/"],"description":"Des produits de haute qualit\u00e9, faciles \u00e0 utiliser et rentables, qui r\u00e9pondent aux exigences actuelles et futures de l'industrie du camionnage.","email":"info@revtronik.com","telephone":"+1 819 870-2331","legalName":"Revtronik inc.","foundingDate":"2014-10-26","numberOfEmployees":{"@type":"QuantitativeValue","minValue":"1","maxValue":"10"}}]},"product_price_currency":"CAD","og_availability":"instock","product_availability":"instock","product_retailer_item_id":"HT31-H","product_condition":"new"},"_links":{"self":[{"href":"https:\/\/revtronik.com\/fr\/wp-json\/wp\/v2\/product\/5565","targetHints":{"allow":["GET"]}}],"collection":[{"href":"https:\/\/revtronik.com\/fr\/wp-json\/wp\/v2\/product"}],"about":[{"href":"https:\/\/revtronik.com\/fr\/wp-json\/wp\/v2\/types\/product"}],"wp:featuredmedia":[{"embeddable":true,"href":"https:\/\/revtronik.com\/fr\/wp-json\/wp\/v2\/media\/5566"}],"wp:attachment":[{"href":"https:\/\/revtronik.com\/fr\/wp-json\/wp\/v2\/media?parent=5565"}],"wp:term":[{"taxonomy":"product_brand","embeddable":true,"href":"https:\/\/revtronik.com\/fr\/wp-json\/wp\/v2\/product_brand?post=5565"},{"taxonomy":"product_cat","embeddable":true,"href":"https:\/\/revtronik.com\/fr\/wp-json\/wp\/v2\/product_cat?post=5565"},{"taxonomy":"product_tag","embeddable":true,"href":"https:\/\/revtronik.com\/fr\/wp-json\/wp\/v2\/product_tag?post=5565"}],"curies":[{"name":"wp","href":"https:\/\/api.w.org\/{rel}","templated":true}]}}