{"id":5180,"date":"2023-08-08T15:44:05","date_gmt":"2023-08-08T19:44:05","guid":{"rendered":"https:\/\/revtronik.com\/?post_type=product&#038;p=5180"},"modified":"2024-03-01T12:31:22","modified_gmt":"2024-03-01T16:31:22","slug":"heattronik-ht1-h","status":"publish","type":"product","link":"https:\/\/revtronik.com\/fr\/product\/heattronik-ht1-h\/","title":{"rendered":"HEATTRONIK HT1-H"},"content":{"rendered":"","protected":false},"excerpt":{"rendered":"<p style=\"text-align: center;\"><strong><span style=\"color: #ff0000;\">*BESOIN DE DESCRIPTIONS OFFICIELLE ET COMPL\u00c8TE POUR CE MOD\u00c8LE*<\/span><\/strong><\/p>\n<p>MOD\u00c8LES \"BRANCHEZ \/ UTILISEZ\" 100% PR\u00caTS \u00c0 L'EMPLOI !<\/p>\n<ul>\n<li>Intelligent controller installed outside<\/li>\n<li>Fully epoxy sealed controller<\/li>\n<li>Quick and simple installation<\/li>\n<li>Easily adapts to existing system (cab power)<\/li>\n<li>Fits all smart charger<\/li>\n<li>Fits several types of vehicles<\/li>\n<li>Compact design<\/li>\n<li>Pre-programmed in accordance with the needs of our customers.<\/li>\n<\/ul>\n<p><strong>COMPATIBLE<\/strong><\/p>\n<ul>\n<li>Transmit data directly to your computer screen.<\/li>\n<li>Built-in Communication Port offering the possibility of programming the terminal.<\/li>\n<li>Additional entries available.<\/li>\n<\/ul>","protected":false},"featured_media":5176,"template":"","meta":{"_acf_changed":false,"site-sidebar-layout":"default","site-content-layout":"","ast-site-content-layout":"default","site-content-style":"default","site-sidebar-style":"default","ast-global-header-display":"","ast-banner-title-visibility":"","ast-main-header-display":"","ast-hfb-above-header-display":"","ast-hfb-below-header-display":"","ast-hfb-mobile-header-display":"","site-post-title":"","ast-breadcrumbs-content":"","ast-featured-img":"","footer-sml-layout":"","ast-disable-related-posts":"","theme-transparent-header-meta":"default","adv-header-id-meta":"","stick-header-meta":"","header-above-stick-meta":"","header-main-stick-meta":"","header-below-stick-meta":"","astra-migrate-meta-layouts":"set","ast-page-background-enabled":"default","ast-page-background-meta":{"desktop":{"background-color":"var(--ast-global-color-4)","background-image":"","background-repeat":"repeat","background-position":"center center","background-size":"auto","background-attachment":"scroll","background-type":"","background-media":"","overlay-type":"","overlay-color":"","overlay-opacity":"","overlay-gradient":""},"tablet":{"background-color":"","background-image":"","background-repeat":"repeat","background-position":"center center","background-size":"auto","background-attachment":"scroll","background-type":"","background-media":"","overlay-type":"","overlay-color":"","overlay-opacity":"","overlay-gradient":""},"mobile":{"background-color":"","background-image":"","background-repeat":"repeat","background-position":"center center","background-size":"auto","background-attachment":"scroll","background-type":"","background-media":"","overlay-type":"","overlay-color":"","overlay-opacity":"","overlay-gradient":""}},"ast-content-background-meta":{"desktop":{"background-color":"var(--ast-global-color-5)","background-image":"","background-repeat":"repeat","background-position":"center center","background-size":"auto","background-attachment":"scroll","background-type":"","background-media":"","overlay-type":"","overlay-color":"","overlay-opacity":"","overlay-gradient":""},"tablet":{"background-color":"var(--ast-global-color-5)","background-image":"","background-repeat":"repeat","background-position":"center center","background-size":"auto","background-attachment":"scroll","background-type":"","background-media":"","overlay-type":"","overlay-color":"","overlay-opacity":"","overlay-gradient":""},"mobile":{"background-color":"var(--ast-global-color-5)","background-image":"","background-repeat":"repeat","background-position":"center center","background-size":"auto","background-attachment":"scroll","background-type":"","background-media":"","overlay-type":"","overlay-color":"","overlay-opacity":"","overlay-gradient":""}}},"product_brand":[],"product_cat":[87],"product_tag":[135],"class_list":{"0":"post-5180","1":"product","2":"type-product","3":"status-publish","4":"has-post-thumbnail","6":"product_cat-heattronik","7":"product_tag-heattronik","8":"desktop-align-left","9":"tablet-align-left","10":"mobile-align-left","12":"first","13":"instock","14":"featured","15":"shipping-taxable","16":"product-type-simple"},"acf":[],"yoast_head":"<!-- This site is optimized with the Yoast SEO Premium plugin v27.3 (Yoast SEO v27.5) - https:\/\/yoast.com\/product\/yoast-seo-premium-wordpress\/ -->\n<title>HEATTRONIK HT1-H - REVTRONIK.com<\/title>\n<meta name=\"description\" content=\"New HeatTRONIK HT1-H: Smaller, completely sealed, faster to install, pre-programmed as clients needs. Cab Power management systems compatible.\" \/>\n<meta name=\"robots\" content=\"index, follow, max-snippet:-1, max-image-preview:large, max-video-preview:-1\" \/>\n<link rel=\"canonical\" href=\"https:\/\/revtronik.com\/fr\/product\/heattronik-ht1-h\/\" \/>\n<meta property=\"og:locale\" content=\"fr_CA\" \/>\n<meta property=\"og:type\" content=\"article\" \/>\n<meta property=\"og:title\" content=\"HEATTRONIK HT1-H\" \/>\n<meta property=\"og:description\" content=\"New HeatTRONIK HT-01H: Smaller, completely sealed, faster to install, pre-programmed as clients needs. Cab Power management systems compatible.\" \/>\n<meta property=\"og:url\" content=\"https:\/\/revtronik.com\/fr\/product\/heattronik-ht1-h\/\" \/>\n<meta property=\"og:site_name\" content=\"REVTRONIK.com\" \/>\n<meta property=\"article:publisher\" content=\"https:\/\/www.facebook.com\/revtronik\" \/>\n<meta property=\"article:modified_time\" content=\"2024-03-01T16:31:22+00:00\" \/>\n<meta property=\"og:image\" content=\"https:\/\/revtronik.com\/wp-content\/uploads\/HT01-H-HeatTRONIK-Engine-Heater-Battery-Power-Optimizer-Revtronik.webp\" \/>\n\t<meta property=\"og:image:width\" content=\"1000\" \/>\n\t<meta property=\"og:image:height\" content=\"653\" \/>\n\t<meta property=\"og:image:type\" content=\"image\/webp\" \/>\n<meta name=\"twitter:card\" content=\"summary_large_image\" \/>\n<meta name=\"twitter:title\" content=\"HEATTRONIK HT1-H\" \/>\n<meta name=\"twitter:description\" content=\"New HeatTRONIK HT-01H: Smaller, completely sealed, faster to install, pre-programmed as clients needs. Cab Power management systems compatible.\" \/>\n<meta name=\"twitter:image\" content=\"https:\/\/revtronik.com\/wp-content\/uploads\/HT01-H-HeatTRONIK-Engine-Heater-Battery-Power-Optimizer-Revtronik.webp\" \/>\n<meta name=\"twitter:label1\" content=\"Price\" \/>\n\t<meta name=\"twitter:data1\" content=\"\" \/>\n\t<meta name=\"twitter:label2\" content=\"Availability\" \/>\n\t<meta name=\"twitter:data2\" content=\"In stock\" \/>\n<script type=\"application\/ld+json\" class=\"yoast-schema-graph\">{\"@context\":\"https:\\\/\\\/schema.org\",\"@graph\":[{\"@type\":\"WebPage\",\"@id\":\"https:\\\/\\\/revtronik.com\\\/product\\\/heattronik-ht1-h\\\/\",\"url\":\"https:\\\/\\\/revtronik.com\\\/product\\\/heattronik-ht1-h\\\/\",\"name\":\"HEATTRONIK HT1-H - REVTRONIK.com\",\"isPartOf\":{\"@id\":\"https:\\\/\\\/revtronik.com\\\/#website\"},\"primaryImageOfPage\":{\"@id\":\"https:\\\/\\\/revtronik.com\\\/product\\\/heattronik-ht1-h\\\/#primaryimage\"},\"image\":{\"@id\":\"https:\\\/\\\/revtronik.com\\\/product\\\/heattronik-ht1-h\\\/#primaryimage\"},\"thumbnailUrl\":\"https:\\\/\\\/revtronik.com\\\/wp-content\\\/uploads\\\/HT01-H-HeatTRONIK-Engine-Heater-Battery-Power-Optimizer-Revtronik.webp\",\"datePublished\":\"2023-08-08T19:44:05+00:00\",\"dateModified\":\"2024-03-01T16:31:22+00:00\",\"description\":\"New HeatTRONIK HT1-H: Smaller, completely sealed, faster to install, pre-programmed as clients needs. Cab Power management systems compatible.\",\"breadcrumb\":{\"@id\":\"https:\\\/\\\/revtronik.com\\\/product\\\/heattronik-ht1-h\\\/#breadcrumb\"},\"inLanguage\":\"fr-CA\",\"potentialAction\":[{\"@type\":\"ReadAction\",\"target\":[\"https:\\\/\\\/revtronik.com\\\/product\\\/heattronik-ht1-h\\\/\"]}]},{\"@type\":\"ImageObject\",\"inLanguage\":\"fr-CA\",\"@id\":\"https:\\\/\\\/revtronik.com\\\/product\\\/heattronik-ht1-h\\\/#primaryimage\",\"url\":\"https:\\\/\\\/revtronik.com\\\/wp-content\\\/uploads\\\/HT01-H-HeatTRONIK-Engine-Heater-Battery-Power-Optimizer-Revtronik.webp\",\"contentUrl\":\"https:\\\/\\\/revtronik.com\\\/wp-content\\\/uploads\\\/HT01-H-HeatTRONIK-Engine-Heater-Battery-Power-Optimizer-Revtronik.webp\",\"width\":1000,\"height\":653,\"caption\":\"HT01 H HeatTRONIK Engine Heater Battery Power Optimizer Revtronik\"},{\"@type\":\"BreadcrumbList\",\"@id\":\"https:\\\/\\\/revtronik.com\\\/product\\\/heattronik-ht1-h\\\/#breadcrumb\",\"itemListElement\":[{\"@type\":\"ListItem\",\"position\":1,\"name\":\"Accueil\",\"item\":\"https:\\\/\\\/revtronik.com\\\/\"},{\"@type\":\"ListItem\",\"position\":2,\"name\":\"Shop\",\"item\":\"https:\\\/\\\/revtronik.com\\\/?page_id=1916\"},{\"@type\":\"ListItem\",\"position\":3,\"name\":\"HeatTRONIK\",\"item\":\"https:\\\/\\\/revtronik.com\\\/product-category\\\/heattronik\\\/\"},{\"@type\":\"ListItem\",\"position\":4,\"name\":\"HEATTRONIK HT1-H\"}]},{\"@type\":\"WebSite\",\"@id\":\"https:\\\/\\\/revtronik.com\\\/#website\",\"url\":\"https:\\\/\\\/revtronik.com\\\/\",\"name\":\"REVTRONIK.com\",\"description\":\"Smart Trucking Products\",\"publisher\":{\"@id\":\"https:\\\/\\\/revtronik.com\\\/#organization\"},\"potentialAction\":[{\"@type\":\"SearchAction\",\"target\":{\"@type\":\"EntryPoint\",\"urlTemplate\":\"https:\\\/\\\/revtronik.com\\\/?s={search_term_string}\"},\"query-input\":{\"@type\":\"PropertyValueSpecification\",\"valueRequired\":true,\"valueName\":\"search_term_string\"}}],\"inLanguage\":\"fr-CA\"},{\"@type\":\"Organization\",\"@id\":\"https:\\\/\\\/revtronik.com\\\/#organization\",\"name\":\"RevTronik inc.\",\"url\":\"https:\\\/\\\/revtronik.com\\\/\",\"logo\":{\"@type\":\"ImageObject\",\"inLanguage\":\"fr-CA\",\"@id\":\"https:\\\/\\\/revtronik.com\\\/#\\\/schema\\\/logo\\\/image\\\/\",\"url\":\"https:\\\/\\\/revtronik.com\\\/wp-content\\\/uploads\\\/MS-revtronik-Banner-trucking-products-solutions-and-racing-division-performance.webp\",\"contentUrl\":\"https:\\\/\\\/revtronik.com\\\/wp-content\\\/uploads\\\/MS-revtronik-Banner-trucking-products-solutions-and-racing-division-performance.webp\",\"width\":1200,\"height\":675,\"caption\":\"RevTronik inc.\"},\"image\":{\"@id\":\"https:\\\/\\\/revtronik.com\\\/#\\\/schema\\\/logo\\\/image\\\/\"},\"sameAs\":[\"https:\\\/\\\/www.facebook.com\\\/revtronik\",\"https:\\\/\\\/www.youtube.com\\\/channel\\\/UCiXuXHlfSRJmUqmJbOoc2wQ\",\"https:\\\/\\\/www.linkedin.com\\\/company\\\/revtronik-inc-\\\/\"],\"description\":\"Meet present and future truck industry requirements with user friendly, high quality and cost effective products !\",\"email\":\"info@revtronik.com\",\"telephone\":\"+1 819 870-2331\",\"legalName\":\"Revtronik inc.\",\"foundingDate\":\"2014-10-26\",\"numberOfEmployees\":{\"@type\":\"QuantitativeValue\",\"minValue\":\"1\",\"maxValue\":\"10\"}}]}<\/script>\n<meta property=\"product:price:currency\" content=\"CAD\" \/>\n<meta property=\"og:availability\" content=\"instock\" \/>\n<meta property=\"product:availability\" content=\"instock\" \/>\n<meta property=\"product:retailer_item_id\" content=\"HT1-H\" \/>\n<meta property=\"product:condition\" content=\"new\" \/>\n<!-- \/ Yoast SEO Premium plugin. -->","yoast_head_json":{"title":"HEATTRONIK HT1-H - REVTRONIK.com","description":"New HeatTRONIK HT1-H: Smaller, completely sealed, faster to install, pre-programmed as clients needs. Cab Power management systems compatible.","robots":{"index":"index","follow":"follow","max-snippet":"max-snippet:-1","max-image-preview":"max-image-preview:large","max-video-preview":"max-video-preview:-1"},"canonical":"https:\/\/revtronik.com\/fr\/product\/heattronik-ht1-h\/","og_locale":"fr_CA","og_type":"article","og_title":"HEATTRONIK HT1-H","og_description":"New HeatTRONIK HT-01H: Smaller, completely sealed, faster to install, pre-programmed as clients needs. Cab Power management systems compatible.","og_url":"https:\/\/revtronik.com\/fr\/product\/heattronik-ht1-h\/","og_site_name":"REVTRONIK.com","article_publisher":"https:\/\/www.facebook.com\/revtronik","article_modified_time":"2024-03-01T16:31:22+00:00","og_image":[{"width":1000,"height":653,"url":"https:\/\/revtronik.com\/wp-content\/uploads\/HT01-H-HeatTRONIK-Engine-Heater-Battery-Power-Optimizer-Revtronik.webp","type":"image\/webp"}],"twitter_card":"summary_large_image","twitter_title":"HEATTRONIK HT1-H","twitter_description":"New HeatTRONIK HT-01H: Smaller, completely sealed, faster to install, pre-programmed as clients needs. Cab Power management systems compatible.","twitter_image":"https:\/\/revtronik.com\/wp-content\/uploads\/HT01-H-HeatTRONIK-Engine-Heater-Battery-Power-Optimizer-Revtronik.webp","twitter_misc":{"Price":"","Availability":"In stock"},"schema":{"@context":"https:\/\/schema.org","@graph":[{"@type":"WebPage","@id":"https:\/\/revtronik.com\/product\/heattronik-ht1-h\/","url":"https:\/\/revtronik.com\/product\/heattronik-ht1-h\/","name":"HEATTRONIK HT1-H - REVTRONIK.com","isPartOf":{"@id":"https:\/\/revtronik.com\/#website"},"primaryImageOfPage":{"@id":"https:\/\/revtronik.com\/product\/heattronik-ht1-h\/#primaryimage"},"image":{"@id":"https:\/\/revtronik.com\/product\/heattronik-ht1-h\/#primaryimage"},"thumbnailUrl":"https:\/\/revtronik.com\/wp-content\/uploads\/HT01-H-HeatTRONIK-Engine-Heater-Battery-Power-Optimizer-Revtronik.webp","datePublished":"2023-08-08T19:44:05+00:00","dateModified":"2024-03-01T16:31:22+00:00","description":"New HeatTRONIK HT1-H: Smaller, completely sealed, faster to install, pre-programmed as clients needs. Cab Power management systems compatible.","breadcrumb":{"@id":"https:\/\/revtronik.com\/product\/heattronik-ht1-h\/#breadcrumb"},"inLanguage":"fr-CA","potentialAction":[{"@type":"ReadAction","target":["https:\/\/revtronik.com\/product\/heattronik-ht1-h\/"]}]},{"@type":"ImageObject","inLanguage":"fr-CA","@id":"https:\/\/revtronik.com\/product\/heattronik-ht1-h\/#primaryimage","url":"https:\/\/revtronik.com\/wp-content\/uploads\/HT01-H-HeatTRONIK-Engine-Heater-Battery-Power-Optimizer-Revtronik.webp","contentUrl":"https:\/\/revtronik.com\/wp-content\/uploads\/HT01-H-HeatTRONIK-Engine-Heater-Battery-Power-Optimizer-Revtronik.webp","width":1000,"height":653,"caption":"HT01 H HeatTRONIK Engine Heater Battery Power Optimizer Revtronik"},{"@type":"BreadcrumbList","@id":"https:\/\/revtronik.com\/product\/heattronik-ht1-h\/#breadcrumb","itemListElement":[{"@type":"ListItem","position":1,"name":"Accueil","item":"https:\/\/revtronik.com\/"},{"@type":"ListItem","position":2,"name":"Shop","item":"https:\/\/revtronik.com\/?page_id=1916"},{"@type":"ListItem","position":3,"name":"HeatTRONIK","item":"https:\/\/revtronik.com\/product-category\/heattronik\/"},{"@type":"ListItem","position":4,"name":"HEATTRONIK HT1-H"}]},{"@type":"WebSite","@id":"https:\/\/revtronik.com\/#website","url":"https:\/\/revtronik.com\/","name":"REVTRONIK.com","description":"Smart Trucking Products","publisher":{"@id":"https:\/\/revtronik.com\/#organization"},"potentialAction":[{"@type":"SearchAction","target":{"@type":"EntryPoint","urlTemplate":"https:\/\/revtronik.com\/?s={search_term_string}"},"query-input":{"@type":"PropertyValueSpecification","valueRequired":true,"valueName":"search_term_string"}}],"inLanguage":"fr-CA"},{"@type":"Organization","@id":"https:\/\/revtronik.com\/#organization","name":"RevTronik inc.","url":"https:\/\/revtronik.com\/","logo":{"@type":"ImageObject","inLanguage":"fr-CA","@id":"https:\/\/revtronik.com\/#\/schema\/logo\/image\/","url":"https:\/\/revtronik.com\/wp-content\/uploads\/MS-revtronik-Banner-trucking-products-solutions-and-racing-division-performance.webp","contentUrl":"https:\/\/revtronik.com\/wp-content\/uploads\/MS-revtronik-Banner-trucking-products-solutions-and-racing-division-performance.webp","width":1200,"height":675,"caption":"RevTronik inc."},"image":{"@id":"https:\/\/revtronik.com\/#\/schema\/logo\/image\/"},"sameAs":["https:\/\/www.facebook.com\/revtronik","https:\/\/www.youtube.com\/channel\/UCiXuXHlfSRJmUqmJbOoc2wQ","https:\/\/www.linkedin.com\/company\/revtronik-inc-\/"],"description":"Des produits de haute qualit\u00e9, faciles \u00e0 utiliser et rentables, qui r\u00e9pondent aux exigences actuelles et futures de l'industrie du camionnage.","email":"info@revtronik.com","telephone":"+1 819 870-2331","legalName":"Revtronik inc.","foundingDate":"2014-10-26","numberOfEmployees":{"@type":"QuantitativeValue","minValue":"1","maxValue":"10"}}]},"product_price_currency":"CAD","og_availability":"instock","product_availability":"instock","product_retailer_item_id":"HT1-H","product_condition":"new"},"_links":{"self":[{"href":"https:\/\/revtronik.com\/fr\/wp-json\/wp\/v2\/product\/5180","targetHints":{"allow":["GET"]}}],"collection":[{"href":"https:\/\/revtronik.com\/fr\/wp-json\/wp\/v2\/product"}],"about":[{"href":"https:\/\/revtronik.com\/fr\/wp-json\/wp\/v2\/types\/product"}],"wp:featuredmedia":[{"embeddable":true,"href":"https:\/\/revtronik.com\/fr\/wp-json\/wp\/v2\/media\/5176"}],"wp:attachment":[{"href":"https:\/\/revtronik.com\/fr\/wp-json\/wp\/v2\/media?parent=5180"}],"wp:term":[{"taxonomy":"product_brand","embeddable":true,"href":"https:\/\/revtronik.com\/fr\/wp-json\/wp\/v2\/product_brand?post=5180"},{"taxonomy":"product_cat","embeddable":true,"href":"https:\/\/revtronik.com\/fr\/wp-json\/wp\/v2\/product_cat?post=5180"},{"taxonomy":"product_tag","embeddable":true,"href":"https:\/\/revtronik.com\/fr\/wp-json\/wp\/v2\/product_tag?post=5180"}],"curies":[{"name":"wp","href":"https:\/\/api.w.org\/{rel}","templated":true}]}}