{"id":4733,"date":"2023-02-07T16:26:06","date_gmt":"2023-02-07T20:26:06","guid":{"rendered":"https:\/\/revtronik.com\/?post_type=product&#038;p=4733"},"modified":"2025-10-03T10:47:05","modified_gmt":"2025-10-03T14:47:05","slug":"tp2-gtkp","status":"publish","type":"product","link":"https:\/\/revtronik.com\/fr\/product\/tp2-gtkp\/","title":{"rendered":"TIPTRONIK TP2-GTKP: MODULE FILAIRE avec GPS pour CAMION DOMPEUR avec REMORQUE POP"},"content":{"rendered":"<h4>INSTALLATION<\/h4>\n<p class=\"p1\"><span class=\"s1\">L'installation de notre TipTRONIK est vraiment l'une des plus simples et des plus rapides de sa cat\u00e9gorie, car tout est inclus dans la bo\u00eete. Il suffit de choisir votre endroit pr\u00e9f\u00e9r\u00e9 autour ou \u00e0 l\u2019int\u00e9rieur de la console du camion et de le brancher \u00e0 une source d'alimentation de type ignition au module TipTRONIK. Choisissez o\u00f9 vous voulez placer la prise \u00e9lectrique \u00e0 7 broches, connectez-la au module TipTRONIK et votre installation est termin\u00e9e.<\/span><\/p>\n<p class=\"p1\"><span class=\"s1\"><b>INSTALLATION CERTIFI\u00c9E<\/b><\/span><\/p>\n<p class=\"p2\"><span class=\"s1\">M\u00eame si le syst\u00e8me est simple et rapide \u00e0 installer, par mesure de pr\u00e9vention et de s\u00e9curit\u00e9 totale, nous vous conseillons une installation effectu\u00e9e par un professionnel accr\u00e9dit\u00e9.<\/span><\/p>\n<p class=\"p2\"><span class=\"s1\">Un de nos 200 Distributeurs RevTronik Pancanadiens Autoris\u00e9s est toujours bien plus pr\u00e8s de vous que vous ne le pensez.<\/span><\/p>\n<hr \/>\n<p class=\"p1\" style=\"text-align: center;\"><strong><span class=\"s1\"><a href=\"https:\/\/revtronik.com\/dealer-and-distributor\/\">G\u00e9olocalisez votre distributeur autoris\u00e9 par ici, en un seul clic !<\/a><\/span><\/strong><\/p>\n<p><span style=\"color: #0000ff;\"><a href=\"https:\/\/revtronik.com\/fr\/dealer-and-distributor\/\"><img loading=\"lazy\" decoding=\"async\" class=\"alignnone wp-image-256 aligncenter\" title=\"Map Pin Revtronik\" role=\"img\" src=\"https:\/\/revtronik.com\/wp-content\/uploads\/Map-Pin-Revtronik.svg\" alt=\"Map Pin Revtronik\" width=\"417\" height=\"291\" \/><\/a><\/span><\/p>","protected":false},"excerpt":{"rendered":"<h4 style=\"text-align: center;\">TIPTRONIK TP2-GTKP wired with GPS<br \/>\n*ONLY WORKS WITH TIPTRONIK TP2 WIRED TRAILER SYSTEM*<\/h4>\n<p><strong>The TP2-GTKP<\/strong> includes the electronics box with two sets of wiring available for quick and easy installation. the GPS antenna is included in this set. You will also receive the contactless sensor, the support for the sensor, the 7-strand electrical plug and the aluminum support.<\/p>\n<p class=\"p1\"><span class=\"s1\"><b>The <\/b><a href=\"https:\/\/revtronik.com\/product\/tp-gps\/\"><span class=\"s2\"><b>GPS<\/b><\/span><\/a><b> <\/b>allows the cut the sound of the alarm after 5 seconds of activation when the bucket is lifted. It also serves the time, date and geographical position when the events are recorded in our black boxes. It can also be used to start from speed alarms, suspension suspension dropped, etc ..all programmable and modifiable by the user.<\/span><\/p>\n<p class=\"p1\"><span class=\"s1\"><b>Our TP2 series<\/b> has all the advantages of our quality electronic design including several standard integrated and free options.<\/span><\/p>\n<ul class=\"ul1\">\n<li class=\"li2\"><span class=\"s1\">Speed detection adjustable in seconds (3, 6, 9, 12 km\/h)<\/span><\/li>\n<li class=\"li2\"><span class=\"s1\">User-programmable options with a computer<\/span><\/li>\n<li class=\"li2\"><span class=\"s1\">Event recording system (black box).<\/span><\/li>\n<\/ul>\n<p>*Note that you can choose or add all the components of this set individually on this page to complete your needs.<\/p>\n<hr \/>\n<h4>ITEMS S\u00c9PAR\u00c9S DE CET ENSEMBLE:<\/h4>\n[products ids=\"4650,4638,4606,4647,4677,4605,2226,4711,\" columns=\"3\"]\n","protected":false},"featured_media":4726,"template":"","meta":{"_acf_changed":false,"site-sidebar-layout":"default","site-content-layout":"","ast-site-content-layout":"default","site-content-style":"default","site-sidebar-style":"default","ast-global-header-display":"","ast-banner-title-visibility":"","ast-main-header-display":"","ast-hfb-above-header-display":"","ast-hfb-below-header-display":"","ast-hfb-mobile-header-display":"","site-post-title":"","ast-breadcrumbs-content":"","ast-featured-img":"","footer-sml-layout":"","ast-disable-related-posts":"","theme-transparent-header-meta":"","adv-header-id-meta":"","stick-header-meta":"","header-above-stick-meta":"","header-main-stick-meta":"","header-below-stick-meta":"","astra-migrate-meta-layouts":"default","ast-page-background-enabled":"default","ast-page-background-meta":{"desktop":{"background-color":"var(--ast-global-color-4)","background-image":"","background-repeat":"repeat","background-position":"center center","background-size":"auto","background-attachment":"scroll","background-type":"","background-media":"","overlay-type":"","overlay-color":"","overlay-opacity":"","overlay-gradient":""},"tablet":{"background-color":"","background-image":"","background-repeat":"repeat","background-position":"center center","background-size":"auto","background-attachment":"scroll","background-type":"","background-media":"","overlay-type":"","overlay-color":"","overlay-opacity":"","overlay-gradient":""},"mobile":{"background-color":"","background-image":"","background-repeat":"repeat","background-position":"center center","background-size":"auto","background-attachment":"scroll","background-type":"","background-media":"","overlay-type":"","overlay-color":"","overlay-opacity":"","overlay-gradient":""}},"ast-content-background-meta":{"desktop":{"background-color":"var(--ast-global-color-5)","background-image":"","background-repeat":"repeat","background-position":"center center","background-size":"auto","background-attachment":"scroll","background-type":"","background-media":"","overlay-type":"","overlay-color":"","overlay-opacity":"","overlay-gradient":""},"tablet":{"background-color":"var(--ast-global-color-5)","background-image":"","background-repeat":"repeat","background-position":"center center","background-size":"auto","background-attachment":"scroll","background-type":"","background-media":"","overlay-type":"","overlay-color":"","overlay-opacity":"","overlay-gradient":""},"mobile":{"background-color":"var(--ast-global-color-5)","background-image":"","background-repeat":"repeat","background-position":"center center","background-size":"auto","background-attachment":"scroll","background-type":"","background-media":"","overlay-type":"","overlay-color":"","overlay-opacity":"","overlay-gradient":""}}},"product_brand":[],"product_cat":[36],"product_tag":[34,113],"class_list":{"0":"post-4733","1":"product","2":"type-product","3":"status-publish","4":"has-post-thumbnail","6":"product_cat-tiptronik","7":"product_tag-tiptronik","8":"product_tag-dump-truck-pup-trailer","9":"desktop-align-left","10":"tablet-align-left","11":"mobile-align-left","13":"first","14":"instock","15":"shipping-taxable","16":"product-type-simple"},"acf":[],"yoast_head":"<!-- This site is optimized with the Yoast SEO Premium plugin v26.5 (Yoast SEO v27.3) - https:\/\/yoast.com\/product\/yoast-seo-premium-wordpress\/ -->\n<title>TIPTRONIK TP2-GTKP: WIRED MODULE with GPS for DUMP TRUCK WITH POP-TRAILER - REVTRONIK.com<\/title>\n<meta name=\"description\" content=\"TipTRONIK raised dump box alarms: TP2-GTKP wired module with GPS for dump truck WITH POP-TRAILER\" \/>\n<meta name=\"robots\" content=\"index, follow, max-snippet:-1, max-image-preview:large, max-video-preview:-1\" \/>\n<link rel=\"canonical\" href=\"https:\/\/revtronik.com\/fr\/product\/tp2-gtkp\/\" \/>\n<meta property=\"og:locale\" content=\"fr_CA\" \/>\n<meta property=\"og:type\" content=\"article\" \/>\n<meta property=\"og:title\" content=\"TIPTRONIK TP2-GTKP: WIRED MODULE with GPS for DUMP TRUCK WITH POP-TRAILER - REVTRONIK.com %\" \/>\n<meta property=\"og:description\" content=\"TipTRONIK raised dump box alarms: TP2-GTKP wired module with GPS for dump truck WITH POP-TRAILER\" \/>\n<meta property=\"og:url\" content=\"https:\/\/revtronik.com\/fr\/product\/tp2-gtkp\/\" \/>\n<meta property=\"og:site_name\" content=\"REVTRONIK.com\" \/>\n<meta property=\"article:publisher\" content=\"https:\/\/www.facebook.com\/revtronik\" \/>\n<meta property=\"article:modified_time\" content=\"2025-10-03T14:47:05+00:00\" \/>\n<meta property=\"og:image\" content=\"https:\/\/revtronik.com\/wp-content\/uploads\/TP2-GTKP-TipTRONIK-Dumper-Tipper-Raised-tip-Alarm-Warning-System-Revtronik.webp\" \/>\n\t<meta property=\"og:image:width\" content=\"1000\" \/>\n\t<meta property=\"og:image:height\" content=\"1000\" \/>\n\t<meta property=\"og:image:type\" content=\"image\/webp\" \/>\n<meta name=\"twitter:card\" content=\"summary_large_image\" \/>\n<meta name=\"twitter:label1\" content=\"Price\" \/>\n\t<meta name=\"twitter:data1\" content=\"\" \/>\n\t<meta name=\"twitter:label2\" content=\"Availability\" \/>\n\t<meta name=\"twitter:data2\" content=\"In stock\" \/>\n<script type=\"application\/ld+json\" class=\"yoast-schema-graph\">{\"@context\":\"https:\\\/\\\/schema.org\",\"@graph\":[{\"@type\":\"WebPage\",\"@id\":\"https:\\\/\\\/revtronik.com\\\/product\\\/tp2-gtkp\\\/\",\"url\":\"https:\\\/\\\/revtronik.com\\\/product\\\/tp2-gtkp\\\/\",\"name\":\"TIPTRONIK TP2-GTKP: WIRED MODULE with GPS for DUMP TRUCK WITH POP-TRAILER - REVTRONIK.com\",\"isPartOf\":{\"@id\":\"https:\\\/\\\/revtronik.com\\\/#website\"},\"primaryImageOfPage\":{\"@id\":\"https:\\\/\\\/revtronik.com\\\/product\\\/tp2-gtkp\\\/#primaryimage\"},\"image\":{\"@id\":\"https:\\\/\\\/revtronik.com\\\/product\\\/tp2-gtkp\\\/#primaryimage\"},\"thumbnailUrl\":\"https:\\\/\\\/revtronik.com\\\/wp-content\\\/uploads\\\/TP2-GTKP-TipTRONIK-Dumper-Tipper-Raised-tip-Alarm-Warning-System-Revtronik.webp\",\"datePublished\":\"2023-02-07T20:26:06+00:00\",\"dateModified\":\"2025-10-03T14:47:05+00:00\",\"description\":\"TipTRONIK raised dump box alarms: TP2-GTKP wired module with GPS for dump truck WITH POP-TRAILER\",\"breadcrumb\":{\"@id\":\"https:\\\/\\\/revtronik.com\\\/product\\\/tp2-gtkp\\\/#breadcrumb\"},\"inLanguage\":\"fr-CA\",\"potentialAction\":[{\"@type\":\"ReadAction\",\"target\":[\"https:\\\/\\\/revtronik.com\\\/product\\\/tp2-gtkp\\\/\"]}]},{\"@type\":\"ImageObject\",\"inLanguage\":\"fr-CA\",\"@id\":\"https:\\\/\\\/revtronik.com\\\/product\\\/tp2-gtkp\\\/#primaryimage\",\"url\":\"https:\\\/\\\/revtronik.com\\\/wp-content\\\/uploads\\\/TP2-GTKP-TipTRONIK-Dumper-Tipper-Raised-tip-Alarm-Warning-System-Revtronik.webp\",\"contentUrl\":\"https:\\\/\\\/revtronik.com\\\/wp-content\\\/uploads\\\/TP2-GTKP-TipTRONIK-Dumper-Tipper-Raised-tip-Alarm-Warning-System-Revtronik.webp\",\"width\":1000,\"height\":1000,\"caption\":\"TP2 GTKP TipTRONIK Dumper Tipper Raised tip Alarm Warning System Revtronik\"},{\"@type\":\"BreadcrumbList\",\"@id\":\"https:\\\/\\\/revtronik.com\\\/product\\\/tp2-gtkp\\\/#breadcrumb\",\"itemListElement\":[{\"@type\":\"ListItem\",\"position\":1,\"name\":\"Accueil\",\"item\":\"https:\\\/\\\/revtronik.com\\\/\"},{\"@type\":\"ListItem\",\"position\":2,\"name\":\"Shop\",\"item\":\"https:\\\/\\\/revtronik.com\\\/shop\\\/\"},{\"@type\":\"ListItem\",\"position\":3,\"name\":\"TipTRONIK\",\"item\":\"https:\\\/\\\/revtronik.com\\\/product-category\\\/tiptronik\\\/\"},{\"@type\":\"ListItem\",\"position\":4,\"name\":\"TIPTRONIK TP2-GTKP: WIRED MODULE with GPS for DUMP TRUCK WITH POP-TRAILER\"}]},{\"@type\":\"WebSite\",\"@id\":\"https:\\\/\\\/revtronik.com\\\/#website\",\"url\":\"https:\\\/\\\/revtronik.com\\\/\",\"name\":\"REVTRONIK.com\",\"description\":\"Smart Trucking Products\",\"publisher\":{\"@id\":\"https:\\\/\\\/revtronik.com\\\/#organization\"},\"potentialAction\":[{\"@type\":\"SearchAction\",\"target\":{\"@type\":\"EntryPoint\",\"urlTemplate\":\"https:\\\/\\\/revtronik.com\\\/?s={search_term_string}\"},\"query-input\":{\"@type\":\"PropertyValueSpecification\",\"valueRequired\":true,\"valueName\":\"search_term_string\"}}],\"inLanguage\":\"fr-CA\"},{\"@type\":\"Organization\",\"@id\":\"https:\\\/\\\/revtronik.com\\\/#organization\",\"name\":\"RevTronik inc.\",\"url\":\"https:\\\/\\\/revtronik.com\\\/\",\"logo\":{\"@type\":\"ImageObject\",\"inLanguage\":\"fr-CA\",\"@id\":\"https:\\\/\\\/revtronik.com\\\/#\\\/schema\\\/logo\\\/image\\\/\",\"url\":\"https:\\\/\\\/revtronik.com\\\/wp-content\\\/uploads\\\/MS-revtronik-Banner-trucking-products-solutions-and-racing-division-performance.webp\",\"contentUrl\":\"https:\\\/\\\/revtronik.com\\\/wp-content\\\/uploads\\\/MS-revtronik-Banner-trucking-products-solutions-and-racing-division-performance.webp\",\"width\":1200,\"height\":675,\"caption\":\"RevTronik inc.\"},\"image\":{\"@id\":\"https:\\\/\\\/revtronik.com\\\/#\\\/schema\\\/logo\\\/image\\\/\"},\"sameAs\":[\"https:\\\/\\\/www.facebook.com\\\/revtronik\",\"https:\\\/\\\/www.youtube.com\\\/channel\\\/UCiXuXHlfSRJmUqmJbOoc2wQ\",\"https:\\\/\\\/www.linkedin.com\\\/company\\\/revtronik-inc-\\\/\"],\"description\":\"Meet present and future truck industry requirements with user friendly, high quality and cost effective products !\",\"email\":\"info@revtronik.com\",\"telephone\":\"+1 819 870-2331\",\"legalName\":\"Revtronik inc.\",\"foundingDate\":\"2014-10-26\",\"numberOfEmployees\":{\"@type\":\"QuantitativeValue\",\"minValue\":\"1\",\"maxValue\":\"10\"}}]}<\/script>\n<meta property=\"product:price:currency\" content=\"CAD\" \/>\n<meta property=\"og:availability\" content=\"instock\" \/>\n<meta property=\"product:availability\" content=\"instock\" \/>\n<meta property=\"product:retailer_item_id\" content=\"TP2-GTKP\" \/>\n<meta property=\"product:condition\" content=\"new\" \/>\n<!-- \/ Yoast SEO Premium plugin. -->","yoast_head_json":{"title":"TIPTRONIK TP2-GTKP: WIRED MODULE with GPS for DUMP TRUCK WITH POP-TRAILER - REVTRONIK.com","description":"TipTRONIK raised dump box alarms: TP2-GTKP wired module with GPS for dump truck WITH POP-TRAILER","robots":{"index":"index","follow":"follow","max-snippet":"max-snippet:-1","max-image-preview":"max-image-preview:large","max-video-preview":"max-video-preview:-1"},"canonical":"https:\/\/revtronik.com\/fr\/product\/tp2-gtkp\/","og_locale":"fr_CA","og_type":"article","og_title":"TIPTRONIK TP2-GTKP: WIRED MODULE with GPS for DUMP TRUCK WITH POP-TRAILER - REVTRONIK.com %","og_description":"TipTRONIK raised dump box alarms: TP2-GTKP wired module with GPS for dump truck WITH POP-TRAILER","og_url":"https:\/\/revtronik.com\/fr\/product\/tp2-gtkp\/","og_site_name":"REVTRONIK.com","article_publisher":"https:\/\/www.facebook.com\/revtronik","article_modified_time":"2025-10-03T14:47:05+00:00","og_image":[{"width":1000,"height":1000,"url":"https:\/\/revtronik.com\/wp-content\/uploads\/TP2-GTKP-TipTRONIK-Dumper-Tipper-Raised-tip-Alarm-Warning-System-Revtronik.webp","type":"image\/webp"}],"twitter_card":"summary_large_image","twitter_misc":{"Price":"","Availability":"In stock"},"schema":{"@context":"https:\/\/schema.org","@graph":[{"@type":"WebPage","@id":"https:\/\/revtronik.com\/product\/tp2-gtkp\/","url":"https:\/\/revtronik.com\/product\/tp2-gtkp\/","name":"TIPTRONIK TP2-GTKP: WIRED MODULE with GPS for DUMP TRUCK WITH POP-TRAILER - REVTRONIK.com","isPartOf":{"@id":"https:\/\/revtronik.com\/#website"},"primaryImageOfPage":{"@id":"https:\/\/revtronik.com\/product\/tp2-gtkp\/#primaryimage"},"image":{"@id":"https:\/\/revtronik.com\/product\/tp2-gtkp\/#primaryimage"},"thumbnailUrl":"https:\/\/revtronik.com\/wp-content\/uploads\/TP2-GTKP-TipTRONIK-Dumper-Tipper-Raised-tip-Alarm-Warning-System-Revtronik.webp","datePublished":"2023-02-07T20:26:06+00:00","dateModified":"2025-10-03T14:47:05+00:00","description":"TipTRONIK raised dump box alarms: TP2-GTKP wired module with GPS for dump truck WITH POP-TRAILER","breadcrumb":{"@id":"https:\/\/revtronik.com\/product\/tp2-gtkp\/#breadcrumb"},"inLanguage":"fr-CA","potentialAction":[{"@type":"ReadAction","target":["https:\/\/revtronik.com\/product\/tp2-gtkp\/"]}]},{"@type":"ImageObject","inLanguage":"fr-CA","@id":"https:\/\/revtronik.com\/product\/tp2-gtkp\/#primaryimage","url":"https:\/\/revtronik.com\/wp-content\/uploads\/TP2-GTKP-TipTRONIK-Dumper-Tipper-Raised-tip-Alarm-Warning-System-Revtronik.webp","contentUrl":"https:\/\/revtronik.com\/wp-content\/uploads\/TP2-GTKP-TipTRONIK-Dumper-Tipper-Raised-tip-Alarm-Warning-System-Revtronik.webp","width":1000,"height":1000,"caption":"TP2 GTKP TipTRONIK Dumper Tipper Raised tip Alarm Warning System Revtronik"},{"@type":"BreadcrumbList","@id":"https:\/\/revtronik.com\/product\/tp2-gtkp\/#breadcrumb","itemListElement":[{"@type":"ListItem","position":1,"name":"Accueil","item":"https:\/\/revtronik.com\/"},{"@type":"ListItem","position":2,"name":"Shop","item":"https:\/\/revtronik.com\/shop\/"},{"@type":"ListItem","position":3,"name":"TipTRONIK","item":"https:\/\/revtronik.com\/product-category\/tiptronik\/"},{"@type":"ListItem","position":4,"name":"TIPTRONIK TP2-GTKP: WIRED MODULE with GPS for DUMP TRUCK WITH POP-TRAILER"}]},{"@type":"WebSite","@id":"https:\/\/revtronik.com\/#website","url":"https:\/\/revtronik.com\/","name":"REVTRONIK.com","description":"Smart Trucking Products","publisher":{"@id":"https:\/\/revtronik.com\/#organization"},"potentialAction":[{"@type":"SearchAction","target":{"@type":"EntryPoint","urlTemplate":"https:\/\/revtronik.com\/?s={search_term_string}"},"query-input":{"@type":"PropertyValueSpecification","valueRequired":true,"valueName":"search_term_string"}}],"inLanguage":"fr-CA"},{"@type":"Organization","@id":"https:\/\/revtronik.com\/#organization","name":"RevTronik inc.","url":"https:\/\/revtronik.com\/","logo":{"@type":"ImageObject","inLanguage":"fr-CA","@id":"https:\/\/revtronik.com\/#\/schema\/logo\/image\/","url":"https:\/\/revtronik.com\/wp-content\/uploads\/MS-revtronik-Banner-trucking-products-solutions-and-racing-division-performance.webp","contentUrl":"https:\/\/revtronik.com\/wp-content\/uploads\/MS-revtronik-Banner-trucking-products-solutions-and-racing-division-performance.webp","width":1200,"height":675,"caption":"RevTronik inc."},"image":{"@id":"https:\/\/revtronik.com\/#\/schema\/logo\/image\/"},"sameAs":["https:\/\/www.facebook.com\/revtronik","https:\/\/www.youtube.com\/channel\/UCiXuXHlfSRJmUqmJbOoc2wQ","https:\/\/www.linkedin.com\/company\/revtronik-inc-\/"],"description":"Des produits de haute qualit\u00e9, faciles \u00e0 utiliser et rentables, qui r\u00e9pondent aux exigences actuelles et futures de l'industrie du camionnage.","email":"info@revtronik.com","telephone":"+1 819 870-2331","legalName":"Revtronik inc.","foundingDate":"2014-10-26","numberOfEmployees":{"@type":"QuantitativeValue","minValue":"1","maxValue":"10"}}]},"product_price_currency":"CAD","og_availability":"instock","product_availability":"instock","product_retailer_item_id":"TP2-GTKP","product_condition":"new"},"_links":{"self":[{"href":"https:\/\/revtronik.com\/fr\/wp-json\/wp\/v2\/product\/4733","targetHints":{"allow":["GET"]}}],"collection":[{"href":"https:\/\/revtronik.com\/fr\/wp-json\/wp\/v2\/product"}],"about":[{"href":"https:\/\/revtronik.com\/fr\/wp-json\/wp\/v2\/types\/product"}],"wp:featuredmedia":[{"embeddable":true,"href":"https:\/\/revtronik.com\/fr\/wp-json\/wp\/v2\/media\/4726"}],"wp:attachment":[{"href":"https:\/\/revtronik.com\/fr\/wp-json\/wp\/v2\/media?parent=4733"}],"wp:term":[{"taxonomy":"product_brand","embeddable":true,"href":"https:\/\/revtronik.com\/fr\/wp-json\/wp\/v2\/product_brand?post=4733"},{"taxonomy":"product_cat","embeddable":true,"href":"https:\/\/revtronik.com\/fr\/wp-json\/wp\/v2\/product_cat?post=4733"},{"taxonomy":"product_tag","embeddable":true,"href":"https:\/\/revtronik.com\/fr\/wp-json\/wp\/v2\/product_tag?post=4733"}],"curies":[{"name":"wp","href":"https:\/\/api.w.org\/{rel}","templated":true}]}}