{"id":4714,"date":"2023-02-06T17:40:21","date_gmt":"2023-02-06T21:40:21","guid":{"rendered":"https:\/\/revtronik.com\/?post_type=product&#038;p=4714"},"modified":"2025-10-03T10:44:16","modified_gmt":"2025-10-03T14:44:16","slug":"tp2-g","status":"publish","type":"product","link":"https:\/\/revtronik.com\/fr\/product\/tp2-g\/","title":{"rendered":"TIPTRONIK TP2-G: MODULE WIFI avec GPS pour CAMION DOMPEUR"},"content":{"rendered":"<h4>INSTALLATION #1<\/h4>\n<p>L'installation de notre TipTRONIK est vraiment l'une des plus simples et des plus rapides de sa cat\u00e9gorie. Pour une installation rapide, tout est inclus dans la bo\u00eete. Choisissez simplement votre endroit pr\u00e9f\u00e9r\u00e9 autour ou \u00e0 l'int\u00e9rieur de la console du camion et branchez-le sur une source d'alimentation de type allumage. Choisissez o\u00f9 vous voulez placer le capteur sans contact et connectez-le au module TipTRONIK et votre installation est termin\u00e9e.<\/p>\n<h4>INSTALLATION CERTIFI\u00c9E<\/h4>\n<p class=\"p1\"><span class=\"s1\">M\u00eame si le syst\u00e8me est simple et rapide \u00e0 installer, par mesure de pr\u00e9vention et de s\u00e9curit\u00e9 totale, nous vous conseillons une installation effectu\u00e9e par un professionnel accr\u00e9dit\u00e9.<\/span><\/p>\n<p class=\"p1\"><span class=\"s1\">Un de nos 200 Distributeurs RevTronik Pancanadiens Autoris\u00e9s est toujours bien plus pr\u00e8s de vous que vous ne le pensez.<\/span><\/p>\n<hr \/>\n<p class=\"p1\" style=\"text-align: center;\"><strong><span class=\"s1\"><a href=\"https:\/\/revtronik.com\/dealer-and-distributor\/\">G\u00e9olocalisez votre distributeur autoris\u00e9 par ici, en un seul clic !<\/a><\/span><\/strong><\/p>\n<p><span style=\"color: #0000ff;\"><a href=\"https:\/\/revtronik.com\/fr\/dealer-and-distributor\/\"><img loading=\"lazy\" decoding=\"async\" class=\"alignnone wp-image-256 aligncenter\" title=\"Map Pin Revtronik\" role=\"img\" src=\"https:\/\/revtronik.com\/wp-content\/uploads\/Map-Pin-Revtronik.svg\" alt=\"Map Pin Revtronik\" width=\"417\" height=\"291\" \/><\/a><\/span><\/p>","protected":false},"excerpt":{"rendered":"<h3 style=\"text-align: center;\">TP2-G: TipTRONIK unit with GPS for DUMP TRUCK WITHOUT TRAILER only<\/h3>\n<p><strong>The TP2-G includes<\/strong> the electronics box with two sets of wiring available for quick and easy installation. The GPS antenna is included in this set. You will also receive the contactless sensor, the power cord and the support for the sensor.<\/p>\n<p><strong>This TP2 is designed to be used with a dump truck WITHOUT TRAILER.<\/strong><br \/>\n*If you are considering adding a trailer to the dump truck, choose the <a href=\"https:\/\/revtronik.com\/product\/tp3-ga\/\"><em><strong>WITH POP-TRAILER<\/strong><\/em><\/a> set designed specifically for dump truck with trailer. Even without the use of trailers, the TP3 version offers very interesting advantages such as Wifi communication which allows the module to be programmed remotely with a computer, to make updates, to activate or deactivate options as well as other functionalities. coming. (scalable)<\/p>\n<p><b>The <a href=\"https:\/\/revtronik.com\/product\/tp-gps\/\">GPS<\/a><\/b> allows the cut the sound of the alarm after 5 seconds of activation when the bucket is lifted. It also serves the time, date and geographical position when the events are recorded in our black boxes. It can also be used to start from speed alarms, suspension suspension dropped, etc ..all programmable and modifiable by the user.<\/p>\n<p class=\"p1\"><span class=\"s1\"><b>Our TP2 series<\/b> has all the advantages of our quality electronic design including several standard integrated and free options.<\/span><\/p>\n<ul class=\"ul1\">\n<li class=\"li2\"><span class=\"s1\">Speed detection adjustable in seconds (3, 6, 9, 12 km\/h)<\/span><\/li>\n<li class=\"li2\"><span class=\"s1\">User-programmable options with a computer<\/span><\/li>\n<li class=\"li2\"><span class=\"s1\">Event recording system (black box)<\/span><\/li>\n<\/ul>\n<h4>The main feature of having a wireless system is that anyone with a TP3 installed in their truck can sync the trailer in less than 15 seconds using the sync button in their truck. If someone does not have a system installed and wants to use your trailer, a special removable assembly can be installed in less than 15 seconds inside any truck. Without a doubt, the complete integration of the audible and visual alarm inside and on the box allows for ultra-fast installation.<\/h4>\n<ul class=\"ul1\">\n<li class=\"li2\"><span class=\"s1\">Speed detection adjustable in seconds (3, 6, 9, 12 km\/h)<\/span><\/li>\n<li class=\"li2\"><span class=\"s1\">User-programmable options with a computer<\/span><\/li>\n<li class=\"li2\"><span class=\"s1\">Event recording system (black box)<\/span><\/li>\n<\/ul>\n<p>&nbsp;<\/p>\n<p><span class=\"s1\">*Note that you can choose or add all the components of this set individually on this page to complete your needs.<\/span><\/p>\n<hr \/>\n<h4 style=\"text-align: center;\">ITEMS S\u00c9PAR\u00c9S DE CET ENSEMBLE:<\/h4>\n[products ids=\"4650,4605,2226,4638,4711,4606,\" columns=\"3\"]\n","protected":false},"featured_media":4699,"template":"","meta":{"_acf_changed":false,"site-sidebar-layout":"default","site-content-layout":"","ast-site-content-layout":"default","site-content-style":"default","site-sidebar-style":"default","ast-global-header-display":"","ast-banner-title-visibility":"","ast-main-header-display":"","ast-hfb-above-header-display":"","ast-hfb-below-header-display":"","ast-hfb-mobile-header-display":"","site-post-title":"","ast-breadcrumbs-content":"","ast-featured-img":"","footer-sml-layout":"","ast-disable-related-posts":"","theme-transparent-header-meta":"default","adv-header-id-meta":"","stick-header-meta":"","header-above-stick-meta":"","header-main-stick-meta":"","header-below-stick-meta":"","astra-migrate-meta-layouts":"set","ast-page-background-enabled":"default","ast-page-background-meta":{"desktop":{"background-color":"var(--ast-global-color-4)","background-image":"","background-repeat":"repeat","background-position":"center center","background-size":"auto","background-attachment":"scroll","background-type":"","background-media":"","overlay-type":"","overlay-color":"","overlay-opacity":"","overlay-gradient":""},"tablet":{"background-color":"","background-image":"","background-repeat":"repeat","background-position":"center center","background-size":"auto","background-attachment":"scroll","background-type":"","background-media":"","overlay-type":"","overlay-color":"","overlay-opacity":"","overlay-gradient":""},"mobile":{"background-color":"","background-image":"","background-repeat":"repeat","background-position":"center center","background-size":"auto","background-attachment":"scroll","background-type":"","background-media":"","overlay-type":"","overlay-color":"","overlay-opacity":"","overlay-gradient":""}},"ast-content-background-meta":{"desktop":{"background-color":"var(--ast-global-color-5)","background-image":"","background-repeat":"repeat","background-position":"center center","background-size":"auto","background-attachment":"scroll","background-type":"","background-media":"","overlay-type":"","overlay-color":"","overlay-opacity":"","overlay-gradient":""},"tablet":{"background-color":"var(--ast-global-color-5)","background-image":"","background-repeat":"repeat","background-position":"center center","background-size":"auto","background-attachment":"scroll","background-type":"","background-media":"","overlay-type":"","overlay-color":"","overlay-opacity":"","overlay-gradient":""},"mobile":{"background-color":"var(--ast-global-color-5)","background-image":"","background-repeat":"repeat","background-position":"center center","background-size":"auto","background-attachment":"scroll","background-type":"","background-media":"","overlay-type":"","overlay-color":"","overlay-opacity":"","overlay-gradient":""}}},"product_brand":[],"product_cat":[36],"product_tag":[34,50,150],"class_list":{"0":"post-4714","1":"product","2":"type-product","3":"status-publish","4":"has-post-thumbnail","6":"product_cat-tiptronik","7":"product_tag-tiptronik","8":"product_tag-dump-truck","9":"product_tag-tiptronik--discontinued-products","10":"desktop-align-left","11":"tablet-align-left","12":"mobile-align-left","14":"first","15":"instock","16":"shipping-taxable","17":"product-type-simple"},"acf":[],"yoast_head":"<!-- This site is optimized with the Yoast SEO Premium plugin v26.5 (Yoast SEO v27.3) - https:\/\/yoast.com\/product\/yoast-seo-premium-wordpress\/ -->\n<title>TIPTRONIK TP2-G: WIRED MODULE with GPS for DUMP TRUCK - REVTRONIK.com<\/title>\n<meta name=\"description\" content=\"TipTRONIK raised dump box alarms: TP2-G wired module with GPS for dump truck\" \/>\n<meta name=\"robots\" content=\"index, follow, max-snippet:-1, max-image-preview:large, max-video-preview:-1\" \/>\n<link rel=\"canonical\" href=\"https:\/\/revtronik.com\/fr\/product\/tp2-g\/\" \/>\n<meta property=\"og:locale\" content=\"fr_CA\" \/>\n<meta property=\"og:type\" content=\"article\" \/>\n<meta property=\"og:title\" content=\"TIPTRONIK TP2-G: WIRED MODULE with GPS for DUMP TRUCK - REVTRONIK.com %\" \/>\n<meta property=\"og:description\" content=\"TipTRONIK raised dump box alarms: TP2-G wired module with GPS for dump truck\" \/>\n<meta property=\"og:url\" content=\"https:\/\/revtronik.com\/fr\/product\/tp2-g\/\" \/>\n<meta property=\"og:site_name\" content=\"REVTRONIK.com\" \/>\n<meta property=\"article:publisher\" content=\"https:\/\/www.facebook.com\/revtronik\" \/>\n<meta property=\"article:modified_time\" content=\"2025-10-03T14:44:16+00:00\" \/>\n<meta property=\"og:image\" content=\"https:\/\/revtronik.com\/wp-content\/uploads\/TP2-G-TipTRONIK-Dump-Truck-Tipper-Raised-tip-Alarm-Warning-System-WIFI-GPS-Revtronik.webp\" \/>\n\t<meta property=\"og:image:width\" content=\"1000\" \/>\n\t<meta property=\"og:image:height\" content=\"1000\" \/>\n\t<meta property=\"og:image:type\" content=\"image\/webp\" \/>\n<meta name=\"twitter:card\" content=\"summary_large_image\" \/>\n<meta name=\"twitter:label1\" content=\"Price\" \/>\n\t<meta name=\"twitter:data1\" content=\"\" \/>\n\t<meta name=\"twitter:label2\" content=\"Availability\" \/>\n\t<meta name=\"twitter:data2\" content=\"In stock\" \/>\n<script type=\"application\/ld+json\" class=\"yoast-schema-graph\">{\"@context\":\"https:\\\/\\\/schema.org\",\"@graph\":[{\"@type\":\"WebPage\",\"@id\":\"https:\\\/\\\/revtronik.com\\\/product\\\/tp2-g\\\/\",\"url\":\"https:\\\/\\\/revtronik.com\\\/product\\\/tp2-g\\\/\",\"name\":\"TIPTRONIK TP2-G: WIRED MODULE with GPS for DUMP TRUCK - REVTRONIK.com\",\"isPartOf\":{\"@id\":\"https:\\\/\\\/revtronik.com\\\/#website\"},\"primaryImageOfPage\":{\"@id\":\"https:\\\/\\\/revtronik.com\\\/product\\\/tp2-g\\\/#primaryimage\"},\"image\":{\"@id\":\"https:\\\/\\\/revtronik.com\\\/product\\\/tp2-g\\\/#primaryimage\"},\"thumbnailUrl\":\"https:\\\/\\\/revtronik.com\\\/wp-content\\\/uploads\\\/TP2-G-TipTRONIK-Dump-Truck-Tipper-Raised-tip-Alarm-Warning-System-WIFI-GPS-Revtronik.webp\",\"datePublished\":\"2023-02-06T21:40:21+00:00\",\"dateModified\":\"2025-10-03T14:44:16+00:00\",\"description\":\"TipTRONIK raised dump box alarms: TP2-G wired module with GPS for dump truck\",\"breadcrumb\":{\"@id\":\"https:\\\/\\\/revtronik.com\\\/product\\\/tp2-g\\\/#breadcrumb\"},\"inLanguage\":\"fr-CA\",\"potentialAction\":[{\"@type\":\"ReadAction\",\"target\":[\"https:\\\/\\\/revtronik.com\\\/product\\\/tp2-g\\\/\"]}]},{\"@type\":\"ImageObject\",\"inLanguage\":\"fr-CA\",\"@id\":\"https:\\\/\\\/revtronik.com\\\/product\\\/tp2-g\\\/#primaryimage\",\"url\":\"https:\\\/\\\/revtronik.com\\\/wp-content\\\/uploads\\\/TP2-G-TipTRONIK-Dump-Truck-Tipper-Raised-tip-Alarm-Warning-System-WIFI-GPS-Revtronik.webp\",\"contentUrl\":\"https:\\\/\\\/revtronik.com\\\/wp-content\\\/uploads\\\/TP2-G-TipTRONIK-Dump-Truck-Tipper-Raised-tip-Alarm-Warning-System-WIFI-GPS-Revtronik.webp\",\"width\":1000,\"height\":1000,\"caption\":\"TP2 G TipTRONIK Dump Truck Tipper Raised tip Alarm Warning System WIFI GPS Revtronik\"},{\"@type\":\"BreadcrumbList\",\"@id\":\"https:\\\/\\\/revtronik.com\\\/product\\\/tp2-g\\\/#breadcrumb\",\"itemListElement\":[{\"@type\":\"ListItem\",\"position\":1,\"name\":\"Accueil\",\"item\":\"https:\\\/\\\/revtronik.com\\\/\"},{\"@type\":\"ListItem\",\"position\":2,\"name\":\"Shop\",\"item\":\"https:\\\/\\\/revtronik.com\\\/shop\\\/\"},{\"@type\":\"ListItem\",\"position\":3,\"name\":\"TipTRONIK\",\"item\":\"https:\\\/\\\/revtronik.com\\\/product-category\\\/tiptronik\\\/\"},{\"@type\":\"ListItem\",\"position\":4,\"name\":\"TIPTRONIK TP2-G: WIRED MODULE with GPS for DUMP TRUCK\"}]},{\"@type\":\"WebSite\",\"@id\":\"https:\\\/\\\/revtronik.com\\\/#website\",\"url\":\"https:\\\/\\\/revtronik.com\\\/\",\"name\":\"REVTRONIK.com\",\"description\":\"Smart Trucking Products\",\"publisher\":{\"@id\":\"https:\\\/\\\/revtronik.com\\\/#organization\"},\"potentialAction\":[{\"@type\":\"SearchAction\",\"target\":{\"@type\":\"EntryPoint\",\"urlTemplate\":\"https:\\\/\\\/revtronik.com\\\/?s={search_term_string}\"},\"query-input\":{\"@type\":\"PropertyValueSpecification\",\"valueRequired\":true,\"valueName\":\"search_term_string\"}}],\"inLanguage\":\"fr-CA\"},{\"@type\":\"Organization\",\"@id\":\"https:\\\/\\\/revtronik.com\\\/#organization\",\"name\":\"RevTronik inc.\",\"url\":\"https:\\\/\\\/revtronik.com\\\/\",\"logo\":{\"@type\":\"ImageObject\",\"inLanguage\":\"fr-CA\",\"@id\":\"https:\\\/\\\/revtronik.com\\\/#\\\/schema\\\/logo\\\/image\\\/\",\"url\":\"https:\\\/\\\/revtronik.com\\\/wp-content\\\/uploads\\\/MS-revtronik-Banner-trucking-products-solutions-and-racing-division-performance.webp\",\"contentUrl\":\"https:\\\/\\\/revtronik.com\\\/wp-content\\\/uploads\\\/MS-revtronik-Banner-trucking-products-solutions-and-racing-division-performance.webp\",\"width\":1200,\"height\":675,\"caption\":\"RevTronik inc.\"},\"image\":{\"@id\":\"https:\\\/\\\/revtronik.com\\\/#\\\/schema\\\/logo\\\/image\\\/\"},\"sameAs\":[\"https:\\\/\\\/www.facebook.com\\\/revtronik\",\"https:\\\/\\\/www.youtube.com\\\/channel\\\/UCiXuXHlfSRJmUqmJbOoc2wQ\",\"https:\\\/\\\/www.linkedin.com\\\/company\\\/revtronik-inc-\\\/\"],\"description\":\"Meet present and future truck industry requirements with user friendly, high quality and cost effective products !\",\"email\":\"info@revtronik.com\",\"telephone\":\"+1 819 870-2331\",\"legalName\":\"Revtronik inc.\",\"foundingDate\":\"2014-10-26\",\"numberOfEmployees\":{\"@type\":\"QuantitativeValue\",\"minValue\":\"1\",\"maxValue\":\"10\"}}]}<\/script>\n<meta property=\"product:price:currency\" content=\"CAD\" \/>\n<meta property=\"og:availability\" content=\"instock\" \/>\n<meta property=\"product:availability\" content=\"instock\" \/>\n<meta property=\"product:retailer_item_id\" content=\"TP2-G\" \/>\n<meta property=\"product:condition\" content=\"new\" \/>\n<!-- \/ Yoast SEO Premium plugin. -->","yoast_head_json":{"title":"TIPTRONIK TP2-G: WIRED MODULE with GPS for DUMP TRUCK - REVTRONIK.com","description":"Alarme de benne relev\u00e9e TipTRONIK: TP2-G module filaire avec GPS pour camion dompeur","robots":{"index":"index","follow":"follow","max-snippet":"max-snippet:-1","max-image-preview":"max-image-preview:large","max-video-preview":"max-video-preview:-1"},"canonical":"https:\/\/revtronik.com\/fr\/product\/tp2-g\/","og_locale":"fr_CA","og_type":"article","og_title":"TIPTRONIK TP2-G: WIRED MODULE with GPS for DUMP TRUCK - REVTRONIK.com %","og_description":"TipTRONIK raised dump box alarms: TP2-G wired module with GPS for dump truck","og_url":"https:\/\/revtronik.com\/fr\/product\/tp2-g\/","og_site_name":"REVTRONIK.com","article_publisher":"https:\/\/www.facebook.com\/revtronik","article_modified_time":"2025-10-03T14:44:16+00:00","og_image":[{"width":1000,"height":1000,"url":"https:\/\/revtronik.com\/wp-content\/uploads\/TP2-G-TipTRONIK-Dump-Truck-Tipper-Raised-tip-Alarm-Warning-System-WIFI-GPS-Revtronik.webp","type":"image\/webp"}],"twitter_card":"summary_large_image","twitter_misc":{"Price":"","Availability":"In stock"},"schema":{"@context":"https:\/\/schema.org","@graph":[{"@type":"WebPage","@id":"https:\/\/revtronik.com\/product\/tp2-g\/","url":"https:\/\/revtronik.com\/product\/tp2-g\/","name":"TIPTRONIK TP2-G: WIRED MODULE with GPS for DUMP TRUCK - REVTRONIK.com","isPartOf":{"@id":"https:\/\/revtronik.com\/#website"},"primaryImageOfPage":{"@id":"https:\/\/revtronik.com\/product\/tp2-g\/#primaryimage"},"image":{"@id":"https:\/\/revtronik.com\/product\/tp2-g\/#primaryimage"},"thumbnailUrl":"https:\/\/revtronik.com\/wp-content\/uploads\/TP2-G-TipTRONIK-Dump-Truck-Tipper-Raised-tip-Alarm-Warning-System-WIFI-GPS-Revtronik.webp","datePublished":"2023-02-06T21:40:21+00:00","dateModified":"2025-10-03T14:44:16+00:00","description":"Alarme de benne relev\u00e9e TipTRONIK: TP2-G module filaire avec GPS pour camion dompeur","breadcrumb":{"@id":"https:\/\/revtronik.com\/product\/tp2-g\/#breadcrumb"},"inLanguage":"fr-CA","potentialAction":[{"@type":"ReadAction","target":["https:\/\/revtronik.com\/product\/tp2-g\/"]}]},{"@type":"ImageObject","inLanguage":"fr-CA","@id":"https:\/\/revtronik.com\/product\/tp2-g\/#primaryimage","url":"https:\/\/revtronik.com\/wp-content\/uploads\/TP2-G-TipTRONIK-Dump-Truck-Tipper-Raised-tip-Alarm-Warning-System-WIFI-GPS-Revtronik.webp","contentUrl":"https:\/\/revtronik.com\/wp-content\/uploads\/TP2-G-TipTRONIK-Dump-Truck-Tipper-Raised-tip-Alarm-Warning-System-WIFI-GPS-Revtronik.webp","width":1000,"height":1000,"caption":"TP2 G TipTRONIK Dump Truck Tipper Raised tip Alarm Warning System WIFI GPS Revtronik"},{"@type":"BreadcrumbList","@id":"https:\/\/revtronik.com\/product\/tp2-g\/#breadcrumb","itemListElement":[{"@type":"ListItem","position":1,"name":"Accueil","item":"https:\/\/revtronik.com\/"},{"@type":"ListItem","position":2,"name":"Shop","item":"https:\/\/revtronik.com\/shop\/"},{"@type":"ListItem","position":3,"name":"TipTRONIK","item":"https:\/\/revtronik.com\/product-category\/tiptronik\/"},{"@type":"ListItem","position":4,"name":"TIPTRONIK TP2-G: WIRED MODULE with GPS for DUMP TRUCK"}]},{"@type":"WebSite","@id":"https:\/\/revtronik.com\/#website","url":"https:\/\/revtronik.com\/","name":"REVTRONIK.com","description":"Smart Trucking Products","publisher":{"@id":"https:\/\/revtronik.com\/#organization"},"potentialAction":[{"@type":"SearchAction","target":{"@type":"EntryPoint","urlTemplate":"https:\/\/revtronik.com\/?s={search_term_string}"},"query-input":{"@type":"PropertyValueSpecification","valueRequired":true,"valueName":"search_term_string"}}],"inLanguage":"fr-CA"},{"@type":"Organization","@id":"https:\/\/revtronik.com\/#organization","name":"RevTronik inc.","url":"https:\/\/revtronik.com\/","logo":{"@type":"ImageObject","inLanguage":"fr-CA","@id":"https:\/\/revtronik.com\/#\/schema\/logo\/image\/","url":"https:\/\/revtronik.com\/wp-content\/uploads\/MS-revtronik-Banner-trucking-products-solutions-and-racing-division-performance.webp","contentUrl":"https:\/\/revtronik.com\/wp-content\/uploads\/MS-revtronik-Banner-trucking-products-solutions-and-racing-division-performance.webp","width":1200,"height":675,"caption":"RevTronik inc."},"image":{"@id":"https:\/\/revtronik.com\/#\/schema\/logo\/image\/"},"sameAs":["https:\/\/www.facebook.com\/revtronik","https:\/\/www.youtube.com\/channel\/UCiXuXHlfSRJmUqmJbOoc2wQ","https:\/\/www.linkedin.com\/company\/revtronik-inc-\/"],"description":"Des produits de haute qualit\u00e9, faciles \u00e0 utiliser et rentables, qui r\u00e9pondent aux exigences actuelles et futures de l'industrie du camionnage.","email":"info@revtronik.com","telephone":"+1 819 870-2331","legalName":"Revtronik inc.","foundingDate":"2014-10-26","numberOfEmployees":{"@type":"QuantitativeValue","minValue":"1","maxValue":"10"}}]},"product_price_currency":"CAD","og_availability":"instock","product_availability":"instock","product_retailer_item_id":"TP2-G","product_condition":"new"},"_links":{"self":[{"href":"https:\/\/revtronik.com\/fr\/wp-json\/wp\/v2\/product\/4714","targetHints":{"allow":["GET"]}}],"collection":[{"href":"https:\/\/revtronik.com\/fr\/wp-json\/wp\/v2\/product"}],"about":[{"href":"https:\/\/revtronik.com\/fr\/wp-json\/wp\/v2\/types\/product"}],"wp:featuredmedia":[{"embeddable":true,"href":"https:\/\/revtronik.com\/fr\/wp-json\/wp\/v2\/media\/4699"}],"wp:attachment":[{"href":"https:\/\/revtronik.com\/fr\/wp-json\/wp\/v2\/media?parent=4714"}],"wp:term":[{"taxonomy":"product_brand","embeddable":true,"href":"https:\/\/revtronik.com\/fr\/wp-json\/wp\/v2\/product_brand?post=4714"},{"taxonomy":"product_cat","embeddable":true,"href":"https:\/\/revtronik.com\/fr\/wp-json\/wp\/v2\/product_cat?post=4714"},{"taxonomy":"product_tag","embeddable":true,"href":"https:\/\/revtronik.com\/fr\/wp-json\/wp\/v2\/product_tag?post=4714"}],"curies":[{"name":"wp","href":"https:\/\/api.w.org\/{rel}","templated":true}]}}