{"id":4710,"date":"2023-02-06T17:01:35","date_gmt":"2023-02-06T21:01:35","guid":{"rendered":"https:\/\/revtronik.com\/?post_type=product&#038;p=4710"},"modified":"2025-09-08T03:02:03","modified_gmt":"2025-09-08T07:02:03","slug":"tp-ae","status":"publish","type":"product","link":"https:\/\/revtronik.com\/fr\/product\/tp-ae\/","title":{"rendered":"TP-AE: ANTENNE EXTERNE WIFI EXTRA POUR LES TIPTRONIK COMPATIBLES"},"content":{"rendered":"<p><div class=\"fl-builder-content fl-builder-content-8303 fl-builder-template fl-builder-module-template fl-builder-global-templates-locked\" data-post-id=\"8303\"><div class=\"fl-module fl-module-info-box fl-node-0ghyf5dunsz2\" data-node=\"0ghyf5dunsz2\">\n\t<div class=\"fl-module-content fl-node-content\">\n\t\t<div class=\"uabb-module-content uabb-infobox infobox-left infobox-responsive-left infobox-has-icon infobox-icon-above-title\">\n\t<div class=\"uabb-infobox-left-right-wrap\">\n\t<div class=\"uabb-infobox-content\">\n\t\t\t<div class=\"uabb-module-content uabb-imgicon-wrap\">\t\t\t\t<span class=\"uabb-icon-wrap\">\n\t\t\t<span class=\"uabb-icon\">\n\t\t\t<i class=\"far fa-signal-stream\" aria-hidden=\"true\"><\/i>\n\t\t\t<\/span>\n\t\t<\/span>\n\t\n\t\t<\/div><div class='uabb-infobox-title-wrap'><h4 class=\"uabb-infobox-title translation-block\">INSTALLATION<br>DE L'ANTENNE<\/h4><\/div><div class=\"uabb-infobox-separator\"><div class=\"uabb-module-content uabb-separator-parent\">\n\t<div class=\"uabb-separator\"><\/div>\n<\/div>\n<\/div>\t\t\t<div class=\"uabb-infobox-text-wrap\">\n\t\t\t\t<div class=\"uabb-infobox-text uabb-text-editor\"><p>L'installation de notre TipTRONIK est v\u00e9ritablement l'une des plus simples et des plus rapides de sa cat\u00e9gorie. Pour une installation rapide, tout est inclus dans la bo\u00eete.<\/p>\n<p><strong>*<\/strong>Compte tenu de la masse m\u00e9tallique d'une benne qui peut interf\u00e9rer avec la puissance du signal dans certaines conditions, veillez \u00e0 trouver l'emplacement le plus efficace et le plus s\u00fbr sur la remorque et branchez-le \u00e0 votre module TipTRONIK.<\/p>\n<\/div>\t\t\t<\/div>\n\t\t\t\t\t\t<\/div>\t<\/div>\n<\/div>\n\t<\/div>\n<\/div>\n<\/div><div class=\"uabb-js-breakpoint\" style=\"display: none;\"><\/div><br \/>\n<div class=\"fl-builder-content fl-builder-content-6709 fl-builder-template fl-builder-module-template fl-builder-global-templates-locked\" data-post-id=\"6709\"><div class=\"fl-module fl-module-info-box fl-node-82c45fk9tuxh\" data-node=\"82c45fk9tuxh\">\n\t<div class=\"fl-module-content fl-node-content\">\n\t\t<div class=\"uabb-module-content uabb-infobox infobox-center infobox-responsive-center infobox-has-photo infobox-photo-above-title\">\n\t<div class=\"uabb-infobox-left-right-wrap\">\n\t<a href=\"https:\/\/revtronik.com\/dealer-and-distributor\/\" target=\"_self\"  class=\"uabb-infobox-module-link\" aria-label=\"Go to https:\/\/revtronik.com\/dealer-and-distributor\/\"><\/a><div class=\"uabb-infobox-content\">\n\t\t\t<div class=\"uabb-module-content uabb-imgicon-wrap\">\t\t\n\t\t\t\t\t<div class=\"uabb-image\t\t uabb-image-crop-simple\" itemscope itemtype=\"https:\/\/schema.org\/ImageObject\">\n\t\t\t<div class=\"uabb-image-content\">\n\t\t\t\t<img loading=\"lazy\" decoding=\"async\" width=\"202\" height=\"202\" class=\"uabb-photo-img wp-image-8119 size-full\" src=\"https:\/\/revtronik.com\/wp-content\/uploads\/Approved-Certified-Icon-TipTronik-Trailer-Dumper-Box-Tipper-Raised-Alarm-GPS-WIFI-Revtronik.svg\" alt=\"Approved Certified Icon TipTronik Trailer Dumper Box Tipper Raised Alarm GPS WIFI Revtronik\" title=\"Approved Certified Icon TipTronik Trailer Dumper Box Tipper Raised Alarm GPS WIFI Revtronik\" itemprop=\"image\"\/>\n\t\t\t<\/div>\n\t\t<\/div>\n\n\t\t<\/div><div class='uabb-infobox-title-wrap'><h4 class=\"uabb-infobox-title\">INSTALLATIONS<br>APPROUV\u00c9ES<br><span style=\"color: #fff\">.<\/h4><\/div><div class=\"uabb-infobox-separator\"><div class=\"uabb-module-content uabb-separator-parent\">\n\t<div class=\"uabb-separator\"><\/div>\n<\/div>\n<\/div>\t\t\t<div class=\"uabb-infobox-text-wrap\">\n\t\t\t\t<div class=\"uabb-infobox-text uabb-text-editor\"><p>Bien que notre syst\u00e8me se caract\u00e9rise par une installation simple et rapide, nous recommandons fortement une installation professionnelle par un technicien certifi\u00e9 pour une s\u00e9curit\u00e9 et des performances optimales. Avec <strong><a href=\"https:\/\/revtronik.com\/fr\/dealer-and-distributor\/\">plus de 200 distributeurs RevTronik agr\u00e9\u00e9s \u00e0 travers le Canada et les Usa,<\/a><\/strong>Il y a assur\u00e9ment un installateur qualifi\u00e9 pr\u00e8s de chez vous pour vous aider !<\/p>\n<p class=\"p1\" style=\"text-align: center;\"><span style=\"font-size: 16px;\"><strong><span class=\"s1\"><a href=\"http:\/\/revtronik.com\/dealer-and-distributor\/\">TROUVEZ VOTRE DISTRIBUTEUR AGR\u00c9\u00c9<br \/>EN UN CLIC !<\/a><\/span><\/strong><\/span><\/p>\n<\/div>\t\t\t<\/div>\n\t\t\t\t\t\t<\/div>\t<\/div>\n<\/div>\n\t<\/div>\n<\/div>\n<\/div><div class=\"uabb-js-breakpoint\" style=\"display: none;\"><\/div><br \/>\n<div class=\"fl-builder-content fl-builder-content-6717 fl-builder-template fl-builder-module-template fl-builder-global-templates-locked\" data-post-id=\"6717\"><div class=\"fl-module fl-module-info-box fl-node-mvxwtgnsic6h\" data-node=\"mvxwtgnsic6h\">\n\t<div class=\"fl-module-content fl-node-content\">\n\t\t<div class=\"uabb-module-content uabb-infobox infobox-center infobox-responsive-center infobox-has-photo infobox-photo-above-title\">\n\t<div class=\"uabb-infobox-left-right-wrap\">\n\t<a href=\"https:\/\/revtronik.com\/dealer-and-distributor\/\" target=\"_self\"  class=\"uabb-infobox-module-link\" aria-label=\"Go to https:\/\/revtronik.com\/dealer-and-distributor\/\"><\/a><div class=\"uabb-infobox-content\">\n\t\t\t<div class=\"uabb-module-content uabb-imgicon-wrap\">\t\t\n\t\t\t\t\t<div class=\"uabb-image\t\t uabb-image-crop-simple\" itemscope itemtype=\"https:\/\/schema.org\/ImageObject\">\n\t\t\t<div class=\"uabb-image-content\">\n\t\t\t\t<img loading=\"lazy\" decoding=\"async\" width=\"800\" height=\"558\" class=\"uabb-photo-img wp-image-256 size-full\" src=\"https:\/\/revtronik.com\/wp-content\/uploads\/Map-Pin-Revtronik.svg\" alt=\"Map Pin Revtronik\" title=\"Map Pin Revtronik\" itemprop=\"image\"\/>\n\t\t\t<\/div>\n\t\t<\/div>\n\n\t\t<\/div><div class='uabb-infobox-title-wrap'><\/div>\t\t<\/div>\t<\/div>\n<\/div>\n\t<\/div>\n<\/div>\n<\/div><div class=\"uabb-js-breakpoint\" style=\"display: none;\"><\/div><\/p>","protected":false},"excerpt":{"rendered":"[fl_builder_insert_layout id=6741]\n<h3 class=\"ai-optimize-25\" style=\"text-align: center;\">WIFI EXTERNAL ANTENNA EXTENDER<br \/>\nFOR DUMP TRUCK WITH PUP TRAILER<\/h3>\n<p style=\"text-align: center;\"><img loading=\"lazy\" decoding=\"async\" class=\"alignnone wp-image-4508 size-medium\" title=\"Dump Trucks RevTronik 1\" src=\"https:\/\/revtronik.com\/wp-content\/uploads\/Dump-Trucks-Pop-Trailer-RevTronik-600x206.webp\" alt=\"Dump Trucks Pop Trailer RevTronik\" width=\"600\" height=\"206\" srcset=\"https:\/\/revtronik.com\/wp-content\/uploads\/Dump-Trucks-Pop-Trailer-RevTronik-600x206.webp 600w, https:\/\/revtronik.com\/wp-content\/uploads\/Dump-Trucks-Pop-Trailer-RevTronik-300x103.webp 300w, https:\/\/revtronik.com\/wp-content\/uploads\/Dump-Trucks-Pop-Trailer-RevTronik-768x264.webp 768w, https:\/\/revtronik.com\/wp-content\/uploads\/Dump-Trucks-Pop-Trailer-RevTronik-18x6.webp 18w, https:\/\/revtronik.com\/wp-content\/uploads\/Dump-Trucks-Pop-Trailer-RevTronik.webp 1000w\" sizes=\"auto, (max-width: 600px) 100vw, 600px\" \/><\/p>\n<p>This Wifi External Antenna Extender is used with the addition of a Pup Trailer on a dump truck and some trailer-truck setups for TipTRONIK TP2, TP3 and TP4 series.<\/p>\n<p>* Considering the metal mass of the box which may interfere with the signal strength of the trailer on specific conditions, be sure to find the most efficient and safe spot on the trailer and plug it into your TipTRONIK module.<\/p>\n","protected":false},"featured_media":8301,"template":"","meta":{"_acf_changed":false,"site-sidebar-layout":"default","site-content-layout":"","ast-site-content-layout":"default","site-content-style":"default","site-sidebar-style":"default","ast-global-header-display":"","ast-banner-title-visibility":"","ast-main-header-display":"","ast-hfb-above-header-display":"","ast-hfb-below-header-display":"","ast-hfb-mobile-header-display":"","site-post-title":"","ast-breadcrumbs-content":"","ast-featured-img":"","footer-sml-layout":"","ast-disable-related-posts":"","theme-transparent-header-meta":"default","adv-header-id-meta":"","stick-header-meta":"","header-above-stick-meta":"","header-main-stick-meta":"","header-below-stick-meta":"","astra-migrate-meta-layouts":"set","ast-page-background-enabled":"default","ast-page-background-meta":{"desktop":{"background-color":"var(--ast-global-color-4)","background-image":"","background-repeat":"repeat","background-position":"center center","background-size":"auto","background-attachment":"scroll","background-type":"","background-media":"","overlay-type":"","overlay-color":"","overlay-opacity":"","overlay-gradient":""},"tablet":{"background-color":"","background-image":"","background-repeat":"repeat","background-position":"center center","background-size":"auto","background-attachment":"scroll","background-type":"","background-media":"","overlay-type":"","overlay-color":"","overlay-opacity":"","overlay-gradient":""},"mobile":{"background-color":"","background-image":"","background-repeat":"repeat","background-position":"center center","background-size":"auto","background-attachment":"scroll","background-type":"","background-media":"","overlay-type":"","overlay-color":"","overlay-opacity":"","overlay-gradient":""}},"ast-content-background-meta":{"desktop":{"background-color":"var(--ast-global-color-5)","background-image":"","background-repeat":"repeat","background-position":"center center","background-size":"auto","background-attachment":"scroll","background-type":"","background-media":"","overlay-type":"","overlay-color":"","overlay-opacity":"","overlay-gradient":""},"tablet":{"background-color":"var(--ast-global-color-5)","background-image":"","background-repeat":"repeat","background-position":"center center","background-size":"auto","background-attachment":"scroll","background-type":"","background-media":"","overlay-type":"","overlay-color":"","overlay-opacity":"","overlay-gradient":""},"mobile":{"background-color":"var(--ast-global-color-5)","background-image":"","background-repeat":"repeat","background-position":"center center","background-size":"auto","background-attachment":"scroll","background-type":"","background-media":"","overlay-type":"","overlay-color":"","overlay-opacity":"","overlay-gradient":""}}},"product_brand":[],"product_cat":[36],"product_tag":[119],"class_list":{"0":"post-4710","1":"product","2":"type-product","3":"status-publish","4":"has-post-thumbnail","6":"product_cat-tiptronik","7":"product_tag-tiptronik-parts","8":"desktop-align-left","9":"tablet-align-left","10":"mobile-align-left","12":"first","13":"instock","14":"shipping-taxable","15":"product-type-simple"},"acf":[],"yoast_head":"<!-- This site is optimized with the Yoast SEO Premium plugin v27.3 (Yoast SEO v27.5) - https:\/\/yoast.com\/product\/yoast-seo-premium-wordpress\/ -->\n<title>TIPTRONIK WIFI EXTERNAL ANTENNA EXTENDER<\/title>\n<meta name=\"description\" content=\"WIFI EXTERNAL ANTENNA EXTENDER used with the addition of a Pup Trailer on a dump truck and some trailer-truck setups for TipTRONIK TP2, TP3 and TP4.\" \/>\n<meta name=\"robots\" content=\"index, follow, max-snippet:-1, max-image-preview:large, max-video-preview:-1\" \/>\n<link rel=\"canonical\" href=\"https:\/\/revtronik.com\/fr\/product\/tp-ae\/\" \/>\n<meta property=\"og:locale\" content=\"fr_CA\" \/>\n<meta property=\"og:type\" content=\"article\" \/>\n<meta property=\"og:title\" content=\"TIPTRONIK WIFI EXTERNAL ANTENNA EXTENDER - REVTRONIK.com %\" \/>\n<meta property=\"og:description\" content=\"WIFI EXTERNAL ANTENNA EXTENDER used with the addition of a Pup Trailer on a dump truck and some trailer-truck setups for TipTRONIK TP2, TP3 and TP4.\" \/>\n<meta property=\"og:url\" content=\"https:\/\/revtronik.com\/fr\/product\/tp-ae\/\" \/>\n<meta property=\"og:site_name\" content=\"REVTRONIK.com\" \/>\n<meta property=\"article:publisher\" content=\"https:\/\/www.facebook.com\/revtronik\" \/>\n<meta property=\"article:modified_time\" content=\"2025-09-08T07:02:03+00:00\" \/>\n<meta property=\"og:image\" content=\"https:\/\/revtronik.com\/wp-content\/uploads\/TP2-Antenna-Dumper-Tipper-Raised-tip-Alarm-Warning-System-WIFI-GPS-Revtronik-1.webp\" \/>\n\t<meta property=\"og:image:width\" content=\"1433\" \/>\n\t<meta property=\"og:image:height\" content=\"780\" \/>\n\t<meta property=\"og:image:type\" content=\"image\/webp\" \/>\n<meta name=\"twitter:card\" content=\"summary_large_image\" \/>\n<meta name=\"twitter:label1\" content=\"Price\" \/>\n\t<meta name=\"twitter:data1\" content=\"\" \/>\n\t<meta name=\"twitter:label2\" content=\"Availability\" \/>\n\t<meta name=\"twitter:data2\" content=\"In stock\" \/>\n<script type=\"application\/ld+json\" class=\"yoast-schema-graph\">{\"@context\":\"https:\\\/\\\/schema.org\",\"@graph\":[{\"@type\":\"WebPage\",\"@id\":\"https:\\\/\\\/revtronik.com\\\/product\\\/tp-ae\\\/\",\"url\":\"https:\\\/\\\/revtronik.com\\\/product\\\/tp-ae\\\/\",\"name\":\"TIPTRONIK WIFI EXTERNAL ANTENNA EXTENDER\",\"isPartOf\":{\"@id\":\"https:\\\/\\\/revtronik.com\\\/#website\"},\"primaryImageOfPage\":{\"@id\":\"https:\\\/\\\/revtronik.com\\\/product\\\/tp-ae\\\/#primaryimage\"},\"image\":{\"@id\":\"https:\\\/\\\/revtronik.com\\\/product\\\/tp-ae\\\/#primaryimage\"},\"thumbnailUrl\":\"https:\\\/\\\/revtronik.com\\\/wp-content\\\/uploads\\\/TP2-Antenna-Dumper-Tipper-Raised-tip-Alarm-Warning-System-WIFI-GPS-Revtronik-1.webp\",\"datePublished\":\"2023-02-06T21:01:35+00:00\",\"dateModified\":\"2025-09-08T07:02:03+00:00\",\"description\":\"WIFI EXTERNAL ANTENNA EXTENDER used with the addition of a Pup Trailer on a dump truck and some trailer-truck setups for TipTRONIK TP2, TP3 and TP4.\",\"breadcrumb\":{\"@id\":\"https:\\\/\\\/revtronik.com\\\/product\\\/tp-ae\\\/#breadcrumb\"},\"inLanguage\":\"fr-CA\",\"potentialAction\":[{\"@type\":\"ReadAction\",\"target\":[\"https:\\\/\\\/revtronik.com\\\/product\\\/tp-ae\\\/\"]}]},{\"@type\":\"ImageObject\",\"inLanguage\":\"fr-CA\",\"@id\":\"https:\\\/\\\/revtronik.com\\\/product\\\/tp-ae\\\/#primaryimage\",\"url\":\"https:\\\/\\\/revtronik.com\\\/wp-content\\\/uploads\\\/TP2-Antenna-Dumper-Tipper-Raised-tip-Alarm-Warning-System-WIFI-GPS-Revtronik-1.webp\",\"contentUrl\":\"https:\\\/\\\/revtronik.com\\\/wp-content\\\/uploads\\\/TP2-Antenna-Dumper-Tipper-Raised-tip-Alarm-Warning-System-WIFI-GPS-Revtronik-1.webp\",\"width\":1433,\"height\":780,\"caption\":\"TP2 Antenna Dumper Tipper Raised tip Alarm Warning System WIFI GPS Revtronik\"},{\"@type\":\"BreadcrumbList\",\"@id\":\"https:\\\/\\\/revtronik.com\\\/product\\\/tp-ae\\\/#breadcrumb\",\"itemListElement\":[{\"@type\":\"ListItem\",\"position\":1,\"name\":\"Accueil\",\"item\":\"https:\\\/\\\/revtronik.com\\\/\"},{\"@type\":\"ListItem\",\"position\":2,\"name\":\"Shop\",\"item\":\"https:\\\/\\\/revtronik.com\\\/?page_id=1916\"},{\"@type\":\"ListItem\",\"position\":3,\"name\":\"TipTRONIK\",\"item\":\"https:\\\/\\\/revtronik.com\\\/product-category\\\/tiptronik\\\/\"},{\"@type\":\"ListItem\",\"position\":4,\"name\":\"TIPTRONIK WIFI EXTERNAL ANTENNA EXTENDER\"}]},{\"@type\":\"WebSite\",\"@id\":\"https:\\\/\\\/revtronik.com\\\/#website\",\"url\":\"https:\\\/\\\/revtronik.com\\\/\",\"name\":\"REVTRONIK.com\",\"description\":\"Smart Trucking Products\",\"publisher\":{\"@id\":\"https:\\\/\\\/revtronik.com\\\/#organization\"},\"potentialAction\":[{\"@type\":\"SearchAction\",\"target\":{\"@type\":\"EntryPoint\",\"urlTemplate\":\"https:\\\/\\\/revtronik.com\\\/?s={search_term_string}\"},\"query-input\":{\"@type\":\"PropertyValueSpecification\",\"valueRequired\":true,\"valueName\":\"search_term_string\"}}],\"inLanguage\":\"fr-CA\"},{\"@type\":\"Organization\",\"@id\":\"https:\\\/\\\/revtronik.com\\\/#organization\",\"name\":\"RevTronik inc.\",\"url\":\"https:\\\/\\\/revtronik.com\\\/\",\"logo\":{\"@type\":\"ImageObject\",\"inLanguage\":\"fr-CA\",\"@id\":\"https:\\\/\\\/revtronik.com\\\/#\\\/schema\\\/logo\\\/image\\\/\",\"url\":\"https:\\\/\\\/revtronik.com\\\/wp-content\\\/uploads\\\/MS-revtronik-Banner-trucking-products-solutions-and-racing-division-performance.webp\",\"contentUrl\":\"https:\\\/\\\/revtronik.com\\\/wp-content\\\/uploads\\\/MS-revtronik-Banner-trucking-products-solutions-and-racing-division-performance.webp\",\"width\":1200,\"height\":675,\"caption\":\"RevTronik inc.\"},\"image\":{\"@id\":\"https:\\\/\\\/revtronik.com\\\/#\\\/schema\\\/logo\\\/image\\\/\"},\"sameAs\":[\"https:\\\/\\\/www.facebook.com\\\/revtronik\",\"https:\\\/\\\/www.youtube.com\\\/channel\\\/UCiXuXHlfSRJmUqmJbOoc2wQ\",\"https:\\\/\\\/www.linkedin.com\\\/company\\\/revtronik-inc-\\\/\"],\"description\":\"Meet present and future truck industry requirements with user friendly, high quality and cost effective products !\",\"email\":\"info@revtronik.com\",\"telephone\":\"+1 819 870-2331\",\"legalName\":\"Revtronik inc.\",\"foundingDate\":\"2014-10-26\",\"numberOfEmployees\":{\"@type\":\"QuantitativeValue\",\"minValue\":\"1\",\"maxValue\":\"10\"}}]}<\/script>\n<meta property=\"product:price:currency\" content=\"CAD\" \/>\n<meta property=\"og:availability\" content=\"instock\" \/>\n<meta property=\"product:availability\" content=\"instock\" \/>\n<meta property=\"product:retailer_item_id\" content=\"TP-AE\" \/>\n<meta property=\"product:condition\" content=\"new\" \/>\n<!-- \/ Yoast SEO Premium plugin. -->","yoast_head_json":{"title":"TP-AE: ANTENNE EXTERNE WIFI EXTRA POUR LES TIPTRONIK COMPATIBLES","description":"WIFI EXTERNAL ANTENNA EXTENDER used with the addition of a Pup Trailer on a dump truck and some trailer-truck setups for TipTRONIK TP2, TP3 and TP4.","robots":{"index":"index","follow":"follow","max-snippet":"max-snippet:-1","max-image-preview":"max-image-preview:large","max-video-preview":"max-video-preview:-1"},"canonical":"https:\/\/revtronik.com\/fr\/product\/tp-ae\/","og_locale":"fr_CA","og_type":"article","og_title":"TIPTRONIK WIFI EXTERNAL ANTENNA EXTENDER - REVTRONIK.com %","og_description":"WIFI EXTERNAL ANTENNA EXTENDER used with the addition of a Pup Trailer on a dump truck and some trailer-truck setups for TipTRONIK TP2, TP3 and TP4.","og_url":"https:\/\/revtronik.com\/fr\/product\/tp-ae\/","og_site_name":"REVTRONIK.com","article_publisher":"https:\/\/www.facebook.com\/revtronik","article_modified_time":"2025-09-08T07:02:03+00:00","og_image":[{"width":1433,"height":780,"url":"https:\/\/revtronik.com\/wp-content\/uploads\/TP2-Antenna-Dumper-Tipper-Raised-tip-Alarm-Warning-System-WIFI-GPS-Revtronik-1.webp","type":"image\/webp"}],"twitter_card":"summary_large_image","twitter_misc":{"Price":"","Availability":"In stock"},"schema":{"@context":"https:\/\/schema.org","@graph":[{"@type":"WebPage","@id":"https:\/\/revtronik.com\/product\/tp-ae\/","url":"https:\/\/revtronik.com\/product\/tp-ae\/","name":"TP-AE: ANTENNE EXTERNE WIFI EXTRA POUR LES TIPTRONIK COMPATIBLES","isPartOf":{"@id":"https:\/\/revtronik.com\/#website"},"primaryImageOfPage":{"@id":"https:\/\/revtronik.com\/product\/tp-ae\/#primaryimage"},"image":{"@id":"https:\/\/revtronik.com\/product\/tp-ae\/#primaryimage"},"thumbnailUrl":"https:\/\/revtronik.com\/wp-content\/uploads\/TP2-Antenna-Dumper-Tipper-Raised-tip-Alarm-Warning-System-WIFI-GPS-Revtronik-1.webp","datePublished":"2023-02-06T21:01:35+00:00","dateModified":"2025-09-08T07:02:03+00:00","description":"WIFI EXTERNAL ANTENNA EXTENDER used with the addition of a Pup Trailer on a dump truck and some trailer-truck setups for TipTRONIK TP2, TP3 and TP4.","breadcrumb":{"@id":"https:\/\/revtronik.com\/product\/tp-ae\/#breadcrumb"},"inLanguage":"fr-CA","potentialAction":[{"@type":"ReadAction","target":["https:\/\/revtronik.com\/product\/tp-ae\/"]}]},{"@type":"ImageObject","inLanguage":"fr-CA","@id":"https:\/\/revtronik.com\/product\/tp-ae\/#primaryimage","url":"https:\/\/revtronik.com\/wp-content\/uploads\/TP2-Antenna-Dumper-Tipper-Raised-tip-Alarm-Warning-System-WIFI-GPS-Revtronik-1.webp","contentUrl":"https:\/\/revtronik.com\/wp-content\/uploads\/TP2-Antenna-Dumper-Tipper-Raised-tip-Alarm-Warning-System-WIFI-GPS-Revtronik-1.webp","width":1433,"height":780,"caption":"TP2 Antenna Dumper Tipper Raised tip Alarm Warning System WIFI GPS Revtronik"},{"@type":"BreadcrumbList","@id":"https:\/\/revtronik.com\/product\/tp-ae\/#breadcrumb","itemListElement":[{"@type":"ListItem","position":1,"name":"Accueil","item":"https:\/\/revtronik.com\/"},{"@type":"ListItem","position":2,"name":"Shop","item":"https:\/\/revtronik.com\/?page_id=1916"},{"@type":"ListItem","position":3,"name":"TipTRONIK","item":"https:\/\/revtronik.com\/product-category\/tiptronik\/"},{"@type":"ListItem","position":4,"name":"TIPTRONIK WIFI EXTERNAL ANTENNA EXTENDER"}]},{"@type":"WebSite","@id":"https:\/\/revtronik.com\/#website","url":"https:\/\/revtronik.com\/","name":"REVTRONIK.com","description":"Smart Trucking Products","publisher":{"@id":"https:\/\/revtronik.com\/#organization"},"potentialAction":[{"@type":"SearchAction","target":{"@type":"EntryPoint","urlTemplate":"https:\/\/revtronik.com\/?s={search_term_string}"},"query-input":{"@type":"PropertyValueSpecification","valueRequired":true,"valueName":"search_term_string"}}],"inLanguage":"fr-CA"},{"@type":"Organization","@id":"https:\/\/revtronik.com\/#organization","name":"RevTronik inc.","url":"https:\/\/revtronik.com\/","logo":{"@type":"ImageObject","inLanguage":"fr-CA","@id":"https:\/\/revtronik.com\/#\/schema\/logo\/image\/","url":"https:\/\/revtronik.com\/wp-content\/uploads\/MS-revtronik-Banner-trucking-products-solutions-and-racing-division-performance.webp","contentUrl":"https:\/\/revtronik.com\/wp-content\/uploads\/MS-revtronik-Banner-trucking-products-solutions-and-racing-division-performance.webp","width":1200,"height":675,"caption":"RevTronik inc."},"image":{"@id":"https:\/\/revtronik.com\/#\/schema\/logo\/image\/"},"sameAs":["https:\/\/www.facebook.com\/revtronik","https:\/\/www.youtube.com\/channel\/UCiXuXHlfSRJmUqmJbOoc2wQ","https:\/\/www.linkedin.com\/company\/revtronik-inc-\/"],"description":"Des produits de haute qualit\u00e9, faciles \u00e0 utiliser et rentables, qui r\u00e9pondent aux exigences actuelles et futures de l'industrie du camionnage.","email":"info@revtronik.com","telephone":"+1 819 870-2331","legalName":"Revtronik inc.","foundingDate":"2014-10-26","numberOfEmployees":{"@type":"QuantitativeValue","minValue":"1","maxValue":"10"}}]},"product_price_currency":"CAD","og_availability":"instock","product_availability":"instock","product_retailer_item_id":"TP-AE","product_condition":"new"},"_links":{"self":[{"href":"https:\/\/revtronik.com\/fr\/wp-json\/wp\/v2\/product\/4710","targetHints":{"allow":["GET"]}}],"collection":[{"href":"https:\/\/revtronik.com\/fr\/wp-json\/wp\/v2\/product"}],"about":[{"href":"https:\/\/revtronik.com\/fr\/wp-json\/wp\/v2\/types\/product"}],"wp:featuredmedia":[{"embeddable":true,"href":"https:\/\/revtronik.com\/fr\/wp-json\/wp\/v2\/media\/8301"}],"wp:attachment":[{"href":"https:\/\/revtronik.com\/fr\/wp-json\/wp\/v2\/media?parent=4710"}],"wp:term":[{"taxonomy":"product_brand","embeddable":true,"href":"https:\/\/revtronik.com\/fr\/wp-json\/wp\/v2\/product_brand?post=4710"},{"taxonomy":"product_cat","embeddable":true,"href":"https:\/\/revtronik.com\/fr\/wp-json\/wp\/v2\/product_cat?post=4710"},{"taxonomy":"product_tag","embeddable":true,"href":"https:\/\/revtronik.com\/fr\/wp-json\/wp\/v2\/product_tag?post=4710"}],"curies":[{"name":"wp","href":"https:\/\/api.w.org\/{rel}","templated":true}]}}