{"id":4656,"date":"2023-02-02T20:37:30","date_gmt":"2023-02-03T00:37:30","guid":{"rendered":"https:\/\/revtronik.com\/?post_type=product&#038;p=4656"},"modified":"2025-10-03T11:34:05","modified_gmt":"2025-10-03T15:34:05","slug":"tp3-stk","status":"publish","type":"product","link":"https:\/\/revtronik.com\/fr\/product\/tp3-stk\/","title":{"rendered":"TipTRONIK TP3-STK: MODULE DE CABINE SANS-FIL WIFI"},"content":{"rendered":"<h4>INSTALLATION #1<\/h4>\n<p>L'installation de notre TipTRONIK est vraiment l'une des plus simples et des plus rapides de sa cat\u00e9gorie. Pour une installation rapide, tout est inclus dans la bo\u00eete. Il suffit de choisir votre endroit pr\u00e9f\u00e9r\u00e9 \u00e0 l\u2019int\u00e9rieur de la console du camion et de le brancher \u00e0 une source d'alimentation de type ignition au module WiFi et votre installation est termin\u00e9e. Avec un ensemble mobile install\u00e9 sur la console, vous pouvez installer un camion en moins d\u2019une minute!<\/p>\n<h4>INSTALLATION CERTIFI\u00c9E<\/h4>\n<p>M\u00eame si le syst\u00e8me est simple et rapide \u00e0 installer, par mesure de pr\u00e9vention et de s\u00e9curit\u00e9 totale, nous vous conseillons une installation effectu\u00e9e par un professionnel accr\u00e9dit\u00e9.<\/p>\n<p>Un de nos 200 Distributeurs RevTronik Pancanadiens Autoris\u00e9s est toujours bien plus pr\u00e8s de vous que vous ne le pensez.<\/p>\n<hr \/>\n<p style=\"text-align: center;\"><strong><a href=\"https:\/\/revtronik.com\/dealer-and-distributor\/\">G\u00e9olocalisez votre distributeur autoris\u00e9 par ici, en un seul clic !<\/a><\/strong><\/p>\n<p><span style=\"color: #0000ff;\"><a href=\"https:\/\/revtronik.com\/fr\/dealer-and-distributor\/\"><img loading=\"lazy\" decoding=\"async\" class=\"alignnone wp-image-256 aligncenter\" title=\"Map Pin Revtronik\" role=\"img\" src=\"https:\/\/revtronik.com\/wp-content\/uploads\/Map-Pin-Revtronik.svg\" alt=\"Map Pin Revtronik\" width=\"417\" height=\"291\" \/><\/a><\/span><\/p>","protected":false},"excerpt":{"rendered":"<h4 style=\"text-align: center;\">TIPTRONIK TP3-STK WIRELESS WIFI CAB MODULE without gps<br \/>\n*ONLY WORKS WITH TIPTRONIK TP3 WIRELESS TRAILER SYSTEM*<\/h4>\n<p><strong>The TP3-STK<\/strong> includes the electronics box with two sets of wiring available for quick and easy installation. It&#8217;s also possible to put a wired installation to have a hybrid system working with or without wire.<\/p>\n<p><strong>Our TP3 series<\/strong> is our best seller, because in addition to including all the advantages of the TP2, it has our innovative Wifi-TRONIK wireless communication technology which greatly facilitates and speeds up its installation. NO WIRE BETWEEN TRUCK AND TRAILER. In addition, the WIFI function allows you to communicate remotely with your module. Even without the use of trailers, this precious communication makes it possible to program the module remotely with a computer, to make updates, to activate or deactivate current or future options. Thus, the TP3 is scalable and will follow you for a long time.<\/p>\n<p>The <a href=\"https:\/\/revtronik.com\/product\/tp-gps\/\" target=\"_blank\" rel=\"noopener\"><strong>GPS<\/strong><\/a> (*Not included in this set and available separately) allows the cut the sound of the alarm after 5 seconds of activation when the bucket is lifted. It also serves the time, date and geographical position when the events are recorded in our black boxes. It can also be used to start from speed alarms, suspension suspension dropped, etc ..all programmable and modifiable by the user.<\/p>\n<p><strong>The main advantage of the wireless system is that any truck with a TP3 in the cab can synchronize to a trailer in less than 15 seconds. Guest trucks can even use a TP3-Portable and truck-to-truck module to be up and running and protected in seconds..<\/strong><\/p>\n<ul>\n<li>\u00a0Speed detection adjustable in seconds (3, 6, 9, 12 km\/h)<\/li>\n<li>User-programmable options with a computer<\/li>\n<li>Event recording system (black box)<\/li>\n<\/ul>\n<p>*Note that you can choose or add all the components of this set individually on this page to complete your needs.<\/p>\n<hr \/>\n<h4>SEPARATED ITEMS FROM THIS KIT:<\/h4>\n[products ids=\"4639,4638,\" columns=\"3\"]\n","protected":false},"featured_media":4635,"template":"","meta":{"_acf_changed":false,"site-sidebar-layout":"default","site-content-layout":"","ast-site-content-layout":"default","site-content-style":"default","site-sidebar-style":"default","ast-global-header-display":"","ast-banner-title-visibility":"","ast-main-header-display":"","ast-hfb-above-header-display":"","ast-hfb-below-header-display":"","ast-hfb-mobile-header-display":"","site-post-title":"","ast-breadcrumbs-content":"","ast-featured-img":"","footer-sml-layout":"","ast-disable-related-posts":"","theme-transparent-header-meta":"","adv-header-id-meta":"","stick-header-meta":"","header-above-stick-meta":"","header-main-stick-meta":"","header-below-stick-meta":"","astra-migrate-meta-layouts":"default","ast-page-background-enabled":"default","ast-page-background-meta":{"desktop":{"background-color":"var(--ast-global-color-4)","background-image":"","background-repeat":"repeat","background-position":"center center","background-size":"auto","background-attachment":"scroll","background-type":"","background-media":"","overlay-type":"","overlay-color":"","overlay-opacity":"","overlay-gradient":""},"tablet":{"background-color":"","background-image":"","background-repeat":"repeat","background-position":"center center","background-size":"auto","background-attachment":"scroll","background-type":"","background-media":"","overlay-type":"","overlay-color":"","overlay-opacity":"","overlay-gradient":""},"mobile":{"background-color":"","background-image":"","background-repeat":"repeat","background-position":"center center","background-size":"auto","background-attachment":"scroll","background-type":"","background-media":"","overlay-type":"","overlay-color":"","overlay-opacity":"","overlay-gradient":""}},"ast-content-background-meta":{"desktop":{"background-color":"var(--ast-global-color-5)","background-image":"","background-repeat":"repeat","background-position":"center center","background-size":"auto","background-attachment":"scroll","background-type":"","background-media":"","overlay-type":"","overlay-color":"","overlay-opacity":"","overlay-gradient":""},"tablet":{"background-color":"var(--ast-global-color-5)","background-image":"","background-repeat":"repeat","background-position":"center center","background-size":"auto","background-attachment":"scroll","background-type":"","background-media":"","overlay-type":"","overlay-color":"","overlay-opacity":"","overlay-gradient":""},"mobile":{"background-color":"var(--ast-global-color-5)","background-image":"","background-repeat":"repeat","background-position":"center center","background-size":"auto","background-attachment":"scroll","background-type":"","background-media":"","overlay-type":"","overlay-color":"","overlay-opacity":"","overlay-gradient":""}}},"product_brand":[],"product_cat":[36],"product_tag":[34,130,150],"class_list":{"0":"post-4656","1":"product","2":"type-product","3":"status-publish","4":"has-post-thumbnail","6":"product_cat-tiptronik","7":"product_tag-tiptronik","8":"product_tag-cab-module","9":"product_tag-tiptronik--discontinued-products","10":"desktop-align-left","11":"tablet-align-left","12":"mobile-align-left","14":"first","15":"instock","16":"shipping-taxable","17":"product-type-simple"},"acf":[],"yoast_head":"<!-- This site is optimized with the Yoast SEO Premium plugin v26.5 (Yoast SEO v27.3) - https:\/\/yoast.com\/product\/yoast-seo-premium-wordpress\/ -->\n<title>TIPTRONIK TP3-STK: Wireless wifi cab module - REVTRONIK.com<\/title>\n<meta name=\"description\" content=\"TipTRONIK raised dump box alarms TP3-STK: Wifi wireless cabin module without gps.\" \/>\n<meta name=\"robots\" content=\"index, follow, max-snippet:-1, max-image-preview:large, max-video-preview:-1\" \/>\n<link rel=\"canonical\" href=\"https:\/\/revtronik.com\/fr\/product\/tp3-stk\/\" \/>\n<meta property=\"og:locale\" content=\"fr_CA\" \/>\n<meta property=\"og:type\" content=\"article\" \/>\n<meta property=\"og:title\" content=\"TIPTRONIK TP3-STK: Wireless wifi cab module - REVTRONIK.com %\" \/>\n<meta property=\"og:description\" content=\"TipTRONIK raised dump box alarms TP3-STK: Wifi wireless cabin module without gps.\" \/>\n<meta property=\"og:url\" content=\"https:\/\/revtronik.com\/fr\/product\/tp3-stk\/\" \/>\n<meta property=\"og:site_name\" content=\"REVTRONIK.com\" \/>\n<meta property=\"article:publisher\" content=\"https:\/\/www.facebook.com\/revtronik\" \/>\n<meta property=\"article:modified_time\" content=\"2025-10-03T15:34:05+00:00\" \/>\n<meta property=\"og:image\" content=\"https:\/\/revtronik.com\/wp-content\/uploads\/TP3-STK-TipTRONIK-Dumper-Tipper-Raised-tip-Alarm-Warning-System-WIFI-GPS-Revtronik.webp\" \/>\n\t<meta property=\"og:image:width\" content=\"1000\" \/>\n\t<meta property=\"og:image:height\" content=\"1000\" \/>\n\t<meta property=\"og:image:type\" content=\"image\/webp\" \/>\n<meta name=\"twitter:card\" content=\"summary_large_image\" \/>\n<meta name=\"twitter:label1\" content=\"Price\" \/>\n\t<meta name=\"twitter:data1\" content=\"\" \/>\n\t<meta name=\"twitter:label2\" content=\"Availability\" \/>\n\t<meta name=\"twitter:data2\" content=\"In stock\" \/>\n<script type=\"application\/ld+json\" class=\"yoast-schema-graph\">{\"@context\":\"https:\\\/\\\/schema.org\",\"@graph\":[{\"@type\":\"WebPage\",\"@id\":\"https:\\\/\\\/revtronik.com\\\/product\\\/tp3-stk\\\/\",\"url\":\"https:\\\/\\\/revtronik.com\\\/product\\\/tp3-stk\\\/\",\"name\":\"TIPTRONIK TP3-STK: Wireless wifi cab module - REVTRONIK.com\",\"isPartOf\":{\"@id\":\"https:\\\/\\\/revtronik.com\\\/#website\"},\"primaryImageOfPage\":{\"@id\":\"https:\\\/\\\/revtronik.com\\\/product\\\/tp3-stk\\\/#primaryimage\"},\"image\":{\"@id\":\"https:\\\/\\\/revtronik.com\\\/product\\\/tp3-stk\\\/#primaryimage\"},\"thumbnailUrl\":\"https:\\\/\\\/revtronik.com\\\/wp-content\\\/uploads\\\/TP3-STK-TipTRONIK-Dumper-Tipper-Raised-tip-Alarm-Warning-System-WIFI-GPS-Revtronik.webp\",\"datePublished\":\"2023-02-03T00:37:30+00:00\",\"dateModified\":\"2025-10-03T15:34:05+00:00\",\"description\":\"TipTRONIK raised dump box alarms TP3-STK: Wifi wireless cabin module without gps.\",\"breadcrumb\":{\"@id\":\"https:\\\/\\\/revtronik.com\\\/product\\\/tp3-stk\\\/#breadcrumb\"},\"inLanguage\":\"fr-CA\",\"potentialAction\":[{\"@type\":\"ReadAction\",\"target\":[\"https:\\\/\\\/revtronik.com\\\/product\\\/tp3-stk\\\/\"]}]},{\"@type\":\"ImageObject\",\"inLanguage\":\"fr-CA\",\"@id\":\"https:\\\/\\\/revtronik.com\\\/product\\\/tp3-stk\\\/#primaryimage\",\"url\":\"https:\\\/\\\/revtronik.com\\\/wp-content\\\/uploads\\\/TP3-STK-TipTRONIK-Dumper-Tipper-Raised-tip-Alarm-Warning-System-WIFI-GPS-Revtronik.webp\",\"contentUrl\":\"https:\\\/\\\/revtronik.com\\\/wp-content\\\/uploads\\\/TP3-STK-TipTRONIK-Dumper-Tipper-Raised-tip-Alarm-Warning-System-WIFI-GPS-Revtronik.webp\",\"width\":1000,\"height\":1000,\"caption\":\"TP3 STK TipTRONIK Dumper Tipper Raised tip Alarm Warning System WIFI GPS Revtronik\"},{\"@type\":\"BreadcrumbList\",\"@id\":\"https:\\\/\\\/revtronik.com\\\/product\\\/tp3-stk\\\/#breadcrumb\",\"itemListElement\":[{\"@type\":\"ListItem\",\"position\":1,\"name\":\"Accueil\",\"item\":\"https:\\\/\\\/revtronik.com\\\/\"},{\"@type\":\"ListItem\",\"position\":2,\"name\":\"Shop\",\"item\":\"https:\\\/\\\/revtronik.com\\\/shop\\\/\"},{\"@type\":\"ListItem\",\"position\":3,\"name\":\"TipTRONIK\",\"item\":\"https:\\\/\\\/revtronik.com\\\/product-category\\\/tiptronik\\\/\"},{\"@type\":\"ListItem\",\"position\":4,\"name\":\"TIPTRONIK TP3-STK: Wireless wifi cab module\"}]},{\"@type\":\"WebSite\",\"@id\":\"https:\\\/\\\/revtronik.com\\\/#website\",\"url\":\"https:\\\/\\\/revtronik.com\\\/\",\"name\":\"REVTRONIK.com\",\"description\":\"Smart Trucking Products\",\"publisher\":{\"@id\":\"https:\\\/\\\/revtronik.com\\\/#organization\"},\"potentialAction\":[{\"@type\":\"SearchAction\",\"target\":{\"@type\":\"EntryPoint\",\"urlTemplate\":\"https:\\\/\\\/revtronik.com\\\/?s={search_term_string}\"},\"query-input\":{\"@type\":\"PropertyValueSpecification\",\"valueRequired\":true,\"valueName\":\"search_term_string\"}}],\"inLanguage\":\"fr-CA\"},{\"@type\":\"Organization\",\"@id\":\"https:\\\/\\\/revtronik.com\\\/#organization\",\"name\":\"RevTronik inc.\",\"url\":\"https:\\\/\\\/revtronik.com\\\/\",\"logo\":{\"@type\":\"ImageObject\",\"inLanguage\":\"fr-CA\",\"@id\":\"https:\\\/\\\/revtronik.com\\\/#\\\/schema\\\/logo\\\/image\\\/\",\"url\":\"https:\\\/\\\/revtronik.com\\\/wp-content\\\/uploads\\\/MS-revtronik-Banner-trucking-products-solutions-and-racing-division-performance.webp\",\"contentUrl\":\"https:\\\/\\\/revtronik.com\\\/wp-content\\\/uploads\\\/MS-revtronik-Banner-trucking-products-solutions-and-racing-division-performance.webp\",\"width\":1200,\"height\":675,\"caption\":\"RevTronik inc.\"},\"image\":{\"@id\":\"https:\\\/\\\/revtronik.com\\\/#\\\/schema\\\/logo\\\/image\\\/\"},\"sameAs\":[\"https:\\\/\\\/www.facebook.com\\\/revtronik\",\"https:\\\/\\\/www.youtube.com\\\/channel\\\/UCiXuXHlfSRJmUqmJbOoc2wQ\",\"https:\\\/\\\/www.linkedin.com\\\/company\\\/revtronik-inc-\\\/\"],\"description\":\"Meet present and future truck industry requirements with user friendly, high quality and cost effective products !\",\"email\":\"info@revtronik.com\",\"telephone\":\"+1 819 870-2331\",\"legalName\":\"Revtronik inc.\",\"foundingDate\":\"2014-10-26\",\"numberOfEmployees\":{\"@type\":\"QuantitativeValue\",\"minValue\":\"1\",\"maxValue\":\"10\"}}]}<\/script>\n<meta property=\"product:price:currency\" content=\"CAD\" \/>\n<meta property=\"og:availability\" content=\"instock\" \/>\n<meta property=\"product:availability\" content=\"instock\" \/>\n<meta property=\"product:retailer_item_id\" content=\"TP3-STK\" \/>\n<meta property=\"product:condition\" content=\"new\" \/>\n<!-- \/ Yoast SEO Premium plugin. -->","yoast_head_json":{"title":"TipTRONIK TP3-STK: Module de cabine sans-fil Wifi sans gps - REVTRONIK.com","description":"Alarme de benne relev\u00e9e TipTRONIK TP3-STK: Module de cabine sans-fil Wifi sans gps.","robots":{"index":"index","follow":"follow","max-snippet":"max-snippet:-1","max-image-preview":"max-image-preview:large","max-video-preview":"max-video-preview:-1"},"canonical":"https:\/\/revtronik.com\/fr\/product\/tp3-stk\/","og_locale":"fr_CA","og_type":"article","og_title":"TIPTRONIK TP3-STK: Wireless wifi cab module - REVTRONIK.com %","og_description":"TipTRONIK raised dump box alarms TP3-STK: Wifi wireless cabin module without gps.","og_url":"https:\/\/revtronik.com\/fr\/product\/tp3-stk\/","og_site_name":"REVTRONIK.com","article_publisher":"https:\/\/www.facebook.com\/revtronik","article_modified_time":"2025-10-03T15:34:05+00:00","og_image":[{"width":1000,"height":1000,"url":"https:\/\/revtronik.com\/wp-content\/uploads\/TP3-STK-TipTRONIK-Dumper-Tipper-Raised-tip-Alarm-Warning-System-WIFI-GPS-Revtronik.webp","type":"image\/webp"}],"twitter_card":"summary_large_image","twitter_misc":{"Price":"","Availability":"In stock"},"schema":{"@context":"https:\/\/schema.org","@graph":[{"@type":"WebPage","@id":"https:\/\/revtronik.com\/product\/tp3-stk\/","url":"https:\/\/revtronik.com\/product\/tp3-stk\/","name":"TipTRONIK TP3-STK: Module de cabine sans-fil Wifi sans gps - REVTRONIK.com","isPartOf":{"@id":"https:\/\/revtronik.com\/#website"},"primaryImageOfPage":{"@id":"https:\/\/revtronik.com\/product\/tp3-stk\/#primaryimage"},"image":{"@id":"https:\/\/revtronik.com\/product\/tp3-stk\/#primaryimage"},"thumbnailUrl":"https:\/\/revtronik.com\/wp-content\/uploads\/TP3-STK-TipTRONIK-Dumper-Tipper-Raised-tip-Alarm-Warning-System-WIFI-GPS-Revtronik.webp","datePublished":"2023-02-03T00:37:30+00:00","dateModified":"2025-10-03T15:34:05+00:00","description":"Alarme de benne relev\u00e9e TipTRONIK TP3-STK: Module de cabine sans-fil Wifi sans gps.","breadcrumb":{"@id":"https:\/\/revtronik.com\/product\/tp3-stk\/#breadcrumb"},"inLanguage":"fr-CA","potentialAction":[{"@type":"ReadAction","target":["https:\/\/revtronik.com\/product\/tp3-stk\/"]}]},{"@type":"ImageObject","inLanguage":"fr-CA","@id":"https:\/\/revtronik.com\/product\/tp3-stk\/#primaryimage","url":"https:\/\/revtronik.com\/wp-content\/uploads\/TP3-STK-TipTRONIK-Dumper-Tipper-Raised-tip-Alarm-Warning-System-WIFI-GPS-Revtronik.webp","contentUrl":"https:\/\/revtronik.com\/wp-content\/uploads\/TP3-STK-TipTRONIK-Dumper-Tipper-Raised-tip-Alarm-Warning-System-WIFI-GPS-Revtronik.webp","width":1000,"height":1000,"caption":"TP3 STK TipTRONIK Dumper Tipper Raised tip Alarm Warning System WIFI GPS Revtronik"},{"@type":"BreadcrumbList","@id":"https:\/\/revtronik.com\/product\/tp3-stk\/#breadcrumb","itemListElement":[{"@type":"ListItem","position":1,"name":"Accueil","item":"https:\/\/revtronik.com\/"},{"@type":"ListItem","position":2,"name":"Shop","item":"https:\/\/revtronik.com\/shop\/"},{"@type":"ListItem","position":3,"name":"TipTRONIK","item":"https:\/\/revtronik.com\/product-category\/tiptronik\/"},{"@type":"ListItem","position":4,"name":"TIPTRONIK TP3-STK: Wireless wifi cab module"}]},{"@type":"WebSite","@id":"https:\/\/revtronik.com\/#website","url":"https:\/\/revtronik.com\/","name":"REVTRONIK.com","description":"Smart Trucking Products","publisher":{"@id":"https:\/\/revtronik.com\/#organization"},"potentialAction":[{"@type":"SearchAction","target":{"@type":"EntryPoint","urlTemplate":"https:\/\/revtronik.com\/?s={search_term_string}"},"query-input":{"@type":"PropertyValueSpecification","valueRequired":true,"valueName":"search_term_string"}}],"inLanguage":"fr-CA"},{"@type":"Organization","@id":"https:\/\/revtronik.com\/#organization","name":"RevTronik inc.","url":"https:\/\/revtronik.com\/","logo":{"@type":"ImageObject","inLanguage":"fr-CA","@id":"https:\/\/revtronik.com\/#\/schema\/logo\/image\/","url":"https:\/\/revtronik.com\/wp-content\/uploads\/MS-revtronik-Banner-trucking-products-solutions-and-racing-division-performance.webp","contentUrl":"https:\/\/revtronik.com\/wp-content\/uploads\/MS-revtronik-Banner-trucking-products-solutions-and-racing-division-performance.webp","width":1200,"height":675,"caption":"RevTronik inc."},"image":{"@id":"https:\/\/revtronik.com\/#\/schema\/logo\/image\/"},"sameAs":["https:\/\/www.facebook.com\/revtronik","https:\/\/www.youtube.com\/channel\/UCiXuXHlfSRJmUqmJbOoc2wQ","https:\/\/www.linkedin.com\/company\/revtronik-inc-\/"],"description":"Des produits de haute qualit\u00e9, faciles \u00e0 utiliser et rentables, qui r\u00e9pondent aux exigences actuelles et futures de l'industrie du camionnage.","email":"info@revtronik.com","telephone":"+1 819 870-2331","legalName":"Revtronik inc.","foundingDate":"2014-10-26","numberOfEmployees":{"@type":"QuantitativeValue","minValue":"1","maxValue":"10"}}]},"product_price_currency":"CAD","og_availability":"instock","product_availability":"instock","product_retailer_item_id":"TP3-STK","product_condition":"new"},"_links":{"self":[{"href":"https:\/\/revtronik.com\/fr\/wp-json\/wp\/v2\/product\/4656","targetHints":{"allow":["GET"]}}],"collection":[{"href":"https:\/\/revtronik.com\/fr\/wp-json\/wp\/v2\/product"}],"about":[{"href":"https:\/\/revtronik.com\/fr\/wp-json\/wp\/v2\/types\/product"}],"wp:featuredmedia":[{"embeddable":true,"href":"https:\/\/revtronik.com\/fr\/wp-json\/wp\/v2\/media\/4635"}],"wp:attachment":[{"href":"https:\/\/revtronik.com\/fr\/wp-json\/wp\/v2\/media?parent=4656"}],"wp:term":[{"taxonomy":"product_brand","embeddable":true,"href":"https:\/\/revtronik.com\/fr\/wp-json\/wp\/v2\/product_brand?post=4656"},{"taxonomy":"product_cat","embeddable":true,"href":"https:\/\/revtronik.com\/fr\/wp-json\/wp\/v2\/product_cat?post=4656"},{"taxonomy":"product_tag","embeddable":true,"href":"https:\/\/revtronik.com\/fr\/wp-json\/wp\/v2\/product_tag?post=4656"}],"curies":[{"name":"wp","href":"https:\/\/api.w.org\/{rel}","templated":true}]}}