{"id":4650,"date":"2023-02-02T19:28:12","date_gmt":"2023-02-02T23:28:12","guid":{"rendered":"https:\/\/revtronik.com\/?post_type=product&#038;p=4650"},"modified":"2025-10-03T11:42:37","modified_gmt":"2025-10-03T15:42:37","slug":"tp2","status":"publish","type":"product","link":"https:\/\/revtronik.com\/fr\/product\/tp2\/","title":{"rendered":"TIPTRONIK TP2: MODULE DE CABINE FILAIRE"},"content":{"rendered":"<h4><strong>INSTALLATION CAMION DOMPEUR:<\/strong><\/h4>\n<p>L'installation de notre TipTRONIK est vraiment l'une des plus simples et des plus rapides de sa cat\u00e9gorie. Pour une installation rapide, tout est inclus dans la bo\u00eete. Choisissez simplement votre endroit pr\u00e9f\u00e9r\u00e9 autour ou \u00e0 l'int\u00e9rieur de la console du camion et branchez-le sur une source d'alimentation de type allumage. Choisissez o\u00f9 vous voulez placer le capteur sans contact et connectez-le au module TipTRONIK et votre installation est termin\u00e9e.<\/p>\n<hr \/>\n<h4><strong>INSTALLATION REMORQUE:<\/strong><\/h4>\n<p>L'installation standard de nos syst\u00e8mes est simple et rapide. Trouver l\u2019endroit o\u00f9 vous voulez installer la prise 7 brin heavy duty avec le support en aluminium fourni si n\u00e9cessaire, installez ensuite le senseur de pr\u00e9f\u00e9rence en orientation horizontale dans le devant de la remorque et brancher le tout ensemble. Certains utilisent aussi une extension filaire de 25 pieds pour permettre l\u2019installation du senseur \u00e0 l\u2019arri\u00e8re de la remorque. Ce nouveau positionnement aide l\u2019efficacit\u00e9 de fonctionnement du senseur permettant de compenser pour la flexibilit\u00e9 du devant de la remorque et du ch\u00e2ssis qui peuvent causer de fausses alarmes.<\/p>\n<hr \/>\n<h4><strong>INSTALLATION EN CABINE:<\/strong><\/h4>\n<p>L'installation de notre TipTRONIK est vraiment l'une des plus simples et des plus rapides de sa cat\u00e9gorie, car, tout est inclus dans la bo\u00eete. Il suffit de choisir votre endroit pr\u00e9f\u00e9r\u00e9 autour ou \u00e0 l\u2019int\u00e9rieur de la console du camion et de le brancher \u00e0 une source d'alimentation de type ignition au module TipTRONIK. Choisissez o\u00f9 vous voulez placer la prise \u00e9lectrique \u00e0 7 broches, connectez-la au module TipTRONIK et votre installation est termin\u00e9e.<\/p>\n<hr \/>\n<h4 class=\"p1\" style=\"text-align: left;\"><strong><span class=\"s1\"><a href=\"https:\/\/revtronik.com\/dealer-and-distributor\/\">FIND QUALIFIEDS NEAR YOU <\/a><\/span><\/strong><strong>FOR APPROVED INSTALLATIONS<\/strong><\/h4>\n<p><span class=\"s1\">Bien que notre syst\u00e8me se caract\u00e9rise par une installation simple et rapide, nous recommandons fortement une installation professionnelle par un technicien certifi\u00e9 pour une s\u00e9curit\u00e9 et des performances optimales. Avec <em><a href=\"https:\/\/revtronik.com\/fr\/dealer-and-distributor\/\"><strong>plus de 200 distributeurs RevTronik agr\u00e9\u00e9s \u00e0 travers le Canada et les Usa,<\/strong><\/a><\/em>, there&#8217;s likely a qualified installer in your area ready to help.<\/span><\/p>\n<p><span style=\"color: #0000ff;\"><a href=\"https:\/\/revtronik.com\/fr\/dealer-and-distributor\/\"><img loading=\"lazy\" decoding=\"async\" class=\"alignnone wp-image-256 aligncenter\" title=\"Map Pin Revtronik\" role=\"img\" src=\"https:\/\/revtronik.com\/wp-content\/uploads\/Map-Pin-Revtronik.svg\" alt=\"Map Pin Revtronik\" width=\"417\" height=\"291\" \/><\/a><\/span><\/p>","protected":false},"excerpt":{"rendered":"<h3 class=\"ai-optimize-25\" style=\"text-align: center;\"><strong>PRODUCT <\/strong><strong>DETAILS<\/strong><\/h3>\n<h4 style=\"text-align: center;\"><strong>TP2: Module filaire de Cabine<\/strong><\/h4>\n<h4><strong>CAMION DOMPEUR:<\/strong><\/h4>\n<p><strong>Notre s\u00e9rie TP2<\/strong> pr\u00e9sente tous les avantages de notre conception \u00e9lectronique de qualit\u00e9, y compris plusieurs options standard int\u00e9gr\u00e9es et gratuites. Sans aucun doute, l'int\u00e9gration compl\u00e8te de l'alarme sonore et visuelle \u00e0 l'int\u00e9rieur et sur le bo\u00eetier permet une installation ultra-rapide.<\/p>\n<ul>\n<li>D\u00e9tection de vitesse ajustable en quelque secondes (3, 6, 9, 12 km\/h)<\/li>\n<li>Options programmables par l\u2019utilisateur avec un ordinateur<\/li>\n<li>Syst\u00e8me d'enregistrement des \u00e9v\u00e9nements (bo\u00eete noire)<\/li>\n<\/ul>\n<hr \/>\n<h4><strong>CABINE DU CAMION:<\/strong><\/h4>\n<p><strong>Notre s\u00e9rie TP2<\/strong> pr\u00e9sente tous les avantages de notre conception \u00e9lectronique de qualit\u00e9, y compris plusieurs options standard int\u00e9gr\u00e9es et gratuites. Sans aucun doute, l'int\u00e9gration compl\u00e8te de l'alarme sonore et visuelle \u00e0 l'int\u00e9rieur et sur le bo\u00eetier permet une installation ultra-rapide.<\/p>\n<ul>\n<li>D\u00e9tection de vitesse ajustable en quelque secondes (3, 6, 9, 12 km\/h)<\/li>\n<li>Options programmables par l\u2019utilisateur avec un ordinateur<\/li>\n<li>Syst\u00e8me d'enregistrement des \u00e9v\u00e9nements (bo\u00eete noire)<\/li>\n<\/ul>\n<hr \/>\n<h4><strong>REMORQUE:<\/strong><\/h4>\n<p>TP2 est notre syst\u00e8me standard, il est plus populaire dans le type de camion \u00e0 benne basculante, mais poss\u00e8de toujours toutes les fonctionnalit\u00e9s int\u00e9ressantes de notre d\u00e9veloppement de produits \u00e9lectroniques de haute qualit\u00e9 sans avoir la possibilit\u00e9 d'utiliser l'option WIFI. Pr\u00e8s de 95 % de nos clients ont pr\u00e9f\u00e9r\u00e9 l'option WIFI pour que le camion et la remorque fonctionnent ensemble sans aucun fil entre eux. TP2 ne peut fonctionner qu'avec un ensemble c\u00e2bl\u00e9 pour camion et remorque.<\/p>","protected":false},"featured_media":4652,"template":"","meta":{"_acf_changed":false,"site-sidebar-layout":"default","site-content-layout":"","ast-site-content-layout":"default","site-content-style":"default","site-sidebar-style":"default","ast-global-header-display":"","ast-banner-title-visibility":"","ast-main-header-display":"","ast-hfb-above-header-display":"","ast-hfb-below-header-display":"","ast-hfb-mobile-header-display":"","site-post-title":"","ast-breadcrumbs-content":"","ast-featured-img":"","footer-sml-layout":"","ast-disable-related-posts":"","theme-transparent-header-meta":"default","adv-header-id-meta":"","stick-header-meta":"","header-above-stick-meta":"","header-main-stick-meta":"","header-below-stick-meta":"","astra-migrate-meta-layouts":"set","ast-page-background-enabled":"default","ast-page-background-meta":{"desktop":{"background-color":"var(--ast-global-color-4)","background-image":"","background-repeat":"repeat","background-position":"center center","background-size":"auto","background-attachment":"scroll","background-type":"","background-media":"","overlay-type":"","overlay-color":"","overlay-opacity":"","overlay-gradient":""},"tablet":{"background-color":"","background-image":"","background-repeat":"repeat","background-position":"center center","background-size":"auto","background-attachment":"scroll","background-type":"","background-media":"","overlay-type":"","overlay-color":"","overlay-opacity":"","overlay-gradient":""},"mobile":{"background-color":"","background-image":"","background-repeat":"repeat","background-position":"center center","background-size":"auto","background-attachment":"scroll","background-type":"","background-media":"","overlay-type":"","overlay-color":"","overlay-opacity":"","overlay-gradient":""}},"ast-content-background-meta":{"desktop":{"background-color":"var(--ast-global-color-5)","background-image":"","background-repeat":"repeat","background-position":"center center","background-size":"auto","background-attachment":"scroll","background-type":"","background-media":"","overlay-type":"","overlay-color":"","overlay-opacity":"","overlay-gradient":""},"tablet":{"background-color":"var(--ast-global-color-5)","background-image":"","background-repeat":"repeat","background-position":"center center","background-size":"auto","background-attachment":"scroll","background-type":"","background-media":"","overlay-type":"","overlay-color":"","overlay-opacity":"","overlay-gradient":""},"mobile":{"background-color":"var(--ast-global-color-5)","background-image":"","background-repeat":"repeat","background-position":"center center","background-size":"auto","background-attachment":"scroll","background-type":"","background-media":"","overlay-type":"","overlay-color":"","overlay-opacity":"","overlay-gradient":""}}},"product_brand":[],"product_cat":[36],"product_tag":[34,130,150],"class_list":{"0":"post-4650","1":"product","2":"type-product","3":"status-publish","4":"has-post-thumbnail","6":"product_cat-tiptronik","7":"product_tag-tiptronik","8":"product_tag-cab-module","9":"product_tag-tiptronik--discontinued-products","10":"desktop-align-left","11":"tablet-align-left","12":"mobile-align-left","14":"first","15":"instock","16":"shipping-taxable","17":"product-type-simple"},"acf":[],"yoast_head":"<!-- This site is optimized with the Yoast SEO Premium plugin v26.5 (Yoast SEO v27.3) - https:\/\/yoast.com\/product\/yoast-seo-premium-wordpress\/ -->\n<title>TIPTRONIK TP2: WIRED CAB MODULE - REVTRONIK.com<\/title>\n<meta name=\"description\" content=\"TipTRONIK raised dump box alarms TP2: Wired Cab module\" \/>\n<meta name=\"robots\" content=\"index, follow, max-snippet:-1, max-image-preview:large, max-video-preview:-1\" \/>\n<link rel=\"canonical\" href=\"https:\/\/revtronik.com\/fr\/product\/tp2\/\" \/>\n<meta property=\"og:locale\" content=\"fr_CA\" \/>\n<meta property=\"og:type\" content=\"article\" \/>\n<meta property=\"og:title\" content=\"TIPTRONIK TP2: WIRED CAB MODULE - REVTRONIK.com %\" \/>\n<meta property=\"og:description\" content=\"TipTRONIK raised dump box alarms TP2: Wired Cab module\" \/>\n<meta property=\"og:url\" content=\"https:\/\/revtronik.com\/fr\/product\/tp2\/\" \/>\n<meta property=\"og:site_name\" content=\"REVTRONIK.com\" \/>\n<meta property=\"article:publisher\" content=\"https:\/\/www.facebook.com\/revtronik\" \/>\n<meta property=\"article:modified_time\" content=\"2025-10-03T15:42:37+00:00\" \/>\n<meta property=\"og:image\" content=\"https:\/\/revtronik.com\/wp-content\/uploads\/TP2-Cab-Module-solo-Dumper-Tipper-Raised-tip-Alarm-Warning-System-WIFI-GPS-Revtronik.webp\" \/>\n\t<meta property=\"og:image:width\" content=\"1433\" \/>\n\t<meta property=\"og:image:height\" content=\"780\" \/>\n\t<meta property=\"og:image:type\" content=\"image\/webp\" \/>\n<meta name=\"twitter:card\" content=\"summary_large_image\" \/>\n<meta name=\"twitter:label1\" content=\"Price\" \/>\n\t<meta name=\"twitter:data1\" content=\"\" \/>\n\t<meta name=\"twitter:label2\" content=\"Availability\" \/>\n\t<meta name=\"twitter:data2\" content=\"In stock\" \/>\n<script type=\"application\/ld+json\" class=\"yoast-schema-graph\">{\"@context\":\"https:\\\/\\\/schema.org\",\"@graph\":[{\"@type\":\"WebPage\",\"@id\":\"https:\\\/\\\/revtronik.com\\\/product\\\/tp2\\\/\",\"url\":\"https:\\\/\\\/revtronik.com\\\/product\\\/tp2\\\/\",\"name\":\"TIPTRONIK TP2: WIRED CAB MODULE - REVTRONIK.com\",\"isPartOf\":{\"@id\":\"https:\\\/\\\/revtronik.com\\\/#website\"},\"primaryImageOfPage\":{\"@id\":\"https:\\\/\\\/revtronik.com\\\/product\\\/tp2\\\/#primaryimage\"},\"image\":{\"@id\":\"https:\\\/\\\/revtronik.com\\\/product\\\/tp2\\\/#primaryimage\"},\"thumbnailUrl\":\"https:\\\/\\\/revtronik.com\\\/wp-content\\\/uploads\\\/TP2-Cab-Module-solo-Dumper-Tipper-Raised-tip-Alarm-Warning-System-WIFI-GPS-Revtronik.webp\",\"datePublished\":\"2023-02-02T23:28:12+00:00\",\"dateModified\":\"2025-10-03T15:42:37+00:00\",\"description\":\"TipTRONIK raised dump box alarms TP2: Wired Cab module\",\"breadcrumb\":{\"@id\":\"https:\\\/\\\/revtronik.com\\\/product\\\/tp2\\\/#breadcrumb\"},\"inLanguage\":\"fr-CA\",\"potentialAction\":[{\"@type\":\"ReadAction\",\"target\":[\"https:\\\/\\\/revtronik.com\\\/product\\\/tp2\\\/\"]}]},{\"@type\":\"ImageObject\",\"inLanguage\":\"fr-CA\",\"@id\":\"https:\\\/\\\/revtronik.com\\\/product\\\/tp2\\\/#primaryimage\",\"url\":\"https:\\\/\\\/revtronik.com\\\/wp-content\\\/uploads\\\/TP2-Cab-Module-solo-Dumper-Tipper-Raised-tip-Alarm-Warning-System-WIFI-GPS-Revtronik.webp\",\"contentUrl\":\"https:\\\/\\\/revtronik.com\\\/wp-content\\\/uploads\\\/TP2-Cab-Module-solo-Dumper-Tipper-Raised-tip-Alarm-Warning-System-WIFI-GPS-Revtronik.webp\",\"width\":1433,\"height\":780,\"caption\":\"TP2 Cab Module solo Dumper Tipper Raised tip Alarm Warning System WIFI GPS Revtronik\"},{\"@type\":\"BreadcrumbList\",\"@id\":\"https:\\\/\\\/revtronik.com\\\/product\\\/tp2\\\/#breadcrumb\",\"itemListElement\":[{\"@type\":\"ListItem\",\"position\":1,\"name\":\"Accueil\",\"item\":\"https:\\\/\\\/revtronik.com\\\/\"},{\"@type\":\"ListItem\",\"position\":2,\"name\":\"Shop\",\"item\":\"https:\\\/\\\/revtronik.com\\\/shop\\\/\"},{\"@type\":\"ListItem\",\"position\":3,\"name\":\"TipTRONIK\",\"item\":\"https:\\\/\\\/revtronik.com\\\/product-category\\\/tiptronik\\\/\"},{\"@type\":\"ListItem\",\"position\":4,\"name\":\"TIPTRONIK TP2: WIRED CAB MODULE\"}]},{\"@type\":\"WebSite\",\"@id\":\"https:\\\/\\\/revtronik.com\\\/#website\",\"url\":\"https:\\\/\\\/revtronik.com\\\/\",\"name\":\"REVTRONIK.com\",\"description\":\"Smart Trucking Products\",\"publisher\":{\"@id\":\"https:\\\/\\\/revtronik.com\\\/#organization\"},\"potentialAction\":[{\"@type\":\"SearchAction\",\"target\":{\"@type\":\"EntryPoint\",\"urlTemplate\":\"https:\\\/\\\/revtronik.com\\\/?s={search_term_string}\"},\"query-input\":{\"@type\":\"PropertyValueSpecification\",\"valueRequired\":true,\"valueName\":\"search_term_string\"}}],\"inLanguage\":\"fr-CA\"},{\"@type\":\"Organization\",\"@id\":\"https:\\\/\\\/revtronik.com\\\/#organization\",\"name\":\"RevTronik inc.\",\"url\":\"https:\\\/\\\/revtronik.com\\\/\",\"logo\":{\"@type\":\"ImageObject\",\"inLanguage\":\"fr-CA\",\"@id\":\"https:\\\/\\\/revtronik.com\\\/#\\\/schema\\\/logo\\\/image\\\/\",\"url\":\"https:\\\/\\\/revtronik.com\\\/wp-content\\\/uploads\\\/MS-revtronik-Banner-trucking-products-solutions-and-racing-division-performance.webp\",\"contentUrl\":\"https:\\\/\\\/revtronik.com\\\/wp-content\\\/uploads\\\/MS-revtronik-Banner-trucking-products-solutions-and-racing-division-performance.webp\",\"width\":1200,\"height\":675,\"caption\":\"RevTronik inc.\"},\"image\":{\"@id\":\"https:\\\/\\\/revtronik.com\\\/#\\\/schema\\\/logo\\\/image\\\/\"},\"sameAs\":[\"https:\\\/\\\/www.facebook.com\\\/revtronik\",\"https:\\\/\\\/www.youtube.com\\\/channel\\\/UCiXuXHlfSRJmUqmJbOoc2wQ\",\"https:\\\/\\\/www.linkedin.com\\\/company\\\/revtronik-inc-\\\/\"],\"description\":\"Meet present and future truck industry requirements with user friendly, high quality and cost effective products !\",\"email\":\"info@revtronik.com\",\"telephone\":\"+1 819 870-2331\",\"legalName\":\"Revtronik inc.\",\"foundingDate\":\"2014-10-26\",\"numberOfEmployees\":{\"@type\":\"QuantitativeValue\",\"minValue\":\"1\",\"maxValue\":\"10\"}}]}<\/script>\n<meta property=\"product:price:currency\" content=\"CAD\" \/>\n<meta property=\"og:availability\" content=\"instock\" \/>\n<meta property=\"product:availability\" content=\"instock\" \/>\n<meta property=\"product:retailer_item_id\" content=\"TP2\" \/>\n<meta property=\"product:condition\" content=\"new\" \/>\n<!-- \/ Yoast SEO Premium plugin. -->","yoast_head_json":{"title":"TIPTRONIK TP2: WIRED CAB MODULE - REVTRONIK.com","description":"Alarme de benne relev\u00e9e TipTRONIK TP2: Module filaire de Cabine - REVTRONIK.com","robots":{"index":"index","follow":"follow","max-snippet":"max-snippet:-1","max-image-preview":"max-image-preview:large","max-video-preview":"max-video-preview:-1"},"canonical":"https:\/\/revtronik.com\/fr\/product\/tp2\/","og_locale":"fr_CA","og_type":"article","og_title":"TIPTRONIK TP2: WIRED CAB MODULE - REVTRONIK.com %","og_description":"TipTRONIK raised dump box alarms TP2: Wired Cab module","og_url":"https:\/\/revtronik.com\/fr\/product\/tp2\/","og_site_name":"REVTRONIK.com","article_publisher":"https:\/\/www.facebook.com\/revtronik","article_modified_time":"2025-10-03T15:42:37+00:00","og_image":[{"width":1433,"height":780,"url":"https:\/\/revtronik.com\/wp-content\/uploads\/TP2-Cab-Module-solo-Dumper-Tipper-Raised-tip-Alarm-Warning-System-WIFI-GPS-Revtronik.webp","type":"image\/webp"}],"twitter_card":"summary_large_image","twitter_misc":{"Price":"","Availability":"In stock"},"schema":{"@context":"https:\/\/schema.org","@graph":[{"@type":"WebPage","@id":"https:\/\/revtronik.com\/product\/tp2\/","url":"https:\/\/revtronik.com\/product\/tp2\/","name":"TIPTRONIK TP2: WIRED CAB MODULE - REVTRONIK.com","isPartOf":{"@id":"https:\/\/revtronik.com\/#website"},"primaryImageOfPage":{"@id":"https:\/\/revtronik.com\/product\/tp2\/#primaryimage"},"image":{"@id":"https:\/\/revtronik.com\/product\/tp2\/#primaryimage"},"thumbnailUrl":"https:\/\/revtronik.com\/wp-content\/uploads\/TP2-Cab-Module-solo-Dumper-Tipper-Raised-tip-Alarm-Warning-System-WIFI-GPS-Revtronik.webp","datePublished":"2023-02-02T23:28:12+00:00","dateModified":"2025-10-03T15:42:37+00:00","description":"Alarme de benne relev\u00e9e TipTRONIK TP2: Module filaire de Cabine - REVTRONIK.com","breadcrumb":{"@id":"https:\/\/revtronik.com\/product\/tp2\/#breadcrumb"},"inLanguage":"fr-CA","potentialAction":[{"@type":"ReadAction","target":["https:\/\/revtronik.com\/product\/tp2\/"]}]},{"@type":"ImageObject","inLanguage":"fr-CA","@id":"https:\/\/revtronik.com\/product\/tp2\/#primaryimage","url":"https:\/\/revtronik.com\/wp-content\/uploads\/TP2-Cab-Module-solo-Dumper-Tipper-Raised-tip-Alarm-Warning-System-WIFI-GPS-Revtronik.webp","contentUrl":"https:\/\/revtronik.com\/wp-content\/uploads\/TP2-Cab-Module-solo-Dumper-Tipper-Raised-tip-Alarm-Warning-System-WIFI-GPS-Revtronik.webp","width":1433,"height":780,"caption":"TP2 Cab Module solo Dumper Tipper Raised tip Alarm Warning System WIFI GPS Revtronik"},{"@type":"BreadcrumbList","@id":"https:\/\/revtronik.com\/product\/tp2\/#breadcrumb","itemListElement":[{"@type":"ListItem","position":1,"name":"Accueil","item":"https:\/\/revtronik.com\/"},{"@type":"ListItem","position":2,"name":"Shop","item":"https:\/\/revtronik.com\/shop\/"},{"@type":"ListItem","position":3,"name":"TipTRONIK","item":"https:\/\/revtronik.com\/product-category\/tiptronik\/"},{"@type":"ListItem","position":4,"name":"TIPTRONIK TP2: WIRED CAB MODULE"}]},{"@type":"WebSite","@id":"https:\/\/revtronik.com\/#website","url":"https:\/\/revtronik.com\/","name":"REVTRONIK.com","description":"Smart Trucking Products","publisher":{"@id":"https:\/\/revtronik.com\/#organization"},"potentialAction":[{"@type":"SearchAction","target":{"@type":"EntryPoint","urlTemplate":"https:\/\/revtronik.com\/?s={search_term_string}"},"query-input":{"@type":"PropertyValueSpecification","valueRequired":true,"valueName":"search_term_string"}}],"inLanguage":"fr-CA"},{"@type":"Organization","@id":"https:\/\/revtronik.com\/#organization","name":"RevTronik inc.","url":"https:\/\/revtronik.com\/","logo":{"@type":"ImageObject","inLanguage":"fr-CA","@id":"https:\/\/revtronik.com\/#\/schema\/logo\/image\/","url":"https:\/\/revtronik.com\/wp-content\/uploads\/MS-revtronik-Banner-trucking-products-solutions-and-racing-division-performance.webp","contentUrl":"https:\/\/revtronik.com\/wp-content\/uploads\/MS-revtronik-Banner-trucking-products-solutions-and-racing-division-performance.webp","width":1200,"height":675,"caption":"RevTronik inc."},"image":{"@id":"https:\/\/revtronik.com\/#\/schema\/logo\/image\/"},"sameAs":["https:\/\/www.facebook.com\/revtronik","https:\/\/www.youtube.com\/channel\/UCiXuXHlfSRJmUqmJbOoc2wQ","https:\/\/www.linkedin.com\/company\/revtronik-inc-\/"],"description":"Des produits de haute qualit\u00e9, faciles \u00e0 utiliser et rentables, qui r\u00e9pondent aux exigences actuelles et futures de l'industrie du camionnage.","email":"info@revtronik.com","telephone":"+1 819 870-2331","legalName":"Revtronik inc.","foundingDate":"2014-10-26","numberOfEmployees":{"@type":"QuantitativeValue","minValue":"1","maxValue":"10"}}]},"product_price_currency":"CAD","og_availability":"instock","product_availability":"instock","product_retailer_item_id":"TP2","product_condition":"new"},"_links":{"self":[{"href":"https:\/\/revtronik.com\/fr\/wp-json\/wp\/v2\/product\/4650","targetHints":{"allow":["GET"]}}],"collection":[{"href":"https:\/\/revtronik.com\/fr\/wp-json\/wp\/v2\/product"}],"about":[{"href":"https:\/\/revtronik.com\/fr\/wp-json\/wp\/v2\/types\/product"}],"wp:featuredmedia":[{"embeddable":true,"href":"https:\/\/revtronik.com\/fr\/wp-json\/wp\/v2\/media\/4652"}],"wp:attachment":[{"href":"https:\/\/revtronik.com\/fr\/wp-json\/wp\/v2\/media?parent=4650"}],"wp:term":[{"taxonomy":"product_brand","embeddable":true,"href":"https:\/\/revtronik.com\/fr\/wp-json\/wp\/v2\/product_brand?post=4650"},{"taxonomy":"product_cat","embeddable":true,"href":"https:\/\/revtronik.com\/fr\/wp-json\/wp\/v2\/product_cat?post=4650"},{"taxonomy":"product_tag","embeddable":true,"href":"https:\/\/revtronik.com\/fr\/wp-json\/wp\/v2\/product_tag?post=4650"}],"curies":[{"name":"wp","href":"https:\/\/api.w.org\/{rel}","templated":true}]}}