{"id":4474,"date":"2023-01-24T04:35:00","date_gmt":"2023-01-24T08:35:00","guid":{"rendered":"https:\/\/revtronik.com\/?post_type=product&#038;p=4474"},"modified":"2025-10-03T11:34:05","modified_gmt":"2025-10-03T15:34:05","slug":"tp3-wm","status":"publish","type":"product","link":"https:\/\/revtronik.com\/fr\/product\/tp3-wm\/","title":{"rendered":"TipTRONIK TP3-WM"},"content":{"rendered":"<h4>INSTALLATION #1<\/h4>\n<p>L'installation de notre TipTRONIK est vraiment l'une des plus simples et des plus rapides de sa cat\u00e9gorie. Pour une installation rapide, tout est inclus dans la bo\u00eete. Il suffit de brancher une source d'alimentation constante de 12 volts comme l'ABS au module WiFi et d'installer le capteur sans contact au bon endroit.<\/p>\n<h4>INSTALLATION #2<\/h4>\n<p>With the <strong>TP3-WM<\/strong> series, some customers are now using <a href=\"https:\/\/revtronik.com\/product\/tpb05\/\"><strong>TP-B05<\/strong><\/a> + <a href=\"https:\/\/revtronik.com\/product\/tp-bsr\/\"><strong>TP-BSR<\/strong><\/a> ou <a href=\"https:\/\/revtronik.com\/product\/alternative-mounting-bracket-tp-b157-for-all-tp3-wm-series\/\"><strong>TP-B157<\/strong><\/a> combined with a 25ft wired extension to allow the sensor to be installed at the rear of the trailer. This new positioning helps the operating efficiency of the sensor to compensate for the flexibility of the front of the trailer and the frame which can cause false alarms. You can find these parts in the list below.<\/p>\n<h4>INSTALLATION CERTIFI\u00c9E<\/h4>\n<p>M\u00eame si le syst\u00e8me est simple et rapide \u00e0 installer, par mesure de pr\u00e9vention et de s\u00e9curit\u00e9 totale, nous vous conseillons une installation effectu\u00e9e par un professionnel accr\u00e9dit\u00e9.<\/p>\n<p>Un de nos 200 Distributeurs RevTronik Pancanadiens Autoris\u00e9s est toujours bien plus pr\u00e8s de vous que vous ne le pensez.<\/p>\n<hr \/>\n<p style=\"text-align: center;\"><strong><a href=\"https:\/\/revtronik.com\/dealer-and-distributor\/\">G\u00e9olocalisez votre distributeur autoris\u00e9 par ici, en un seul clic !<\/a><\/strong><\/p>\n<p><span style=\"color: #0000ff;\"><a href=\"https:\/\/revtronik.com\/fr\/dealer-and-distributor\/\"><img loading=\"lazy\" decoding=\"async\" class=\"alignnone wp-image-256 aligncenter\" title=\"Map Pin Revtronik\" role=\"img\" src=\"https:\/\/revtronik.com\/wp-content\/uploads\/Map-Pin-Revtronik.svg\" alt=\"Map Pin Revtronik\" width=\"417\" height=\"291\" \/><\/a><\/span><\/p>","protected":false},"excerpt":{"rendered":"<h4>TIPTRONIK TP3-WM<\/h4>\n<p class=\" translation-block\"><strong>Le TP3-WM\u00a0 <\/strong>comprend le bo\u00eetier \u00e9lectronique rempli d'\u00e9poxy avec des connecteurs Deutsch standards pour une longue dur\u00e9e de vie et une installation facile. Vous recevrez \u00e9galement le capteur sans contact et la connexion du fil d'alimentation. Nous vous recommandons fortement d'utiliser notre support de montage et bo\u00eetier de protection en fonction du type de remorque sur lequel vous installerez votre ensemble TipTronik.<\/p>\n<div id=\"translation\" class=\" translation-block\">Le <strong><a href=\"https:\/\/revtronik.com\/product\/tp-b124\/\" target=\"_self\">TP-B124<\/a><\/strong> est l\u2019ensemble d'installation de base le plus populaire. Ce support permet d'installer facilement le bo\u00eetier du module et de le prot\u00e9ger des intemp\u00e9ries, de l'environnement ext\u00e9rieur avec une installation int\u00e9gr\u00e9e du senseur.<\/div>\n<p>&nbsp;<\/p>\n<p>*Notez que vous pouvez choisir ou ajouter toutes les composantes de cet ensemble de fa\u00e7on unitaire dans cette page pour compl\u00e9ter vos besoins.<\/p>","protected":false},"featured_media":4173,"template":"","meta":{"_acf_changed":false,"site-sidebar-layout":"default","site-content-layout":"","ast-site-content-layout":"default","site-content-style":"default","site-sidebar-style":"default","ast-global-header-display":"","ast-banner-title-visibility":"","ast-main-header-display":"","ast-hfb-above-header-display":"","ast-hfb-below-header-display":"","ast-hfb-mobile-header-display":"","site-post-title":"","ast-breadcrumbs-content":"","ast-featured-img":"","footer-sml-layout":"","ast-disable-related-posts":"","theme-transparent-header-meta":"","adv-header-id-meta":"","stick-header-meta":"","header-above-stick-meta":"","header-main-stick-meta":"","header-below-stick-meta":"","astra-migrate-meta-layouts":"default","ast-page-background-enabled":"default","ast-page-background-meta":{"desktop":{"background-color":"var(--ast-global-color-4)","background-image":"","background-repeat":"repeat","background-position":"center center","background-size":"auto","background-attachment":"scroll","background-type":"","background-media":"","overlay-type":"","overlay-color":"","overlay-opacity":"","overlay-gradient":""},"tablet":{"background-color":"","background-image":"","background-repeat":"repeat","background-position":"center center","background-size":"auto","background-attachment":"scroll","background-type":"","background-media":"","overlay-type":"","overlay-color":"","overlay-opacity":"","overlay-gradient":""},"mobile":{"background-color":"","background-image":"","background-repeat":"repeat","background-position":"center center","background-size":"auto","background-attachment":"scroll","background-type":"","background-media":"","overlay-type":"","overlay-color":"","overlay-opacity":"","overlay-gradient":""}},"ast-content-background-meta":{"desktop":{"background-color":"var(--ast-global-color-5)","background-image":"","background-repeat":"repeat","background-position":"center center","background-size":"auto","background-attachment":"scroll","background-type":"","background-media":"","overlay-type":"","overlay-color":"","overlay-opacity":"","overlay-gradient":""},"tablet":{"background-color":"var(--ast-global-color-5)","background-image":"","background-repeat":"repeat","background-position":"center center","background-size":"auto","background-attachment":"scroll","background-type":"","background-media":"","overlay-type":"","overlay-color":"","overlay-opacity":"","overlay-gradient":""},"mobile":{"background-color":"var(--ast-global-color-5)","background-image":"","background-repeat":"repeat","background-position":"center center","background-size":"auto","background-attachment":"scroll","background-type":"","background-media":"","overlay-type":"","overlay-color":"","overlay-opacity":"","overlay-gradient":""}}},"product_brand":[],"product_cat":[36],"product_tag":[34,150],"class_list":{"0":"post-4474","1":"product","2":"type-product","3":"status-publish","4":"has-post-thumbnail","6":"product_cat-tiptronik","7":"product_tag-tiptronik","8":"product_tag-tiptronik--discontinued-products","9":"desktop-align-left","10":"tablet-align-left","11":"mobile-align-left","13":"first","14":"instock","15":"shipping-taxable","16":"product-type-simple"},"acf":[],"yoast_head":"<!-- This site is optimized with the Yoast SEO Premium plugin v26.5 (Yoast SEO v27.3) - https:\/\/yoast.com\/product\/yoast-seo-premium-wordpress\/ -->\n<title>TipTRONIK TP3-WM - REVTRONIK.com<\/title>\n<meta name=\"description\" content=\"TP3-WM Wireless Wifi Dump Trailer kit for TipTRONIK raised dump box alarm systems.\" \/>\n<meta name=\"robots\" content=\"index, follow, max-snippet:-1, max-image-preview:large, max-video-preview:-1\" \/>\n<link rel=\"canonical\" href=\"https:\/\/revtronik.com\/fr\/product\/tp3-wm\/\" \/>\n<meta property=\"og:locale\" content=\"fr_CA\" \/>\n<meta property=\"og:type\" content=\"article\" \/>\n<meta property=\"og:title\" content=\"TipTRONIK TP3-WM - REVTRONIK.com %\" \/>\n<meta property=\"og:description\" content=\"TP3-WM Wireless Wifi Dump Trailer kit for TipTRONIK raised dump box alarm systems.\" \/>\n<meta property=\"og:url\" content=\"https:\/\/revtronik.com\/fr\/product\/tp3-wm\/\" \/>\n<meta property=\"og:site_name\" content=\"REVTRONIK.com\" \/>\n<meta property=\"article:publisher\" content=\"https:\/\/www.facebook.com\/revtronik\" \/>\n<meta property=\"article:modified_time\" content=\"2025-10-03T15:34:05+00:00\" \/>\n<meta property=\"og:image\" content=\"https:\/\/revtronik.com\/wp-content\/uploads\/TipTronik-TP3-WM-Trailer-Dumper-Tipper-Raised-tip-Alarm-Warning-System-WIFI-GPS-Revtronik.webp\" \/>\n\t<meta property=\"og:image:width\" content=\"1000\" \/>\n\t<meta property=\"og:image:height\" content=\"1000\" \/>\n\t<meta property=\"og:image:type\" content=\"image\/webp\" \/>\n<meta name=\"twitter:card\" content=\"summary_large_image\" \/>\n<meta name=\"twitter:label1\" content=\"Price\" \/>\n\t<meta name=\"twitter:data1\" content=\"\" \/>\n\t<meta name=\"twitter:label2\" content=\"Availability\" \/>\n\t<meta name=\"twitter:data2\" content=\"In stock\" \/>\n<script type=\"application\/ld+json\" class=\"yoast-schema-graph\">{\"@context\":\"https:\\\/\\\/schema.org\",\"@graph\":[{\"@type\":\"WebPage\",\"@id\":\"https:\\\/\\\/revtronik.com\\\/product\\\/tp3-wm\\\/\",\"url\":\"https:\\\/\\\/revtronik.com\\\/product\\\/tp3-wm\\\/\",\"name\":\"TipTRONIK TP3-WM - REVTRONIK.com\",\"isPartOf\":{\"@id\":\"https:\\\/\\\/revtronik.com\\\/#website\"},\"primaryImageOfPage\":{\"@id\":\"https:\\\/\\\/revtronik.com\\\/product\\\/tp3-wm\\\/#primaryimage\"},\"image\":{\"@id\":\"https:\\\/\\\/revtronik.com\\\/product\\\/tp3-wm\\\/#primaryimage\"},\"thumbnailUrl\":\"https:\\\/\\\/revtronik.com\\\/wp-content\\\/uploads\\\/TipTronik-TP3-WM-Trailer-Dumper-Tipper-Raised-tip-Alarm-Warning-System-WIFI-GPS-Revtronik.webp\",\"datePublished\":\"2023-01-24T08:35:00+00:00\",\"dateModified\":\"2025-10-03T15:34:05+00:00\",\"description\":\"TP3-WM Wireless Wifi Dump Trailer kit for TipTRONIK raised dump box alarm systems.\",\"breadcrumb\":{\"@id\":\"https:\\\/\\\/revtronik.com\\\/product\\\/tp3-wm\\\/#breadcrumb\"},\"inLanguage\":\"fr-CA\",\"potentialAction\":[{\"@type\":\"ReadAction\",\"target\":[\"https:\\\/\\\/revtronik.com\\\/product\\\/tp3-wm\\\/\"]}]},{\"@type\":\"ImageObject\",\"inLanguage\":\"fr-CA\",\"@id\":\"https:\\\/\\\/revtronik.com\\\/product\\\/tp3-wm\\\/#primaryimage\",\"url\":\"https:\\\/\\\/revtronik.com\\\/wp-content\\\/uploads\\\/TipTronik-TP3-WM-Trailer-Dumper-Tipper-Raised-tip-Alarm-Warning-System-WIFI-GPS-Revtronik.webp\",\"contentUrl\":\"https:\\\/\\\/revtronik.com\\\/wp-content\\\/uploads\\\/TipTronik-TP3-WM-Trailer-Dumper-Tipper-Raised-tip-Alarm-Warning-System-WIFI-GPS-Revtronik.webp\",\"width\":1000,\"height\":1000,\"caption\":\"TP3-WM\"},{\"@type\":\"BreadcrumbList\",\"@id\":\"https:\\\/\\\/revtronik.com\\\/product\\\/tp3-wm\\\/#breadcrumb\",\"itemListElement\":[{\"@type\":\"ListItem\",\"position\":1,\"name\":\"Accueil\",\"item\":\"https:\\\/\\\/revtronik.com\\\/\"},{\"@type\":\"ListItem\",\"position\":2,\"name\":\"Shop\",\"item\":\"https:\\\/\\\/revtronik.com\\\/shop\\\/\"},{\"@type\":\"ListItem\",\"position\":3,\"name\":\"TipTRONIK\",\"item\":\"https:\\\/\\\/revtronik.com\\\/product-category\\\/tiptronik\\\/\"},{\"@type\":\"ListItem\",\"position\":4,\"name\":\"TipTRONIK TP3-WM\"}]},{\"@type\":\"WebSite\",\"@id\":\"https:\\\/\\\/revtronik.com\\\/#website\",\"url\":\"https:\\\/\\\/revtronik.com\\\/\",\"name\":\"REVTRONIK.com\",\"description\":\"Smart Trucking Products\",\"publisher\":{\"@id\":\"https:\\\/\\\/revtronik.com\\\/#organization\"},\"potentialAction\":[{\"@type\":\"SearchAction\",\"target\":{\"@type\":\"EntryPoint\",\"urlTemplate\":\"https:\\\/\\\/revtronik.com\\\/?s={search_term_string}\"},\"query-input\":{\"@type\":\"PropertyValueSpecification\",\"valueRequired\":true,\"valueName\":\"search_term_string\"}}],\"inLanguage\":\"fr-CA\"},{\"@type\":\"Organization\",\"@id\":\"https:\\\/\\\/revtronik.com\\\/#organization\",\"name\":\"RevTronik inc.\",\"url\":\"https:\\\/\\\/revtronik.com\\\/\",\"logo\":{\"@type\":\"ImageObject\",\"inLanguage\":\"fr-CA\",\"@id\":\"https:\\\/\\\/revtronik.com\\\/#\\\/schema\\\/logo\\\/image\\\/\",\"url\":\"https:\\\/\\\/revtronik.com\\\/wp-content\\\/uploads\\\/MS-revtronik-Banner-trucking-products-solutions-and-racing-division-performance.webp\",\"contentUrl\":\"https:\\\/\\\/revtronik.com\\\/wp-content\\\/uploads\\\/MS-revtronik-Banner-trucking-products-solutions-and-racing-division-performance.webp\",\"width\":1200,\"height\":675,\"caption\":\"RevTronik inc.\"},\"image\":{\"@id\":\"https:\\\/\\\/revtronik.com\\\/#\\\/schema\\\/logo\\\/image\\\/\"},\"sameAs\":[\"https:\\\/\\\/www.facebook.com\\\/revtronik\",\"https:\\\/\\\/www.youtube.com\\\/channel\\\/UCiXuXHlfSRJmUqmJbOoc2wQ\",\"https:\\\/\\\/www.linkedin.com\\\/company\\\/revtronik-inc-\\\/\"],\"description\":\"Meet present and future truck industry requirements with user friendly, high quality and cost effective products !\",\"email\":\"info@revtronik.com\",\"telephone\":\"+1 819 870-2331\",\"legalName\":\"Revtronik inc.\",\"foundingDate\":\"2014-10-26\",\"numberOfEmployees\":{\"@type\":\"QuantitativeValue\",\"minValue\":\"1\",\"maxValue\":\"10\"}}]}<\/script>\n<meta property=\"product:price:currency\" content=\"CAD\" \/>\n<meta property=\"og:availability\" content=\"instock\" \/>\n<meta property=\"product:availability\" content=\"instock\" \/>\n<meta property=\"product:retailer_item_id\" content=\"TP3-WM\" \/>\n<meta property=\"product:condition\" content=\"new\" \/>\n<!-- \/ Yoast SEO Premium plugin. -->","yoast_head_json":{"title":"TipTRONIK TP3-WM - REVTRONIK.com","description":"Alarme de benne relev\u00e9e TipTRONIK TP3-WM: Ensemble pour remorque dompeuse sans fil Wifi.","robots":{"index":"index","follow":"follow","max-snippet":"max-snippet:-1","max-image-preview":"max-image-preview:large","max-video-preview":"max-video-preview:-1"},"canonical":"https:\/\/revtronik.com\/fr\/product\/tp3-wm\/","og_locale":"fr_CA","og_type":"article","og_title":"TipTRONIK TP3-WM - REVTRONIK.com %","og_description":"TP3-WM Wireless Wifi Dump Trailer kit for TipTRONIK raised dump box alarm systems.","og_url":"https:\/\/revtronik.com\/fr\/product\/tp3-wm\/","og_site_name":"REVTRONIK.com","article_publisher":"https:\/\/www.facebook.com\/revtronik","article_modified_time":"2025-10-03T15:34:05+00:00","og_image":[{"width":1000,"height":1000,"url":"https:\/\/revtronik.com\/wp-content\/uploads\/TipTronik-TP3-WM-Trailer-Dumper-Tipper-Raised-tip-Alarm-Warning-System-WIFI-GPS-Revtronik.webp","type":"image\/webp"}],"twitter_card":"summary_large_image","twitter_misc":{"Price":"","Availability":"In stock"},"schema":{"@context":"https:\/\/schema.org","@graph":[{"@type":"WebPage","@id":"https:\/\/revtronik.com\/product\/tp3-wm\/","url":"https:\/\/revtronik.com\/product\/tp3-wm\/","name":"TipTRONIK TP3-WM - REVTRONIK.com","isPartOf":{"@id":"https:\/\/revtronik.com\/#website"},"primaryImageOfPage":{"@id":"https:\/\/revtronik.com\/product\/tp3-wm\/#primaryimage"},"image":{"@id":"https:\/\/revtronik.com\/product\/tp3-wm\/#primaryimage"},"thumbnailUrl":"https:\/\/revtronik.com\/wp-content\/uploads\/TipTronik-TP3-WM-Trailer-Dumper-Tipper-Raised-tip-Alarm-Warning-System-WIFI-GPS-Revtronik.webp","datePublished":"2023-01-24T08:35:00+00:00","dateModified":"2025-10-03T15:34:05+00:00","description":"Alarme de benne relev\u00e9e TipTRONIK TP3-WM: Ensemble pour remorque dompeuse sans fil Wifi.","breadcrumb":{"@id":"https:\/\/revtronik.com\/product\/tp3-wm\/#breadcrumb"},"inLanguage":"fr-CA","potentialAction":[{"@type":"ReadAction","target":["https:\/\/revtronik.com\/product\/tp3-wm\/"]}]},{"@type":"ImageObject","inLanguage":"fr-CA","@id":"https:\/\/revtronik.com\/product\/tp3-wm\/#primaryimage","url":"https:\/\/revtronik.com\/wp-content\/uploads\/TipTronik-TP3-WM-Trailer-Dumper-Tipper-Raised-tip-Alarm-Warning-System-WIFI-GPS-Revtronik.webp","contentUrl":"https:\/\/revtronik.com\/wp-content\/uploads\/TipTronik-TP3-WM-Trailer-Dumper-Tipper-Raised-tip-Alarm-Warning-System-WIFI-GPS-Revtronik.webp","width":1000,"height":1000,"caption":"TP3-WM"},{"@type":"BreadcrumbList","@id":"https:\/\/revtronik.com\/product\/tp3-wm\/#breadcrumb","itemListElement":[{"@type":"ListItem","position":1,"name":"Accueil","item":"https:\/\/revtronik.com\/"},{"@type":"ListItem","position":2,"name":"Shop","item":"https:\/\/revtronik.com\/shop\/"},{"@type":"ListItem","position":3,"name":"TipTRONIK","item":"https:\/\/revtronik.com\/product-category\/tiptronik\/"},{"@type":"ListItem","position":4,"name":"TipTRONIK TP3-WM"}]},{"@type":"WebSite","@id":"https:\/\/revtronik.com\/#website","url":"https:\/\/revtronik.com\/","name":"REVTRONIK.com","description":"Smart Trucking Products","publisher":{"@id":"https:\/\/revtronik.com\/#organization"},"potentialAction":[{"@type":"SearchAction","target":{"@type":"EntryPoint","urlTemplate":"https:\/\/revtronik.com\/?s={search_term_string}"},"query-input":{"@type":"PropertyValueSpecification","valueRequired":true,"valueName":"search_term_string"}}],"inLanguage":"fr-CA"},{"@type":"Organization","@id":"https:\/\/revtronik.com\/#organization","name":"RevTronik inc.","url":"https:\/\/revtronik.com\/","logo":{"@type":"ImageObject","inLanguage":"fr-CA","@id":"https:\/\/revtronik.com\/#\/schema\/logo\/image\/","url":"https:\/\/revtronik.com\/wp-content\/uploads\/MS-revtronik-Banner-trucking-products-solutions-and-racing-division-performance.webp","contentUrl":"https:\/\/revtronik.com\/wp-content\/uploads\/MS-revtronik-Banner-trucking-products-solutions-and-racing-division-performance.webp","width":1200,"height":675,"caption":"RevTronik inc."},"image":{"@id":"https:\/\/revtronik.com\/#\/schema\/logo\/image\/"},"sameAs":["https:\/\/www.facebook.com\/revtronik","https:\/\/www.youtube.com\/channel\/UCiXuXHlfSRJmUqmJbOoc2wQ","https:\/\/www.linkedin.com\/company\/revtronik-inc-\/"],"description":"Des produits de haute qualit\u00e9, faciles \u00e0 utiliser et rentables, qui r\u00e9pondent aux exigences actuelles et futures de l'industrie du camionnage.","email":"info@revtronik.com","telephone":"+1 819 870-2331","legalName":"Revtronik inc.","foundingDate":"2014-10-26","numberOfEmployees":{"@type":"QuantitativeValue","minValue":"1","maxValue":"10"}}]},"product_price_currency":"CAD","og_availability":"instock","product_availability":"instock","product_retailer_item_id":"TP3-WM","product_condition":"new"},"_links":{"self":[{"href":"https:\/\/revtronik.com\/fr\/wp-json\/wp\/v2\/product\/4474","targetHints":{"allow":["GET"]}}],"collection":[{"href":"https:\/\/revtronik.com\/fr\/wp-json\/wp\/v2\/product"}],"about":[{"href":"https:\/\/revtronik.com\/fr\/wp-json\/wp\/v2\/types\/product"}],"wp:featuredmedia":[{"embeddable":true,"href":"https:\/\/revtronik.com\/fr\/wp-json\/wp\/v2\/media\/4173"}],"wp:attachment":[{"href":"https:\/\/revtronik.com\/fr\/wp-json\/wp\/v2\/media?parent=4474"}],"wp:term":[{"taxonomy":"product_brand","embeddable":true,"href":"https:\/\/revtronik.com\/fr\/wp-json\/wp\/v2\/product_brand?post=4474"},{"taxonomy":"product_cat","embeddable":true,"href":"https:\/\/revtronik.com\/fr\/wp-json\/wp\/v2\/product_cat?post=4474"},{"taxonomy":"product_tag","embeddable":true,"href":"https:\/\/revtronik.com\/fr\/wp-json\/wp\/v2\/product_tag?post=4474"}],"curies":[{"name":"wp","href":"https:\/\/api.w.org\/{rel}","templated":true}]}}