{"id":4189,"date":"2023-01-10T19:30:41","date_gmt":"2023-01-10T23:30:41","guid":{"rendered":"https:\/\/revtronik.com\/?post_type=product&#038;p=4189"},"modified":"2025-10-03T11:34:46","modified_gmt":"2025-10-03T15:34:46","slug":"tp3-wm3","status":"publish","type":"product","link":"https:\/\/revtronik.com\/fr\/product\/tp3-wm3\/","title":{"rendered":"TipTRONIK TP3-WM3"},"content":{"rendered":"<h4 style=\"text-align: left;\">INSTALLATION #1<\/h4>\n<p style=\"text-align: left;\">L'installation de notre TipTRONIK est vraiment l'une des plus simples et des plus rapides de sa cat\u00e9gorie. Pour une installation rapide, tout est inclus dans la bo\u00eete. Il suffit de brancher une source d'alimentation constante de 12 volts comme l'ABS au module WiFi et d'installer le capteur sans contact au bon endroit.<\/p>\n<hr \/>\n<h4 style=\"text-align: left;\">INSTALLATION #2<\/h4>\n<p style=\"text-align: left;\" class=\" translation-block\"><strong>Avec la s\u00e9rie TP3-WM,<\/strong> certains clients utilisent <a href=\"https:\/\/revtronik.com\/product\/tpb05\/\" target=\"_self\"><strong>TP -B05<\/strong><\/a> + <a href=\"https:\/\/revtronik.com\/product\/tp-bsr\/\" target=\"_self\"><strong>TP-BSR<\/strong><\/a> ou <a href=\"https:\/\/revtronik.com\/product\/alternative-mounting-bracket-tp-b157-for-all-tp3-wm-series\/\" target=\"_self \"><strong>TP-B157<\/strong><\/a> combin\u00e9 \u00e0 une rallonge filaire de 25 pieds (<strong><a href=\"https:\/\/revtronik.com\/product\/tp-js25e-25-extra-wire-sensor-and-tp3-wm-module\/\" target=\"_self\">TP-JS25E<\/a><\/strong>) pour permettre l'installation du capteur \u00e0 l'arri\u00e8re de la remorque. Ce nouveau positionnement contribue \u00e0 l'efficacit\u00e9 de fonctionnement du capteur pour compenser la flexibilit\u00e9 de l'avant de la remorque et du ch\u00e2ssis qui peut provoquer de fausses alarmes. Vous pouvez trouver ces pi\u00e8ces dans la liste ci-dessous.<\/p>\n<hr \/>\n<h4 style=\"text-align: left;\">INSTALLATION CERTIFI\u00c9E<\/h4>\n<p>M\u00eame si le syst\u00e8me est simple et rapide \u00e0 installer, par mesure de pr\u00e9vention et de s\u00e9curit\u00e9 totale, nous vous conseillons une installation effectu\u00e9e par un professionnel accr\u00e9dit\u00e9.<\/p>\n<p>Un de nos 200 Distributeurs RevTronik Pancanadiens Autoris\u00e9s est toujours bien plus pr\u00e8s de vous que vous ne le pensez.<\/p>\n<hr \/>\n<p style=\"text-align: center;\"><strong><a href=\"https:\/\/revtronik.com\/dealer-and-distributor\/\">G\u00e9olocalisez votre distributeur autoris\u00e9 par ici, en un seul clic !<\/a><\/strong><\/p>\n<p style=\"text-align: left;\"><span style=\"color: #0000ff;\"><a href=\"https:\/\/revtronik.com\/fr\/dealer-and-distributor\/\"><img loading=\"lazy\" decoding=\"async\" class=\"alignnone wp-image-256 aligncenter\" title=\"Map Pin Revtronik\" role=\"img\" src=\"https:\/\/revtronik.com\/wp-content\/uploads\/Map-Pin-Revtronik.svg\" alt=\"Map Pin Revtronik\" width=\"417\" height=\"291\" \/><\/a><br \/>\n<\/span><\/p>","protected":false},"excerpt":{"rendered":"<p style=\"text-align: justify;\"><span style=\"color: #1c2d5a;\"><strong>*UNDER DEVELOPMENT<\/strong> and not available at the moment, the TipTRONIK-WM3 is still in test and run-in mode. Some features unique to this model such as anti-rollover will only be available later, in future updates. You can purchase it in advance knowing that it will give you greater upgradability in the future. A smart choice!<\/span><\/p>\n<hr \/>\n<h4 style=\"text-align: center;\">*ONLY WORKING WITH TP3 WIRELESS SYSTEM*<\/h4>\n<p><strong>The difference between WM and WM3<\/strong> is an integrated leveling electronic chip and a wired communication channel that can be used between 2 other leveling units to analyze the complete trailer frame and box leveling! Our main goal is to create the perfect anti-rollover system to activate some alarm if the leveling of the front or rear of the frame is too inclined, we will also analyze the way the box lifts and can prevent rollover on the side of the trailers. WM3 also has 4 inputs and 4 outputs that can be programmed for special functions. For some customers, we did use an air pressure sensor on the air suspension to see if a driver drove the trailer with a lowered suspension and started an alarm inside the truck or to automatically control the activation of the air suspension valve, etc\u2026 We also put some sensors on the door, latch, etc\u2026 to have a complete diagnostic and prevention system to help reduce driver mistakes and increase security !<\/p>\n<p><strong>OUR TP3 SERIES<\/strong> is our best seller, because in addition to all the included advantages of the TP2, it has our innovative Wifi-TRONIK wireless communication technology which greatly facilitates and speeds up its installation. NO WIRE BETWEEN TRUCK AND TRAILER. In addition, the WIFI function allows you to communicate remotely with your module. Even without the use of trailers, this precious communication makes it possible to program the module remotely with a computer, to make updates, to activate or deactivate current or future options. Thus, the TP3 is scalable and will follow you for a long time.<\/p>\n<h4>MULTI-LEVEL SENSOR, ANTI-ROLLOVER SYSTEM AND PROGRAMMABLE OPTIONS.<\/h4>\n<ul>\n<li>Leveling alarm<\/li>\n<li>Wired communication with other leveling module<\/li>\n<li>Wired electronic leveling module ( under testing, these units will replace contactless sensor, analyze the angles of the box, the frame and the ground to prevent overturning on the side of the trailers)<\/li>\n<\/ul>\n<h4 style=\"text-align: center;\">The main advantage of the wireless system is that any truck with a TP3 in the cab can synchronize to a trailer in less than 15 seconds. Guest trucks can even use a TP3-Portable and truck-to-truck module to be up and running and protected in seconds.<\/h4>\n<p>&nbsp;<\/p>\n<p><strong>The TP3-WM3K kit includes<\/strong> the electronic epoxy filled box for long life and easy installation with standard Deutsch connector, the contactless sensor and the power wire connection. We do highly recommend using our mounting bracket or protective box depending on the type of trailer you will install the kit. It could also be possible to put a wired kit to have a hybrid system working with or without wire.<\/p>\n<p>The <a href=\"https:\/\/revtronik.com\/product\/tp-b124\/\" target=\"_blank\" rel=\"noopener\"><strong>TP-B124<\/strong><\/a> kit is our basic and most popular installation kit. This bracket lets you install the electronic box and the sensor in an easy way and also protects components from the external environment.<\/p>\n<p>The <a href=\"https:\/\/revtronik.com\/product\/tp-b03\/\" target=\"_blank\" rel=\"noopener\"><strong>Tp-B03<\/strong><\/a> is simply a spacer that allows you to install the TP-124 on it to clear the front of the trailer box.<\/p>\n<p>&nbsp;<\/p>\n<p>*Note that you can choose or add all the components of this set individually on this page to complete your needs.<\/p>\n<hr \/>\n<h4>SEPARATED ITEMS FROM THIS KIT:<\/h4>\n[products ids=\"4189,4605\" columns=\"3\"]\n","protected":false},"featured_media":4860,"template":"","meta":{"_acf_changed":false,"site-sidebar-layout":"default","site-content-layout":"","ast-site-content-layout":"default","site-content-style":"default","site-sidebar-style":"default","ast-global-header-display":"","ast-banner-title-visibility":"","ast-main-header-display":"","ast-hfb-above-header-display":"","ast-hfb-below-header-display":"","ast-hfb-mobile-header-display":"","site-post-title":"","ast-breadcrumbs-content":"","ast-featured-img":"","footer-sml-layout":"","ast-disable-related-posts":"","theme-transparent-header-meta":"default","adv-header-id-meta":"","stick-header-meta":"","header-above-stick-meta":"","header-main-stick-meta":"","header-below-stick-meta":"","astra-migrate-meta-layouts":"set","ast-page-background-enabled":"default","ast-page-background-meta":{"desktop":{"background-color":"var(--ast-global-color-4)","background-image":"","background-repeat":"repeat","background-position":"center center","background-size":"auto","background-attachment":"scroll","background-type":"","background-media":"","overlay-type":"","overlay-color":"","overlay-opacity":"","overlay-gradient":""},"tablet":{"background-color":"","background-image":"","background-repeat":"repeat","background-position":"center center","background-size":"auto","background-attachment":"scroll","background-type":"","background-media":"","overlay-type":"","overlay-color":"","overlay-opacity":"","overlay-gradient":""},"mobile":{"background-color":"","background-image":"","background-repeat":"repeat","background-position":"center center","background-size":"auto","background-attachment":"scroll","background-type":"","background-media":"","overlay-type":"","overlay-color":"","overlay-opacity":"","overlay-gradient":""}},"ast-content-background-meta":{"desktop":{"background-color":"var(--ast-global-color-5)","background-image":"","background-repeat":"repeat","background-position":"center center","background-size":"auto","background-attachment":"scroll","background-type":"","background-media":"","overlay-type":"","overlay-color":"","overlay-opacity":"","overlay-gradient":""},"tablet":{"background-color":"var(--ast-global-color-5)","background-image":"","background-repeat":"repeat","background-position":"center center","background-size":"auto","background-attachment":"scroll","background-type":"","background-media":"","overlay-type":"","overlay-color":"","overlay-opacity":"","overlay-gradient":""},"mobile":{"background-color":"var(--ast-global-color-5)","background-image":"","background-repeat":"repeat","background-position":"center center","background-size":"auto","background-attachment":"scroll","background-type":"","background-media":"","overlay-type":"","overlay-color":"","overlay-opacity":"","overlay-gradient":""}}},"product_brand":[],"product_cat":[36],"product_tag":[34,150],"class_list":{"0":"post-4189","1":"product","2":"type-product","3":"status-publish","4":"has-post-thumbnail","6":"product_cat-tiptronik","7":"product_tag-tiptronik","8":"product_tag-tiptronik--discontinued-products","9":"desktop-align-left","10":"tablet-align-left","11":"mobile-align-left","13":"first","14":"instock","15":"shipping-taxable","16":"product-type-simple"},"acf":[],"yoast_head":"<!-- This site is optimized with the Yoast SEO Premium plugin v26.5 (Yoast SEO v27.3) - https:\/\/yoast.com\/product\/yoast-seo-premium-wordpress\/ -->\n<title>TipTRONIK TP3-WM3 - REVTRONIK.com<\/title>\n<meta name=\"description\" content=\"TipTRONIK raised dump box alarm systems TP3-WM3K: wireless Multi-Leveling (anti-rollover system) and programmable options.\" \/>\n<meta name=\"robots\" content=\"index, follow, max-snippet:-1, max-image-preview:large, max-video-preview:-1\" \/>\n<link rel=\"canonical\" href=\"https:\/\/revtronik.com\/fr\/product\/tp3-wm3\/\" \/>\n<meta property=\"og:locale\" content=\"fr_CA\" \/>\n<meta property=\"og:type\" content=\"article\" \/>\n<meta property=\"og:title\" content=\"TipTRONIK TP3-WM3 - REVTRONIK.com %\" \/>\n<meta property=\"og:description\" content=\"TipTRONIK raised dump box alarm systems TP3-WM3K: wireless Multi-Leveling (anti-rollover system) and programmable options.\" \/>\n<meta property=\"og:url\" content=\"https:\/\/revtronik.com\/fr\/product\/tp3-wm3\/\" \/>\n<meta property=\"og:site_name\" content=\"REVTRONIK.com\" \/>\n<meta property=\"article:publisher\" content=\"https:\/\/www.facebook.com\/revtronik\" \/>\n<meta property=\"article:modified_time\" content=\"2025-10-03T15:34:46+00:00\" \/>\n<meta property=\"og:image\" content=\"https:\/\/revtronik.com\/wp-content\/uploads\/TipTronik-TP3-WM3-Trailer-Dumper-Tipper-Raised-tip-Alarm-Warning-System-WIFI-GPS-Revtronik-1.webp\" \/>\n\t<meta property=\"og:image:width\" content=\"1000\" \/>\n\t<meta property=\"og:image:height\" content=\"1000\" \/>\n\t<meta property=\"og:image:type\" content=\"image\/webp\" \/>\n<meta name=\"twitter:card\" content=\"summary_large_image\" \/>\n<meta name=\"twitter:label1\" content=\"Price\" \/>\n\t<meta name=\"twitter:data1\" content=\"\" \/>\n\t<meta name=\"twitter:label2\" content=\"Availability\" \/>\n\t<meta name=\"twitter:data2\" content=\"In stock\" \/>\n<script type=\"application\/ld+json\" class=\"yoast-schema-graph\">{\"@context\":\"https:\\\/\\\/schema.org\",\"@graph\":[{\"@type\":\"WebPage\",\"@id\":\"https:\\\/\\\/revtronik.com\\\/product\\\/tp3-wm3\\\/\",\"url\":\"https:\\\/\\\/revtronik.com\\\/product\\\/tp3-wm3\\\/\",\"name\":\"TipTRONIK TP3-WM3 - REVTRONIK.com\",\"isPartOf\":{\"@id\":\"https:\\\/\\\/revtronik.com\\\/#website\"},\"primaryImageOfPage\":{\"@id\":\"https:\\\/\\\/revtronik.com\\\/product\\\/tp3-wm3\\\/#primaryimage\"},\"image\":{\"@id\":\"https:\\\/\\\/revtronik.com\\\/product\\\/tp3-wm3\\\/#primaryimage\"},\"thumbnailUrl\":\"https:\\\/\\\/revtronik.com\\\/wp-content\\\/uploads\\\/TipTronik-TP3-WM3-Trailer-Dumper-Tipper-Raised-tip-Alarm-Warning-System-WIFI-GPS-Revtronik-1.webp\",\"datePublished\":\"2023-01-10T23:30:41+00:00\",\"dateModified\":\"2025-10-03T15:34:46+00:00\",\"description\":\"TipTRONIK raised dump box alarm systems TP3-WM3K: wireless Multi-Leveling (anti-rollover system) and programmable options.\",\"breadcrumb\":{\"@id\":\"https:\\\/\\\/revtronik.com\\\/product\\\/tp3-wm3\\\/#breadcrumb\"},\"inLanguage\":\"fr-CA\",\"potentialAction\":[{\"@type\":\"ReadAction\",\"target\":[\"https:\\\/\\\/revtronik.com\\\/product\\\/tp3-wm3\\\/\"]}]},{\"@type\":\"ImageObject\",\"inLanguage\":\"fr-CA\",\"@id\":\"https:\\\/\\\/revtronik.com\\\/product\\\/tp3-wm3\\\/#primaryimage\",\"url\":\"https:\\\/\\\/revtronik.com\\\/wp-content\\\/uploads\\\/TipTronik-TP3-WM3-Trailer-Dumper-Tipper-Raised-tip-Alarm-Warning-System-WIFI-GPS-Revtronik-1.webp\",\"contentUrl\":\"https:\\\/\\\/revtronik.com\\\/wp-content\\\/uploads\\\/TipTronik-TP3-WM3-Trailer-Dumper-Tipper-Raised-tip-Alarm-Warning-System-WIFI-GPS-Revtronik-1.webp\",\"width\":1000,\"height\":1000,\"caption\":\"TipTronik TP3 WM3 Trailer Dumper Tipper Raised tip Alarm Warning System WIFI GPS Revtronik 1\"},{\"@type\":\"BreadcrumbList\",\"@id\":\"https:\\\/\\\/revtronik.com\\\/product\\\/tp3-wm3\\\/#breadcrumb\",\"itemListElement\":[{\"@type\":\"ListItem\",\"position\":1,\"name\":\"Accueil\",\"item\":\"https:\\\/\\\/revtronik.com\\\/\"},{\"@type\":\"ListItem\",\"position\":2,\"name\":\"Shop\",\"item\":\"https:\\\/\\\/revtronik.com\\\/shop\\\/\"},{\"@type\":\"ListItem\",\"position\":3,\"name\":\"TipTRONIK\",\"item\":\"https:\\\/\\\/revtronik.com\\\/product-category\\\/tiptronik\\\/\"},{\"@type\":\"ListItem\",\"position\":4,\"name\":\"TipTRONIK TP3-WM3\"}]},{\"@type\":\"WebSite\",\"@id\":\"https:\\\/\\\/revtronik.com\\\/#website\",\"url\":\"https:\\\/\\\/revtronik.com\\\/\",\"name\":\"REVTRONIK.com\",\"description\":\"Smart Trucking Products\",\"publisher\":{\"@id\":\"https:\\\/\\\/revtronik.com\\\/#organization\"},\"potentialAction\":[{\"@type\":\"SearchAction\",\"target\":{\"@type\":\"EntryPoint\",\"urlTemplate\":\"https:\\\/\\\/revtronik.com\\\/?s={search_term_string}\"},\"query-input\":{\"@type\":\"PropertyValueSpecification\",\"valueRequired\":true,\"valueName\":\"search_term_string\"}}],\"inLanguage\":\"fr-CA\"},{\"@type\":\"Organization\",\"@id\":\"https:\\\/\\\/revtronik.com\\\/#organization\",\"name\":\"RevTronik inc.\",\"url\":\"https:\\\/\\\/revtronik.com\\\/\",\"logo\":{\"@type\":\"ImageObject\",\"inLanguage\":\"fr-CA\",\"@id\":\"https:\\\/\\\/revtronik.com\\\/#\\\/schema\\\/logo\\\/image\\\/\",\"url\":\"https:\\\/\\\/revtronik.com\\\/wp-content\\\/uploads\\\/MS-revtronik-Banner-trucking-products-solutions-and-racing-division-performance.webp\",\"contentUrl\":\"https:\\\/\\\/revtronik.com\\\/wp-content\\\/uploads\\\/MS-revtronik-Banner-trucking-products-solutions-and-racing-division-performance.webp\",\"width\":1200,\"height\":675,\"caption\":\"RevTronik inc.\"},\"image\":{\"@id\":\"https:\\\/\\\/revtronik.com\\\/#\\\/schema\\\/logo\\\/image\\\/\"},\"sameAs\":[\"https:\\\/\\\/www.facebook.com\\\/revtronik\",\"https:\\\/\\\/www.youtube.com\\\/channel\\\/UCiXuXHlfSRJmUqmJbOoc2wQ\",\"https:\\\/\\\/www.linkedin.com\\\/company\\\/revtronik-inc-\\\/\"],\"description\":\"Meet present and future truck industry requirements with user friendly, high quality and cost effective products !\",\"email\":\"info@revtronik.com\",\"telephone\":\"+1 819 870-2331\",\"legalName\":\"Revtronik inc.\",\"foundingDate\":\"2014-10-26\",\"numberOfEmployees\":{\"@type\":\"QuantitativeValue\",\"minValue\":\"1\",\"maxValue\":\"10\"}}]}<\/script>\n<meta property=\"product:price:currency\" content=\"CAD\" \/>\n<meta property=\"og:availability\" content=\"instock\" \/>\n<meta property=\"product:availability\" content=\"instock\" \/>\n<meta property=\"product:retailer_item_id\" content=\"TP3-WM3\" \/>\n<meta property=\"product:condition\" content=\"new\" \/>\n<!-- \/ Yoast SEO Premium plugin. -->","yoast_head_json":{"title":"TipTRONIK TP3-WM3 - REVTRONIK.com","description":"TipTRONIK raised dump box alarm systems TP3-WM3K: wireless Multi-Leveling (anti-rollover system) and programmable options.","robots":{"index":"index","follow":"follow","max-snippet":"max-snippet:-1","max-image-preview":"max-image-preview:large","max-video-preview":"max-video-preview:-1"},"canonical":"https:\/\/revtronik.com\/fr\/product\/tp3-wm3\/","og_locale":"fr_CA","og_type":"article","og_title":"TipTRONIK TP3-WM3 - REVTRONIK.com %","og_description":"TipTRONIK raised dump box alarm systems TP3-WM3K: wireless Multi-Leveling (anti-rollover system) and programmable options.","og_url":"https:\/\/revtronik.com\/fr\/product\/tp3-wm3\/","og_site_name":"REVTRONIK.com","article_publisher":"https:\/\/www.facebook.com\/revtronik","article_modified_time":"2025-10-03T15:34:46+00:00","og_image":[{"width":1000,"height":1000,"url":"https:\/\/revtronik.com\/wp-content\/uploads\/TipTronik-TP3-WM3-Trailer-Dumper-Tipper-Raised-tip-Alarm-Warning-System-WIFI-GPS-Revtronik-1.webp","type":"image\/webp"}],"twitter_card":"summary_large_image","twitter_misc":{"Price":"","Availability":"In stock"},"schema":{"@context":"https:\/\/schema.org","@graph":[{"@type":"WebPage","@id":"https:\/\/revtronik.com\/product\/tp3-wm3\/","url":"https:\/\/revtronik.com\/product\/tp3-wm3\/","name":"TipTRONIK TP3-WM3 - REVTRONIK.com","isPartOf":{"@id":"https:\/\/revtronik.com\/#website"},"primaryImageOfPage":{"@id":"https:\/\/revtronik.com\/product\/tp3-wm3\/#primaryimage"},"image":{"@id":"https:\/\/revtronik.com\/product\/tp3-wm3\/#primaryimage"},"thumbnailUrl":"https:\/\/revtronik.com\/wp-content\/uploads\/TipTronik-TP3-WM3-Trailer-Dumper-Tipper-Raised-tip-Alarm-Warning-System-WIFI-GPS-Revtronik-1.webp","datePublished":"2023-01-10T23:30:41+00:00","dateModified":"2025-10-03T15:34:46+00:00","description":"TipTRONIK raised dump box alarm systems TP3-WM3K: wireless Multi-Leveling (anti-rollover system) and programmable options.","breadcrumb":{"@id":"https:\/\/revtronik.com\/product\/tp3-wm3\/#breadcrumb"},"inLanguage":"fr-CA","potentialAction":[{"@type":"ReadAction","target":["https:\/\/revtronik.com\/product\/tp3-wm3\/"]}]},{"@type":"ImageObject","inLanguage":"fr-CA","@id":"https:\/\/revtronik.com\/product\/tp3-wm3\/#primaryimage","url":"https:\/\/revtronik.com\/wp-content\/uploads\/TipTronik-TP3-WM3-Trailer-Dumper-Tipper-Raised-tip-Alarm-Warning-System-WIFI-GPS-Revtronik-1.webp","contentUrl":"https:\/\/revtronik.com\/wp-content\/uploads\/TipTronik-TP3-WM3-Trailer-Dumper-Tipper-Raised-tip-Alarm-Warning-System-WIFI-GPS-Revtronik-1.webp","width":1000,"height":1000,"caption":"TipTronik TP3 WM3 Trailer Dumper Tipper Raised tip Alarm Warning System WIFI GPS Revtronik 1"},{"@type":"BreadcrumbList","@id":"https:\/\/revtronik.com\/product\/tp3-wm3\/#breadcrumb","itemListElement":[{"@type":"ListItem","position":1,"name":"Accueil","item":"https:\/\/revtronik.com\/"},{"@type":"ListItem","position":2,"name":"Shop","item":"https:\/\/revtronik.com\/shop\/"},{"@type":"ListItem","position":3,"name":"TipTRONIK","item":"https:\/\/revtronik.com\/product-category\/tiptronik\/"},{"@type":"ListItem","position":4,"name":"TipTRONIK TP3-WM3"}]},{"@type":"WebSite","@id":"https:\/\/revtronik.com\/#website","url":"https:\/\/revtronik.com\/","name":"REVTRONIK.com","description":"Smart Trucking Products","publisher":{"@id":"https:\/\/revtronik.com\/#organization"},"potentialAction":[{"@type":"SearchAction","target":{"@type":"EntryPoint","urlTemplate":"https:\/\/revtronik.com\/?s={search_term_string}"},"query-input":{"@type":"PropertyValueSpecification","valueRequired":true,"valueName":"search_term_string"}}],"inLanguage":"fr-CA"},{"@type":"Organization","@id":"https:\/\/revtronik.com\/#organization","name":"RevTronik inc.","url":"https:\/\/revtronik.com\/","logo":{"@type":"ImageObject","inLanguage":"fr-CA","@id":"https:\/\/revtronik.com\/#\/schema\/logo\/image\/","url":"https:\/\/revtronik.com\/wp-content\/uploads\/MS-revtronik-Banner-trucking-products-solutions-and-racing-division-performance.webp","contentUrl":"https:\/\/revtronik.com\/wp-content\/uploads\/MS-revtronik-Banner-trucking-products-solutions-and-racing-division-performance.webp","width":1200,"height":675,"caption":"RevTronik inc."},"image":{"@id":"https:\/\/revtronik.com\/#\/schema\/logo\/image\/"},"sameAs":["https:\/\/www.facebook.com\/revtronik","https:\/\/www.youtube.com\/channel\/UCiXuXHlfSRJmUqmJbOoc2wQ","https:\/\/www.linkedin.com\/company\/revtronik-inc-\/"],"description":"Des produits de haute qualit\u00e9, faciles \u00e0 utiliser et rentables, qui r\u00e9pondent aux exigences actuelles et futures de l'industrie du camionnage.","email":"info@revtronik.com","telephone":"+1 819 870-2331","legalName":"Revtronik inc.","foundingDate":"2014-10-26","numberOfEmployees":{"@type":"QuantitativeValue","minValue":"1","maxValue":"10"}}]},"product_price_currency":"CAD","og_availability":"instock","product_availability":"instock","product_retailer_item_id":"TP3-WM3","product_condition":"new"},"_links":{"self":[{"href":"https:\/\/revtronik.com\/fr\/wp-json\/wp\/v2\/product\/4189","targetHints":{"allow":["GET"]}}],"collection":[{"href":"https:\/\/revtronik.com\/fr\/wp-json\/wp\/v2\/product"}],"about":[{"href":"https:\/\/revtronik.com\/fr\/wp-json\/wp\/v2\/types\/product"}],"wp:featuredmedia":[{"embeddable":true,"href":"https:\/\/revtronik.com\/fr\/wp-json\/wp\/v2\/media\/4860"}],"wp:attachment":[{"href":"https:\/\/revtronik.com\/fr\/wp-json\/wp\/v2\/media?parent=4189"}],"wp:term":[{"taxonomy":"product_brand","embeddable":true,"href":"https:\/\/revtronik.com\/fr\/wp-json\/wp\/v2\/product_brand?post=4189"},{"taxonomy":"product_cat","embeddable":true,"href":"https:\/\/revtronik.com\/fr\/wp-json\/wp\/v2\/product_cat?post=4189"},{"taxonomy":"product_tag","embeddable":true,"href":"https:\/\/revtronik.com\/fr\/wp-json\/wp\/v2\/product_tag?post=4189"}],"curies":[{"name":"wp","href":"https:\/\/api.w.org\/{rel}","templated":true}]}}