{"id":4138,"date":"2023-01-06T15:05:27","date_gmt":"2023-01-06T19:05:27","guid":{"rendered":"https:\/\/revtronik.com\/?post_type=product&#038;p=4138"},"modified":"2025-10-03T11:42:37","modified_gmt":"2025-10-03T15:42:37","slug":"tp2-tcb1","status":"publish","type":"product","link":"https:\/\/revtronik.com\/fr\/product\/tp2-tcb1\/","title":{"rendered":"TIPTRONIK TP2-TCB1: ENSEMBLE FILAIRE pour REMORQUE DOMPEUSE avec SUPPORT"},"content":{"rendered":"<h4>INSTALLATION #1<\/h4>\n<p>L'installation standard de nos syst\u00e8mes est simple et rapide. Trouver l\u2019endroit o\u00f9 vous voulez installer la prise 7 brin heavy duty avec le support en aluminium fourni si n\u00e9cessaire, installez ensuite le senseur de pr\u00e9f\u00e9rence en orientation horizontale dans le devant de la remorque et brancher le tout ensemble.<\/p>\n<h4>INSTALLATION #2<\/h4>\n<p>Certain utilisent maintenant une extension filaire de 25 pieds pour permettre l\u2019installation du senseur \u00e0 l\u2019arri\u00e8re de la remorque. Ce nouveau positionnement aide l\u2019efficacit\u00e9 de fonctionnement du senseur permettant de compenser pour la flexibilit\u00e9 du devant de la remorque et du ch\u00e2ssis qui peuvent causer de fausses alarmes. Vous pouvez trouver les pi\u00e8ces au bas de cette page.<\/p>\n<hr \/>\n<h4 style=\"text-align: left;\">INSTALLATION CERTIFI\u00c9E<\/h4>\n<p>M\u00eame si le syst\u00e8me est simple et rapide \u00e0 installer, par mesure de pr\u00e9vention et de s\u00e9curit\u00e9 totale, nous vous conseillons une installation effectu\u00e9e par un professionnel accr\u00e9dit\u00e9.<\/p>\n<p>Un de nos 200 Distributeurs RevTronik Pancanadiens Autoris\u00e9s est toujours bien plus pr\u00e8s de vous que vous ne le pensez.<\/p>\n<hr \/>\n<p style=\"text-align: center;\"><strong><a href=\"https:\/\/revtronik.com\/dealer-and-distributor\/\">G\u00e9olocalisez votre distributeur autoris\u00e9 par ici, en un seul clic !<\/a><\/strong><\/p>\n<p style=\"text-align: left;\"><span style=\"color: #0000ff;\"><a href=\"https:\/\/revtronik.com\/fr\/dealer-and-distributor\/\"><img loading=\"lazy\" decoding=\"async\" class=\"alignnone wp-image-256 aligncenter\" title=\"Map Pin Revtronik\" role=\"img\" src=\"https:\/\/revtronik.com\/wp-content\/uploads\/Map-Pin-Revtronik.svg\" alt=\"Map Pin Revtronik\" width=\"417\" height=\"291\" \/><\/a><\/span><\/p>","protected":false},"excerpt":{"rendered":"<h4 style=\"text-align: center;\">*ONLY WORKING WITH TRUCK EQUIPED WITH WIRED SYSTEM*<\/h4>\n<p><strong>TP2<\/strong> is our standard system, it is more popular in the dump truck type of truck but still has all the nice features of our high-quality electronic product development but without having the ability to use the WIFI option. Almost 95% of our customers did prefer the WIFI option for having the truck and trailer working together without any wire between them. TP2 can only work with a wired Truck and Trailer kit.<\/p>\n<p><strong>The TP2-TCB1<\/strong> set includes a 2x 7 pin receptacle, 2x mounting plate for the receptacle, 1x mounting plate for sensor if necessary, 1x 15 feet coiled cable and 1x our contactless sensor. These 2x 7 pin receptacles are used to make the communication with all the units, from the truck to the front trailer and the back trailer with wire. The electrical installation is quick and simple.<\/p>\n<hr \/>\n<h4>ITEMS S\u00c9PAR\u00c9S DE CET ENSEMBLE:<\/h4>\n[products ids=\"2226,4603,4605\" columns=\"3\"]\n","protected":false},"featured_media":4133,"template":"","meta":{"_acf_changed":false,"site-sidebar-layout":"default","site-content-layout":"","ast-site-content-layout":"default","site-content-style":"default","site-sidebar-style":"default","ast-global-header-display":"","ast-banner-title-visibility":"","ast-main-header-display":"","ast-hfb-above-header-display":"","ast-hfb-below-header-display":"","ast-hfb-mobile-header-display":"","site-post-title":"","ast-breadcrumbs-content":"","ast-featured-img":"","footer-sml-layout":"","ast-disable-related-posts":"","theme-transparent-header-meta":"","adv-header-id-meta":"","stick-header-meta":"","header-above-stick-meta":"","header-main-stick-meta":"","header-below-stick-meta":"","astra-migrate-meta-layouts":"default","ast-page-background-enabled":"default","ast-page-background-meta":{"desktop":{"background-color":"var(--ast-global-color-4)","background-image":"","background-repeat":"repeat","background-position":"center center","background-size":"auto","background-attachment":"scroll","background-type":"","background-media":"","overlay-type":"","overlay-color":"","overlay-opacity":"","overlay-gradient":""},"tablet":{"background-color":"","background-image":"","background-repeat":"repeat","background-position":"center center","background-size":"auto","background-attachment":"scroll","background-type":"","background-media":"","overlay-type":"","overlay-color":"","overlay-opacity":"","overlay-gradient":""},"mobile":{"background-color":"","background-image":"","background-repeat":"repeat","background-position":"center center","background-size":"auto","background-attachment":"scroll","background-type":"","background-media":"","overlay-type":"","overlay-color":"","overlay-opacity":"","overlay-gradient":""}},"ast-content-background-meta":{"desktop":{"background-color":"var(--ast-global-color-5)","background-image":"","background-repeat":"repeat","background-position":"center center","background-size":"auto","background-attachment":"scroll","background-type":"","background-media":"","overlay-type":"","overlay-color":"","overlay-opacity":"","overlay-gradient":""},"tablet":{"background-color":"var(--ast-global-color-5)","background-image":"","background-repeat":"repeat","background-position":"center center","background-size":"auto","background-attachment":"scroll","background-type":"","background-media":"","overlay-type":"","overlay-color":"","overlay-opacity":"","overlay-gradient":""},"mobile":{"background-color":"var(--ast-global-color-5)","background-image":"","background-repeat":"repeat","background-position":"center center","background-size":"auto","background-attachment":"scroll","background-type":"","background-media":"","overlay-type":"","overlay-color":"","overlay-opacity":"","overlay-gradient":""}}},"product_brand":[],"product_cat":[36],"product_tag":[34,139,150],"class_list":{"0":"post-4138","1":"product","2":"type-product","3":"status-publish","4":"has-post-thumbnail","6":"product_cat-tiptronik","7":"product_tag-tiptronik","8":"product_tag-tiptronik-basic-wired-kits","9":"product_tag-tiptronik--discontinued-products","10":"desktop-align-left","11":"tablet-align-left","12":"mobile-align-left","14":"first","15":"instock","16":"shipping-taxable","17":"product-type-simple"},"acf":[],"yoast_head":"<!-- This site is optimized with the Yoast SEO Premium plugin v26.5 (Yoast SEO v27.3) - https:\/\/yoast.com\/product\/yoast-seo-premium-wordpress\/ -->\n<title>TIPTRONIK TP2-TCB1: WIRED KIT for DUMP TRAILER with MOUNTING BRACKET - REVTRONIK.com<\/title>\n<meta name=\"description\" content=\"TP2-TCB1: WIRED KIT for trailer with mounting bracket for TipTRONIK raised dump box alarm system.\" \/>\n<meta name=\"robots\" content=\"index, follow, max-snippet:-1, max-image-preview:large, max-video-preview:-1\" \/>\n<link rel=\"canonical\" href=\"https:\/\/revtronik.com\/fr\/product\/tp2-tcb1\/\" \/>\n<meta property=\"og:locale\" content=\"fr_CA\" \/>\n<meta property=\"og:type\" content=\"article\" \/>\n<meta property=\"og:title\" content=\"TIPTRONIK TP2-TCB1: WIRED KIT for DUMP TRAILER with MOUNTING BRACKET - REVTRONIK.com %\" \/>\n<meta property=\"og:description\" content=\"TP2-TCB1: WIRED KIT for trailer with mounting bracket for TipTRONIK raised dump box alarm system.\" \/>\n<meta property=\"og:url\" content=\"https:\/\/revtronik.com\/fr\/product\/tp2-tcb1\/\" \/>\n<meta property=\"og:site_name\" content=\"REVTRONIK.com\" \/>\n<meta property=\"article:publisher\" content=\"https:\/\/www.facebook.com\/revtronik\" \/>\n<meta property=\"article:modified_time\" content=\"2025-10-03T15:42:37+00:00\" \/>\n<meta property=\"og:image\" content=\"https:\/\/revtronik.com\/wp-content\/uploads\/TipTronik-TP2-TCB1-Trailer-Dumper-Tipper-Raised-tip-Alarm-Warning-System-Revtronik.webp\" \/>\n\t<meta property=\"og:image:width\" content=\"1000\" \/>\n\t<meta property=\"og:image:height\" content=\"1000\" \/>\n\t<meta property=\"og:image:type\" content=\"image\/webp\" \/>\n<meta name=\"twitter:card\" content=\"summary_large_image\" \/>\n<meta name=\"twitter:label1\" content=\"Price\" \/>\n\t<meta name=\"twitter:data1\" content=\"\" \/>\n\t<meta name=\"twitter:label2\" content=\"Availability\" \/>\n\t<meta name=\"twitter:data2\" content=\"In stock\" \/>\n<script type=\"application\/ld+json\" class=\"yoast-schema-graph\">{\"@context\":\"https:\\\/\\\/schema.org\",\"@graph\":[{\"@type\":\"WebPage\",\"@id\":\"https:\\\/\\\/revtronik.com\\\/product\\\/tp2-tcb1\\\/\",\"url\":\"https:\\\/\\\/revtronik.com\\\/product\\\/tp2-tcb1\\\/\",\"name\":\"TIPTRONIK TP2-TCB1: WIRED KIT for DUMP TRAILER with MOUNTING BRACKET - REVTRONIK.com\",\"isPartOf\":{\"@id\":\"https:\\\/\\\/revtronik.com\\\/#website\"},\"primaryImageOfPage\":{\"@id\":\"https:\\\/\\\/revtronik.com\\\/product\\\/tp2-tcb1\\\/#primaryimage\"},\"image\":{\"@id\":\"https:\\\/\\\/revtronik.com\\\/product\\\/tp2-tcb1\\\/#primaryimage\"},\"thumbnailUrl\":\"https:\\\/\\\/revtronik.com\\\/wp-content\\\/uploads\\\/TipTronik-TP2-TCB1-Trailer-Dumper-Tipper-Raised-tip-Alarm-Warning-System-Revtronik.webp\",\"datePublished\":\"2023-01-06T19:05:27+00:00\",\"dateModified\":\"2025-10-03T15:42:37+00:00\",\"description\":\"TP2-TCB1: WIRED KIT for trailer with mounting bracket for TipTRONIK raised dump box alarm system.\",\"breadcrumb\":{\"@id\":\"https:\\\/\\\/revtronik.com\\\/product\\\/tp2-tcb1\\\/#breadcrumb\"},\"inLanguage\":\"fr-CA\",\"potentialAction\":[{\"@type\":\"ReadAction\",\"target\":[\"https:\\\/\\\/revtronik.com\\\/product\\\/tp2-tcb1\\\/\"]}]},{\"@type\":\"ImageObject\",\"inLanguage\":\"fr-CA\",\"@id\":\"https:\\\/\\\/revtronik.com\\\/product\\\/tp2-tcb1\\\/#primaryimage\",\"url\":\"https:\\\/\\\/revtronik.com\\\/wp-content\\\/uploads\\\/TipTronik-TP2-TCB1-Trailer-Dumper-Tipper-Raised-tip-Alarm-Warning-System-Revtronik.webp\",\"contentUrl\":\"https:\\\/\\\/revtronik.com\\\/wp-content\\\/uploads\\\/TipTronik-TP2-TCB1-Trailer-Dumper-Tipper-Raised-tip-Alarm-Warning-System-Revtronik.webp\",\"width\":1000,\"height\":1000,\"caption\":\"TipTronik TP2 TCB1\"},{\"@type\":\"BreadcrumbList\",\"@id\":\"https:\\\/\\\/revtronik.com\\\/product\\\/tp2-tcb1\\\/#breadcrumb\",\"itemListElement\":[{\"@type\":\"ListItem\",\"position\":1,\"name\":\"Accueil\",\"item\":\"https:\\\/\\\/revtronik.com\\\/\"},{\"@type\":\"ListItem\",\"position\":2,\"name\":\"Shop\",\"item\":\"https:\\\/\\\/revtronik.com\\\/shop\\\/\"},{\"@type\":\"ListItem\",\"position\":3,\"name\":\"TipTRONIK\",\"item\":\"https:\\\/\\\/revtronik.com\\\/product-category\\\/tiptronik\\\/\"},{\"@type\":\"ListItem\",\"position\":4,\"name\":\"TIPTRONIK TP2-TCB1: WIRED KIT for DUMP TRAILER with MOUNTING BRACKET\"}]},{\"@type\":\"WebSite\",\"@id\":\"https:\\\/\\\/revtronik.com\\\/#website\",\"url\":\"https:\\\/\\\/revtronik.com\\\/\",\"name\":\"REVTRONIK.com\",\"description\":\"Smart Trucking Products\",\"publisher\":{\"@id\":\"https:\\\/\\\/revtronik.com\\\/#organization\"},\"potentialAction\":[{\"@type\":\"SearchAction\",\"target\":{\"@type\":\"EntryPoint\",\"urlTemplate\":\"https:\\\/\\\/revtronik.com\\\/?s={search_term_string}\"},\"query-input\":{\"@type\":\"PropertyValueSpecification\",\"valueRequired\":true,\"valueName\":\"search_term_string\"}}],\"inLanguage\":\"fr-CA\"},{\"@type\":\"Organization\",\"@id\":\"https:\\\/\\\/revtronik.com\\\/#organization\",\"name\":\"RevTronik inc.\",\"url\":\"https:\\\/\\\/revtronik.com\\\/\",\"logo\":{\"@type\":\"ImageObject\",\"inLanguage\":\"fr-CA\",\"@id\":\"https:\\\/\\\/revtronik.com\\\/#\\\/schema\\\/logo\\\/image\\\/\",\"url\":\"https:\\\/\\\/revtronik.com\\\/wp-content\\\/uploads\\\/MS-revtronik-Banner-trucking-products-solutions-and-racing-division-performance.webp\",\"contentUrl\":\"https:\\\/\\\/revtronik.com\\\/wp-content\\\/uploads\\\/MS-revtronik-Banner-trucking-products-solutions-and-racing-division-performance.webp\",\"width\":1200,\"height\":675,\"caption\":\"RevTronik inc.\"},\"image\":{\"@id\":\"https:\\\/\\\/revtronik.com\\\/#\\\/schema\\\/logo\\\/image\\\/\"},\"sameAs\":[\"https:\\\/\\\/www.facebook.com\\\/revtronik\",\"https:\\\/\\\/www.youtube.com\\\/channel\\\/UCiXuXHlfSRJmUqmJbOoc2wQ\",\"https:\\\/\\\/www.linkedin.com\\\/company\\\/revtronik-inc-\\\/\"],\"description\":\"Meet present and future truck industry requirements with user friendly, high quality and cost effective products !\",\"email\":\"info@revtronik.com\",\"telephone\":\"+1 819 870-2331\",\"legalName\":\"Revtronik inc.\",\"foundingDate\":\"2014-10-26\",\"numberOfEmployees\":{\"@type\":\"QuantitativeValue\",\"minValue\":\"1\",\"maxValue\":\"10\"}}]}<\/script>\n<meta property=\"product:price:currency\" content=\"CAD\" \/>\n<meta property=\"og:availability\" content=\"instock\" \/>\n<meta property=\"product:availability\" content=\"instock\" \/>\n<meta property=\"product:retailer_item_id\" content=\"TP2-TCB1\" \/>\n<meta property=\"product:condition\" content=\"new\" \/>\n<!-- \/ Yoast SEO Premium plugin. -->","yoast_head_json":{"title":"TipTRONIK TP2-TCB1: Ensemble FILAIRE pour REMORQUE DOMPEUSE avec support de fixation - REVTRONIK.com","description":"Syst\u00e8me d'alarme de benne relev\u00e9e TipTRONIK TP2-TCB1: Ensemble filaire pour remorque dompeuse avec support de fixation.","robots":{"index":"index","follow":"follow","max-snippet":"max-snippet:-1","max-image-preview":"max-image-preview:large","max-video-preview":"max-video-preview:-1"},"canonical":"https:\/\/revtronik.com\/fr\/product\/tp2-tcb1\/","og_locale":"fr_CA","og_type":"article","og_title":"TIPTRONIK TP2-TCB1: WIRED KIT for DUMP TRAILER with MOUNTING BRACKET - REVTRONIK.com %","og_description":"TP2-TCB1: WIRED KIT for trailer with mounting bracket for TipTRONIK raised dump box alarm system.","og_url":"https:\/\/revtronik.com\/fr\/product\/tp2-tcb1\/","og_site_name":"REVTRONIK.com","article_publisher":"https:\/\/www.facebook.com\/revtronik","article_modified_time":"2025-10-03T15:42:37+00:00","og_image":[{"width":1000,"height":1000,"url":"https:\/\/revtronik.com\/wp-content\/uploads\/TipTronik-TP2-TCB1-Trailer-Dumper-Tipper-Raised-tip-Alarm-Warning-System-Revtronik.webp","type":"image\/webp"}],"twitter_card":"summary_large_image","twitter_misc":{"Price":"","Availability":"In stock"},"schema":{"@context":"https:\/\/schema.org","@graph":[{"@type":"WebPage","@id":"https:\/\/revtronik.com\/product\/tp2-tcb1\/","url":"https:\/\/revtronik.com\/product\/tp2-tcb1\/","name":"TipTRONIK TP2-TCB1: Ensemble FILAIRE pour REMORQUE DOMPEUSE avec support de fixation - REVTRONIK.com","isPartOf":{"@id":"https:\/\/revtronik.com\/#website"},"primaryImageOfPage":{"@id":"https:\/\/revtronik.com\/product\/tp2-tcb1\/#primaryimage"},"image":{"@id":"https:\/\/revtronik.com\/product\/tp2-tcb1\/#primaryimage"},"thumbnailUrl":"https:\/\/revtronik.com\/wp-content\/uploads\/TipTronik-TP2-TCB1-Trailer-Dumper-Tipper-Raised-tip-Alarm-Warning-System-Revtronik.webp","datePublished":"2023-01-06T19:05:27+00:00","dateModified":"2025-10-03T15:42:37+00:00","description":"Syst\u00e8me d'alarme de benne relev\u00e9e TipTRONIK TP2-TCB1: Ensemble filaire pour remorque dompeuse avec support de fixation.","breadcrumb":{"@id":"https:\/\/revtronik.com\/product\/tp2-tcb1\/#breadcrumb"},"inLanguage":"fr-CA","potentialAction":[{"@type":"ReadAction","target":["https:\/\/revtronik.com\/product\/tp2-tcb1\/"]}]},{"@type":"ImageObject","inLanguage":"fr-CA","@id":"https:\/\/revtronik.com\/product\/tp2-tcb1\/#primaryimage","url":"https:\/\/revtronik.com\/wp-content\/uploads\/TipTronik-TP2-TCB1-Trailer-Dumper-Tipper-Raised-tip-Alarm-Warning-System-Revtronik.webp","contentUrl":"https:\/\/revtronik.com\/wp-content\/uploads\/TipTronik-TP2-TCB1-Trailer-Dumper-Tipper-Raised-tip-Alarm-Warning-System-Revtronik.webp","width":1000,"height":1000,"caption":"TipTronik TP2 TCB1"},{"@type":"BreadcrumbList","@id":"https:\/\/revtronik.com\/product\/tp2-tcb1\/#breadcrumb","itemListElement":[{"@type":"ListItem","position":1,"name":"Accueil","item":"https:\/\/revtronik.com\/"},{"@type":"ListItem","position":2,"name":"Shop","item":"https:\/\/revtronik.com\/shop\/"},{"@type":"ListItem","position":3,"name":"TipTRONIK","item":"https:\/\/revtronik.com\/product-category\/tiptronik\/"},{"@type":"ListItem","position":4,"name":"TIPTRONIK TP2-TCB1: WIRED KIT for DUMP TRAILER with MOUNTING BRACKET"}]},{"@type":"WebSite","@id":"https:\/\/revtronik.com\/#website","url":"https:\/\/revtronik.com\/","name":"REVTRONIK.com","description":"Smart Trucking Products","publisher":{"@id":"https:\/\/revtronik.com\/#organization"},"potentialAction":[{"@type":"SearchAction","target":{"@type":"EntryPoint","urlTemplate":"https:\/\/revtronik.com\/?s={search_term_string}"},"query-input":{"@type":"PropertyValueSpecification","valueRequired":true,"valueName":"search_term_string"}}],"inLanguage":"fr-CA"},{"@type":"Organization","@id":"https:\/\/revtronik.com\/#organization","name":"RevTronik inc.","url":"https:\/\/revtronik.com\/","logo":{"@type":"ImageObject","inLanguage":"fr-CA","@id":"https:\/\/revtronik.com\/#\/schema\/logo\/image\/","url":"https:\/\/revtronik.com\/wp-content\/uploads\/MS-revtronik-Banner-trucking-products-solutions-and-racing-division-performance.webp","contentUrl":"https:\/\/revtronik.com\/wp-content\/uploads\/MS-revtronik-Banner-trucking-products-solutions-and-racing-division-performance.webp","width":1200,"height":675,"caption":"RevTronik inc."},"image":{"@id":"https:\/\/revtronik.com\/#\/schema\/logo\/image\/"},"sameAs":["https:\/\/www.facebook.com\/revtronik","https:\/\/www.youtube.com\/channel\/UCiXuXHlfSRJmUqmJbOoc2wQ","https:\/\/www.linkedin.com\/company\/revtronik-inc-\/"],"description":"Des produits de haute qualit\u00e9, faciles \u00e0 utiliser et rentables, qui r\u00e9pondent aux exigences actuelles et futures de l'industrie du camionnage.","email":"info@revtronik.com","telephone":"+1 819 870-2331","legalName":"Revtronik inc.","foundingDate":"2014-10-26","numberOfEmployees":{"@type":"QuantitativeValue","minValue":"1","maxValue":"10"}}]},"product_price_currency":"CAD","og_availability":"instock","product_availability":"instock","product_retailer_item_id":"TP2-TCB1","product_condition":"new"},"_links":{"self":[{"href":"https:\/\/revtronik.com\/fr\/wp-json\/wp\/v2\/product\/4138","targetHints":{"allow":["GET"]}}],"collection":[{"href":"https:\/\/revtronik.com\/fr\/wp-json\/wp\/v2\/product"}],"about":[{"href":"https:\/\/revtronik.com\/fr\/wp-json\/wp\/v2\/types\/product"}],"wp:featuredmedia":[{"embeddable":true,"href":"https:\/\/revtronik.com\/fr\/wp-json\/wp\/v2\/media\/4133"}],"wp:attachment":[{"href":"https:\/\/revtronik.com\/fr\/wp-json\/wp\/v2\/media?parent=4138"}],"wp:term":[{"taxonomy":"product_brand","embeddable":true,"href":"https:\/\/revtronik.com\/fr\/wp-json\/wp\/v2\/product_brand?post=4138"},{"taxonomy":"product_cat","embeddable":true,"href":"https:\/\/revtronik.com\/fr\/wp-json\/wp\/v2\/product_cat?post=4138"},{"taxonomy":"product_tag","embeddable":true,"href":"https:\/\/revtronik.com\/fr\/wp-json\/wp\/v2\/product_tag?post=4138"}],"curies":[{"name":"wp","href":"https:\/\/api.w.org\/{rel}","templated":true}]}}