{"id":4079,"date":"2022-11-10T14:34:00","date_gmt":"2022-11-10T18:34:00","guid":{"rendered":"https:\/\/revtronik.com\/?post_type=product&#038;p=4079"},"modified":"2025-09-09T19:05:43","modified_gmt":"2025-09-09T23:05:43","slug":"tp-b03","status":"publish","type":"product","link":"https:\/\/revtronik.com\/fr\/product\/tp-b03\/","title":{"rendered":"TP-B03: SUPPORT DE FIXATION OPTIONNEL POUR LE \"TP-B124\""},"content":{"rendered":"<p><span style=\"text-decoration: underline;\"><strong>TP-B03<\/strong><\/span> is an optional and aditionnal mounting bracket for <a href=\"https:\/\/revtronik.com\/product\/tp-b124\/\" target=\"_blank\" rel=\"noopener\"><strong>TP-B124<\/strong><\/a> designed for the <a href=\"https:\/\/revtronik.com\/product\/tp4-wm\/\" target=\"_blank\" rel=\"noopener\"><strong>TP4-WM<\/strong><\/a> serie and used for flat front dump trailers installation of TipTRONIK raised dump box alarm systems. It is a separator-spacer that allows you to attach the TP-B124 bracket to it and clear the front of the dump trailer box.<\/p>","protected":false},"excerpt":{"rendered":"<p><span style=\"text-decoration: underline;\"><strong>TP-B03<\/strong><\/span> is an optional and aditionnal mounting bracket for <a href=\"https:\/\/revtronik.com\/product\/tp-b124\/\" target=\"_blank\" rel=\"noopener\"><strong>TP-B124<\/strong><\/a> designed for the <a href=\"https:\/\/revtronik.com\/product\/tp4-wm\/\" target=\"_blank\" rel=\"noopener\"><strong>TP4-WM<\/strong><\/a> serie and used for flat front dump trailers installation of TipTRONIK raised dump box alarm systems. It is a separator-spacer that allows you to attach the TP-B124 bracket to it and clear the front of the dump trailer box.<\/p>","protected":false},"featured_media":8553,"template":"","meta":{"_acf_changed":false,"site-sidebar-layout":"default","site-content-layout":"","ast-site-content-layout":"default","site-content-style":"default","site-sidebar-style":"default","ast-global-header-display":"","ast-banner-title-visibility":"","ast-main-header-display":"","ast-hfb-above-header-display":"","ast-hfb-below-header-display":"","ast-hfb-mobile-header-display":"","site-post-title":"","ast-breadcrumbs-content":"","ast-featured-img":"","footer-sml-layout":"","ast-disable-related-posts":"","theme-transparent-header-meta":"default","adv-header-id-meta":"","stick-header-meta":"","header-above-stick-meta":"","header-main-stick-meta":"","header-below-stick-meta":"","astra-migrate-meta-layouts":"set","ast-page-background-enabled":"default","ast-page-background-meta":{"desktop":{"background-color":"var(--ast-global-color-4)","background-image":"","background-repeat":"repeat","background-position":"center center","background-size":"auto","background-attachment":"scroll","background-type":"","background-media":"","overlay-type":"","overlay-color":"","overlay-opacity":"","overlay-gradient":""},"tablet":{"background-color":"","background-image":"","background-repeat":"repeat","background-position":"center center","background-size":"auto","background-attachment":"scroll","background-type":"","background-media":"","overlay-type":"","overlay-color":"","overlay-opacity":"","overlay-gradient":""},"mobile":{"background-color":"","background-image":"","background-repeat":"repeat","background-position":"center center","background-size":"auto","background-attachment":"scroll","background-type":"","background-media":"","overlay-type":"","overlay-color":"","overlay-opacity":"","overlay-gradient":""}},"ast-content-background-meta":{"desktop":{"background-color":"var(--ast-global-color-5)","background-image":"","background-repeat":"repeat","background-position":"center center","background-size":"auto","background-attachment":"scroll","background-type":"","background-media":"","overlay-type":"","overlay-color":"","overlay-opacity":"","overlay-gradient":""},"tablet":{"background-color":"var(--ast-global-color-5)","background-image":"","background-repeat":"repeat","background-position":"center center","background-size":"auto","background-attachment":"scroll","background-type":"","background-media":"","overlay-type":"","overlay-color":"","overlay-opacity":"","overlay-gradient":""},"mobile":{"background-color":"var(--ast-global-color-5)","background-image":"","background-repeat":"repeat","background-position":"center center","background-size":"auto","background-attachment":"scroll","background-type":"","background-media":"","overlay-type":"","overlay-color":"","overlay-opacity":"","overlay-gradient":""}}},"product_brand":[],"product_cat":[36],"product_tag":[119],"class_list":{"0":"post-4079","1":"product","2":"type-product","3":"status-publish","4":"has-post-thumbnail","6":"product_cat-tiptronik","7":"product_tag-tiptronik-parts","8":"desktop-align-left","9":"tablet-align-left","10":"mobile-align-left","12":"first","13":"instock","14":"shipping-taxable","15":"product-type-simple"},"acf":[],"yoast_head":"<!-- This site is optimized with the Yoast SEO Premium plugin v27.3 (Yoast SEO v27.5) - https:\/\/yoast.com\/product\/yoast-seo-premium-wordpress\/ -->\n<title>TP-B03 OPTIONAL ADDITIONAL BRACKET FOR TP-B124<\/title>\n<meta name=\"description\" content=\"Optional and aditionnal mounting bracket for TP-B124 used for flat front dump trailers installation of\u00a0TipTRONIK Raised Dump Box Alarm Systems.\" \/>\n<meta name=\"robots\" content=\"index, follow, max-snippet:-1, max-image-preview:large, max-video-preview:-1\" \/>\n<link rel=\"canonical\" href=\"https:\/\/revtronik.com\/fr\/product\/tp-b03\/\" \/>\n<meta property=\"og:locale\" content=\"fr_CA\" \/>\n<meta property=\"og:type\" content=\"article\" \/>\n<meta property=\"og:title\" content=\"TP-B03 OPTIONAL ADDITIONAL BRACKET FOR TP-B124 - REVTRONIK.com %\" \/>\n<meta property=\"og:description\" content=\"Optional and aditionnal mounting bracket for TP-B124 used for flat front dump trailers installation of\u00a0TipTRONIK Raised Dump Box Alarm Systems.\" \/>\n<meta property=\"og:url\" content=\"https:\/\/revtronik.com\/fr\/product\/tp-b03\/\" \/>\n<meta property=\"og:site_name\" content=\"REVTRONIK.com\" \/>\n<meta property=\"article:publisher\" content=\"https:\/\/www.facebook.com\/revtronik\" \/>\n<meta property=\"article:modified_time\" content=\"2025-09-09T23:05:43+00:00\" \/>\n<meta property=\"og:image\" content=\"https:\/\/revtronik.com\/wp-content\/uploads\/TP-B03-OPTIONAL-ADDITIONAL-BRACKET-FOR-TP-B124-TipTronik-Trailer-Dumper-Tipper-Alarm-Warning-System-WIFI-GPS-Revtronik.webp\" \/>\n\t<meta property=\"og:image:width\" content=\"1433\" \/>\n\t<meta property=\"og:image:height\" content=\"780\" \/>\n\t<meta property=\"og:image:type\" content=\"image\/webp\" \/>\n<meta name=\"twitter:card\" content=\"summary_large_image\" \/>\n<meta name=\"twitter:label1\" content=\"Price\" \/>\n\t<meta name=\"twitter:data1\" content=\"\" \/>\n\t<meta name=\"twitter:label2\" content=\"Availability\" \/>\n\t<meta name=\"twitter:data2\" content=\"In stock\" \/>\n<script type=\"application\/ld+json\" class=\"yoast-schema-graph\">{\"@context\":\"https:\\\/\\\/schema.org\",\"@graph\":[{\"@type\":\"WebPage\",\"@id\":\"https:\\\/\\\/revtronik.com\\\/product\\\/tp-b03\\\/\",\"url\":\"https:\\\/\\\/revtronik.com\\\/product\\\/tp-b03\\\/\",\"name\":\"TP-B03 OPTIONAL ADDITIONAL BRACKET FOR TP-B124\",\"isPartOf\":{\"@id\":\"https:\\\/\\\/revtronik.com\\\/#website\"},\"primaryImageOfPage\":{\"@id\":\"https:\\\/\\\/revtronik.com\\\/product\\\/tp-b03\\\/#primaryimage\"},\"image\":{\"@id\":\"https:\\\/\\\/revtronik.com\\\/product\\\/tp-b03\\\/#primaryimage\"},\"thumbnailUrl\":\"https:\\\/\\\/revtronik.com\\\/wp-content\\\/uploads\\\/TP-B03-OPTIONAL-ADDITIONAL-BRACKET-FOR-TP-B124-TipTronik-Trailer-Dumper-Tipper-Alarm-Warning-System-WIFI-GPS-Revtronik.webp\",\"datePublished\":\"2022-11-10T18:34:00+00:00\",\"dateModified\":\"2025-09-09T23:05:43+00:00\",\"description\":\"Optional and aditionnal mounting bracket for TP-B124 used for flat front dump trailers installation of\u00a0TipTRONIK Raised Dump Box Alarm Systems.\",\"breadcrumb\":{\"@id\":\"https:\\\/\\\/revtronik.com\\\/product\\\/tp-b03\\\/#breadcrumb\"},\"inLanguage\":\"fr-CA\",\"potentialAction\":[{\"@type\":\"ReadAction\",\"target\":[\"https:\\\/\\\/revtronik.com\\\/product\\\/tp-b03\\\/\"]}]},{\"@type\":\"ImageObject\",\"inLanguage\":\"fr-CA\",\"@id\":\"https:\\\/\\\/revtronik.com\\\/product\\\/tp-b03\\\/#primaryimage\",\"url\":\"https:\\\/\\\/revtronik.com\\\/wp-content\\\/uploads\\\/TP-B03-OPTIONAL-ADDITIONAL-BRACKET-FOR-TP-B124-TipTronik-Trailer-Dumper-Tipper-Alarm-Warning-System-WIFI-GPS-Revtronik.webp\",\"contentUrl\":\"https:\\\/\\\/revtronik.com\\\/wp-content\\\/uploads\\\/TP-B03-OPTIONAL-ADDITIONAL-BRACKET-FOR-TP-B124-TipTronik-Trailer-Dumper-Tipper-Alarm-Warning-System-WIFI-GPS-Revtronik.webp\",\"width\":1433,\"height\":780,\"caption\":\"TP B03 OPTIONAL ADDITIONAL BRACKET FOR TP B124 TipTronik Trailer Dumper Tipper Alarm Warning System WIFI GPS Revtronik\"},{\"@type\":\"BreadcrumbList\",\"@id\":\"https:\\\/\\\/revtronik.com\\\/product\\\/tp-b03\\\/#breadcrumb\",\"itemListElement\":[{\"@type\":\"ListItem\",\"position\":1,\"name\":\"Accueil\",\"item\":\"https:\\\/\\\/revtronik.com\\\/\"},{\"@type\":\"ListItem\",\"position\":2,\"name\":\"Shop\",\"item\":\"https:\\\/\\\/revtronik.com\\\/?page_id=1916\"},{\"@type\":\"ListItem\",\"position\":3,\"name\":\"TipTRONIK\",\"item\":\"https:\\\/\\\/revtronik.com\\\/product-category\\\/tiptronik\\\/\"},{\"@type\":\"ListItem\",\"position\":4,\"name\":\"TP-B03 OPTIONAL ADDITIONAL BRACKET FOR TP-B124\"}]},{\"@type\":\"WebSite\",\"@id\":\"https:\\\/\\\/revtronik.com\\\/#website\",\"url\":\"https:\\\/\\\/revtronik.com\\\/\",\"name\":\"REVTRONIK.com\",\"description\":\"Smart Trucking Products\",\"publisher\":{\"@id\":\"https:\\\/\\\/revtronik.com\\\/#organization\"},\"potentialAction\":[{\"@type\":\"SearchAction\",\"target\":{\"@type\":\"EntryPoint\",\"urlTemplate\":\"https:\\\/\\\/revtronik.com\\\/?s={search_term_string}\"},\"query-input\":{\"@type\":\"PropertyValueSpecification\",\"valueRequired\":true,\"valueName\":\"search_term_string\"}}],\"inLanguage\":\"fr-CA\"},{\"@type\":\"Organization\",\"@id\":\"https:\\\/\\\/revtronik.com\\\/#organization\",\"name\":\"RevTronik inc.\",\"url\":\"https:\\\/\\\/revtronik.com\\\/\",\"logo\":{\"@type\":\"ImageObject\",\"inLanguage\":\"fr-CA\",\"@id\":\"https:\\\/\\\/revtronik.com\\\/#\\\/schema\\\/logo\\\/image\\\/\",\"url\":\"https:\\\/\\\/revtronik.com\\\/wp-content\\\/uploads\\\/MS-revtronik-Banner-trucking-products-solutions-and-racing-division-performance.webp\",\"contentUrl\":\"https:\\\/\\\/revtronik.com\\\/wp-content\\\/uploads\\\/MS-revtronik-Banner-trucking-products-solutions-and-racing-division-performance.webp\",\"width\":1200,\"height\":675,\"caption\":\"RevTronik inc.\"},\"image\":{\"@id\":\"https:\\\/\\\/revtronik.com\\\/#\\\/schema\\\/logo\\\/image\\\/\"},\"sameAs\":[\"https:\\\/\\\/www.facebook.com\\\/revtronik\",\"https:\\\/\\\/www.youtube.com\\\/channel\\\/UCiXuXHlfSRJmUqmJbOoc2wQ\",\"https:\\\/\\\/www.linkedin.com\\\/company\\\/revtronik-inc-\\\/\"],\"description\":\"Meet present and future truck industry requirements with user friendly, high quality and cost effective products !\",\"email\":\"info@revtronik.com\",\"telephone\":\"+1 819 870-2331\",\"legalName\":\"Revtronik inc.\",\"foundingDate\":\"2014-10-26\",\"numberOfEmployees\":{\"@type\":\"QuantitativeValue\",\"minValue\":\"1\",\"maxValue\":\"10\"}}]}<\/script>\n<meta property=\"product:price:currency\" content=\"CAD\" \/>\n<meta property=\"og:availability\" content=\"instock\" \/>\n<meta property=\"product:availability\" content=\"instock\" \/>\n<meta property=\"product:retailer_item_id\" content=\"TP-B03\" \/>\n<meta property=\"product:condition\" content=\"new\" \/>\n<!-- \/ Yoast SEO Premium plugin. -->","yoast_head_json":{"title":"TP-B03: SUPPORT DE FIXATION OPTIONNEL POUR LE \"TP-B124\"","description":"Optional and aditionnal mounting bracket for TP-B124 used for flat front dump trailers installation of\u00a0TipTRONIK Raised Dump Box Alarm Systems.","robots":{"index":"index","follow":"follow","max-snippet":"max-snippet:-1","max-image-preview":"max-image-preview:large","max-video-preview":"max-video-preview:-1"},"canonical":"https:\/\/revtronik.com\/fr\/product\/tp-b03\/","og_locale":"fr_CA","og_type":"article","og_title":"TP-B03 OPTIONAL ADDITIONAL BRACKET FOR TP-B124 - REVTRONIK.com %","og_description":"Optional and aditionnal mounting bracket for TP-B124 used for flat front dump trailers installation of\u00a0TipTRONIK Raised Dump Box Alarm Systems.","og_url":"https:\/\/revtronik.com\/fr\/product\/tp-b03\/","og_site_name":"REVTRONIK.com","article_publisher":"https:\/\/www.facebook.com\/revtronik","article_modified_time":"2025-09-09T23:05:43+00:00","og_image":[{"width":1433,"height":780,"url":"https:\/\/revtronik.com\/wp-content\/uploads\/TP-B03-OPTIONAL-ADDITIONAL-BRACKET-FOR-TP-B124-TipTronik-Trailer-Dumper-Tipper-Alarm-Warning-System-WIFI-GPS-Revtronik.webp","type":"image\/webp"}],"twitter_card":"summary_large_image","twitter_misc":{"Price":"","Availability":"In stock"},"schema":{"@context":"https:\/\/schema.org","@graph":[{"@type":"WebPage","@id":"https:\/\/revtronik.com\/product\/tp-b03\/","url":"https:\/\/revtronik.com\/product\/tp-b03\/","name":"TP-B03: SUPPORT DE FIXATION OPTIONNEL POUR LE \"TP-B124\"","isPartOf":{"@id":"https:\/\/revtronik.com\/#website"},"primaryImageOfPage":{"@id":"https:\/\/revtronik.com\/product\/tp-b03\/#primaryimage"},"image":{"@id":"https:\/\/revtronik.com\/product\/tp-b03\/#primaryimage"},"thumbnailUrl":"https:\/\/revtronik.com\/wp-content\/uploads\/TP-B03-OPTIONAL-ADDITIONAL-BRACKET-FOR-TP-B124-TipTronik-Trailer-Dumper-Tipper-Alarm-Warning-System-WIFI-GPS-Revtronik.webp","datePublished":"2022-11-10T18:34:00+00:00","dateModified":"2025-09-09T23:05:43+00:00","description":"Optional and aditionnal mounting bracket for TP-B124 used for flat front dump trailers installation of\u00a0TipTRONIK Raised Dump Box Alarm Systems.","breadcrumb":{"@id":"https:\/\/revtronik.com\/product\/tp-b03\/#breadcrumb"},"inLanguage":"fr-CA","potentialAction":[{"@type":"ReadAction","target":["https:\/\/revtronik.com\/product\/tp-b03\/"]}]},{"@type":"ImageObject","inLanguage":"fr-CA","@id":"https:\/\/revtronik.com\/product\/tp-b03\/#primaryimage","url":"https:\/\/revtronik.com\/wp-content\/uploads\/TP-B03-OPTIONAL-ADDITIONAL-BRACKET-FOR-TP-B124-TipTronik-Trailer-Dumper-Tipper-Alarm-Warning-System-WIFI-GPS-Revtronik.webp","contentUrl":"https:\/\/revtronik.com\/wp-content\/uploads\/TP-B03-OPTIONAL-ADDITIONAL-BRACKET-FOR-TP-B124-TipTronik-Trailer-Dumper-Tipper-Alarm-Warning-System-WIFI-GPS-Revtronik.webp","width":1433,"height":780,"caption":"TP B03 OPTIONAL ADDITIONAL BRACKET FOR TP B124 TipTronik Trailer Dumper Tipper Alarm Warning System WIFI GPS Revtronik"},{"@type":"BreadcrumbList","@id":"https:\/\/revtronik.com\/product\/tp-b03\/#breadcrumb","itemListElement":[{"@type":"ListItem","position":1,"name":"Accueil","item":"https:\/\/revtronik.com\/"},{"@type":"ListItem","position":2,"name":"Shop","item":"https:\/\/revtronik.com\/?page_id=1916"},{"@type":"ListItem","position":3,"name":"TipTRONIK","item":"https:\/\/revtronik.com\/product-category\/tiptronik\/"},{"@type":"ListItem","position":4,"name":"TP-B03 OPTIONAL ADDITIONAL BRACKET FOR TP-B124"}]},{"@type":"WebSite","@id":"https:\/\/revtronik.com\/#website","url":"https:\/\/revtronik.com\/","name":"REVTRONIK.com","description":"Smart Trucking Products","publisher":{"@id":"https:\/\/revtronik.com\/#organization"},"potentialAction":[{"@type":"SearchAction","target":{"@type":"EntryPoint","urlTemplate":"https:\/\/revtronik.com\/?s={search_term_string}"},"query-input":{"@type":"PropertyValueSpecification","valueRequired":true,"valueName":"search_term_string"}}],"inLanguage":"fr-CA"},{"@type":"Organization","@id":"https:\/\/revtronik.com\/#organization","name":"RevTronik inc.","url":"https:\/\/revtronik.com\/","logo":{"@type":"ImageObject","inLanguage":"fr-CA","@id":"https:\/\/revtronik.com\/#\/schema\/logo\/image\/","url":"https:\/\/revtronik.com\/wp-content\/uploads\/MS-revtronik-Banner-trucking-products-solutions-and-racing-division-performance.webp","contentUrl":"https:\/\/revtronik.com\/wp-content\/uploads\/MS-revtronik-Banner-trucking-products-solutions-and-racing-division-performance.webp","width":1200,"height":675,"caption":"RevTronik inc."},"image":{"@id":"https:\/\/revtronik.com\/#\/schema\/logo\/image\/"},"sameAs":["https:\/\/www.facebook.com\/revtronik","https:\/\/www.youtube.com\/channel\/UCiXuXHlfSRJmUqmJbOoc2wQ","https:\/\/www.linkedin.com\/company\/revtronik-inc-\/"],"description":"Des produits de haute qualit\u00e9, faciles \u00e0 utiliser et rentables, qui r\u00e9pondent aux exigences actuelles et futures de l'industrie du camionnage.","email":"info@revtronik.com","telephone":"+1 819 870-2331","legalName":"Revtronik inc.","foundingDate":"2014-10-26","numberOfEmployees":{"@type":"QuantitativeValue","minValue":"1","maxValue":"10"}}]},"product_price_currency":"CAD","og_availability":"instock","product_availability":"instock","product_retailer_item_id":"TP-B03","product_condition":"new"},"_links":{"self":[{"href":"https:\/\/revtronik.com\/fr\/wp-json\/wp\/v2\/product\/4079","targetHints":{"allow":["GET"]}}],"collection":[{"href":"https:\/\/revtronik.com\/fr\/wp-json\/wp\/v2\/product"}],"about":[{"href":"https:\/\/revtronik.com\/fr\/wp-json\/wp\/v2\/types\/product"}],"wp:featuredmedia":[{"embeddable":true,"href":"https:\/\/revtronik.com\/fr\/wp-json\/wp\/v2\/media\/8553"}],"wp:attachment":[{"href":"https:\/\/revtronik.com\/fr\/wp-json\/wp\/v2\/media?parent=4079"}],"wp:term":[{"taxonomy":"product_brand","embeddable":true,"href":"https:\/\/revtronik.com\/fr\/wp-json\/wp\/v2\/product_brand?post=4079"},{"taxonomy":"product_cat","embeddable":true,"href":"https:\/\/revtronik.com\/fr\/wp-json\/wp\/v2\/product_cat?post=4079"},{"taxonomy":"product_tag","embeddable":true,"href":"https:\/\/revtronik.com\/fr\/wp-json\/wp\/v2\/product_tag?post=4079"}],"curies":[{"name":"wp","href":"https:\/\/api.w.org\/{rel}","templated":true}]}}