{"id":2635,"date":"2022-06-27T09:11:43","date_gmt":"2022-06-27T14:11:43","guid":{"rendered":"https:\/\/revtronik.com\/?post_type=product&#038;p=2635"},"modified":"2024-01-25T12:19:24","modified_gmt":"2024-01-25T16:19:24","slug":"tt1-sk12","status":"publish","type":"product","link":"https:\/\/revtronik.com\/fr\/product\/tt1-sk12\/","title":{"rendered":"TestTRONIK SILVER +12&#8242; CABLES +BASE BRACKET"},"content":{"rendered":"","protected":false},"excerpt":{"rendered":"<p><span style=\"color: #7fc349;\">MOD\u00c8LES \"BRANCHEZ \/ UTILISEZ\" 100% PR\u00caTS \u00c0 L'EMPLOI !<br \/>\n<\/span>Our top of the line, this equipment is and upgrade of the Bronze edition with LED SCREEN wireless remote control and electrical AUTOMATIC SEQUENCE tests.<\/p>\n<p><span style=\"color: #7fc349;\">FOR CUSTOM SET-UP<\/span><\/p>\n<p><strong>INCLUS<br \/>\n<\/strong>\u2022 Silver Electric\/Pneumatic Unit. (<a href=\"https:\/\/revtronik.com\/product\/testtronik-tt1-s\/\">TT1-S<\/a>)<br \/>\n\u2022 LED SCREEN Remote. (<a href=\"https:\/\/revtronik.com\/product\/testtronik-tt1-sr\/\">TT1-SR<\/a>)<br \/>\n\u2022 45 amp. Power Converter and Charger (<a href=\"https:\/\/revtronik.com\/product\/chargetronik-ct-p11245-charger-and-power-converter\/\">CT-P11245<\/a>)<br \/>\n\u2022 Base Bracket &#8211; 45\u00b0 powder coated metal.<br \/>\n\u2022 12&#8242; air line kit &amp; 12&#8242; electrical cord. (<a href=\"https:\/\/revtronik.com\/product\/testtronik-kae-12\/\">KAE-12<\/a>)<br \/>\n<strong>*Wire and air hose kits can also be supplied in made to measure lengths.<\/strong><\/p>\n<p><strong><br \/>\nREMOTE FEATURES:<\/strong><br \/>\n\u2022 Wireless remote with LED SCREEN technology.<br \/>\n\u2022 12 Channel, bidirectional, 2.4 Ghz<br \/>\n\u2022 FCC approved, 200 foot range rated technology.<br \/>\n\u2022 No blind spots, working distance increased without any interference.<br \/>\n\u2022 Transparent remote dust cover included.<\/p>\n<p><strong>UNIT FEATURES:<br \/>\n<\/strong>\u2022 Automatic electrical diagnostic sequence test.<br \/>\n\u2022 Automatic electrical verification and diagnos<\/p>\n<p>tic tests.<br \/>\n\u2022 Current drain appears on the remote.<br \/>\n\u2022 Cross wires, short circuit, open circuit instantaneously appear on the remote&#8217;s LED screen.<br \/>\n\u2022 Logos on remote indicates what is applied.<br \/>\n\u2022 Analyzes trailer ground quality.<br \/>\n\u2022 All electrical and pneumatic circuits can be activated and verified manually or using the wireless remote control.<br \/>\n\u2022 Performs Emergency and Service airline tests manually or using the wireless remote control.<br \/>\n\u2022 Short circuit and circuit activation confirmed on the remote.<br \/>\nMode manuel, \u00e0 distance et automatis\u00e9 disponible pour tous les circuits pneumatiques et \u00e9lectriques.<br \/>\n\u2022 Powder coated steel construction.<br \/>\n\u2022 Visible and audible alerts.<br \/>\n<span style=\"color: #ff0000;\">\u2022 Cart come ready to use with a 12 foot air hose and electric cord kit and a 45 amps power converter.<\/span><\/p>","protected":false},"featured_media":748,"template":"","meta":{"_acf_changed":false,"site-sidebar-layout":"default","site-content-layout":"","ast-site-content-layout":"default","site-content-style":"default","site-sidebar-style":"default","ast-global-header-display":"","ast-banner-title-visibility":"","ast-main-header-display":"","ast-hfb-above-header-display":"","ast-hfb-below-header-display":"","ast-hfb-mobile-header-display":"","site-post-title":"","ast-breadcrumbs-content":"","ast-featured-img":"","footer-sml-layout":"","ast-disable-related-posts":"","theme-transparent-header-meta":"","adv-header-id-meta":"","stick-header-meta":"","header-above-stick-meta":"","header-main-stick-meta":"","header-below-stick-meta":"","astra-migrate-meta-layouts":"default","ast-page-background-enabled":"default","ast-page-background-meta":{"desktop":{"background-color":"var(--ast-global-color-4)","background-image":"","background-repeat":"repeat","background-position":"center center","background-size":"auto","background-attachment":"scroll","background-type":"","background-media":"","overlay-type":"","overlay-color":"","overlay-opacity":"","overlay-gradient":""},"tablet":{"background-color":"","background-image":"","background-repeat":"repeat","background-position":"center center","background-size":"auto","background-attachment":"scroll","background-type":"","background-media":"","overlay-type":"","overlay-color":"","overlay-opacity":"","overlay-gradient":""},"mobile":{"background-color":"","background-image":"","background-repeat":"repeat","background-position":"center center","background-size":"auto","background-attachment":"scroll","background-type":"","background-media":"","overlay-type":"","overlay-color":"","overlay-opacity":"","overlay-gradient":""}},"ast-content-background-meta":{"desktop":{"background-color":"var(--ast-global-color-5)","background-image":"","background-repeat":"repeat","background-position":"center center","background-size":"auto","background-attachment":"scroll","background-type":"","background-media":"","overlay-type":"","overlay-color":"","overlay-opacity":"","overlay-gradient":""},"tablet":{"background-color":"var(--ast-global-color-5)","background-image":"","background-repeat":"repeat","background-position":"center center","background-size":"auto","background-attachment":"scroll","background-type":"","background-media":"","overlay-type":"","overlay-color":"","overlay-opacity":"","overlay-gradient":""},"mobile":{"background-color":"var(--ast-global-color-5)","background-image":"","background-repeat":"repeat","background-position":"center center","background-size":"auto","background-attachment":"scroll","background-type":"","background-media":"","overlay-type":"","overlay-color":"","overlay-opacity":"","overlay-gradient":""}}},"product_brand":[],"product_cat":[97,109],"product_tag":[134,98],"class_list":{"0":"post-2635","1":"product","2":"type-product","3":"status-publish","4":"has-post-thumbnail","6":"product_cat-testtronik","7":"product_cat-testtronik-silver-units","8":"product_tag-testtronik","9":"product_tag-electricpneumatic","10":"desktop-align-left","11":"tablet-align-left","12":"mobile-align-left","14":"first","15":"instock","16":"shipping-taxable","17":"product-type-simple"},"acf":[],"yoast_head":"<!-- This site is optimized with the Yoast SEO Premium plugin v26.5 (Yoast SEO v27.3) - https:\/\/yoast.com\/product\/yoast-seo-premium-wordpress\/ -->\n<title>TestTRONIK SILVER +12&#039; CABLES +BASE BRACKET - REVTRONIK.com<\/title>\n<meta name=\"description\" content=\"TestTRONIK SILVER TT1-SK12 with charger and all cables &amp; brackets for precise electrical and pneumatic trailers diagnostic and fast problems identification.\" \/>\n<meta name=\"robots\" content=\"index, follow, max-snippet:-1, max-image-preview:large, max-video-preview:-1\" \/>\n<link rel=\"canonical\" href=\"https:\/\/revtronik.com\/fr\/product\/tt1-sk12\/\" \/>\n<meta property=\"og:locale\" content=\"fr_CA\" \/>\n<meta property=\"og:type\" content=\"article\" \/>\n<meta property=\"og:title\" content=\"TestTRONIK SILVER +12&#039; CABLES +BASE BRACKET - REVTRONIK.com %\" \/>\n<meta property=\"og:description\" content=\"TestTRONIK SILVER TT1-SK12 with charger and all cables &amp; brackets for precise electrical and pneumatic trailers diagnostic and fast problems identification.\" \/>\n<meta property=\"og:url\" content=\"https:\/\/revtronik.com\/fr\/product\/tt1-sk12\/\" \/>\n<meta property=\"og:site_name\" content=\"REVTRONIK.com\" \/>\n<meta property=\"article:publisher\" content=\"https:\/\/www.facebook.com\/revtronik\" \/>\n<meta property=\"article:modified_time\" content=\"2024-01-25T16:19:24+00:00\" \/>\n<meta property=\"og:image\" content=\"https:\/\/revtronik.com\/wp-content\/uploads\/TT-SK-12-25-TestTRONIK-Wireless-Trailer-Tester-Remote-Control-Converter-Optimizer-Revtronik.jpg\" \/>\n\t<meta property=\"og:image:width\" content=\"1000\" \/>\n\t<meta property=\"og:image:height\" content=\"1170\" \/>\n\t<meta property=\"og:image:type\" content=\"image\/jpeg\" \/>\n<meta name=\"twitter:card\" content=\"summary_large_image\" \/>\n<meta name=\"twitter:label1\" content=\"Price\" \/>\n\t<meta name=\"twitter:data1\" content=\"\" \/>\n\t<meta name=\"twitter:label2\" content=\"Availability\" \/>\n\t<meta name=\"twitter:data2\" content=\"In stock\" \/>\n<script type=\"application\/ld+json\" class=\"yoast-schema-graph\">{\"@context\":\"https:\\\/\\\/schema.org\",\"@graph\":[{\"@type\":\"WebPage\",\"@id\":\"https:\\\/\\\/revtronik.com\\\/product\\\/tt1-sk12\\\/\",\"url\":\"https:\\\/\\\/revtronik.com\\\/product\\\/tt1-sk12\\\/\",\"name\":\"TestTRONIK SILVER +12' CABLES +BASE BRACKET - REVTRONIK.com\",\"isPartOf\":{\"@id\":\"https:\\\/\\\/revtronik.com\\\/#website\"},\"primaryImageOfPage\":{\"@id\":\"https:\\\/\\\/revtronik.com\\\/product\\\/tt1-sk12\\\/#primaryimage\"},\"image\":{\"@id\":\"https:\\\/\\\/revtronik.com\\\/product\\\/tt1-sk12\\\/#primaryimage\"},\"thumbnailUrl\":\"https:\\\/\\\/revtronik.com\\\/wp-content\\\/uploads\\\/TT-SK-12-25-TestTRONIK-Wireless-Trailer-Tester-Remote-Control-Converter-Optimizer-Revtronik.jpg\",\"datePublished\":\"2022-06-27T14:11:43+00:00\",\"dateModified\":\"2024-01-25T16:19:24+00:00\",\"description\":\"TestTRONIK SILVER TT1-SK12 with charger and all cables & brackets for precise electrical and pneumatic trailers diagnostic and fast problems identification.\",\"breadcrumb\":{\"@id\":\"https:\\\/\\\/revtronik.com\\\/product\\\/tt1-sk12\\\/#breadcrumb\"},\"inLanguage\":\"fr-CA\",\"potentialAction\":[{\"@type\":\"ReadAction\",\"target\":[\"https:\\\/\\\/revtronik.com\\\/product\\\/tt1-sk12\\\/\"]}]},{\"@type\":\"ImageObject\",\"inLanguage\":\"fr-CA\",\"@id\":\"https:\\\/\\\/revtronik.com\\\/product\\\/tt1-sk12\\\/#primaryimage\",\"url\":\"https:\\\/\\\/revtronik.com\\\/wp-content\\\/uploads\\\/TT-SK-12-25-TestTRONIK-Wireless-Trailer-Tester-Remote-Control-Converter-Optimizer-Revtronik.jpg\",\"contentUrl\":\"https:\\\/\\\/revtronik.com\\\/wp-content\\\/uploads\\\/TT-SK-12-25-TestTRONIK-Wireless-Trailer-Tester-Remote-Control-Converter-Optimizer-Revtronik.jpg\",\"width\":1000,\"height\":1170,\"caption\":\"TT SK 12 25 TestTRONIK Wireless Trailer Tester Remote Control Converter Optimizer Revtronik\"},{\"@type\":\"BreadcrumbList\",\"@id\":\"https:\\\/\\\/revtronik.com\\\/product\\\/tt1-sk12\\\/#breadcrumb\",\"itemListElement\":[{\"@type\":\"ListItem\",\"position\":1,\"name\":\"Accueil\",\"item\":\"https:\\\/\\\/revtronik.com\\\/\"},{\"@type\":\"ListItem\",\"position\":2,\"name\":\"Shop\",\"item\":\"https:\\\/\\\/revtronik.com\\\/shop\\\/\"},{\"@type\":\"ListItem\",\"position\":3,\"name\":\"TestTRONIK\",\"item\":\"https:\\\/\\\/revtronik.com\\\/product-category\\\/testtronik\\\/\"},{\"@type\":\"ListItem\",\"position\":4,\"name\":\"TestTRONIK SILVER +12&#8242; CABLES +BASE BRACKET\"}]},{\"@type\":\"WebSite\",\"@id\":\"https:\\\/\\\/revtronik.com\\\/#website\",\"url\":\"https:\\\/\\\/revtronik.com\\\/\",\"name\":\"REVTRONIK.com\",\"description\":\"Smart Trucking Products\",\"publisher\":{\"@id\":\"https:\\\/\\\/revtronik.com\\\/#organization\"},\"potentialAction\":[{\"@type\":\"SearchAction\",\"target\":{\"@type\":\"EntryPoint\",\"urlTemplate\":\"https:\\\/\\\/revtronik.com\\\/?s={search_term_string}\"},\"query-input\":{\"@type\":\"PropertyValueSpecification\",\"valueRequired\":true,\"valueName\":\"search_term_string\"}}],\"inLanguage\":\"fr-CA\"},{\"@type\":\"Organization\",\"@id\":\"https:\\\/\\\/revtronik.com\\\/#organization\",\"name\":\"RevTronik inc.\",\"url\":\"https:\\\/\\\/revtronik.com\\\/\",\"logo\":{\"@type\":\"ImageObject\",\"inLanguage\":\"fr-CA\",\"@id\":\"https:\\\/\\\/revtronik.com\\\/#\\\/schema\\\/logo\\\/image\\\/\",\"url\":\"https:\\\/\\\/revtronik.com\\\/wp-content\\\/uploads\\\/MS-revtronik-Banner-trucking-products-solutions-and-racing-division-performance.webp\",\"contentUrl\":\"https:\\\/\\\/revtronik.com\\\/wp-content\\\/uploads\\\/MS-revtronik-Banner-trucking-products-solutions-and-racing-division-performance.webp\",\"width\":1200,\"height\":675,\"caption\":\"RevTronik inc.\"},\"image\":{\"@id\":\"https:\\\/\\\/revtronik.com\\\/#\\\/schema\\\/logo\\\/image\\\/\"},\"sameAs\":[\"https:\\\/\\\/www.facebook.com\\\/revtronik\",\"https:\\\/\\\/www.youtube.com\\\/channel\\\/UCiXuXHlfSRJmUqmJbOoc2wQ\",\"https:\\\/\\\/www.linkedin.com\\\/company\\\/revtronik-inc-\\\/\"],\"description\":\"Meet present and future truck industry requirements with user friendly, high quality and cost effective products !\",\"email\":\"info@revtronik.com\",\"telephone\":\"+1 819 870-2331\",\"legalName\":\"Revtronik inc.\",\"foundingDate\":\"2014-10-26\",\"numberOfEmployees\":{\"@type\":\"QuantitativeValue\",\"minValue\":\"1\",\"maxValue\":\"10\"}}]}<\/script>\n<meta property=\"product:price:currency\" content=\"CAD\" \/>\n<meta property=\"og:availability\" content=\"instock\" \/>\n<meta property=\"product:availability\" content=\"instock\" \/>\n<meta property=\"product:retailer_item_id\" content=\"TT1-SK12\" \/>\n<meta property=\"product:condition\" content=\"new\" \/>\n<!-- \/ Yoast SEO Premium plugin. -->","yoast_head_json":{"title":"TestTRONIK SILVER +12' CABLES +BASE BRACKET - REVTRONIK.com","description":"TestTRONIK SILVER TT1-SK12 with charger and all cables & brackets for precise electrical and pneumatic trailers diagnostic and fast problems identification.","robots":{"index":"index","follow":"follow","max-snippet":"max-snippet:-1","max-image-preview":"max-image-preview:large","max-video-preview":"max-video-preview:-1"},"canonical":"https:\/\/revtronik.com\/fr\/product\/tt1-sk12\/","og_locale":"fr_CA","og_type":"article","og_title":"TestTRONIK SILVER +12' CABLES +BASE BRACKET - REVTRONIK.com %","og_description":"TestTRONIK SILVER TT1-SK12 with charger and all cables & brackets for precise electrical and pneumatic trailers diagnostic and fast problems identification.","og_url":"https:\/\/revtronik.com\/fr\/product\/tt1-sk12\/","og_site_name":"REVTRONIK.com","article_publisher":"https:\/\/www.facebook.com\/revtronik","article_modified_time":"2024-01-25T16:19:24+00:00","og_image":[{"width":1000,"height":1170,"url":"https:\/\/revtronik.com\/wp-content\/uploads\/TT-SK-12-25-TestTRONIK-Wireless-Trailer-Tester-Remote-Control-Converter-Optimizer-Revtronik.jpg","type":"image\/jpeg"}],"twitter_card":"summary_large_image","twitter_misc":{"Price":"","Availability":"In stock"},"schema":{"@context":"https:\/\/schema.org","@graph":[{"@type":"WebPage","@id":"https:\/\/revtronik.com\/product\/tt1-sk12\/","url":"https:\/\/revtronik.com\/product\/tt1-sk12\/","name":"TestTRONIK SILVER +12' CABLES +BASE BRACKET - REVTRONIK.com","isPartOf":{"@id":"https:\/\/revtronik.com\/#website"},"primaryImageOfPage":{"@id":"https:\/\/revtronik.com\/product\/tt1-sk12\/#primaryimage"},"image":{"@id":"https:\/\/revtronik.com\/product\/tt1-sk12\/#primaryimage"},"thumbnailUrl":"https:\/\/revtronik.com\/wp-content\/uploads\/TT-SK-12-25-TestTRONIK-Wireless-Trailer-Tester-Remote-Control-Converter-Optimizer-Revtronik.jpg","datePublished":"2022-06-27T14:11:43+00:00","dateModified":"2024-01-25T16:19:24+00:00","description":"TestTRONIK SILVER TT1-SK12 with charger and all cables & brackets for precise electrical and pneumatic trailers diagnostic and fast problems identification.","breadcrumb":{"@id":"https:\/\/revtronik.com\/product\/tt1-sk12\/#breadcrumb"},"inLanguage":"fr-CA","potentialAction":[{"@type":"ReadAction","target":["https:\/\/revtronik.com\/product\/tt1-sk12\/"]}]},{"@type":"ImageObject","inLanguage":"fr-CA","@id":"https:\/\/revtronik.com\/product\/tt1-sk12\/#primaryimage","url":"https:\/\/revtronik.com\/wp-content\/uploads\/TT-SK-12-25-TestTRONIK-Wireless-Trailer-Tester-Remote-Control-Converter-Optimizer-Revtronik.jpg","contentUrl":"https:\/\/revtronik.com\/wp-content\/uploads\/TT-SK-12-25-TestTRONIK-Wireless-Trailer-Tester-Remote-Control-Converter-Optimizer-Revtronik.jpg","width":1000,"height":1170,"caption":"TT SK 12 25 TestTRONIK Wireless Trailer Tester Remote Control Converter Optimizer Revtronik"},{"@type":"BreadcrumbList","@id":"https:\/\/revtronik.com\/product\/tt1-sk12\/#breadcrumb","itemListElement":[{"@type":"ListItem","position":1,"name":"Accueil","item":"https:\/\/revtronik.com\/"},{"@type":"ListItem","position":2,"name":"Shop","item":"https:\/\/revtronik.com\/shop\/"},{"@type":"ListItem","position":3,"name":"TestTRONIK","item":"https:\/\/revtronik.com\/product-category\/testtronik\/"},{"@type":"ListItem","position":4,"name":"TestTRONIK SILVER +12&#8242; CABLES +BASE BRACKET"}]},{"@type":"WebSite","@id":"https:\/\/revtronik.com\/#website","url":"https:\/\/revtronik.com\/","name":"REVTRONIK.com","description":"Smart Trucking Products","publisher":{"@id":"https:\/\/revtronik.com\/#organization"},"potentialAction":[{"@type":"SearchAction","target":{"@type":"EntryPoint","urlTemplate":"https:\/\/revtronik.com\/?s={search_term_string}"},"query-input":{"@type":"PropertyValueSpecification","valueRequired":true,"valueName":"search_term_string"}}],"inLanguage":"fr-CA"},{"@type":"Organization","@id":"https:\/\/revtronik.com\/#organization","name":"RevTronik inc.","url":"https:\/\/revtronik.com\/","logo":{"@type":"ImageObject","inLanguage":"fr-CA","@id":"https:\/\/revtronik.com\/#\/schema\/logo\/image\/","url":"https:\/\/revtronik.com\/wp-content\/uploads\/MS-revtronik-Banner-trucking-products-solutions-and-racing-division-performance.webp","contentUrl":"https:\/\/revtronik.com\/wp-content\/uploads\/MS-revtronik-Banner-trucking-products-solutions-and-racing-division-performance.webp","width":1200,"height":675,"caption":"RevTronik inc."},"image":{"@id":"https:\/\/revtronik.com\/#\/schema\/logo\/image\/"},"sameAs":["https:\/\/www.facebook.com\/revtronik","https:\/\/www.youtube.com\/channel\/UCiXuXHlfSRJmUqmJbOoc2wQ","https:\/\/www.linkedin.com\/company\/revtronik-inc-\/"],"description":"Des produits de haute qualit\u00e9, faciles \u00e0 utiliser et rentables, qui r\u00e9pondent aux exigences actuelles et futures de l'industrie du camionnage.","email":"info@revtronik.com","telephone":"+1 819 870-2331","legalName":"Revtronik inc.","foundingDate":"2014-10-26","numberOfEmployees":{"@type":"QuantitativeValue","minValue":"1","maxValue":"10"}}]},"product_price_currency":"CAD","og_availability":"instock","product_availability":"instock","product_retailer_item_id":"TT1-SK12","product_condition":"new"},"_links":{"self":[{"href":"https:\/\/revtronik.com\/fr\/wp-json\/wp\/v2\/product\/2635","targetHints":{"allow":["GET"]}}],"collection":[{"href":"https:\/\/revtronik.com\/fr\/wp-json\/wp\/v2\/product"}],"about":[{"href":"https:\/\/revtronik.com\/fr\/wp-json\/wp\/v2\/types\/product"}],"wp:featuredmedia":[{"embeddable":true,"href":"https:\/\/revtronik.com\/fr\/wp-json\/wp\/v2\/media\/748"}],"wp:attachment":[{"href":"https:\/\/revtronik.com\/fr\/wp-json\/wp\/v2\/media?parent=2635"}],"wp:term":[{"taxonomy":"product_brand","embeddable":true,"href":"https:\/\/revtronik.com\/fr\/wp-json\/wp\/v2\/product_brand?post=2635"},{"taxonomy":"product_cat","embeddable":true,"href":"https:\/\/revtronik.com\/fr\/wp-json\/wp\/v2\/product_cat?post=2635"},{"taxonomy":"product_tag","embeddable":true,"href":"https:\/\/revtronik.com\/fr\/wp-json\/wp\/v2\/product_tag?post=2635"}],"curies":[{"name":"wp","href":"https:\/\/api.w.org\/{rel}","templated":true}]}}