{"id":2605,"date":"2022-06-24T18:02:40","date_gmt":"2022-06-24T23:02:40","guid":{"rendered":"https:\/\/revtronik.com\/?post_type=product&#038;p=2605"},"modified":"2024-03-06T18:01:18","modified_gmt":"2024-03-06T22:01:18","slug":"ct-0268","status":"publish","type":"product","link":"https:\/\/revtronik.com\/fr\/product\/ct-0268\/","title":{"rendered":"ChargeTRONIK 12v\/10amp &amp; 24v\/5amp avec \u00c9CRAN LCD"},"content":{"rendered":"","protected":false},"excerpt":{"rendered":"<div class=\"uabb-marketing-buttons-wrap\">\n<div class=\"uabb-marketing-buttons-contentwrap uabb-marketing-button-icon-before\"><strong><span class=\"uabb-marketing-buttons-title-innerwrap uabb-marketing-title uabb-button-text uabb-marketing-title\">10A \/ 12V \u2022 5A \/ 24V<br \/>\n<\/span><\/strong>SMART BATTERY CHARGER &amp; MAINTAINER FOR FOR 12V\/24V BATTERIES, LEAD ACID, AGM and GEL.<\/div>\n<div><\/div>\n<div class=\"uabb-marketing-buttons-contentwrap uabb-marketing-button-icon-before\">\n<p>LCD Display and advanced automatic voltage stabilization and current limit charging that work perfectly with hight power fluctuations.<\/p>\n<p><strong>SMART FEATURES:<br \/>\n<\/strong>\u2022\u00a0LCD display<br \/>\n\u2022\u00a0Memory function<br \/>\n\u2022\u00a0Charging current selection<br \/>\n\u2022\u00a0\u00a0Auto select voltage\u00a012V\/24V<br \/>\n\u2022\u00a0Electronically safe against user error<\/p>\n<p><strong>TOTAL PROTECTION<\/strong>:<br \/>\n\u2022\u00a0Sparks<br \/>\n\u2022\u00a0Overheated<br \/>\n\u2022\u00a0Overcharging<br \/>\n\u2022\u00a0Short circuit<br \/>\n\u2022\u00a0Reverse polarity<\/p>\n<p><strong>INPUT VOLTAGE<\/strong>:<br \/>\n105-125V AC, 60Hz<br \/>\n220-240V AC, 50Hz<\/p>\n<p><strong>IN THE BOX:<\/strong><br \/>\n\u2022\u00a0Smart Charger<br \/>\n\u2022\u00a0Alligator Clips &amp; Wires<\/p>\n<\/div>\n<\/div>","protected":false},"featured_media":1313,"template":"","meta":{"_acf_changed":false,"site-sidebar-layout":"default","site-content-layout":"","ast-site-content-layout":"default","site-content-style":"default","site-sidebar-style":"default","ast-global-header-display":"","ast-banner-title-visibility":"","ast-main-header-display":"","ast-hfb-above-header-display":"","ast-hfb-below-header-display":"","ast-hfb-mobile-header-display":"","site-post-title":"","ast-breadcrumbs-content":"","ast-featured-img":"","footer-sml-layout":"","ast-disable-related-posts":"","theme-transparent-header-meta":"default","adv-header-id-meta":"","stick-header-meta":"","header-above-stick-meta":"","header-main-stick-meta":"","header-below-stick-meta":"","astra-migrate-meta-layouts":"set","ast-page-background-enabled":"default","ast-page-background-meta":{"desktop":{"background-color":"var(--ast-global-color-4)","background-image":"","background-repeat":"repeat","background-position":"center center","background-size":"auto","background-attachment":"scroll","background-type":"","background-media":"","overlay-type":"","overlay-color":"","overlay-opacity":"","overlay-gradient":""},"tablet":{"background-color":"","background-image":"","background-repeat":"repeat","background-position":"center center","background-size":"auto","background-attachment":"scroll","background-type":"","background-media":"","overlay-type":"","overlay-color":"","overlay-opacity":"","overlay-gradient":""},"mobile":{"background-color":"","background-image":"","background-repeat":"repeat","background-position":"center center","background-size":"auto","background-attachment":"scroll","background-type":"","background-media":"","overlay-type":"","overlay-color":"","overlay-opacity":"","overlay-gradient":""}},"ast-content-background-meta":{"desktop":{"background-color":"var(--ast-global-color-5)","background-image":"","background-repeat":"repeat","background-position":"center center","background-size":"auto","background-attachment":"scroll","background-type":"","background-media":"","overlay-type":"","overlay-color":"","overlay-opacity":"","overlay-gradient":""},"tablet":{"background-color":"var(--ast-global-color-5)","background-image":"","background-repeat":"repeat","background-position":"center center","background-size":"auto","background-attachment":"scroll","background-type":"","background-media":"","overlay-type":"","overlay-color":"","overlay-opacity":"","overlay-gradient":""},"mobile":{"background-color":"var(--ast-global-color-5)","background-image":"","background-repeat":"repeat","background-position":"center center","background-size":"auto","background-attachment":"scroll","background-type":"","background-media":"","overlay-type":"","overlay-color":"","overlay-opacity":"","overlay-gradient":""}}},"product_brand":[],"product_cat":[93],"product_tag":[136,92,95],"class_list":{"0":"post-2605","1":"product","2":"type-product","3":"status-publish","4":"has-post-thumbnail","6":"product_cat-chargetronik","7":"product_tag-chargetronik","8":"product_tag-chargetronik-automotive-chargers","9":"product_tag-heattronik-compatible","10":"desktop-align-left","11":"tablet-align-left","12":"mobile-align-left","14":"first","15":"instock","16":"shipping-taxable","17":"product-type-simple"},"acf":[],"yoast_head":"<!-- This site is optimized with the Yoast SEO Premium plugin v27.3 (Yoast SEO v27.6) - https:\/\/yoast.com\/product\/yoast-seo-premium-wordpress\/ -->\n<title>ChargeTRONIK 12v\/10amp 24v\/5amp with LCD DISPLAY - REVTRONIK.com<\/title>\n<meta name=\"description\" content=\"ChargeTRONIK CT-0268 Advanced 12v\/10amp \u2022 24v\/5amp Smart Battery Charger &amp; Maintainer with LCD DISPLAY for 12v\/24v batteries - Lead acid | Agm | Gel.\" \/>\n<meta name=\"robots\" content=\"index, follow, max-snippet:-1, max-image-preview:large, max-video-preview:-1\" \/>\n<link rel=\"canonical\" href=\"https:\/\/revtronik.com\/fr\/product\/ct-0268\/\" \/>\n<meta property=\"og:locale\" content=\"fr_CA\" \/>\n<meta property=\"og:type\" content=\"article\" \/>\n<meta property=\"og:title\" content=\"ChargeTRONIK 12v\/10amp 24v\/5amp with LCD DISPLAY - REVTRONIK.com %\" \/>\n<meta property=\"og:description\" content=\"ChargeTRONIK CT-0268 Advanced 12v\/10amp \u2022 24v\/5amp Smart Battery Charger &amp; Maintainer with LCD DISPLAY for 12v\/24v batteries - Lead acid | Agm | Gel.\" \/>\n<meta property=\"og:url\" content=\"https:\/\/revtronik.com\/fr\/product\/ct-0268\/\" \/>\n<meta property=\"og:site_name\" content=\"REVTRONIK.com\" \/>\n<meta property=\"article:publisher\" content=\"https:\/\/www.facebook.com\/revtronik\" \/>\n<meta property=\"article:modified_time\" content=\"2024-03-06T22:01:18+00:00\" \/>\n<meta property=\"og:image\" content=\"https:\/\/revtronik.com\/wp-content\/uploads\/CT-268-Battery-Charger-TRONIK-Power-Maintainer-Optimizer-electronic-Revtronik-1.jpg\" \/>\n\t<meta property=\"og:image:width\" content=\"756\" \/>\n\t<meta property=\"og:image:height\" content=\"340\" \/>\n\t<meta property=\"og:image:type\" content=\"image\/jpeg\" \/>\n<meta name=\"twitter:card\" content=\"summary_large_image\" \/>\n<meta name=\"twitter:label1\" content=\"Price\" \/>\n\t<meta name=\"twitter:data1\" content=\"\" \/>\n\t<meta name=\"twitter:label2\" content=\"Availability\" \/>\n\t<meta name=\"twitter:data2\" content=\"In stock\" \/>\n<script type=\"application\/ld+json\" class=\"yoast-schema-graph\">{\"@context\":\"https:\\\/\\\/schema.org\",\"@graph\":[{\"@type\":\"WebPage\",\"@id\":\"https:\\\/\\\/revtronik.com\\\/product\\\/ct-0268\\\/\",\"url\":\"https:\\\/\\\/revtronik.com\\\/product\\\/ct-0268\\\/\",\"name\":\"ChargeTRONIK 12v\\\/10amp 24v\\\/5amp with LCD DISPLAY - REVTRONIK.com\",\"isPartOf\":{\"@id\":\"https:\\\/\\\/revtronik.com\\\/#website\"},\"primaryImageOfPage\":{\"@id\":\"https:\\\/\\\/revtronik.com\\\/product\\\/ct-0268\\\/#primaryimage\"},\"image\":{\"@id\":\"https:\\\/\\\/revtronik.com\\\/product\\\/ct-0268\\\/#primaryimage\"},\"thumbnailUrl\":\"https:\\\/\\\/revtronik.com\\\/wp-content\\\/uploads\\\/CT-268-Battery-Charger-TRONIK-Power-Maintainer-Optimizer-electronic-Revtronik-1.jpg\",\"datePublished\":\"2022-06-24T23:02:40+00:00\",\"dateModified\":\"2024-03-06T22:01:18+00:00\",\"description\":\"ChargeTRONIK CT-0268 Advanced 12v\\\/10amp \u2022 24v\\\/5amp Smart Battery Charger & Maintainer with LCD DISPLAY for 12v\\\/24v batteries - Lead acid | Agm | Gel.\",\"breadcrumb\":{\"@id\":\"https:\\\/\\\/revtronik.com\\\/product\\\/ct-0268\\\/#breadcrumb\"},\"inLanguage\":\"fr-CA\",\"potentialAction\":[{\"@type\":\"ReadAction\",\"target\":[\"https:\\\/\\\/revtronik.com\\\/product\\\/ct-0268\\\/\"]}]},{\"@type\":\"ImageObject\",\"inLanguage\":\"fr-CA\",\"@id\":\"https:\\\/\\\/revtronik.com\\\/product\\\/ct-0268\\\/#primaryimage\",\"url\":\"https:\\\/\\\/revtronik.com\\\/wp-content\\\/uploads\\\/CT-268-Battery-Charger-TRONIK-Power-Maintainer-Optimizer-electronic-Revtronik-1.jpg\",\"contentUrl\":\"https:\\\/\\\/revtronik.com\\\/wp-content\\\/uploads\\\/CT-268-Battery-Charger-TRONIK-Power-Maintainer-Optimizer-electronic-Revtronik-1.jpg\",\"width\":756,\"height\":340,\"caption\":\"CT 268 Battery Charger TRONIK Power Maintainer Optimizer electronic Revtronik 1\"},{\"@type\":\"BreadcrumbList\",\"@id\":\"https:\\\/\\\/revtronik.com\\\/product\\\/ct-0268\\\/#breadcrumb\",\"itemListElement\":[{\"@type\":\"ListItem\",\"position\":1,\"name\":\"Accueil\",\"item\":\"https:\\\/\\\/revtronik.com\\\/\"},{\"@type\":\"ListItem\",\"position\":2,\"name\":\"Shop\",\"item\":\"https:\\\/\\\/revtronik.com\\\/?page_id=1916\"},{\"@type\":\"ListItem\",\"position\":3,\"name\":\"ChargeTRONIK\",\"item\":\"https:\\\/\\\/revtronik.com\\\/product-category\\\/chargetronik\\\/\"},{\"@type\":\"ListItem\",\"position\":4,\"name\":\"ChargeTRONIK 12v\\\/10amp 24v\\\/5amp with LCD DISPLAY\"}]},{\"@type\":\"WebSite\",\"@id\":\"https:\\\/\\\/revtronik.com\\\/#website\",\"url\":\"https:\\\/\\\/revtronik.com\\\/\",\"name\":\"REVTRONIK.com\",\"description\":\"Smart Trucking Products\",\"publisher\":{\"@id\":\"https:\\\/\\\/revtronik.com\\\/#organization\"},\"potentialAction\":[{\"@type\":\"SearchAction\",\"target\":{\"@type\":\"EntryPoint\",\"urlTemplate\":\"https:\\\/\\\/revtronik.com\\\/?s={search_term_string}\"},\"query-input\":{\"@type\":\"PropertyValueSpecification\",\"valueRequired\":true,\"valueName\":\"search_term_string\"}}],\"inLanguage\":\"fr-CA\"},{\"@type\":\"Organization\",\"@id\":\"https:\\\/\\\/revtronik.com\\\/#organization\",\"name\":\"RevTronik inc.\",\"url\":\"https:\\\/\\\/revtronik.com\\\/\",\"logo\":{\"@type\":\"ImageObject\",\"inLanguage\":\"fr-CA\",\"@id\":\"https:\\\/\\\/revtronik.com\\\/#\\\/schema\\\/logo\\\/image\\\/\",\"url\":\"https:\\\/\\\/revtronik.com\\\/wp-content\\\/uploads\\\/MS-revtronik-Banner-trucking-products-solutions-and-racing-division-performance.webp\",\"contentUrl\":\"https:\\\/\\\/revtronik.com\\\/wp-content\\\/uploads\\\/MS-revtronik-Banner-trucking-products-solutions-and-racing-division-performance.webp\",\"width\":1200,\"height\":675,\"caption\":\"RevTronik inc.\"},\"image\":{\"@id\":\"https:\\\/\\\/revtronik.com\\\/#\\\/schema\\\/logo\\\/image\\\/\"},\"sameAs\":[\"https:\\\/\\\/www.facebook.com\\\/revtronik\",\"https:\\\/\\\/www.youtube.com\\\/channel\\\/UCiXuXHlfSRJmUqmJbOoc2wQ\",\"https:\\\/\\\/www.linkedin.com\\\/company\\\/revtronik-inc-\\\/\"],\"description\":\"Meet present and future truck industry requirements with user friendly, high quality and cost effective products !\",\"email\":\"info@revtronik.com\",\"telephone\":\"+1 819 870-2331\",\"legalName\":\"Revtronik inc.\",\"foundingDate\":\"2014-10-26\",\"numberOfEmployees\":{\"@type\":\"QuantitativeValue\",\"minValue\":\"1\",\"maxValue\":\"10\"}}]}<\/script>\n<meta property=\"product:price:currency\" content=\"CAD\" \/>\n<meta property=\"og:availability\" content=\"instock\" \/>\n<meta property=\"product:availability\" content=\"instock\" \/>\n<meta property=\"product:retailer_item_id\" content=\"CT-0268\" \/>\n<meta property=\"product:condition\" content=\"new\" \/>\n<!-- \/ Yoast SEO Premium plugin. -->","yoast_head_json":{"title":"ChargeTRONIK 12v\/10amp 24v\/5amp with LCD DISPLAY - REVTRONIK.com","description":"ChargeTRONIK CT-0268 Advanced 12v\/10amp \u2022 24v\/5amp Smart Battery Charger & Maintainer with LCD DISPLAY for 12v\/24v batteries - Lead acid | Agm | Gel.","robots":{"index":"index","follow":"follow","max-snippet":"max-snippet:-1","max-image-preview":"max-image-preview:large","max-video-preview":"max-video-preview:-1"},"canonical":"https:\/\/revtronik.com\/fr\/product\/ct-0268\/","og_locale":"fr_CA","og_type":"article","og_title":"ChargeTRONIK 12v\/10amp 24v\/5amp with LCD DISPLAY - REVTRONIK.com %","og_description":"ChargeTRONIK CT-0268 Advanced 12v\/10amp \u2022 24v\/5amp Smart Battery Charger & Maintainer with LCD DISPLAY for 12v\/24v batteries - Lead acid | Agm | Gel.","og_url":"https:\/\/revtronik.com\/fr\/product\/ct-0268\/","og_site_name":"REVTRONIK.com","article_publisher":"https:\/\/www.facebook.com\/revtronik","article_modified_time":"2024-03-06T22:01:18+00:00","og_image":[{"width":756,"height":340,"url":"https:\/\/revtronik.com\/wp-content\/uploads\/CT-268-Battery-Charger-TRONIK-Power-Maintainer-Optimizer-electronic-Revtronik-1.jpg","type":"image\/jpeg"}],"twitter_card":"summary_large_image","twitter_misc":{"Price":"","Availability":"In stock"},"schema":{"@context":"https:\/\/schema.org","@graph":[{"@type":"WebPage","@id":"https:\/\/revtronik.com\/product\/ct-0268\/","url":"https:\/\/revtronik.com\/product\/ct-0268\/","name":"ChargeTRONIK 12v\/10amp 24v\/5amp with LCD DISPLAY - REVTRONIK.com","isPartOf":{"@id":"https:\/\/revtronik.com\/#website"},"primaryImageOfPage":{"@id":"https:\/\/revtronik.com\/product\/ct-0268\/#primaryimage"},"image":{"@id":"https:\/\/revtronik.com\/product\/ct-0268\/#primaryimage"},"thumbnailUrl":"https:\/\/revtronik.com\/wp-content\/uploads\/CT-268-Battery-Charger-TRONIK-Power-Maintainer-Optimizer-electronic-Revtronik-1.jpg","datePublished":"2022-06-24T23:02:40+00:00","dateModified":"2024-03-06T22:01:18+00:00","description":"ChargeTRONIK CT-0268 Advanced 12v\/10amp \u2022 24v\/5amp Smart Battery Charger & Maintainer with LCD DISPLAY for 12v\/24v batteries - Lead acid | Agm | Gel.","breadcrumb":{"@id":"https:\/\/revtronik.com\/product\/ct-0268\/#breadcrumb"},"inLanguage":"fr-CA","potentialAction":[{"@type":"ReadAction","target":["https:\/\/revtronik.com\/product\/ct-0268\/"]}]},{"@type":"ImageObject","inLanguage":"fr-CA","@id":"https:\/\/revtronik.com\/product\/ct-0268\/#primaryimage","url":"https:\/\/revtronik.com\/wp-content\/uploads\/CT-268-Battery-Charger-TRONIK-Power-Maintainer-Optimizer-electronic-Revtronik-1.jpg","contentUrl":"https:\/\/revtronik.com\/wp-content\/uploads\/CT-268-Battery-Charger-TRONIK-Power-Maintainer-Optimizer-electronic-Revtronik-1.jpg","width":756,"height":340,"caption":"CT 268 Battery Charger TRONIK Power Maintainer Optimizer electronic Revtronik 1"},{"@type":"BreadcrumbList","@id":"https:\/\/revtronik.com\/product\/ct-0268\/#breadcrumb","itemListElement":[{"@type":"ListItem","position":1,"name":"Accueil","item":"https:\/\/revtronik.com\/"},{"@type":"ListItem","position":2,"name":"Shop","item":"https:\/\/revtronik.com\/?page_id=1916"},{"@type":"ListItem","position":3,"name":"ChargeTRONIK","item":"https:\/\/revtronik.com\/product-category\/chargetronik\/"},{"@type":"ListItem","position":4,"name":"ChargeTRONIK 12v\/10amp 24v\/5amp with LCD DISPLAY"}]},{"@type":"WebSite","@id":"https:\/\/revtronik.com\/#website","url":"https:\/\/revtronik.com\/","name":"REVTRONIK.com","description":"Smart Trucking Products","publisher":{"@id":"https:\/\/revtronik.com\/#organization"},"potentialAction":[{"@type":"SearchAction","target":{"@type":"EntryPoint","urlTemplate":"https:\/\/revtronik.com\/?s={search_term_string}"},"query-input":{"@type":"PropertyValueSpecification","valueRequired":true,"valueName":"search_term_string"}}],"inLanguage":"fr-CA"},{"@type":"Organization","@id":"https:\/\/revtronik.com\/#organization","name":"RevTronik inc.","url":"https:\/\/revtronik.com\/","logo":{"@type":"ImageObject","inLanguage":"fr-CA","@id":"https:\/\/revtronik.com\/#\/schema\/logo\/image\/","url":"https:\/\/revtronik.com\/wp-content\/uploads\/MS-revtronik-Banner-trucking-products-solutions-and-racing-division-performance.webp","contentUrl":"https:\/\/revtronik.com\/wp-content\/uploads\/MS-revtronik-Banner-trucking-products-solutions-and-racing-division-performance.webp","width":1200,"height":675,"caption":"RevTronik inc."},"image":{"@id":"https:\/\/revtronik.com\/#\/schema\/logo\/image\/"},"sameAs":["https:\/\/www.facebook.com\/revtronik","https:\/\/www.youtube.com\/channel\/UCiXuXHlfSRJmUqmJbOoc2wQ","https:\/\/www.linkedin.com\/company\/revtronik-inc-\/"],"description":"Des produits de haute qualit\u00e9, faciles \u00e0 utiliser et rentables, qui r\u00e9pondent aux exigences actuelles et futures de l'industrie du camionnage.","email":"info@revtronik.com","telephone":"+1 819 870-2331","legalName":"Revtronik inc.","foundingDate":"2014-10-26","numberOfEmployees":{"@type":"QuantitativeValue","minValue":"1","maxValue":"10"}}]},"product_price_currency":"CAD","og_availability":"instock","product_availability":"instock","product_retailer_item_id":"CT-0268","product_condition":"new"},"_links":{"self":[{"href":"https:\/\/revtronik.com\/fr\/wp-json\/wp\/v2\/product\/2605","targetHints":{"allow":["GET"]}}],"collection":[{"href":"https:\/\/revtronik.com\/fr\/wp-json\/wp\/v2\/product"}],"about":[{"href":"https:\/\/revtronik.com\/fr\/wp-json\/wp\/v2\/types\/product"}],"wp:featuredmedia":[{"embeddable":true,"href":"https:\/\/revtronik.com\/fr\/wp-json\/wp\/v2\/media\/1313"}],"wp:attachment":[{"href":"https:\/\/revtronik.com\/fr\/wp-json\/wp\/v2\/media?parent=2605"}],"wp:term":[{"taxonomy":"product_brand","embeddable":true,"href":"https:\/\/revtronik.com\/fr\/wp-json\/wp\/v2\/product_brand?post=2605"},{"taxonomy":"product_cat","embeddable":true,"href":"https:\/\/revtronik.com\/fr\/wp-json\/wp\/v2\/product_cat?post=2605"},{"taxonomy":"product_tag","embeddable":true,"href":"https:\/\/revtronik.com\/fr\/wp-json\/wp\/v2\/product_tag?post=2605"}],"curies":[{"name":"wp","href":"https:\/\/api.w.org\/{rel}","templated":true}]}}