{"id":84,"date":"2021-12-21T13:41:11","date_gmt":"2021-12-21T18:41:11","guid":{"rendered":"https:\/\/uvj26cep1o-staging.onrocket.site\/?page_id=84"},"modified":"2024-05-17T11:38:31","modified_gmt":"2024-05-17T15:38:31","slug":"acquisition","status":"publish","type":"page","link":"https:\/\/revtronik.com\/fr\/acquisition\/","title":{"rendered":"Acquisition"},"content":{"rendered":"<h3>REVTRONIK est fier d'annoncer l'acquisition strat\u00e9gique de REDTECH<\/h3>\t\t\t\n\t\t\t\t<p>Consultez ci-dessous les produits \u00e9quivalents ainsi que l'assistance et les pi\u00e8ces de rechange propos\u00e9es pour les anciens produits Redtech.<\/p>\n\t<a href=\"https:\/\/revtronik.com\/contact\/\" target=\"_self\" aria-label=\"Go to https:\/\/revtronik.com\/contact\/\" rel=\"noopener\"><\/a>\n\t\t\t\t<img decoding=\"async\" src=\"https:\/\/revtronik.com\/wp-content\/uploads\/redtech-logo.webp\" alt=\"redtech logo\" title=\"redtech logo\" itemprop=\"image\"\/>\n\t\t\t\t<p>Specialized in the manufacturing of remote-controlled devices for checking trailers across Canada, REDTECH has recently been acquired by REVTRONIK in may, 2024.<\/p>\n\t\t\t\t<img decoding=\"async\" src=\"https:\/\/revtronik.com\/wp-content\/uploads\/10TH-ANNIVERSARY-Logo.svg\" alt=\"10TH ANNIVERSARY Logo\" title=\"10TH ANNIVERSARY Logo\" itemprop=\"image\"\/>\n\t\t\t\t<p>Celebrating it&#8217;s 10th anniversary in a big way in 2024, REVTRONIK is proud to announce the acquisition of REDTECH.<\/p>\n<p>Pour ceux qui ne connaissent pas l'histoire de REDTECH, le pr\u00e9sident fondateur n'\u00e9tait autre que Jean-Fran\u00e7ois Leblanc, lui-m\u00eame propri\u00e9taire fondateur de REVTRONIK inc. Cette acquisition strat\u00e9gique vise \u00e0 consolider notre position de leader dans le domaine des appareils d'inspection de remorques t\u00e9l\u00e9command\u00e9s et dans la cr\u00e9ation de produits novateurs pour l'industrie du transport routier.<\/p>\n<p>Several new features for REVTRONIK product include a brand new verification system with remote-controlled for truck diagnostics complementary to the already existing TestTRONIK and the complete overhaul of our TestTRONIK series named TT3 using our new Gen2 WIFI Technology. These products will be on the market within a few months. We enthusiastically welcome the baby&#8217;s return to the family!<\/p>\n\t\t\t<h3 class=\" translation-block\">Meilleures alternatives REVTRONIK<br>pour les produits discontinu\u00e9s de REDTECH<\/h3>\t\t\t\t\n\t\t\t\t<img decoding=\"async\" src=\"https:\/\/revtronik.com\/wp-content\/uploads\/TestTRONIK-LOGO-FLAT-Black.png\" alt=\"TestTRONIK LOGO FLAT Black\" title=\"TestTRONIK LOGO FLAT Black\" itemprop=\"image\"\/>\n\t\t\t<h5>TRAILERTECK<\/h5><h3>REVTRONIK ALTERNATIVE PRODUCT WITH MORE &#038; BETTER OPTIONS :<\/h3>\t\t\t\n\t\t\t\t<p><strong>TESTTRONIK:<\/strong> TestTRONIK&#8217;s wireless trailer testers increases productivity and improved trailer inspection. With wireless remote, only one man can quickly locate and repair problems in all trailer&#8217;s electric and pneumatic circuits.<\/p>\n\t\t\t<a href=\"https:\/\/revtronik.com\/testtronik\/\" target=\"_self\" role=\"button\" aria-label=\"PRODUITS TESTTRONIK\" rel=\"noopener\">\n\t\t\t\t\t\t\t\t\t\t\tPRODUITS TESTTRONIK\n\t\t<\/a>\n\t\t\t\t<img decoding=\"async\" src=\"https:\/\/revtronik.com\/wp-content\/uploads\/HT-LOGO-2023-FLAT-Black.png\" alt=\"HT LOGO 2023 FLAT Black\" title=\"HT LOGO 2023 FLAT Black\" itemprop=\"image\"\/>\n\t\t\t<h5>Powerteck <\/h5><h3>REVTRONIK ALTERNATIVE PRODUCT WITH MORE &#038; BETTER OPTIONS :<\/h3>\t\t\t\n\t\t\t\t<p><strong>HEATTRONIK<\/strong> Trouble-free starting in all conditions with only one 120 volt electrical outlet, the HeatTRONIK smart energy management control the activation of an engine heater and a battery charger to ensure the lowest energy consumption possible. Also providing rapid diagnosis and identification, it is fully compatible with &#8220;Cab Power&#8221; power management systems.<\/p>\n\t\t\t<a href=\"https:\/\/revtronik.com\/heattronik\/\" target=\"_self\" role=\"button\" aria-label=\"PRODUITS HEATTRONIK\" rel=\"noopener\">\n\t\t\t\t\t\t\t\t\t\t\tPRODUITS HEATTRONIK\n\t\t<\/a>\n\t\t\t\t<img decoding=\"async\" src=\"https:\/\/revtronik.com\/wp-content\/uploads\/ChargeTRONIK-LOGO-Control-Engine-Battery-Power-Converter-Charger-Optimizer-Maintainer-electronic-Revtronik-1.webp\" alt=\"ChargeTRONIK LOGO Control Engine Battery Power Converter Charger Optimizer Maintainer electronic Revtronik 1\" title=\"ChargeTRONIK LOGO Control Engine Battery Power Converter Charger Optimizer Maintainer electronic Revtronik 1\" itemprop=\"image\"\/>\n\t\t\t<h5>Converteck<\/h5><h3>REVTRONIK ALTERNATIVE PRODUCT WITH MORE &#038; BETTER OPTIONS :<\/h3>\t\t\t\n\t\t\t\t<p class=\" translation-block\"><strong>CHARGETRONIK<\/strong> sont des chargeurs de haute qualit\u00e9 \u00e0 un prix juste. Plusieurs mod\u00e8les sont disponibles, du chargeur automobile standard au convertisseur de puissance, en passant par des chargeurs de batterie combin\u00e9s.<\/p>\n\t\t\t<a href=\"https:\/\/revtronik.com\/chargetronik\/\" target=\"_self\" role=\"button\" aria-label=\"PRODUITS CHARGETRONIK\" rel=\"noopener\">\n\t\t\t\t\t\t\t\t\t\t\tPRODUITS CHARGETRONIK\n\t\t<\/a>\n\t\t\t\t<img decoding=\"async\" src=\"https:\/\/revtronik.com\/wp-content\/uploads\/redtech-logo.webp\" alt=\"redtech logo\" title=\"redtech logo\" itemprop=\"image\"\/>\n\t\t\t<h5>Protecktion<\/h5><h3>NO ALTERNATIVE PRODUCT &#8211; DISCONTINUED<\/h3>\t\t\t\n\t\t\t\t<p>Discontinued &#8211; <a href=\"https:\/\/revtronik.com\/contact\/\">contactez-nous<\/a> for more informations about alternatives products or replacement parts.<\/p>\n\t\t\t\t<img decoding=\"async\" src=\"https:\/\/revtronik.com\/wp-content\/uploads\/redtech-logo.webp\" alt=\"redtech logo\" title=\"redtech logo\" itemprop=\"image\"\/>\n\t\t\t<h5>Thermoteck<\/h5><h3>NO ALTERNATIVE PRODUCT &#8211; DISCONTINUED<\/h3>\t\t\t\n\t\t\t\t<p>Discontinued &#8211; <a href=\"https:\/\/revtronik.com\/contact\/\">contactez-nous<\/a> for more informations about alternatives products or replacement parts.<\/p>\n\t\t\t<h3>Plus d'informations prochainement<\/h3>\n\t\t\t\t<p class=\" translation-block\">N'h\u00e9sitez pas \u00e0 <a href=\"https:\/\/revtronik.com\/contact\/\" target=\"_self\"><span style=\"text-decoration: underline\"><strong>nous contacter<\/strong><\/span><\/a> pour toute demande concernant les produits REDTECH qui sont d\u00e9sormais abandonn\u00e9s et remplac\u00e9s par des versions plus performantes des produits RevTRONIK.<\/p>","protected":false},"excerpt":{"rendered":"<p>REVTRONIK is proud to announce the strategic acquisition of REDTECH See equivalent products as well as support and replacement parts [&hellip;]<\/p>\n","protected":false},"author":1,"featured_media":5673,"parent":0,"menu_order":0,"comment_status":"closed","ping_status":"closed","template":"","meta":{"_acf_changed":false,"site-sidebar-layout":"default","site-content-layout":"","ast-site-content-layout":"default","site-content-style":"default","site-sidebar-style":"default","ast-global-header-display":"","ast-banner-title-visibility":"","ast-main-header-display":"","ast-hfb-above-header-display":"","ast-hfb-below-header-display":"","ast-hfb-mobile-header-display":"","site-post-title":"","ast-breadcrumbs-content":"","ast-featured-img":"","footer-sml-layout":"","ast-disable-related-posts":"","theme-transparent-header-meta":"default","adv-header-id-meta":"","stick-header-meta":"","header-above-stick-meta":"","header-main-stick-meta":"","header-below-stick-meta":"","astra-migrate-meta-layouts":"set","ast-page-background-enabled":"default","ast-page-background-meta":{"desktop":{"background-color":"var(--ast-global-color-4)","background-image":"","background-repeat":"repeat","background-position":"center center","background-size":"auto","background-attachment":"scroll","background-type":"","background-media":"","overlay-type":"","overlay-color":"","overlay-opacity":"","overlay-gradient":""},"tablet":{"background-color":"","background-image":"","background-repeat":"repeat","background-position":"center center","background-size":"auto","background-attachment":"scroll","background-type":"","background-media":"","overlay-type":"","overlay-color":"","overlay-opacity":"","overlay-gradient":""},"mobile":{"background-color":"","background-image":"","background-repeat":"repeat","background-position":"center center","background-size":"auto","background-attachment":"scroll","background-type":"","background-media":"","overlay-type":"","overlay-color":"","overlay-opacity":"","overlay-gradient":""}},"ast-content-background-meta":{"desktop":{"background-color":"var(--ast-global-color-5)","background-image":"","background-repeat":"repeat","background-position":"center center","background-size":"auto","background-attachment":"scroll","background-type":"","background-media":"","overlay-type":"","overlay-color":"","overlay-opacity":"","overlay-gradient":""},"tablet":{"background-color":"var(--ast-global-color-5)","background-image":"","background-repeat":"repeat","background-position":"center center","background-size":"auto","background-attachment":"scroll","background-type":"","background-media":"","overlay-type":"","overlay-color":"","overlay-opacity":"","overlay-gradient":""},"mobile":{"background-color":"var(--ast-global-color-5)","background-image":"","background-repeat":"repeat","background-position":"center center","background-size":"auto","background-attachment":"scroll","background-type":"","background-media":"","overlay-type":"","overlay-color":"","overlay-opacity":"","overlay-gradient":""}},"footnotes":""},"categories":[],"tags":[],"class_list":["post-84","page","type-page","status-publish","has-post-thumbnail","hentry"],"acf":[],"yoast_head":"<!-- This site is optimized with the Yoast SEO Premium plugin v27.3 (Yoast SEO v27.5) - https:\/\/yoast.com\/product\/yoast-seo-premium-wordpress\/ -->\n<title>Acquisition - REVTRONIK.com<\/title>\n<meta name=\"description\" content=\"Revtronik acquires the Redtech company in 2024. See equivalent products as well as support and replacement parts offered..\" \/>\n<meta name=\"robots\" content=\"noindex, nofollow\" \/>\n<meta property=\"og:locale\" content=\"fr_CA\" \/>\n<meta property=\"og:type\" content=\"article\" \/>\n<meta property=\"og:title\" content=\"Acquisition - REVTRONIK.com\" \/>\n<meta property=\"og:description\" content=\"Revtronik acquires the Redtech company in 2024. See equivalent products as well as support and replacement parts offered..\" \/>\n<meta property=\"og:url\" content=\"https:\/\/revtronik.com\/fr\/acquisition\/\" \/>\n<meta property=\"og:site_name\" content=\"REVTRONIK.com\" \/>\n<meta property=\"article:publisher\" content=\"https:\/\/www.facebook.com\/revtronik\" \/>\n<meta property=\"article:modified_time\" content=\"2024-05-17T15:38:31+00:00\" \/>\n<meta property=\"og:image\" content=\"https:\/\/revtronik.com\/wp-content\/uploads\/ACQUISITION_squared.jpg\" \/>\n\t<meta property=\"og:image:width\" content=\"856\" \/>\n\t<meta property=\"og:image:height\" content=\"735\" \/>\n\t<meta property=\"og:image:type\" content=\"image\/jpeg\" \/>\n<meta name=\"twitter:card\" content=\"summary_large_image\" \/>\n<meta name=\"twitter:label1\" content=\"Estimation du temps de lecture\" \/>\n\t<meta name=\"twitter:data1\" content=\"3 minutes\" \/>\n<script type=\"application\/ld+json\" class=\"yoast-schema-graph\">{\"@context\":\"https:\\\/\\\/schema.org\",\"@graph\":[{\"@type\":\"WebPage\",\"@id\":\"https:\\\/\\\/revtronik.com\\\/acquisition\\\/\",\"url\":\"https:\\\/\\\/revtronik.com\\\/acquisition\\\/\",\"name\":\"Acquisition - REVTRONIK.com\",\"isPartOf\":{\"@id\":\"https:\\\/\\\/revtronik.com\\\/#website\"},\"primaryImageOfPage\":{\"@id\":\"https:\\\/\\\/revtronik.com\\\/acquisition\\\/#primaryimage\"},\"image\":{\"@id\":\"https:\\\/\\\/revtronik.com\\\/acquisition\\\/#primaryimage\"},\"thumbnailUrl\":\"https:\\\/\\\/revtronik.com\\\/wp-content\\\/uploads\\\/ACQUISITION_squared.jpg\",\"datePublished\":\"2021-12-21T18:41:11+00:00\",\"dateModified\":\"2024-05-17T15:38:31+00:00\",\"description\":\"Revtronik acquires the Redtech company in 2024. See equivalent products as well as support and replacement parts offered..\",\"breadcrumb\":{\"@id\":\"https:\\\/\\\/revtronik.com\\\/acquisition\\\/#breadcrumb\"},\"inLanguage\":\"fr-CA\",\"potentialAction\":[{\"@type\":\"ReadAction\",\"target\":[\"https:\\\/\\\/revtronik.com\\\/acquisition\\\/\"]}]},{\"@type\":\"ImageObject\",\"inLanguage\":\"fr-CA\",\"@id\":\"https:\\\/\\\/revtronik.com\\\/acquisition\\\/#primaryimage\",\"url\":\"https:\\\/\\\/revtronik.com\\\/wp-content\\\/uploads\\\/ACQUISITION_squared.jpg\",\"contentUrl\":\"https:\\\/\\\/revtronik.com\\\/wp-content\\\/uploads\\\/ACQUISITION_squared.jpg\",\"width\":856,\"height\":735,\"caption\":\"ACQUISITION squared\"},{\"@type\":\"BreadcrumbList\",\"@id\":\"https:\\\/\\\/revtronik.com\\\/acquisition\\\/#breadcrumb\",\"itemListElement\":[{\"@type\":\"ListItem\",\"position\":1,\"name\":\"Accueil\",\"item\":\"https:\\\/\\\/revtronik.com\\\/\"},{\"@type\":\"ListItem\",\"position\":2,\"name\":\"Acquisition\"}]},{\"@type\":\"WebSite\",\"@id\":\"https:\\\/\\\/revtronik.com\\\/#website\",\"url\":\"https:\\\/\\\/revtronik.com\\\/\",\"name\":\"REVTRONIK.com\",\"description\":\"Smart Trucking Products\",\"publisher\":{\"@id\":\"https:\\\/\\\/revtronik.com\\\/#organization\"},\"potentialAction\":[{\"@type\":\"SearchAction\",\"target\":{\"@type\":\"EntryPoint\",\"urlTemplate\":\"https:\\\/\\\/revtronik.com\\\/?s={search_term_string}\"},\"query-input\":{\"@type\":\"PropertyValueSpecification\",\"valueRequired\":true,\"valueName\":\"search_term_string\"}}],\"inLanguage\":\"fr-CA\"},{\"@type\":\"Organization\",\"@id\":\"https:\\\/\\\/revtronik.com\\\/#organization\",\"name\":\"RevTronik inc.\",\"url\":\"https:\\\/\\\/revtronik.com\\\/\",\"logo\":{\"@type\":\"ImageObject\",\"inLanguage\":\"fr-CA\",\"@id\":\"https:\\\/\\\/revtronik.com\\\/#\\\/schema\\\/logo\\\/image\\\/\",\"url\":\"https:\\\/\\\/revtronik.com\\\/wp-content\\\/uploads\\\/MS-revtronik-Banner-trucking-products-solutions-and-racing-division-performance.webp\",\"contentUrl\":\"https:\\\/\\\/revtronik.com\\\/wp-content\\\/uploads\\\/MS-revtronik-Banner-trucking-products-solutions-and-racing-division-performance.webp\",\"width\":1200,\"height\":675,\"caption\":\"RevTronik inc.\"},\"image\":{\"@id\":\"https:\\\/\\\/revtronik.com\\\/#\\\/schema\\\/logo\\\/image\\\/\"},\"sameAs\":[\"https:\\\/\\\/www.facebook.com\\\/revtronik\",\"https:\\\/\\\/www.youtube.com\\\/channel\\\/UCiXuXHlfSRJmUqmJbOoc2wQ\",\"https:\\\/\\\/www.linkedin.com\\\/company\\\/revtronik-inc-\\\/\"],\"description\":\"Meet present and future truck industry requirements with user friendly, high quality and cost effective products !\",\"email\":\"info@revtronik.com\",\"telephone\":\"+1 819 870-2331\",\"legalName\":\"Revtronik inc.\",\"foundingDate\":\"2014-10-26\",\"numberOfEmployees\":{\"@type\":\"QuantitativeValue\",\"minValue\":\"1\",\"maxValue\":\"10\"}}]}<\/script>\n<!-- \/ Yoast SEO Premium plugin. -->","yoast_head_json":{"title":"Acquisition - REVTRONIK.com","description":"Revtronik acquires the Redtech company in 2024. See equivalent products as well as support and replacement parts offered..","robots":{"index":"noindex","follow":"nofollow"},"og_locale":"fr_CA","og_type":"article","og_title":"Acquisition - REVTRONIK.com","og_description":"Revtronik acquires the Redtech company in 2024. See equivalent products as well as support and replacement parts offered..","og_url":"https:\/\/revtronik.com\/fr\/acquisition\/","og_site_name":"REVTRONIK.com","article_publisher":"https:\/\/www.facebook.com\/revtronik","article_modified_time":"2024-05-17T15:38:31+00:00","og_image":[{"width":856,"height":735,"url":"https:\/\/revtronik.com\/wp-content\/uploads\/ACQUISITION_squared.jpg","type":"image\/jpeg"}],"twitter_card":"summary_large_image","twitter_misc":{"Estimation du temps de lecture":"3 minutes"},"schema":{"@context":"https:\/\/schema.org","@graph":[{"@type":"WebPage","@id":"https:\/\/revtronik.com\/acquisition\/","url":"https:\/\/revtronik.com\/acquisition\/","name":"Acquisition - REVTRONIK.com","isPartOf":{"@id":"https:\/\/revtronik.com\/#website"},"primaryImageOfPage":{"@id":"https:\/\/revtronik.com\/acquisition\/#primaryimage"},"image":{"@id":"https:\/\/revtronik.com\/acquisition\/#primaryimage"},"thumbnailUrl":"https:\/\/revtronik.com\/wp-content\/uploads\/ACQUISITION_squared.jpg","datePublished":"2021-12-21T18:41:11+00:00","dateModified":"2024-05-17T15:38:31+00:00","description":"Revtronik acquires the Redtech company in 2024. See equivalent products as well as support and replacement parts offered..","breadcrumb":{"@id":"https:\/\/revtronik.com\/acquisition\/#breadcrumb"},"inLanguage":"fr-CA","potentialAction":[{"@type":"ReadAction","target":["https:\/\/revtronik.com\/acquisition\/"]}]},{"@type":"ImageObject","inLanguage":"fr-CA","@id":"https:\/\/revtronik.com\/acquisition\/#primaryimage","url":"https:\/\/revtronik.com\/wp-content\/uploads\/ACQUISITION_squared.jpg","contentUrl":"https:\/\/revtronik.com\/wp-content\/uploads\/ACQUISITION_squared.jpg","width":856,"height":735,"caption":"ACQUISITION squared"},{"@type":"BreadcrumbList","@id":"https:\/\/revtronik.com\/acquisition\/#breadcrumb","itemListElement":[{"@type":"ListItem","position":1,"name":"Accueil","item":"https:\/\/revtronik.com\/"},{"@type":"ListItem","position":2,"name":"Acquisition"}]},{"@type":"WebSite","@id":"https:\/\/revtronik.com\/#website","url":"https:\/\/revtronik.com\/","name":"REVTRONIK.com","description":"Smart Trucking Products","publisher":{"@id":"https:\/\/revtronik.com\/#organization"},"potentialAction":[{"@type":"SearchAction","target":{"@type":"EntryPoint","urlTemplate":"https:\/\/revtronik.com\/?s={search_term_string}"},"query-input":{"@type":"PropertyValueSpecification","valueRequired":true,"valueName":"search_term_string"}}],"inLanguage":"fr-CA"},{"@type":"Organization","@id":"https:\/\/revtronik.com\/#organization","name":"RevTronik inc.","url":"https:\/\/revtronik.com\/","logo":{"@type":"ImageObject","inLanguage":"fr-CA","@id":"https:\/\/revtronik.com\/#\/schema\/logo\/image\/","url":"https:\/\/revtronik.com\/wp-content\/uploads\/MS-revtronik-Banner-trucking-products-solutions-and-racing-division-performance.webp","contentUrl":"https:\/\/revtronik.com\/wp-content\/uploads\/MS-revtronik-Banner-trucking-products-solutions-and-racing-division-performance.webp","width":1200,"height":675,"caption":"RevTronik inc."},"image":{"@id":"https:\/\/revtronik.com\/#\/schema\/logo\/image\/"},"sameAs":["https:\/\/www.facebook.com\/revtronik","https:\/\/www.youtube.com\/channel\/UCiXuXHlfSRJmUqmJbOoc2wQ","https:\/\/www.linkedin.com\/company\/revtronik-inc-\/"],"description":"Des produits de haute qualit\u00e9, faciles \u00e0 utiliser et rentables, qui r\u00e9pondent aux exigences actuelles et futures de l'industrie du camionnage.","email":"info@revtronik.com","telephone":"+1 819 870-2331","legalName":"Revtronik inc.","foundingDate":"2014-10-26","numberOfEmployees":{"@type":"QuantitativeValue","minValue":"1","maxValue":"10"}}]}},"_links":{"self":[{"href":"https:\/\/revtronik.com\/fr\/wp-json\/wp\/v2\/pages\/84","targetHints":{"allow":["GET"]}}],"collection":[{"href":"https:\/\/revtronik.com\/fr\/wp-json\/wp\/v2\/pages"}],"about":[{"href":"https:\/\/revtronik.com\/fr\/wp-json\/wp\/v2\/types\/page"}],"author":[{"embeddable":true,"href":"https:\/\/revtronik.com\/fr\/wp-json\/wp\/v2\/users\/1"}],"replies":[{"embeddable":true,"href":"https:\/\/revtronik.com\/fr\/wp-json\/wp\/v2\/comments?post=84"}],"version-history":[{"count":7,"href":"https:\/\/revtronik.com\/fr\/wp-json\/wp\/v2\/pages\/84\/revisions"}],"predecessor-version":[{"id":5683,"href":"https:\/\/revtronik.com\/fr\/wp-json\/wp\/v2\/pages\/84\/revisions\/5683"}],"wp:featuredmedia":[{"embeddable":true,"href":"https:\/\/revtronik.com\/fr\/wp-json\/wp\/v2\/media\/5673"}],"wp:attachment":[{"href":"https:\/\/revtronik.com\/fr\/wp-json\/wp\/v2\/media?parent=84"}],"wp:term":[{"taxonomy":"category","embeddable":true,"href":"https:\/\/revtronik.com\/fr\/wp-json\/wp\/v2\/categories?post=84"},{"taxonomy":"post_tag","embeddable":true,"href":"https:\/\/revtronik.com\/fr\/wp-json\/wp\/v2\/tags?post=84"}],"curies":[{"name":"wp","href":"https:\/\/api.w.org\/{rel}","templated":true}]}}