{"id":5926,"date":"2025-01-28T18:15:25","date_gmt":"2025-01-28T22:15:25","guid":{"rendered":"https:\/\/revtronik.com\/?page_id=5926"},"modified":"2025-05-29T13:23:11","modified_gmt":"2025-05-29T17:23:11","slug":"superior-race-car","status":"publish","type":"page","link":"https:\/\/revtronik.com\/fr\/superior-race-car\/","title":{"rendered":"Superior Race Car"},"content":{"rendered":"<img decoding=\"async\" src=\"https:\/\/revtronik.com\/wp-content\/uploads\/SUPERIOR-RACE-CARS-LOGO-REVTRONIK-RACING-DIVISION.svg\" alt=\"SUPERIOR RACE CARS LOGO REVTRONIK RACING DIVISION\" title=\"SUPERIOR RACE CARS LOGO REVTRONIK RACING DIVISION\" itemprop=\"image\"\/>\n\t\t<h3>A modlite frame<br \/>that builds legends!<\/h3>\t\t\t\n\t\t\t\t<p>Proudly distributed by Revtronik Racing Division<\/p>\n\t\t\t<a href =\"\" target=\"_blank\" rel=\"noopener\" aria-label=\"CONTACTEZ-NOUS POUR DES D\u00c9TAILS ! \">\n\t\t\t\t\t\t\t\tCONTACTEZ-NOUS POUR DES D\u00c9TAILS !\t\t\t\t\t\t\t\n\t\t\t\t\t\t<\/a>\n\t\t\t<div class=\"fl-builder-content fl-builder-content-6349 fl-builder-template fl-builder-row-template fl-builder-global-templates-locked\" data-post-id=\"6349\"><div class=\"fl-row fl-row-full-width fl-row-bg-none fl-node-f0rp43gotz1m fl-row-default-height fl-row-align-bottom\" data-node=\"f0rp43gotz1m\">\n\t<div class=\"fl-row-content-wrap\">\n\t\t<div class=\"uabb-row-separator uabb-top-row-separator\" >\n<\/div>\n\t\t\t\t\t\t<div class=\"fl-row-content fl-row-full-width fl-node-content\">\n\t\t\n<div class=\"fl-col-group fl-node-mb5f1ka7p6uo fl-col-group-equal-height fl-col-group-align-center fl-col-group-custom-width\" data-node=\"mb5f1ka7p6uo\">\n\t\t\t<div class=\"fl-col fl-node-csvj8row47d6 fl-col-bg-color fl-col-small fl-col-small-custom-width fl-animation fl-slide-in-down\" data-node=\"csvj8row47d6\" data-animation-delay=\"0\" data-animation-duration=\"1\">\n\t<div class=\"fl-col-content fl-node-content\"><div class=\"fl-module fl-module-photo fl-node-akevwp6jg75q fl-animation fl-zoom-left\" data-node=\"akevwp6jg75q\" data-animation-delay=\"0\" data-animation-duration=\"0.8\">\n\t<div class=\"fl-module-content fl-node-content\">\n\t\t<div role=\"figure\" class=\"fl-photo fl-photo-align-right\" itemscope itemtype=\"https:\/\/schema.org\/ImageObject\">\n\t<div class=\"fl-photo-content fl-photo-img-svg\">\n\t\t\t\t<a href=\"https:\/\/revtronik.com\/racing\/\" target=\"_self\" itemprop=\"url\">\n\t\t\t\t<img loading=\"lazy\" decoding=\"async\" class=\"fl-photo-img wp-image-5832 size-full\" src=\"https:\/\/revtronik.com\/wp-content\/uploads\/Revtronik-Racing-Division-H-LOGO_1.svg\" alt=\"Revtronik Racing Division H LOGO 1\" height=\"114\" width=\"293\" title=\"Revtronik Racing Division H LOGO 1\"  itemprop=\"image\" \/>\n\t\t\t\t<\/a>\n\t\t\t\t\t<\/div>\n\t<\/div>\n\t<\/div>\n<\/div>\n<style>.fl-node-akevwp6jg75q.fl-animation:not(.fl-animated){opacity:0}<\/style><\/div>\n<\/div>\n\t\t\t<div class=\"fl-col fl-node-6503m4ojqgcw fl-col-bg-color fl-col-small-custom-width fl-col-has-cols\" data-node=\"6503m4ojqgcw\">\n\t<div class=\"fl-col-content fl-node-content\">\n<div class=\"fl-col-group fl-node-1riq38uafnc5 fl-col-group-nested fl-col-group-equal-height fl-col-group-align-center fl-col-group-custom-width\" data-node=\"1riq38uafnc5\">\n\t\t\t<div class=\"fl-col fl-node-5z1enqpj6fr0 fl-col-bg-none fl-col-small fl-col-small-custom-width\" data-node=\"5z1enqpj6fr0\">\n\t<div class=\"fl-col-content fl-node-content\"><div class=\"fl-module fl-module-menu fl-node-ntem0vq1854c\" data-node=\"ntem0vq1854c\">\n\t<div class=\"fl-module-content fl-node-content\">\n\t\t<div class=\"fl-menu fl-menu-responsive-toggle-always\">\n\t<button class=\"fl-menu-mobile-toggle hamburger fl-content-ui-button\" aria-haspopup=\"menu\" aria-label=\"Menu\"><span class=\"fl-menu-icon svg-container\"><svg version=\"1.1\" class=\"hamburger-menu\" xmlns=\"http:\/\/www.w3.org\/2000\/svg\" xmlns:xlink=\"http:\/\/www.w3.org\/1999\/xlink\" viewbox=\"0 0 512 512\">\n<rect class=\"fl-hamburger-menu-top\" width=\"512\" height=\"102\"\/>\n<rect class=\"fl-hamburger-menu-middle\" y=\"205\" width=\"512\" height=\"102\"\/>\n<rect class=\"fl-hamburger-menu-bottom\" y=\"410\" width=\"512\" height=\"102\"\/>\n<\/svg>\n<\/span><\/button>\t<div class=\"fl-clear\"><\/div>\n\t<nav aria-label=\"Navigation Menu\" itemscope=\"itemscope\" itemtype=\"https:\/\/schema.org\/SiteNavigationElement\"><ul id=\"menu-racingmenu-topsite\" class=\"menu fl-menu-horizontal fl-toggle-none\"><li id=\"menu-item-5748\" class=\"menu-item menu-item-type-custom menu-item-object-custom menu-item-has-children fl-has-submenu\"><div class=\"fl-has-submenu-container\"><a aria-expanded=\"false\"  href=\"#\" aria-haspopup=\"menu\" aria-controls=\"sub-menu-5748\">PRODUCTS<\/a><\/div><ul id=\"sub-menu-5748\" class=\"sub-menu\">\t<li id=\"menu-item-5909\" class=\"menu-item menu-item-type-post_type menu-item-object-product\"><a  href=\"https:\/\/revtronik.com\/fr\/product\/dollytronik\/\">DOLLYTRONIK<\/a><\/li>\t<li id=\"menu-item-5928\" class=\"menu-item menu-item-type-post_type menu-item-object-page\"><a  href=\"https:\/\/revtronik.com\/fr\/superior-race-car\/\">SUPERIOR RACE CAR<\/a><\/li>\t<li id=\"menu-item-5760\" class=\"menu-item menu-item-type-post_type menu-item-object-page menu-item-home\"><a  href=\"https:\/\/revtronik.com\/fr\/\">\u00ab BACK TO REVTRONIK.COM<\/a><\/li><\/ul><\/li><li id=\"menu-item-5752\" class=\"menu-item menu-item-type-custom menu-item-object-custom menu-item-has-children fl-has-submenu\"><div class=\"fl-has-submenu-container\"><a aria-expanded=\"false\"  href=\"#\" aria-haspopup=\"menu\" aria-controls=\"sub-menu-5752\">L'\u00c9QUIPE<\/a><\/div><ul id=\"sub-menu-5752\" class=\"sub-menu\">\t<li id=\"menu-item-5868\" class=\"menu-item menu-item-type-custom menu-item-object-custom\"><a  href=\"#\">COMING SOON !<\/a><\/li><\/ul><\/li><li id=\"menu-item-5754\" class=\"menu-item menu-item-type-custom menu-item-object-custom menu-item-has-children fl-has-submenu\"><div class=\"fl-has-submenu-container\"><a aria-expanded=\"false\"  href=\"#\" aria-haspopup=\"menu\" aria-controls=\"sub-menu-5754\">SAISONS<\/a><\/div><ul id=\"sub-menu-5754\" class=\"sub-menu\">\t<li id=\"menu-item-5869\" class=\"menu-item menu-item-type-custom menu-item-object-custom\"><a  href=\"#\">COMING SOON !<\/a><\/li><\/ul><\/li><li id=\"menu-item-5753\" class=\"menu-item menu-item-type-custom menu-item-object-custom menu-item-has-children fl-has-submenu\"><div class=\"fl-has-submenu-container\"><a aria-expanded=\"false\"  href=\"#\" aria-haspopup=\"menu\" aria-controls=\"sub-menu-5753\">Commanditaires<\/a><\/div><ul id=\"sub-menu-5753\" class=\"sub-menu\">\t<li id=\"menu-item-5867\" class=\"menu-item menu-item-type-custom menu-item-object-custom\"><a  href=\"#\">COMING SOON !<\/a><\/li><\/ul><\/li><li id=\"menu-item-5755\" class=\"menu-item menu-item-type-custom menu-item-object-custom\"><a  href=\"#\">CONTACT<\/a><\/li><\/ul><\/nav><\/div>\n\t<\/div>\n<\/div>\n<\/div>\n<\/div>\n\t\t\t<div class=\"fl-col fl-node-dp2xg0z9ver6 fl-col-bg-color fl-col-small fl-col-small-custom-width\" data-node=\"dp2xg0z9ver6\">\n\t<div class=\"fl-col-content fl-node-content\"><div class=\"fl-module fl-module-rich-text fl-node-cglotk42i9rd\" data-node=\"cglotk42i9rd\">\n\t<div class=\"fl-module-content fl-node-content\">\n\t\t<div class=\"fl-rich-text\">\n\t<p>menu<\/p>\n<\/div>\n\t<\/div>\n<\/div>\n<\/div>\n<\/div>\n\t\t\t<div class=\"fl-col fl-node-wrlimac6dp89 fl-col-bg-color fl-col-small-custom-width\" data-node=\"wrlimac6dp89\">\n\t<div class=\"fl-col-content fl-node-content\"><div class=\"fl-module fl-module-icon-group fl-node-rvxwy7ua0z2d\" data-node=\"rvxwy7ua0z2d\">\n\t<div class=\"fl-module-content fl-node-content\">\n\t\t<div class=\"fl-icon-group\">\n\t<span class=\"fl-icon\">\n\t\t\t\t\t\t\t\t<a href=\"tel:1-819-870-2331\" target=\"_blank\" rel=\"noopener\" >\n\t\t\t\t\t\t\t<i class=\"fas fa-phone\" aria-hidden=\"true\"><\/i>\n\t\t\t\t\t\t<\/a>\n\t\t\t<\/span>\n\t\t<span class=\"fl-icon\">\n\t\t\t\t\t\t\t\t<a href=\"https:\/\/www.facebook.com\/revtronikracingteam\" target=\"_blank\" rel=\"noopener\" >\n\t\t\t\t\t\t\t<i class=\"fab fa-facebook-f\" aria-hidden=\"true\"><\/i>\n\t\t\t\t<span class=\"sr-only\">Our facebook page<\/span>\n\t\t\t\t\t\t<\/a>\n\t\t\t<\/span>\n\t\t<span class=\"fl-icon\">\n\t\t\t\t\t\t\t\t<a href=\"https:\/\/www.linkedin.com\/company\/10116216?trk=tyah&#038;trkInfo=clickedVertical%3Acompany%2CclickedEntityId%3A10116216%2Cidx%3A1-1-1%2CtarId%3A1440682625608%2Ctas%3Arevtronik\" target=\"_blank\" rel=\"noopener\" >\n\t\t\t\t\t\t\t<i class=\"fab fa-linkedin\" aria-hidden=\"true\"><\/i>\n\t\t\t\t<span class=\"sr-only\">LinkedIn<\/span>\n\t\t\t\t\t\t<\/a>\n\t\t\t<\/span>\n\t\t<span class=\"fl-icon\">\n\t\t\t\t\t\t\t\t<a href=\"https:\/\/www.youtube.com\/channel\/UCiXuXHlfSRJmUqmJbOoc2wQ\" target=\"_blank\" rel=\"noopener\" >\n\t\t\t\t\t\t\t<i class=\"fab fa-youtube\" aria-hidden=\"true\"><\/i>\n\t\t\t\t<span class=\"sr-only\">Youtube<\/span>\n\t\t\t\t\t\t<\/a>\n\t\t\t<\/span>\n\t<\/div>\n\t<\/div>\n<\/div>\n<\/div>\n<\/div>\n\t<\/div>\n<div id=\"fastcontact\" class=\"fl-module fl-module-uabb-contact-form fl-node-7gbrqjnewh8l\" data-node=\"7gbrqjnewh8l\">\n\t<div class=\"fl-module-content fl-node-content\">\n\t\t\n\n<div class=\"uabb-cf-form\">\n\t<form class=\"uabb-module-content uabb-contact-form uabb-form-style1\"\n\t\t\t\tdata-nonce=\"bbf7f6d1a4\t\" action=\"\">\n\t\t<div class=\"uabb-input-group-wrap\">\n\t\t\t\t<div class=\"uabb-input-group uabb-name\">\n\t\t\t\t\t\t<div class=\"uabb-form-outter\">\n\t\t\t\t<input aria-label=\"Nom\" type=\"text\" name=\"uabb-name\" value=\"\"\n\t\t\t\t\t\t\t\t\tplaceholder=\"NOM :\" \/>\n\t\t\t\t<div class=\"uabb-form-error-message uabb-form-error-message-required\"><\/div>\n\t\t\t<\/div>\n\t\t<\/div>\n\t\t\n\t\t\t\t<div class=\"uabb-input-group uabb-email\">\n\t\t\t\t\t\t<div class=\"uabb-form-outter\">\n\t\t\t\t<input aria-label=\"Courriel\" type=\"email\" name=\"uabb-email\" value=\"\"\n\t\t\t\t\t\t\t\t\tplaceholder=\"COURRIEL :\"\/>\n\t\t\t\t<div class=\"uabb-form-error-message uabb-form-error-message-required\"><span>Invalid Email<\/span><\/div>\n\t\t\t<\/div>\n\t\t<\/div>\n\t\t\n\t\t\n\n\t\t\n\t\t\t\t<div class=\"uabb-input-group uabb-message\">\n\t\t\t\t\t\t<div class=\"uabb-form-outter-textarea\">\n\t\t\t\t<textarea aria-label=\"uabb-message\" name=\"uabb-message\"\n\t\t\t\t\t\t\t\t\tplaceholder=\"MESSAGE\"><\/textarea>\n\t\t\t\t<div class=\"uabb-form-error-message uabb-form-error-message-required\"><\/div>\n\t\t\t<\/div>\n\t\t<\/div>\n\t\t\n\t\t\n\t\t\n\t\t<\/div>\n\n\t\t<div class=\"uabb-submit-btn\">\n\t\t\t<div class=\"uabb-contact-form-button\" data-wait-text=\"sending...\">\n\t\t\t\t<button type=\"submit\" class=\"uabb-contact-form-submit\">\n\t\t\t\t\t\t\t\t<span class=\"uabb-contact-form-button-text\">SEND MESSAGE NOW<\/span>\n\t\t\t\t<i class=\"fab fa-telegram-plane uabb-contact-form-submit-button-icon\"><\/i>\t\t\t\t<\/button>\n\t\t\t<\/div>\n\t\t<\/div>\n\t\t\t\t<span class=\"uabb-send-error\" style=\"display:none;\">Error, check that the form is filled out correctly<\/span>\n\n\t<input type=\"hidden\" name=\"trp-form-language\" value=\"fr\"\/><\/form>\n<\/div>\n\t<span class=\"uabb-success-msg uabb-text-editor\" style=\"display:none;\"><p><span style=\"color: #99cc00\">Thanks for your message, We will be in touch soon !<\/span><\/p><\/span>\n\t<\/div>\n<\/div>\n<\/div>\n<\/div>\n\t<\/div>\n\t\t<\/div>\n\t<\/div>\n<\/div>\n<\/div><div class=\"uabb-js-breakpoint\" style=\"display: none;\"><\/div>\t\t\t\n\t\t<h5>Modal Popup &#8211; ID <\/h5>\n\t\tClick here to edit the &quot;Modal Popup&quot; settings. This text will not be visible on frontend.","protected":false},"excerpt":{"rendered":"<p>A modlite framethat builds legends! Proudly distributed by Revtronik Racing Division CONTACT US FOR DETAILS ! Modal Popup &#8211; ID [&hellip;]<\/p>\n","protected":false},"author":1,"featured_media":6320,"parent":0,"menu_order":0,"comment_status":"closed","ping_status":"closed","template":"","meta":{"_acf_changed":false,"site-sidebar-layout":"default","site-content-layout":"","ast-site-content-layout":"default","site-content-style":"default","site-sidebar-style":"default","ast-global-header-display":"","ast-banner-title-visibility":"","ast-main-header-display":"","ast-hfb-above-header-display":"","ast-hfb-below-header-display":"","ast-hfb-mobile-header-display":"","site-post-title":"","ast-breadcrumbs-content":"","ast-featured-img":"","footer-sml-layout":"","ast-disable-related-posts":"","theme-transparent-header-meta":"default","adv-header-id-meta":"","stick-header-meta":"","header-above-stick-meta":"","header-main-stick-meta":"","header-below-stick-meta":"","astra-migrate-meta-layouts":"set","ast-page-background-enabled":"default","ast-page-background-meta":{"desktop":{"background-color":"var(--ast-global-color-4)","background-image":"","background-repeat":"repeat","background-position":"center center","background-size":"auto","background-attachment":"scroll","background-type":"","background-media":"","overlay-type":"","overlay-color":"","overlay-opacity":"","overlay-gradient":""},"tablet":{"background-color":"","background-image":"","background-repeat":"repeat","background-position":"center center","background-size":"auto","background-attachment":"scroll","background-type":"","background-media":"","overlay-type":"","overlay-color":"","overlay-opacity":"","overlay-gradient":""},"mobile":{"background-color":"","background-image":"","background-repeat":"repeat","background-position":"center center","background-size":"auto","background-attachment":"scroll","background-type":"","background-media":"","overlay-type":"","overlay-color":"","overlay-opacity":"","overlay-gradient":""}},"ast-content-background-meta":{"desktop":{"background-color":"var(--ast-global-color-5)","background-image":"","background-repeat":"repeat","background-position":"center center","background-size":"auto","background-attachment":"scroll","background-type":"","background-media":"","overlay-type":"","overlay-color":"","overlay-opacity":"","overlay-gradient":""},"tablet":{"background-color":"var(--ast-global-color-5)","background-image":"","background-repeat":"repeat","background-position":"center center","background-size":"auto","background-attachment":"scroll","background-type":"","background-media":"","overlay-type":"","overlay-color":"","overlay-opacity":"","overlay-gradient":""},"mobile":{"background-color":"var(--ast-global-color-5)","background-image":"","background-repeat":"repeat","background-position":"center center","background-size":"auto","background-attachment":"scroll","background-type":"","background-media":"","overlay-type":"","overlay-color":"","overlay-opacity":"","overlay-gradient":""}},"footnotes":""},"categories":[141],"tags":[],"class_list":["post-5926","page","type-page","status-publish","has-post-thumbnail","hentry","category-racing-division"],"acf":[],"yoast_head":"<!-- This site is optimized with the Yoast SEO Premium plugin v27.3 (Yoast SEO v27.5) - https:\/\/yoast.com\/product\/yoast-seo-premium-wordpress\/ -->\n<title>Superior Race Car DIVISION - REVTRONIK.com<\/title>\n<meta name=\"description\" content=\"SMART RACING TOOLS &amp; COMPONENTS! Reach new RACING LEVELS with user friendly, high quality and cost effective products !\" \/>\n<meta name=\"robots\" content=\"noindex, follow\" \/>\n<meta property=\"og:locale\" content=\"fr_CA\" \/>\n<meta property=\"og:type\" content=\"article\" \/>\n<meta property=\"og:title\" content=\"Superior Race Car - REVTRONIK.com\" \/>\n<meta property=\"og:description\" content=\"SMART RACING TOOLS &amp; COMPONENTS! Reach new RACING LEVELS with user friendly, high quality and cost effective products !\" \/>\n<meta property=\"og:url\" content=\"https:\/\/revtronik.com\/fr\/superior-race-car\/\" \/>\n<meta property=\"og:site_name\" content=\"REVTRONIK.com\" \/>\n<meta property=\"article:publisher\" content=\"https:\/\/www.facebook.com\/revtronik\" \/>\n<meta property=\"article:modified_time\" content=\"2025-05-29T17:23:11+00:00\" \/>\n<meta property=\"og:image\" content=\"https:\/\/revtronik.com\/wp-content\/uploads\/Superior-Race-Cars-MS-ICON-RevtronikRacing.com_.jpg\" \/>\n\t<meta property=\"og:image:width\" content=\"1200\" \/>\n\t<meta property=\"og:image:height\" content=\"808\" \/>\n\t<meta property=\"og:image:type\" content=\"image\/jpeg\" \/>\n<meta name=\"twitter:card\" content=\"summary_large_image\" \/>\n<meta name=\"twitter:description\" content=\"SMART RACING TOOLS &amp; COMPONENTS! Reach new RACING LEVELS with user friendly, high quality and cost effective products !\" \/>\n<meta name=\"twitter:image\" content=\"https:\/\/revtronik.com\/wp-content\/uploads\/Superior-Race-Cars-MS-ICON-RevtronikRacing.com_.jpg\" \/>\n<meta name=\"twitter:label1\" content=\"Estimation du temps de lecture\" \/>\n\t<meta name=\"twitter:data1\" content=\"1 minute\" \/>\n<script type=\"application\/ld+json\" class=\"yoast-schema-graph\">{\"@context\":\"https:\\\/\\\/schema.org\",\"@graph\":[{\"@type\":\"WebPage\",\"@id\":\"https:\\\/\\\/revtronik.com\\\/superior-race-car\\\/\",\"url\":\"https:\\\/\\\/revtronik.com\\\/superior-race-car\\\/\",\"name\":\"Superior Race Car DIVISION - REVTRONIK.com\",\"isPartOf\":{\"@id\":\"https:\\\/\\\/revtronik.com\\\/#website\"},\"primaryImageOfPage\":{\"@id\":\"https:\\\/\\\/revtronik.com\\\/superior-race-car\\\/#primaryimage\"},\"image\":{\"@id\":\"https:\\\/\\\/revtronik.com\\\/superior-race-car\\\/#primaryimage\"},\"thumbnailUrl\":\"https:\\\/\\\/revtronik.com\\\/wp-content\\\/uploads\\\/Superior-Race-Cars-MS-ICON-RevtronikRacing.com_.jpg\",\"datePublished\":\"2025-01-28T22:15:25+00:00\",\"dateModified\":\"2025-05-29T17:23:11+00:00\",\"description\":\"SMART RACING TOOLS & COMPONENTS! Reach new RACING LEVELS with user friendly, high quality and cost effective products !\",\"breadcrumb\":{\"@id\":\"https:\\\/\\\/revtronik.com\\\/superior-race-car\\\/#breadcrumb\"},\"inLanguage\":\"fr-CA\",\"potentialAction\":[{\"@type\":\"ReadAction\",\"target\":[\"https:\\\/\\\/revtronik.com\\\/superior-race-car\\\/\"]}]},{\"@type\":\"ImageObject\",\"inLanguage\":\"fr-CA\",\"@id\":\"https:\\\/\\\/revtronik.com\\\/superior-race-car\\\/#primaryimage\",\"url\":\"https:\\\/\\\/revtronik.com\\\/wp-content\\\/uploads\\\/Superior-Race-Cars-MS-ICON-RevtronikRacing.com_.jpg\",\"contentUrl\":\"https:\\\/\\\/revtronik.com\\\/wp-content\\\/uploads\\\/Superior-Race-Cars-MS-ICON-RevtronikRacing.com_.jpg\",\"width\":1200,\"height\":808,\"caption\":\"Superior Race Cars MS ICON RevtronikRacing.com\"},{\"@type\":\"BreadcrumbList\",\"@id\":\"https:\\\/\\\/revtronik.com\\\/superior-race-car\\\/#breadcrumb\",\"itemListElement\":[{\"@type\":\"ListItem\",\"position\":1,\"name\":\"Accueil\",\"item\":\"https:\\\/\\\/revtronik.com\\\/\"},{\"@type\":\"ListItem\",\"position\":2,\"name\":\"Superior Race Car\"}]},{\"@type\":\"WebSite\",\"@id\":\"https:\\\/\\\/revtronik.com\\\/#website\",\"url\":\"https:\\\/\\\/revtronik.com\\\/\",\"name\":\"REVTRONIK.com\",\"description\":\"Smart Trucking Products\",\"publisher\":{\"@id\":\"https:\\\/\\\/revtronik.com\\\/#organization\"},\"potentialAction\":[{\"@type\":\"SearchAction\",\"target\":{\"@type\":\"EntryPoint\",\"urlTemplate\":\"https:\\\/\\\/revtronik.com\\\/?s={search_term_string}\"},\"query-input\":{\"@type\":\"PropertyValueSpecification\",\"valueRequired\":true,\"valueName\":\"search_term_string\"}}],\"inLanguage\":\"fr-CA\"},{\"@type\":\"Organization\",\"@id\":\"https:\\\/\\\/revtronik.com\\\/#organization\",\"name\":\"RevTronik inc.\",\"url\":\"https:\\\/\\\/revtronik.com\\\/\",\"logo\":{\"@type\":\"ImageObject\",\"inLanguage\":\"fr-CA\",\"@id\":\"https:\\\/\\\/revtronik.com\\\/#\\\/schema\\\/logo\\\/image\\\/\",\"url\":\"https:\\\/\\\/revtronik.com\\\/wp-content\\\/uploads\\\/MS-revtronik-Banner-trucking-products-solutions-and-racing-division-performance.webp\",\"contentUrl\":\"https:\\\/\\\/revtronik.com\\\/wp-content\\\/uploads\\\/MS-revtronik-Banner-trucking-products-solutions-and-racing-division-performance.webp\",\"width\":1200,\"height\":675,\"caption\":\"RevTronik inc.\"},\"image\":{\"@id\":\"https:\\\/\\\/revtronik.com\\\/#\\\/schema\\\/logo\\\/image\\\/\"},\"sameAs\":[\"https:\\\/\\\/www.facebook.com\\\/revtronik\",\"https:\\\/\\\/www.youtube.com\\\/channel\\\/UCiXuXHlfSRJmUqmJbOoc2wQ\",\"https:\\\/\\\/www.linkedin.com\\\/company\\\/revtronik-inc-\\\/\"],\"description\":\"Meet present and future truck industry requirements with user friendly, high quality and cost effective products !\",\"email\":\"info@revtronik.com\",\"telephone\":\"+1 819 870-2331\",\"legalName\":\"Revtronik inc.\",\"foundingDate\":\"2014-10-26\",\"numberOfEmployees\":{\"@type\":\"QuantitativeValue\",\"minValue\":\"1\",\"maxValue\":\"10\"}}]}<\/script>\n<!-- \/ Yoast SEO Premium plugin. -->","yoast_head_json":{"title":"Superior Race Car DIVISION - REVTRONIK.com","description":"SMART RACING TOOLS & COMPONENTS! Reach new RACING LEVELS with user friendly, high quality and cost effective products !","robots":{"index":"noindex","follow":"follow"},"og_locale":"fr_CA","og_type":"article","og_title":"Superior Race Car - REVTRONIK.com","og_description":"SMART RACING TOOLS & COMPONENTS! Reach new RACING LEVELS with user friendly, high quality and cost effective products !","og_url":"https:\/\/revtronik.com\/fr\/superior-race-car\/","og_site_name":"REVTRONIK.com","article_publisher":"https:\/\/www.facebook.com\/revtronik","article_modified_time":"2025-05-29T17:23:11+00:00","og_image":[{"width":1200,"height":808,"url":"https:\/\/revtronik.com\/wp-content\/uploads\/Superior-Race-Cars-MS-ICON-RevtronikRacing.com_.jpg","type":"image\/jpeg"}],"twitter_card":"summary_large_image","twitter_description":"SMART RACING TOOLS & COMPONENTS! Reach new RACING LEVELS with user friendly, high quality and cost effective products !","twitter_image":"https:\/\/revtronik.com\/wp-content\/uploads\/Superior-Race-Cars-MS-ICON-RevtronikRacing.com_.jpg","twitter_misc":{"Estimation du temps de lecture":"1 minute"},"schema":{"@context":"https:\/\/schema.org","@graph":[{"@type":"WebPage","@id":"https:\/\/revtronik.com\/superior-race-car\/","url":"https:\/\/revtronik.com\/superior-race-car\/","name":"Superior Race Car DIVISION - REVTRONIK.com","isPartOf":{"@id":"https:\/\/revtronik.com\/#website"},"primaryImageOfPage":{"@id":"https:\/\/revtronik.com\/superior-race-car\/#primaryimage"},"image":{"@id":"https:\/\/revtronik.com\/superior-race-car\/#primaryimage"},"thumbnailUrl":"https:\/\/revtronik.com\/wp-content\/uploads\/Superior-Race-Cars-MS-ICON-RevtronikRacing.com_.jpg","datePublished":"2025-01-28T22:15:25+00:00","dateModified":"2025-05-29T17:23:11+00:00","description":"SMART RACING TOOLS & COMPONENTS! Reach new RACING LEVELS with user friendly, high quality and cost effective products !","breadcrumb":{"@id":"https:\/\/revtronik.com\/superior-race-car\/#breadcrumb"},"inLanguage":"fr-CA","potentialAction":[{"@type":"ReadAction","target":["https:\/\/revtronik.com\/superior-race-car\/"]}]},{"@type":"ImageObject","inLanguage":"fr-CA","@id":"https:\/\/revtronik.com\/superior-race-car\/#primaryimage","url":"https:\/\/revtronik.com\/wp-content\/uploads\/Superior-Race-Cars-MS-ICON-RevtronikRacing.com_.jpg","contentUrl":"https:\/\/revtronik.com\/wp-content\/uploads\/Superior-Race-Cars-MS-ICON-RevtronikRacing.com_.jpg","width":1200,"height":808,"caption":"Superior Race Cars MS ICON RevtronikRacing.com"},{"@type":"BreadcrumbList","@id":"https:\/\/revtronik.com\/superior-race-car\/#breadcrumb","itemListElement":[{"@type":"ListItem","position":1,"name":"Accueil","item":"https:\/\/revtronik.com\/"},{"@type":"ListItem","position":2,"name":"Superior Race Car"}]},{"@type":"WebSite","@id":"https:\/\/revtronik.com\/#website","url":"https:\/\/revtronik.com\/","name":"REVTRONIK.com","description":"Smart Trucking Products","publisher":{"@id":"https:\/\/revtronik.com\/#organization"},"potentialAction":[{"@type":"SearchAction","target":{"@type":"EntryPoint","urlTemplate":"https:\/\/revtronik.com\/?s={search_term_string}"},"query-input":{"@type":"PropertyValueSpecification","valueRequired":true,"valueName":"search_term_string"}}],"inLanguage":"fr-CA"},{"@type":"Organization","@id":"https:\/\/revtronik.com\/#organization","name":"RevTronik inc.","url":"https:\/\/revtronik.com\/","logo":{"@type":"ImageObject","inLanguage":"fr-CA","@id":"https:\/\/revtronik.com\/#\/schema\/logo\/image\/","url":"https:\/\/revtronik.com\/wp-content\/uploads\/MS-revtronik-Banner-trucking-products-solutions-and-racing-division-performance.webp","contentUrl":"https:\/\/revtronik.com\/wp-content\/uploads\/MS-revtronik-Banner-trucking-products-solutions-and-racing-division-performance.webp","width":1200,"height":675,"caption":"RevTronik inc."},"image":{"@id":"https:\/\/revtronik.com\/#\/schema\/logo\/image\/"},"sameAs":["https:\/\/www.facebook.com\/revtronik","https:\/\/www.youtube.com\/channel\/UCiXuXHlfSRJmUqmJbOoc2wQ","https:\/\/www.linkedin.com\/company\/revtronik-inc-\/"],"description":"Des produits de haute qualit\u00e9, faciles \u00e0 utiliser et rentables, qui r\u00e9pondent aux exigences actuelles et futures de l'industrie du camionnage.","email":"info@revtronik.com","telephone":"+1 819 870-2331","legalName":"Revtronik inc.","foundingDate":"2014-10-26","numberOfEmployees":{"@type":"QuantitativeValue","minValue":"1","maxValue":"10"}}]}},"_links":{"self":[{"href":"https:\/\/revtronik.com\/fr\/wp-json\/wp\/v2\/pages\/5926","targetHints":{"allow":["GET"]}}],"collection":[{"href":"https:\/\/revtronik.com\/fr\/wp-json\/wp\/v2\/pages"}],"about":[{"href":"https:\/\/revtronik.com\/fr\/wp-json\/wp\/v2\/types\/page"}],"author":[{"embeddable":true,"href":"https:\/\/revtronik.com\/fr\/wp-json\/wp\/v2\/users\/1"}],"replies":[{"embeddable":true,"href":"https:\/\/revtronik.com\/fr\/wp-json\/wp\/v2\/comments?post=5926"}],"version-history":[{"count":6,"href":"https:\/\/revtronik.com\/fr\/wp-json\/wp\/v2\/pages\/5926\/revisions"}],"predecessor-version":[{"id":6638,"href":"https:\/\/revtronik.com\/fr\/wp-json\/wp\/v2\/pages\/5926\/revisions\/6638"}],"wp:featuredmedia":[{"embeddable":true,"href":"https:\/\/revtronik.com\/fr\/wp-json\/wp\/v2\/media\/6320"}],"wp:attachment":[{"href":"https:\/\/revtronik.com\/fr\/wp-json\/wp\/v2\/media?parent=5926"}],"wp:term":[{"taxonomy":"category","embeddable":true,"href":"https:\/\/revtronik.com\/fr\/wp-json\/wp\/v2\/categories?post=5926"},{"taxonomy":"post_tag","embeddable":true,"href":"https:\/\/revtronik.com\/fr\/wp-json\/wp\/v2\/tags?post=5926"}],"curies":[{"name":"wp","href":"https:\/\/api.w.org\/{rel}","templated":true}]}}