{"id":5743,"date":"2024-10-09T17:54:43","date_gmt":"2024-10-09T21:54:43","guid":{"rendered":"https:\/\/revtronik.com\/?page_id=5743"},"modified":"2025-05-29T13:31:31","modified_gmt":"2025-05-29T17:31:31","slug":"racing","status":"publish","type":"page","link":"https:\/\/revtronik.com\/fr\/racing\/","title":{"rendered":"RACING"},"content":{"rendered":"<h3>Maid from passion<\/h3><h3>New High performance<br \/>racing products<br \/>now available !<\/h3>\t\t\t\n\t\t\t\t<p>Stay tuned on :\u00a0<a href=\"http:\/\/RevtronikRacing.com\">RevtronikRacing.com<\/a><\/p>\n\t\t\t\t<a href=\"https:\/\/revtronik.com\/superior-race-car\/\"  target=\"_self\" itemprop=\"url\">\n\t\t\t\t<img decoding=\"async\" src=\"https:\/\/revtronik.com\/wp-content\/uploads\/SUPERIOR-RACE-CARS-LOGO-REVTRONIK-RACING-DIVISION.svg\" alt=\"SUPERIOR RACE CARS LOGO REVTRONIK RACING DIVISION\" itemprop=\"image\" height=\"464\" width=\"1220\" title=\"SUPERIOR RACE CARS LOGO REVTRONIK RACING DIVISION\" onerror=\"this.style.display='none'\" loading='lazy' \/>\n\t\t\t\t<\/a>\n\t\t\t\t<p>Revtronik Racing Division est fier d'\u00eatre distributeur officiel des produits Superior Race Cars !<\/p>\n\t\t\t<a href=\"https:\/\/revtronik.com\/superior-race-car\/\" title=\"Click Here\" target=\"_self\"   role=\"button\" aria-label=\"D\u00c9COUVRIR\">\n\t\t\t\t\t\t\tD\u00c9COUVRIR\n\t\t<\/a>\n\t\t\t\t<a href=\"https:\/\/revtronik.com\/superior-race-car\/\"  target=\"_self\" itemprop=\"url\">\n\t\t\t\t<img decoding=\"async\" src=\"https:\/\/revtronik.com\/wp-content\/uploads\/Superior-Race-Car-Revtronik-racing-division.avif\" alt=\"Superior Race Car Revtronik racing division\" itemprop=\"image\" title=\"Superior Race Car Revtronik racing division\" onerror=\"this.style.display='none'\" loading='lazy' \/>\n\t\t\t\t<\/a>\n\t\t\t\t<img decoding=\"async\" src=\"https:\/\/revtronik.com\/wp-content\/uploads\/RRD-Logo-white-Revtronik-Racing-Division.svg\" alt=\"RRD Logo white Revtronik Racing Division\" itemprop=\"image\" height=\"195\" width=\"499\" title=\"RRD Logo white Revtronik Racing Division\" onerror=\"this.style.display='none'\" loading='lazy' \/>\n\t\t\t\u2726 KEEP TUNING \u2726\n\t\t<h2>\n\t\t\tPLUS DE PRODUITS \u00c0 VENIR\n\t\t<\/h2>","protected":false},"excerpt":{"rendered":"<p>Maid from passion New High performanceracing productsnow available ! Stay tuned on :\u00a0RevtronikRacing.com Revtronik Racing Division is proud to be [&hellip;]<\/p>\n","protected":false},"author":1,"featured_media":5834,"parent":0,"menu_order":0,"comment_status":"closed","ping_status":"closed","template":"","meta":{"_acf_changed":false,"site-sidebar-layout":"default","site-content-layout":"","ast-site-content-layout":"default","site-content-style":"default","site-sidebar-style":"default","ast-global-header-display":"","ast-banner-title-visibility":"","ast-main-header-display":"","ast-hfb-above-header-display":"","ast-hfb-below-header-display":"","ast-hfb-mobile-header-display":"","site-post-title":"","ast-breadcrumbs-content":"","ast-featured-img":"","footer-sml-layout":"","ast-disable-related-posts":"","theme-transparent-header-meta":"default","adv-header-id-meta":"","stick-header-meta":"","header-above-stick-meta":"","header-main-stick-meta":"","header-below-stick-meta":"","astra-migrate-meta-layouts":"set","ast-page-background-enabled":"default","ast-page-background-meta":{"desktop":{"background-color":"var(--ast-global-color-4)","background-image":"","background-repeat":"repeat","background-position":"center center","background-size":"auto","background-attachment":"scroll","background-type":"","background-media":"","overlay-type":"","overlay-color":"","overlay-opacity":"","overlay-gradient":""},"tablet":{"background-color":"","background-image":"","background-repeat":"repeat","background-position":"center center","background-size":"auto","background-attachment":"scroll","background-type":"","background-media":"","overlay-type":"","overlay-color":"","overlay-opacity":"","overlay-gradient":""},"mobile":{"background-color":"","background-image":"","background-repeat":"repeat","background-position":"center center","background-size":"auto","background-attachment":"scroll","background-type":"","background-media":"","overlay-type":"","overlay-color":"","overlay-opacity":"","overlay-gradient":""}},"ast-content-background-meta":{"desktop":{"background-color":"var(--ast-global-color-5)","background-image":"","background-repeat":"repeat","background-position":"center center","background-size":"auto","background-attachment":"scroll","background-type":"","background-media":"","overlay-type":"","overlay-color":"","overlay-opacity":"","overlay-gradient":""},"tablet":{"background-color":"var(--ast-global-color-5)","background-image":"","background-repeat":"repeat","background-position":"center center","background-size":"auto","background-attachment":"scroll","background-type":"","background-media":"","overlay-type":"","overlay-color":"","overlay-opacity":"","overlay-gradient":""},"mobile":{"background-color":"var(--ast-global-color-5)","background-image":"","background-repeat":"repeat","background-position":"center center","background-size":"auto","background-attachment":"scroll","background-type":"","background-media":"","overlay-type":"","overlay-color":"","overlay-opacity":"","overlay-gradient":""}},"footnotes":""},"categories":[141],"tags":[],"class_list":["post-5743","page","type-page","status-publish","has-post-thumbnail","hentry","category-racing-division"],"acf":[],"yoast_head":"<!-- This site is optimized with the Yoast SEO Premium plugin v27.3 (Yoast SEO v27.5) - https:\/\/yoast.com\/product\/yoast-seo-premium-wordpress\/ -->\n<title>RACING DIVISION - REVTRONIK.com<\/title>\n<meta name=\"description\" content=\"SMART RACING TOOLS &amp; COMPONENTS! Reach new RACING LEVELS with user friendly, high quality and cost effective products !\" \/>\n<meta name=\"robots\" content=\"index, follow, max-snippet:-1, max-image-preview:large, max-video-preview:-1\" \/>\n<link rel=\"canonical\" href=\"https:\/\/revtronik.com\/fr\/racing\/\" \/>\n<meta property=\"og:locale\" content=\"fr_CA\" \/>\n<meta property=\"og:type\" content=\"article\" \/>\n<meta property=\"og:title\" content=\"RACING - REVTRONIK.com\" \/>\n<meta property=\"og:description\" content=\"SMART RACING TOOLS &amp; COMPONENTS! Reach new RACING LEVELS with user friendly, high quality and cost effective products !\" \/>\n<meta property=\"og:url\" content=\"https:\/\/revtronik.com\/fr\/racing\/\" \/>\n<meta property=\"og:site_name\" content=\"REVTRONIK.com\" \/>\n<meta property=\"article:publisher\" content=\"https:\/\/www.facebook.com\/revtronik\" \/>\n<meta property=\"article:modified_time\" content=\"2025-05-29T17:31:31+00:00\" \/>\n<meta property=\"og:image\" content=\"https:\/\/revtronik.com\/wp-content\/uploads\/RRD-MS-ICON.webp\" \/>\n\t<meta property=\"og:image:width\" content=\"1000\" \/>\n\t<meta property=\"og:image:height\" content=\"673\" \/>\n\t<meta property=\"og:image:type\" content=\"image\/webp\" \/>\n<meta name=\"twitter:card\" content=\"summary_large_image\" \/>\n<meta name=\"twitter:title\" content=\"RACING - REVTRONIK.com\" \/>\n<meta name=\"twitter:description\" content=\"SMART RACING TOOLS &amp; COMPONENTS! Reach new RACING LEVELS with user friendly, high quality and cost effective products !\" \/>\n<meta name=\"twitter:image\" content=\"https:\/\/revtronik.com\/wp-content\/uploads\/RRD-MS-ICON.webp\" \/>\n<meta name=\"twitter:label1\" content=\"Estimation du temps de lecture\" \/>\n\t<meta name=\"twitter:data1\" content=\"1 minute\" \/>\n<script type=\"application\/ld+json\" class=\"yoast-schema-graph\">{\"@context\":\"https:\\\/\\\/schema.org\",\"@graph\":[{\"@type\":\"WebPage\",\"@id\":\"https:\\\/\\\/revtronik.com\\\/racing\\\/\",\"url\":\"https:\\\/\\\/revtronik.com\\\/racing\\\/\",\"name\":\"RACING DIVISION - REVTRONIK.com\",\"isPartOf\":{\"@id\":\"https:\\\/\\\/revtronik.com\\\/#website\"},\"primaryImageOfPage\":{\"@id\":\"https:\\\/\\\/revtronik.com\\\/racing\\\/#primaryimage\"},\"image\":{\"@id\":\"https:\\\/\\\/revtronik.com\\\/racing\\\/#primaryimage\"},\"thumbnailUrl\":\"https:\\\/\\\/revtronik.com\\\/wp-content\\\/uploads\\\/RRD-MS-ICON.webp\",\"datePublished\":\"2024-10-09T21:54:43+00:00\",\"dateModified\":\"2025-05-29T17:31:31+00:00\",\"description\":\"SMART RACING TOOLS & COMPONENTS! Reach new RACING LEVELS with user friendly, high quality and cost effective products !\",\"breadcrumb\":{\"@id\":\"https:\\\/\\\/revtronik.com\\\/racing\\\/#breadcrumb\"},\"inLanguage\":\"fr-CA\",\"potentialAction\":[{\"@type\":\"ReadAction\",\"target\":[\"https:\\\/\\\/revtronik.com\\\/racing\\\/\"]}]},{\"@type\":\"ImageObject\",\"inLanguage\":\"fr-CA\",\"@id\":\"https:\\\/\\\/revtronik.com\\\/racing\\\/#primaryimage\",\"url\":\"https:\\\/\\\/revtronik.com\\\/wp-content\\\/uploads\\\/RRD-MS-ICON.webp\",\"contentUrl\":\"https:\\\/\\\/revtronik.com\\\/wp-content\\\/uploads\\\/RRD-MS-ICON.webp\",\"width\":1000,\"height\":673,\"caption\":\"RRD MS ICON\"},{\"@type\":\"BreadcrumbList\",\"@id\":\"https:\\\/\\\/revtronik.com\\\/racing\\\/#breadcrumb\",\"itemListElement\":[{\"@type\":\"ListItem\",\"position\":1,\"name\":\"Accueil\",\"item\":\"https:\\\/\\\/revtronik.com\\\/\"},{\"@type\":\"ListItem\",\"position\":2,\"name\":\"RACING\"}]},{\"@type\":\"WebSite\",\"@id\":\"https:\\\/\\\/revtronik.com\\\/#website\",\"url\":\"https:\\\/\\\/revtronik.com\\\/\",\"name\":\"REVTRONIK.com\",\"description\":\"Smart Trucking Products\",\"publisher\":{\"@id\":\"https:\\\/\\\/revtronik.com\\\/#organization\"},\"potentialAction\":[{\"@type\":\"SearchAction\",\"target\":{\"@type\":\"EntryPoint\",\"urlTemplate\":\"https:\\\/\\\/revtronik.com\\\/?s={search_term_string}\"},\"query-input\":{\"@type\":\"PropertyValueSpecification\",\"valueRequired\":true,\"valueName\":\"search_term_string\"}}],\"inLanguage\":\"fr-CA\"},{\"@type\":\"Organization\",\"@id\":\"https:\\\/\\\/revtronik.com\\\/#organization\",\"name\":\"RevTronik inc.\",\"url\":\"https:\\\/\\\/revtronik.com\\\/\",\"logo\":{\"@type\":\"ImageObject\",\"inLanguage\":\"fr-CA\",\"@id\":\"https:\\\/\\\/revtronik.com\\\/#\\\/schema\\\/logo\\\/image\\\/\",\"url\":\"https:\\\/\\\/revtronik.com\\\/wp-content\\\/uploads\\\/MS-revtronik-Banner-trucking-products-solutions-and-racing-division-performance.webp\",\"contentUrl\":\"https:\\\/\\\/revtronik.com\\\/wp-content\\\/uploads\\\/MS-revtronik-Banner-trucking-products-solutions-and-racing-division-performance.webp\",\"width\":1200,\"height\":675,\"caption\":\"RevTronik inc.\"},\"image\":{\"@id\":\"https:\\\/\\\/revtronik.com\\\/#\\\/schema\\\/logo\\\/image\\\/\"},\"sameAs\":[\"https:\\\/\\\/www.facebook.com\\\/revtronik\",\"https:\\\/\\\/www.youtube.com\\\/channel\\\/UCiXuXHlfSRJmUqmJbOoc2wQ\",\"https:\\\/\\\/www.linkedin.com\\\/company\\\/revtronik-inc-\\\/\"],\"description\":\"Meet present and future truck industry requirements with user friendly, high quality and cost effective products !\",\"email\":\"info@revtronik.com\",\"telephone\":\"+1 819 870-2331\",\"legalName\":\"Revtronik inc.\",\"foundingDate\":\"2014-10-26\",\"numberOfEmployees\":{\"@type\":\"QuantitativeValue\",\"minValue\":\"1\",\"maxValue\":\"10\"}}]}<\/script>\n<!-- \/ Yoast SEO Premium plugin. -->","yoast_head_json":{"title":"RACING DIVISION - REVTRONIK.com","description":"SMART RACING TOOLS & COMPONENTS! Reach new RACING LEVELS with user friendly, high quality and cost effective products !","robots":{"index":"index","follow":"follow","max-snippet":"max-snippet:-1","max-image-preview":"max-image-preview:large","max-video-preview":"max-video-preview:-1"},"canonical":"https:\/\/revtronik.com\/fr\/racing\/","og_locale":"fr_CA","og_type":"article","og_title":"RACING - REVTRONIK.com","og_description":"SMART RACING TOOLS & COMPONENTS! Reach new RACING LEVELS with user friendly, high quality and cost effective products !","og_url":"https:\/\/revtronik.com\/fr\/racing\/","og_site_name":"REVTRONIK.com","article_publisher":"https:\/\/www.facebook.com\/revtronik","article_modified_time":"2025-05-29T17:31:31+00:00","og_image":[{"width":1000,"height":673,"url":"https:\/\/revtronik.com\/wp-content\/uploads\/RRD-MS-ICON.webp","type":"image\/webp"}],"twitter_card":"summary_large_image","twitter_title":"RACING - REVTRONIK.com","twitter_description":"SMART RACING TOOLS & COMPONENTS! Reach new RACING LEVELS with user friendly, high quality and cost effective products !","twitter_image":"https:\/\/revtronik.com\/wp-content\/uploads\/RRD-MS-ICON.webp","twitter_misc":{"Estimation du temps de lecture":"1 minute"},"schema":{"@context":"https:\/\/schema.org","@graph":[{"@type":"WebPage","@id":"https:\/\/revtronik.com\/racing\/","url":"https:\/\/revtronik.com\/racing\/","name":"RACING DIVISION - REVTRONIK.com","isPartOf":{"@id":"https:\/\/revtronik.com\/#website"},"primaryImageOfPage":{"@id":"https:\/\/revtronik.com\/racing\/#primaryimage"},"image":{"@id":"https:\/\/revtronik.com\/racing\/#primaryimage"},"thumbnailUrl":"https:\/\/revtronik.com\/wp-content\/uploads\/RRD-MS-ICON.webp","datePublished":"2024-10-09T21:54:43+00:00","dateModified":"2025-05-29T17:31:31+00:00","description":"SMART RACING TOOLS & COMPONENTS! Reach new RACING LEVELS with user friendly, high quality and cost effective products !","breadcrumb":{"@id":"https:\/\/revtronik.com\/racing\/#breadcrumb"},"inLanguage":"fr-CA","potentialAction":[{"@type":"ReadAction","target":["https:\/\/revtronik.com\/racing\/"]}]},{"@type":"ImageObject","inLanguage":"fr-CA","@id":"https:\/\/revtronik.com\/racing\/#primaryimage","url":"https:\/\/revtronik.com\/wp-content\/uploads\/RRD-MS-ICON.webp","contentUrl":"https:\/\/revtronik.com\/wp-content\/uploads\/RRD-MS-ICON.webp","width":1000,"height":673,"caption":"RRD MS ICON"},{"@type":"BreadcrumbList","@id":"https:\/\/revtronik.com\/racing\/#breadcrumb","itemListElement":[{"@type":"ListItem","position":1,"name":"Accueil","item":"https:\/\/revtronik.com\/"},{"@type":"ListItem","position":2,"name":"RACING"}]},{"@type":"WebSite","@id":"https:\/\/revtronik.com\/#website","url":"https:\/\/revtronik.com\/","name":"REVTRONIK.com","description":"Smart Trucking Products","publisher":{"@id":"https:\/\/revtronik.com\/#organization"},"potentialAction":[{"@type":"SearchAction","target":{"@type":"EntryPoint","urlTemplate":"https:\/\/revtronik.com\/?s={search_term_string}"},"query-input":{"@type":"PropertyValueSpecification","valueRequired":true,"valueName":"search_term_string"}}],"inLanguage":"fr-CA"},{"@type":"Organization","@id":"https:\/\/revtronik.com\/#organization","name":"RevTronik inc.","url":"https:\/\/revtronik.com\/","logo":{"@type":"ImageObject","inLanguage":"fr-CA","@id":"https:\/\/revtronik.com\/#\/schema\/logo\/image\/","url":"https:\/\/revtronik.com\/wp-content\/uploads\/MS-revtronik-Banner-trucking-products-solutions-and-racing-division-performance.webp","contentUrl":"https:\/\/revtronik.com\/wp-content\/uploads\/MS-revtronik-Banner-trucking-products-solutions-and-racing-division-performance.webp","width":1200,"height":675,"caption":"RevTronik inc."},"image":{"@id":"https:\/\/revtronik.com\/#\/schema\/logo\/image\/"},"sameAs":["https:\/\/www.facebook.com\/revtronik","https:\/\/www.youtube.com\/channel\/UCiXuXHlfSRJmUqmJbOoc2wQ","https:\/\/www.linkedin.com\/company\/revtronik-inc-\/"],"description":"Des produits de haute qualit\u00e9, faciles \u00e0 utiliser et rentables, qui r\u00e9pondent aux exigences actuelles et futures de l'industrie du camionnage.","email":"info@revtronik.com","telephone":"+1 819 870-2331","legalName":"Revtronik inc.","foundingDate":"2014-10-26","numberOfEmployees":{"@type":"QuantitativeValue","minValue":"1","maxValue":"10"}}]}},"_links":{"self":[{"href":"https:\/\/revtronik.com\/fr\/wp-json\/wp\/v2\/pages\/5743","targetHints":{"allow":["GET"]}}],"collection":[{"href":"https:\/\/revtronik.com\/fr\/wp-json\/wp\/v2\/pages"}],"about":[{"href":"https:\/\/revtronik.com\/fr\/wp-json\/wp\/v2\/types\/page"}],"author":[{"embeddable":true,"href":"https:\/\/revtronik.com\/fr\/wp-json\/wp\/v2\/users\/1"}],"replies":[{"embeddable":true,"href":"https:\/\/revtronik.com\/fr\/wp-json\/wp\/v2\/comments?post=5743"}],"version-history":[{"count":6,"href":"https:\/\/revtronik.com\/fr\/wp-json\/wp\/v2\/pages\/5743\/revisions"}],"predecessor-version":[{"id":6639,"href":"https:\/\/revtronik.com\/fr\/wp-json\/wp\/v2\/pages\/5743\/revisions\/6639"}],"wp:featuredmedia":[{"embeddable":true,"href":"https:\/\/revtronik.com\/fr\/wp-json\/wp\/v2\/media\/5834"}],"wp:attachment":[{"href":"https:\/\/revtronik.com\/fr\/wp-json\/wp\/v2\/media?parent=5743"}],"wp:term":[{"taxonomy":"category","embeddable":true,"href":"https:\/\/revtronik.com\/fr\/wp-json\/wp\/v2\/categories?post=5743"},{"taxonomy":"post_tag","embeddable":true,"href":"https:\/\/revtronik.com\/fr\/wp-json\/wp\/v2\/tags?post=5743"}],"curies":[{"name":"wp","href":"https:\/\/api.w.org\/{rel}","templated":true}]}}