{"id":5671,"date":"2024-05-28T14:06:26","date_gmt":"2024-05-28T18:06:26","guid":{"rendered":"https:\/\/revtronik.com\/?page_id=5671"},"modified":"2025-12-11T17:16:37","modified_gmt":"2025-12-11T21:16:37","slug":"about","status":"publish","type":"page","link":"https:\/\/revtronik.com\/fr\/about\/","title":{"rendered":"\u00c0 propos"},"content":{"rendered":"<p class=\" translation-block\">Des produits de haute qualit\u00e9, faciles \u00e0 utiliser et rentables, <span style=\"color: #ffffff\"><strong>qui r\u00e9pondent aux exigences actuelles et futures<\/strong> <\/span>de l'industrie du camionnage.<\/p>\r\n<p><img decoding=\"async\" title=\"electronic technician2 TestTRONIK Wireless Trailer Tester Remote Control HeatTRONIK Engine Heater Battery BrakeTRONIK Brake ChargeTRONIK Power Converter Charger Optimizer Revtronik\" src=\"https:\/\/revtronik.com\/wp-content\/uploads\/bb-plugin\/cache\/electronic-technician2-TestTRONIK-Wireless-Trailer-Tester-Remote-Control-HeatTRONIK-Engine-Heater-Battery-BrakeTRONIK-Brake-ChargeTRONIK-Power-Converter-Charger-Optimizer-Revtronik-circle.webp\" alt=\"electronic technician2 TestTRONIK Wireless Trailer Tester Remote Control HeatTRONIK Engine Heater Battery BrakeTRONIK Brake ChargeTRONIK Power Converter Charger Optimizer Revtronik\" \/><\/p>\r\n<p>Always on the lookout for new challenges, REVTRONIK listens to the needs of its clients. Need an answer to a problem? <a href=\"https:\/\/revtronik.com\/contact\/\">contactez-nous<\/a>, our staff is always pleased to help !<\/p>\r\n<p class=\" translation-block\"><span style=\"color: #7fc349\">R<\/span>ECHERCHE<\/p>\r\n<p>REVTRONIK&#8217;S new TestTRONIK wireless trailer tester is our newest proactive response to our customer&#8217;s requirements. Incorporating the latest technologies, it is the very best product of its kind.<\/p>\r\n<p class=\" translation-block\"><span style=\"color: #7fc349\">\u00c9V<\/span>OLUTION<\/p>\r\n<p>REVTRONIK&#8217;S close association with the trucking industry plays an important role in ensuring that its family of new products will meet or exceed industry demands.<\/p>\r\n<p class=\" translation-block\">\u00c9LEC<span style=\"color: #7fc349\">TRONIK<\/span><\/p>\r\n<p>REVTRONIK&#8217;s goal is to develop reliable cost effective products for our customers utilizing state of the art electronic technology.<\/p>\r\n<h3>NOTRE HISTOIRE<\/h3>\r\n<p><img loading=\"lazy\" decoding=\"async\" title=\"Trucker-CB-bgr-TestTRONIK-Wireless-Trailer-Tester-Remote-Control-HeatTRONIK-Engine-Heater-Battery-BrakeTRONIK-Brake-ChargeTRONIK-Power-Converter-Charger-Optimizer-electronic-Revtronik\" src=\"https:\/\/revtronik.com\/wp-content\/uploads\/Trucker-CB-bgr-TestTRONIK-Wireless-Trailer-Tester-Remote-Control-HeatTRONIK-Engine-Heater-Battery-BrakeTRONIK-Brake-ChargeTRONIK-Power-Converter-Charger-Optimizer-electronic-Revtronik.jpg\" alt=\"Trucker-CB-bgr-TestTRONIK-Wireless-Trailer-Tester-Remote-Control-HeatTRONIK-Engine-Heater-Battery-BrakeTRONIK-Brake-ChargeTRONIK-Power-Converter-Charger-Optimizer-electronic-Revtronik\" width=\"2000\" height=\"1333\" \/><\/p>\r\n<h3>WHEN DREAMS COME TRUE !<\/h3>\r\n<p>REVTRONIK&#8217;s president Jean-Francois Leblanc puts his extensive experience with the trucking industry to good use in the development of high-tech test equipment that answers the real life day-to-day challenges of reducing costly downtime.<\/p>\r\n<p>Reliability and efficiency at an affordable price are key factors in REVTRONIK&#8217;S new product development planning.<\/p>\r\n<p><img loading=\"lazy\" decoding=\"async\" title=\"Road Tip tipper alarm Trucking Test Wireless Trailer Tester Remote Control Heat Engine Heater Battery Brake Brake Charge Power Converter Charger Optimizer Revtronik\" src=\"https:\/\/revtronik.com\/wp-content\/uploads\/Road-Tip-tipper-alarm-Trucking-Test-Wireless-Trailer-Tester-Remote-Control-Heat-Engine-Heater-Battery-Brake-Brake-Charge-Power-Converter-Charger-Optimizer-Revtronik.webp\" alt=\"Road Tip tipper alarm Trucking Test Wireless Trailer Tester Remote Control Heat Engine Heater Battery Brake Brake Charge Power Converter Charger Optimizer Revtronik\" width=\"1024\" height=\"683\" \/><\/p>","protected":false},"excerpt":{"rendered":"<p>Meet present and future truck industry requirements with user friendly, high quality and cost effective products. Always on the lookout [&hellip;]<\/p>\n","protected":false},"author":1,"featured_media":0,"parent":0,"menu_order":0,"comment_status":"closed","ping_status":"closed","template":"","meta":{"_acf_changed":false,"site-sidebar-layout":"default","site-content-layout":"","ast-site-content-layout":"default","site-content-style":"default","site-sidebar-style":"default","ast-global-header-display":"","ast-banner-title-visibility":"","ast-main-header-display":"","ast-hfb-above-header-display":"","ast-hfb-below-header-display":"","ast-hfb-mobile-header-display":"","site-post-title":"","ast-breadcrumbs-content":"","ast-featured-img":"","footer-sml-layout":"","ast-disable-related-posts":"","theme-transparent-header-meta":"default","adv-header-id-meta":"","stick-header-meta":"","header-above-stick-meta":"","header-main-stick-meta":"","header-below-stick-meta":"","astra-migrate-meta-layouts":"set","ast-page-background-enabled":"default","ast-page-background-meta":{"desktop":{"background-color":"var(--ast-global-color-4)","background-image":"","background-repeat":"repeat","background-position":"center center","background-size":"auto","background-attachment":"scroll","background-type":"","background-media":"","overlay-type":"","overlay-color":"","overlay-opacity":"","overlay-gradient":""},"tablet":{"background-color":"","background-image":"","background-repeat":"repeat","background-position":"center center","background-size":"auto","background-attachment":"scroll","background-type":"","background-media":"","overlay-type":"","overlay-color":"","overlay-opacity":"","overlay-gradient":""},"mobile":{"background-color":"","background-image":"","background-repeat":"repeat","background-position":"center center","background-size":"auto","background-attachment":"scroll","background-type":"","background-media":"","overlay-type":"","overlay-color":"","overlay-opacity":"","overlay-gradient":""}},"ast-content-background-meta":{"desktop":{"background-color":"var(--ast-global-color-5)","background-image":"","background-repeat":"repeat","background-position":"center center","background-size":"auto","background-attachment":"scroll","background-type":"","background-media":"","overlay-type":"","overlay-color":"","overlay-opacity":"","overlay-gradient":""},"tablet":{"background-color":"var(--ast-global-color-5)","background-image":"","background-repeat":"repeat","background-position":"center center","background-size":"auto","background-attachment":"scroll","background-type":"","background-media":"","overlay-type":"","overlay-color":"","overlay-opacity":"","overlay-gradient":""},"mobile":{"background-color":"var(--ast-global-color-5)","background-image":"","background-repeat":"repeat","background-position":"center center","background-size":"auto","background-attachment":"scroll","background-type":"","background-media":"","overlay-type":"","overlay-color":"","overlay-opacity":"","overlay-gradient":""}},"footnotes":""},"categories":[],"tags":[],"class_list":["post-5671","page","type-page","status-publish","hentry"],"acf":[],"yoast_head":"<!-- This site is optimized with the Yoast SEO Premium plugin v27.3 (Yoast SEO v27.5) - https:\/\/yoast.com\/product\/yoast-seo-premium-wordpress\/ -->\n<title>About - REVTRONIK.com<\/title>\n<meta name=\"description\" content=\"Research-EVolution-elecTRONIC. Meet present and future truck industry requirements with high quality and cost effective products.\" \/>\n<meta name=\"robots\" content=\"index, follow, max-snippet:-1, max-image-preview:large, max-video-preview:-1\" \/>\n<link rel=\"canonical\" href=\"https:\/\/revtronik.com\/fr\/about\/\" \/>\n<meta property=\"og:locale\" content=\"fr_CA\" \/>\n<meta property=\"og:type\" content=\"article\" \/>\n<meta property=\"og:title\" content=\"About - REVTRONIK.com\" \/>\n<meta property=\"og:description\" content=\"Research-EVolution-elecTRONIC. Meet present and future truck industry requirements with high quality and cost effective products.\" \/>\n<meta property=\"og:url\" content=\"https:\/\/revtronik.com\/fr\/about\/\" \/>\n<meta property=\"og:site_name\" content=\"REVTRONIK.com\" \/>\n<meta property=\"article:publisher\" content=\"https:\/\/www.facebook.com\/revtronik\" \/>\n<meta property=\"article:modified_time\" content=\"2025-12-11T21:16:37+00:00\" \/>\n<meta property=\"og:image\" content=\"https:\/\/revtronik.com\/wp-content\/uploads\/bb-plugin\/cache\/electronic-technician2-TestTRONIK-Wireless-Trailer-Tester-Remote-Control-HeatTRONIK-Engine-Heater-Battery-BrakeTRONIK-Brake-ChargeTRONIK-Power-Converter-Charger-Optimizer-Revtronik-circle.webp\" \/>\n<meta name=\"twitter:card\" content=\"summary_large_image\" \/>\n<meta name=\"twitter:label1\" content=\"Estimation du temps de lecture\" \/>\n\t<meta name=\"twitter:data1\" content=\"2 minutes\" \/>\n<script type=\"application\/ld+json\" class=\"yoast-schema-graph\">{\"@context\":\"https:\\\/\\\/schema.org\",\"@graph\":[{\"@type\":\"WebPage\",\"@id\":\"https:\\\/\\\/revtronik.com\\\/about\\\/\",\"url\":\"https:\\\/\\\/revtronik.com\\\/about\\\/\",\"name\":\"About - REVTRONIK.com\",\"isPartOf\":{\"@id\":\"https:\\\/\\\/revtronik.com\\\/#website\"},\"primaryImageOfPage\":{\"@id\":\"https:\\\/\\\/revtronik.com\\\/about\\\/#primaryimage\"},\"image\":{\"@id\":\"https:\\\/\\\/revtronik.com\\\/about\\\/#primaryimage\"},\"thumbnailUrl\":\"https:\\\/\\\/revtronik.com\\\/wp-content\\\/uploads\\\/bb-plugin\\\/cache\\\/electronic-technician2-TestTRONIK-Wireless-Trailer-Tester-Remote-Control-HeatTRONIK-Engine-Heater-Battery-BrakeTRONIK-Brake-ChargeTRONIK-Power-Converter-Charger-Optimizer-Revtronik-circle.webp\",\"datePublished\":\"2024-05-28T18:06:26+00:00\",\"dateModified\":\"2025-12-11T21:16:37+00:00\",\"description\":\"Research-EVolution-elecTRONIC. Meet present and future truck industry requirements with high quality and cost effective products.\",\"breadcrumb\":{\"@id\":\"https:\\\/\\\/revtronik.com\\\/about\\\/#breadcrumb\"},\"inLanguage\":\"fr-CA\",\"potentialAction\":[{\"@type\":\"ReadAction\",\"target\":[\"https:\\\/\\\/revtronik.com\\\/about\\\/\"]}]},{\"@type\":\"ImageObject\",\"inLanguage\":\"fr-CA\",\"@id\":\"https:\\\/\\\/revtronik.com\\\/about\\\/#primaryimage\",\"url\":\"https:\\\/\\\/revtronik.com\\\/wp-content\\\/uploads\\\/bb-plugin\\\/cache\\\/electronic-technician2-TestTRONIK-Wireless-Trailer-Tester-Remote-Control-HeatTRONIK-Engine-Heater-Battery-BrakeTRONIK-Brake-ChargeTRONIK-Power-Converter-Charger-Optimizer-Revtronik-circle.webp\",\"contentUrl\":\"https:\\\/\\\/revtronik.com\\\/wp-content\\\/uploads\\\/bb-plugin\\\/cache\\\/electronic-technician2-TestTRONIK-Wireless-Trailer-Tester-Remote-Control-HeatTRONIK-Engine-Heater-Battery-BrakeTRONIK-Brake-ChargeTRONIK-Power-Converter-Charger-Optimizer-Revtronik-circle.webp\"},{\"@type\":\"BreadcrumbList\",\"@id\":\"https:\\\/\\\/revtronik.com\\\/about\\\/#breadcrumb\",\"itemListElement\":[{\"@type\":\"ListItem\",\"position\":1,\"name\":\"Accueil\",\"item\":\"https:\\\/\\\/revtronik.com\\\/\"},{\"@type\":\"ListItem\",\"position\":2,\"name\":\"About\"}]},{\"@type\":\"WebSite\",\"@id\":\"https:\\\/\\\/revtronik.com\\\/#website\",\"url\":\"https:\\\/\\\/revtronik.com\\\/\",\"name\":\"REVTRONIK.com\",\"description\":\"Smart Trucking Products\",\"publisher\":{\"@id\":\"https:\\\/\\\/revtronik.com\\\/#organization\"},\"potentialAction\":[{\"@type\":\"SearchAction\",\"target\":{\"@type\":\"EntryPoint\",\"urlTemplate\":\"https:\\\/\\\/revtronik.com\\\/?s={search_term_string}\"},\"query-input\":{\"@type\":\"PropertyValueSpecification\",\"valueRequired\":true,\"valueName\":\"search_term_string\"}}],\"inLanguage\":\"fr-CA\"},{\"@type\":\"Organization\",\"@id\":\"https:\\\/\\\/revtronik.com\\\/#organization\",\"name\":\"RevTronik inc.\",\"url\":\"https:\\\/\\\/revtronik.com\\\/\",\"logo\":{\"@type\":\"ImageObject\",\"inLanguage\":\"fr-CA\",\"@id\":\"https:\\\/\\\/revtronik.com\\\/#\\\/schema\\\/logo\\\/image\\\/\",\"url\":\"https:\\\/\\\/revtronik.com\\\/wp-content\\\/uploads\\\/MS-revtronik-Banner-trucking-products-solutions-and-racing-division-performance.webp\",\"contentUrl\":\"https:\\\/\\\/revtronik.com\\\/wp-content\\\/uploads\\\/MS-revtronik-Banner-trucking-products-solutions-and-racing-division-performance.webp\",\"width\":1200,\"height\":675,\"caption\":\"RevTronik inc.\"},\"image\":{\"@id\":\"https:\\\/\\\/revtronik.com\\\/#\\\/schema\\\/logo\\\/image\\\/\"},\"sameAs\":[\"https:\\\/\\\/www.facebook.com\\\/revtronik\",\"https:\\\/\\\/www.youtube.com\\\/channel\\\/UCiXuXHlfSRJmUqmJbOoc2wQ\",\"https:\\\/\\\/www.linkedin.com\\\/company\\\/revtronik-inc-\\\/\"],\"description\":\"Meet present and future truck industry requirements with user friendly, high quality and cost effective products !\",\"email\":\"info@revtronik.com\",\"telephone\":\"+1 819 870-2331\",\"legalName\":\"Revtronik inc.\",\"foundingDate\":\"2014-10-26\",\"numberOfEmployees\":{\"@type\":\"QuantitativeValue\",\"minValue\":\"1\",\"maxValue\":\"10\"}}]}<\/script>\n<!-- \/ Yoast SEO Premium plugin. -->","yoast_head_json":{"title":"About - REVTRONIK.com","description":"Research-EVolution-elecTRONIC. Meet present and future truck industry requirements with high quality and cost effective products.","robots":{"index":"index","follow":"follow","max-snippet":"max-snippet:-1","max-image-preview":"max-image-preview:large","max-video-preview":"max-video-preview:-1"},"canonical":"https:\/\/revtronik.com\/fr\/about\/","og_locale":"fr_CA","og_type":"article","og_title":"About - REVTRONIK.com","og_description":"Research-EVolution-elecTRONIC. Meet present and future truck industry requirements with high quality and cost effective products.","og_url":"https:\/\/revtronik.com\/fr\/about\/","og_site_name":"REVTRONIK.com","article_publisher":"https:\/\/www.facebook.com\/revtronik","article_modified_time":"2025-12-11T21:16:37+00:00","og_image":[{"url":"https:\/\/revtronik.com\/wp-content\/uploads\/bb-plugin\/cache\/electronic-technician2-TestTRONIK-Wireless-Trailer-Tester-Remote-Control-HeatTRONIK-Engine-Heater-Battery-BrakeTRONIK-Brake-ChargeTRONIK-Power-Converter-Charger-Optimizer-Revtronik-circle.webp","type":"","width":"","height":""}],"twitter_card":"summary_large_image","twitter_misc":{"Estimation du temps de lecture":"2 minutes"},"schema":{"@context":"https:\/\/schema.org","@graph":[{"@type":"WebPage","@id":"https:\/\/revtronik.com\/about\/","url":"https:\/\/revtronik.com\/about\/","name":"About - REVTRONIK.com","isPartOf":{"@id":"https:\/\/revtronik.com\/#website"},"primaryImageOfPage":{"@id":"https:\/\/revtronik.com\/about\/#primaryimage"},"image":{"@id":"https:\/\/revtronik.com\/about\/#primaryimage"},"thumbnailUrl":"https:\/\/revtronik.com\/wp-content\/uploads\/bb-plugin\/cache\/electronic-technician2-TestTRONIK-Wireless-Trailer-Tester-Remote-Control-HeatTRONIK-Engine-Heater-Battery-BrakeTRONIK-Brake-ChargeTRONIK-Power-Converter-Charger-Optimizer-Revtronik-circle.webp","datePublished":"2024-05-28T18:06:26+00:00","dateModified":"2025-12-11T21:16:37+00:00","description":"Research-EVolution-elecTRONIC. Meet present and future truck industry requirements with high quality and cost effective products.","breadcrumb":{"@id":"https:\/\/revtronik.com\/about\/#breadcrumb"},"inLanguage":"fr-CA","potentialAction":[{"@type":"ReadAction","target":["https:\/\/revtronik.com\/about\/"]}]},{"@type":"ImageObject","inLanguage":"fr-CA","@id":"https:\/\/revtronik.com\/about\/#primaryimage","url":"https:\/\/revtronik.com\/wp-content\/uploads\/bb-plugin\/cache\/electronic-technician2-TestTRONIK-Wireless-Trailer-Tester-Remote-Control-HeatTRONIK-Engine-Heater-Battery-BrakeTRONIK-Brake-ChargeTRONIK-Power-Converter-Charger-Optimizer-Revtronik-circle.webp","contentUrl":"https:\/\/revtronik.com\/wp-content\/uploads\/bb-plugin\/cache\/electronic-technician2-TestTRONIK-Wireless-Trailer-Tester-Remote-Control-HeatTRONIK-Engine-Heater-Battery-BrakeTRONIK-Brake-ChargeTRONIK-Power-Converter-Charger-Optimizer-Revtronik-circle.webp"},{"@type":"BreadcrumbList","@id":"https:\/\/revtronik.com\/about\/#breadcrumb","itemListElement":[{"@type":"ListItem","position":1,"name":"Accueil","item":"https:\/\/revtronik.com\/"},{"@type":"ListItem","position":2,"name":"About"}]},{"@type":"WebSite","@id":"https:\/\/revtronik.com\/#website","url":"https:\/\/revtronik.com\/","name":"REVTRONIK.com","description":"Smart Trucking Products","publisher":{"@id":"https:\/\/revtronik.com\/#organization"},"potentialAction":[{"@type":"SearchAction","target":{"@type":"EntryPoint","urlTemplate":"https:\/\/revtronik.com\/?s={search_term_string}"},"query-input":{"@type":"PropertyValueSpecification","valueRequired":true,"valueName":"search_term_string"}}],"inLanguage":"fr-CA"},{"@type":"Organization","@id":"https:\/\/revtronik.com\/#organization","name":"RevTronik inc.","url":"https:\/\/revtronik.com\/","logo":{"@type":"ImageObject","inLanguage":"fr-CA","@id":"https:\/\/revtronik.com\/#\/schema\/logo\/image\/","url":"https:\/\/revtronik.com\/wp-content\/uploads\/MS-revtronik-Banner-trucking-products-solutions-and-racing-division-performance.webp","contentUrl":"https:\/\/revtronik.com\/wp-content\/uploads\/MS-revtronik-Banner-trucking-products-solutions-and-racing-division-performance.webp","width":1200,"height":675,"caption":"RevTronik inc."},"image":{"@id":"https:\/\/revtronik.com\/#\/schema\/logo\/image\/"},"sameAs":["https:\/\/www.facebook.com\/revtronik","https:\/\/www.youtube.com\/channel\/UCiXuXHlfSRJmUqmJbOoc2wQ","https:\/\/www.linkedin.com\/company\/revtronik-inc-\/"],"description":"Des produits de haute qualit\u00e9, faciles \u00e0 utiliser et rentables, qui r\u00e9pondent aux exigences actuelles et futures de l'industrie du camionnage.","email":"info@revtronik.com","telephone":"+1 819 870-2331","legalName":"Revtronik inc.","foundingDate":"2014-10-26","numberOfEmployees":{"@type":"QuantitativeValue","minValue":"1","maxValue":"10"}}]}},"_links":{"self":[{"href":"https:\/\/revtronik.com\/fr\/wp-json\/wp\/v2\/pages\/5671","targetHints":{"allow":["GET"]}}],"collection":[{"href":"https:\/\/revtronik.com\/fr\/wp-json\/wp\/v2\/pages"}],"about":[{"href":"https:\/\/revtronik.com\/fr\/wp-json\/wp\/v2\/types\/page"}],"author":[{"embeddable":true,"href":"https:\/\/revtronik.com\/fr\/wp-json\/wp\/v2\/users\/1"}],"replies":[{"embeddable":true,"href":"https:\/\/revtronik.com\/fr\/wp-json\/wp\/v2\/comments?post=5671"}],"version-history":[{"count":5,"href":"https:\/\/revtronik.com\/fr\/wp-json\/wp\/v2\/pages\/5671\/revisions"}],"predecessor-version":[{"id":9788,"href":"https:\/\/revtronik.com\/fr\/wp-json\/wp\/v2\/pages\/5671\/revisions\/9788"}],"wp:attachment":[{"href":"https:\/\/revtronik.com\/fr\/wp-json\/wp\/v2\/media?parent=5671"}],"wp:term":[{"taxonomy":"category","embeddable":true,"href":"https:\/\/revtronik.com\/fr\/wp-json\/wp\/v2\/categories?post=5671"},{"taxonomy":"post_tag","embeddable":true,"href":"https:\/\/revtronik.com\/fr\/wp-json\/wp\/v2\/tags?post=5671"}],"curies":[{"name":"wp","href":"https:\/\/api.w.org\/{rel}","templated":true}]}}