{"id":5361,"date":"2024-01-18T12:22:19","date_gmt":"2024-01-18T16:22:19","guid":{"rendered":"https:\/\/revtronik.com\/?page_id=5361"},"modified":"2025-05-01T19:30:52","modified_gmt":"2025-05-01T23:30:52","slug":"downloads","status":"publish","type":"page","link":"https:\/\/revtronik.com\/fr\/downloads\/","title":{"rendered":"Downloads"},"content":{"rendered":"<img decoding=\"async\" src=\"https:\/\/revtronik.com\/wp-content\/uploads\/REV-DOWNLOADS-Icon-1.webp\" alt=\"REV DOWNLOADS Icon\" title=\"REV DOWNLOADS Icon\" itemprop=\"image\"\/>\n\t\t\t<a href =\"#ads\" target=\"_self\"  aria-label=\"PUBLICIT\u00c9S ET GRAPHIQUES \">\n\t\t\t\t\t\t\t\tPUBLICIT\u00c9S ET GRAPHIQUES\t\t\t\t\t\t\t\n\t\t\t\t\t\t<\/a>\n\t\t\t<a href =\"#branding\" target=\"_self\"  aria-label=\"BRAND LOGOS, COLORS &amp; FONTS \">\n\t\t\t\t\t\t\t\tBRAND LOGOS, COLORS &#038; FONTS\t\t\t\t\t\t\t\n\t\t\t\t\t\t<\/a>\n\t\t\t\t<p>All images, logos and content on this site can be downloaded from anywhere with the right click. You can also find here below, all REVTRONIK&#8217;s products manuals, branding and advertizing files for your promotional needs; logos, images, colors numbers &amp; fonts!<\/p>\n\t\t\t<a href =\"\" target=\"_self\"  aria-label=\"PUBLICIT\u00c9S ET GRAPHIQUES \">\n\t\t\t\t\t\t\t\tPUBLICIT\u00c9S ET GRAPHIQUES\t\t\t\t\t\t\t\n\t\t\t\t\t\t<\/a>\n\t\t\t\t<img decoding=\"async\" src=\"https:\/\/revtronik.com\/wp-content\/uploads\/REVTRONIK_CoverBrochure_2024_EN.webp\" alt=\"REVTRONIK CoverBrochure 2024 EN\" title=\"REVTRONIK CoverBrochure 2024 EN\" itemprop=\"image\"\/>\n\t\t<h5><img decoding=\"async\" alt=\"\ud83c\uddec\ud83c\udde7\" src=\"https:\/\/s.w.org\/images\/core\/emoji\/15.1.0\/svg\/1f1ec-1f1e7.svg\" draggable=\"false\" role=\"img\"\/><\/h5><h3>2024 REVTRONIK BROCHURE<\/h3>\n\t\t\t\t<p>*LES CHANGEMENTS DE COULEUR ET DE STRUCTURE DE CONCEPTION NE SONT PAS AUTORIS\u00c9S.<br \/>1.2 Mb &#8211; PDF<\/p>\n\t\t\t<a href=\"https:\/\/revtronik.com\/wp-content\/uploads\/REVTRONIK_Brochure_2024_EN.pdf\" title=\"Click Here\" target=\"_self\"   role=\"button\" aria-label=\"t\u00e9l\u00e9charger\">\n\t\t\t\t\t\t\t\t\t\t\tt\u00e9l\u00e9charger\n\t\t<\/a>\n\t\t\t<h3>SEPARATED PAGES <img decoding=\"async\" alt=\"\ud83c\uddec\ud83c\udde7\" src=\"https:\/\/s.w.org\/images\/core\/emoji\/15.1.0\/svg\/1f1ec-1f1e7.svg\" draggable=\"false\" role=\"img\"\/><\/h3>\t\t\t\t\n\t\t\t\t<img decoding=\"async\" src=\"https:\/\/revtronik.com\/wp-content\/uploads\/REVTRONIK_CoverBrochure_2024_FR.webp\" alt=\"REVTRONIK CoverBrochure 2024 FR\" title=\"REVTRONIK CoverBrochure 2024 FR\" itemprop=\"image\"\/>\n\t\t<h5><img decoding=\"async\" alt=\"\ud83c\uddeb\ud83c\uddf7\" src=\"https:\/\/s.w.org\/images\/core\/emoji\/15.1.0\/svg\/1f1eb-1f1f7.svg\" draggable=\"false\" role=\"img\"\/><\/h5><h3>BROCHURE REVTRONIK 2024<\/h3>\n\t\t\t\t<p>*LES CHANGEMENTS DE COULEUR ET DE STRUCTURE DE CONCEPTION NE SONT PAS AUTORIS\u00c9S.<br \/>1.2 Mb &#8211; PDF<\/p>\n\t\t\t<a href=\"https:\/\/revtronik.com\/wp-content\/uploads\/REVTRONIK_Brochure_2024_FR.pdf\" title=\"Click Here\" target=\"_self\"   role=\"button\" aria-label=\"t\u00e9l\u00e9charger\">\n\t\t\t\t\t\t\t\t\t\t\tt\u00e9l\u00e9charger\n\t\t<\/a>\n\t\t\t<h3>PAGES S\u00c9PAR\u00c9ES \ud83c\uddeb\ud83c\uddf7<\/h3>\t\t\t\t\n\t\t\t\t<img decoding=\"async\" src=\"https:\/\/revtronik.com\/wp-content\/uploads\/REVTRONIK-GENERAL_PRODUCTS-FR.webp\" alt=\"REVTRONIK GENERAL PRODUCTS FR\" title=\"REVTRONIK GENERAL PRODUCTS FR\" itemprop=\"image\"\/>\n\t\t<h5>\ud83c\uddeb\ud83c\uddf7<\/h5><h3>PRODUITS G\u00c9N\u00c9RAUX REVTRONIK<\/h3>\n\t\t\t\t<p>*LES CHANGEMENTS DE COULEUR ET DE STRUCTURE DE CONCEPTION NE SONT PAS AUTORIS\u00c9S.<br \/>2.4 Mb &#8211; PDF<\/p>\n\t\t\t<a href=\"https:\/\/revtronik.com\/wp-content\/uploads\/PRODUITS-GENERAUX-REVTRONIK.pdf\" title=\"Click Here\" target=\"_self\"   role=\"button\" aria-label=\"t\u00e9l\u00e9charger\">\n\t\t\t\t\t\t\t\t\t\t\tt\u00e9l\u00e9charger\n\t\t<\/a>\n\t\t\t\t<img decoding=\"async\" src=\"https:\/\/revtronik.com\/wp-content\/uploads\/Revtronik.com_.png\" alt=\"Revtronik.com\" title=\"Revtronik.com\" itemprop=\"image\"\/>\n\t\t<h3>QR CODES<\/h3>\n\t\t\t\t<p>*LIEN VERS REVTRONIK.COM<br \/>325 k &#8211; PDF &#8211; PNG &#8211; SVG<\/p>\n\t\t\t<a href=\"https:\/\/revtronik.com\/wp-content\/uploads\/Revtronik.com-QR-CODE.zip\" title=\"Click Here\" target=\"_self\"   role=\"button\" aria-label=\"t\u00e9l\u00e9charger\">\n\t\t\t\t\t\t\t\t\t\t\tt\u00e9l\u00e9charger\n\t\t<\/a>\n\t\t\t<a href =\"\" target=\"_self\"  aria-label=\"BRAND LOGOS, COLORS &amp; FONTS \">\n\t\t\t\t\t\t\t\tBRAND LOGOS, COLORS &#038; FONTS\t\t\t\t\t\t\t\n\t\t\t\t\t\t<\/a>\n\t\t\t\t<img decoding=\"async\" src=\"https:\/\/revtronik.com\/wp-content\/uploads\/FONT-ICON.webp\" alt=\"FONT ICON\" title=\"FONT ICON\" itemprop=\"image\"\/>\n\t\t<h3>2025 FONTS<\/h3>\n\t\t\t\t<p>*<a href=\"https:\/\/fonts.google.com\/specimen\/Bai+Jamjuree?preview.layout=grid&amp;query=BAI+JAMJUREE&amp;script=Latn\" target=\"_blank\" rel=\"noopener\">BAI JAMJUREE<\/a>\u00a0IS THE NEW REVTRONIK&#8217;S PRIMARY GOOGLE FONT FAMILY.<\/p>\n\t\t\t\t<img decoding=\"async\" src=\"https:\/\/revtronik.com\/wp-content\/uploads\/FONT-ICON.webp\" alt=\"FONT ICON\" title=\"FONT ICON\" itemprop=\"image\"\/>\n\t\t\t<h5>BAI JAMJUREE<\/h5><h3>FONT KIT<\/h3>\t\t\t\n\t\t\t\t<p>1.2 Mb &#8211; ZIP<\/p>\n\t\t\t<a href=\"https:\/\/revtronik.com\/wp-content\/uploads\/Bai_Jamjuree.zip\" title=\"Click Here\" target=\"_self\"   role=\"button\" aria-label=\"Download\">\n\t\t\t\t\t\t\t\t\t\t\tDownload\n\t\t<\/a>\n\t\t\t\t<img decoding=\"async\" src=\"https:\/\/revtronik.com\/wp-content\/uploads\/RevTRONIK-Black-logo.svg\" alt=\"RevTRONIK Black logo\" title=\"RevTRONIK Black logo\" itemprop=\"image\"\/>\n\t\t<h3>MARQUE PRINCIPALE<\/h3>\n\t\t\t\t<p>*LES CHANGEMENTS DE COULEUR ET DE STRUCTURE DE CONCEPTION NE SONT PAS AUTORIS\u00c9S.<\/p>\n\t\t\t\t<img decoding=\"async\" src=\"https:\/\/revtronik.com\/wp-content\/uploads\/Brand-Guidelines-scaled.webp\" alt=\"Brand Guidelines\" title=\"Brand Guidelines\" itemprop=\"image\"\/>\n\t\t\t<h5>LOGO PRINCIPAL<\/h5><h3>REVTRONIK<\/h3>\t\t\t\n\t\t\t\t<p>3.3 Mb &#8211; Fast Guidelines, .ai, .pdf, .png, #colors &amp; fonts.<\/p>\n\t\t\t<a href=\"https:\/\/revtronik.com\/wp-content\/uploads\/RevTRONIK-Primary-Logo.zip\" title=\"Click Here\" target=\"_self\"   role=\"button\" aria-label=\"Download\">\n\t\t\t\t\t\t\t\t\t\t\tDownload\n\t\t<\/a>\n\t\t\t\t<img decoding=\"async\" src=\"https:\/\/revtronik.com\/wp-content\/uploads\/RevTronik-GreenXtra-Tip-tipper-alarm-Test-Wireless-Trailer-Tester-Remote-Control-Heat-Engine-Heater-Battery-Brake-Charge-Power-Converter-Charger-Optimizer.png\" alt=\"RevTronik GreenXtra Tip tipper alarm Test Wireless Trailer Tester Remote Control Heat Engine Heater Battery Brake Charge Power Converter Charger Optimizer\" title=\"RevTronik GreenXtra Tip tipper alarm Test Wireless Trailer Tester Remote Control Heat Engine Heater Battery Brake Charge Power Converter Charger Optimizer\" itemprop=\"image\"\/>\n\t\t\t<h5>LOGO SECONDAIRE<\/h5><h3>REVTRONIK<\/h3>\t\t\t\n\t\t\t\t<p>2.5 Mb &#8211; Png<\/p>\n\t\t\t<a href=\"https:\/\/revtronik.com\/wp-content\/uploads\/RevTRONIK-SECONDARY-CERCLE-LOGO.zip\" title=\"Click Here\" target=\"_self\"   role=\"button\" aria-label=\"Download\">\n\t\t\t\t\t\t\t\t\t\t\tDownload\n\t\t<\/a>\n\t\t\t\t<img decoding=\"async\" src=\"https:\/\/revtronik.com\/wp-content\/uploads\/BrakeTRONIK-LOGOS-FLAT-Black.png\" alt=\"BrakeTRONIK LOGOS FLAT Black\" title=\"BrakeTRONIK LOGOS FLAT Black\" itemprop=\"image\"\/>\n\t\t<h3>BrakeTRONIK LOGO KIT<\/h3>\n\t\t\t\t<p>*LES CHANGEMENTS DE COULEUR ET DE STRUCTURE DE CONCEPTION NE SONT PAS AUTORIS\u00c9S.<\/p>\n<p>417k &#8211; ZIP<br \/>.ai, .pdf, .svg, .png<\/p>\n\t\t\t<a href=\"https:\/\/revtronik.com\/wp-content\/uploads\/BrakeTRONIK-LOGOS.zip\" title=\"Click Here\" target=\"_self\"   role=\"button\" aria-label=\"t\u00e9l\u00e9charger\">\n\t\t\t\t\t\t\t\t\t\t\tt\u00e9l\u00e9charger\n\t\t<\/a>\n\t\t\t\t<img decoding=\"async\" src=\"https:\/\/revtronik.com\/wp-content\/uploads\/CHARGETRONIK-BW-1000px.webp\" alt=\"CHARGETRONIK BW 1000px\" title=\"CHARGETRONIK BW 1000px\" itemprop=\"image\"\/>\n\t\t<h3>ChargeTRONIK LOGO KIT<\/h3>\n\t\t\t\t<p>*LES CHANGEMENTS DE COULEUR ET DE STRUCTURE DE CONCEPTION NE SONT PAS AUTORIS\u00c9S.<\/p>\n<p>2.6 Mo &#8211; ZIP<br \/>.ai, .pdf, .svg, .png<\/p>\n\t\t\t<a href=\"https:\/\/revtronik.com\/wp-content\/uploads\/ChargeTRONIK-LOGOS.zip\" title=\"Click Here\" target=\"_self\"   role=\"button\" aria-label=\"t\u00e9l\u00e9charger\">\n\t\t\t\t\t\t\t\t\t\t\tt\u00e9l\u00e9charger\n\t\t<\/a>\n\t\t\t\t<img decoding=\"async\" src=\"https:\/\/revtronik.com\/wp-content\/uploads\/LoadTRONIK-LOGO-FLAT-Black.png\" alt=\"LoadTRONIK LOGO FLAT Black\" title=\"LoadTRONIK LOGO FLAT Black\" itemprop=\"image\"\/>\n\t\t<h3>LoadTRONIK LOGO KIT<\/h3>\n\t\t\t\t<p>*LES CHANGEMENTS DE COULEUR ET DE STRUCTURE DE CONCEPTION NE SONT PAS AUTORIS\u00c9S.<\/p>\n<p>328k &#8211; ZIP<br \/>.ai, .pdf, .svg, .png<\/p>\n\t\t\t<a href=\"https:\/\/revtronik.com\/wp-content\/uploads\/LoadTRONIK-LOGOS.zip\" title=\"Click Here\" target=\"_self\"   role=\"button\" aria-label=\"t\u00e9l\u00e9charger\">\n\t\t\t\t\t\t\t\t\t\t\tt\u00e9l\u00e9charger\n\t\t<\/a>\n\t\t\t\t<img decoding=\"async\" src=\"https:\/\/revtronik.com\/wp-content\/uploads\/HT-LOGO-2023-FLAT-Black.png\" alt=\"HT LOGO 2023 FLAT Black\" title=\"HT LOGO 2023 FLAT Black\" itemprop=\"image\"\/>\n\t\t<h3>HeatTRONIK LOGO KIT<\/h3>\n\t\t\t\t<p>*LES CHANGEMENTS DE COULEUR ET DE STRUCTURE DE CONCEPTION NE SONT PAS AUTORIS\u00c9S.<\/p>\n<p>417k &#8211; ZIP<br \/>.ai, .pdf, .svg, .png<\/p>\n\t\t\t<a href=\"https:\/\/revtronik.com\/wp-content\/uploads\/HeatTRONIK-LOGOS.zip\" title=\"Click Here\" target=\"_self\"   role=\"button\" aria-label=\"t\u00e9l\u00e9charger\">\n\t\t\t\t\t\t\t\t\t\t\tt\u00e9l\u00e9charger\n\t\t<\/a>\n\t\t\t\t<img decoding=\"async\" src=\"https:\/\/revtronik.com\/wp-content\/uploads\/LoadTRONIK-LOGO-FLAT-Black.png\" alt=\"LoadTRONIK LOGO FLAT Black\" title=\"LoadTRONIK LOGO FLAT Black\" itemprop=\"image\"\/>\n\t\t<h3>LoadTRONIK LOGO KIT<\/h3>\n\t\t\t\t<p>*LES CHANGEMENTS DE COULEUR ET DE STRUCTURE DE CONCEPTION NE SONT PAS AUTORIS\u00c9S.<\/p>\n<p>328k &#8211; ZIP<br \/>.ai, .pdf, .svg, .png<\/p>\n\t\t\t<a href=\"https:\/\/revtronik.com\/wp-content\/uploads\/LoadTRONIK-LOGOS.zip\" title=\"Click Here\" target=\"_self\"   role=\"button\" aria-label=\"t\u00e9l\u00e9charger\">\n\t\t\t\t\t\t\t\t\t\t\tt\u00e9l\u00e9charger\n\t\t<\/a>\n\t\t\t\t<img decoding=\"async\" src=\"https:\/\/revtronik.com\/wp-content\/uploads\/SolarTRONIK-LOGO-FLAT-Black.png\" alt=\"SolarTRONIK LOGO FLAT Black\" title=\"SolarTRONIK LOGO FLAT Black\" itemprop=\"image\"\/>\n\t\t<h3>SolarTRONIK LOGO KIT<\/h3>\n\t\t\t\t<p>*LES CHANGEMENTS DE COULEUR ET DE STRUCTURE DE CONCEPTION NE SONT PAS AUTORIS\u00c9S.<\/p>\n<p>328k &#8211; ZIP<br \/>.ai, .pdf, .svg, .png<\/p>\n\t\t\t<a href=\"https:\/\/revtronik.com\/wp-content\/uploads\/SolarTRONIK-LOGO.zip\" title=\"Click Here\" target=\"_self\"   role=\"button\" aria-label=\"t\u00e9l\u00e9charger\">\n\t\t\t\t\t\t\t\t\t\t\tt\u00e9l\u00e9charger\n\t\t<\/a>\n\t\t\t\t<img decoding=\"async\" src=\"https:\/\/revtronik.com\/wp-content\/uploads\/TestTRONIK-LOGO-FLAT-Black.png\" alt=\"TestTRONIK LOGO FLAT Black\" title=\"TestTRONIK LOGO FLAT Black\" itemprop=\"image\"\/>\n\t\t<h3>TesTRONIK LOGO KIT<\/h3>\n\t\t\t\t<p>*LES CHANGEMENTS DE COULEUR ET DE STRUCTURE DE CONCEPTION NE SONT PAS AUTORIS\u00c9S.<\/p>\n<p>329k &#8211; ZIP<br \/>.ai, .pdf, .svg, .png<\/p>\n\t\t\t<a href=\"https:\/\/revtronik.com\/wp-content\/uploads\/TestTRONIK-LOGOS.zip\" title=\"Click Here\" target=\"_self\"   role=\"button\" aria-label=\"t\u00e9l\u00e9charger\">\n\t\t\t\t\t\t\t\t\t\t\tt\u00e9l\u00e9charger\n\t\t<\/a>\n\t\t\t\t<img decoding=\"async\" src=\"https:\/\/revtronik.com\/wp-content\/uploads\/TipTRONIK-LOGO-FLAT-Black.png\" alt=\"TipTRONIK LOGO FLAT Black\" title=\"TipTRONIK LOGO FLAT Black\" itemprop=\"image\"\/>\n\t\t<h3>TipTRONIK LOGO KIT<\/h3>\n\t\t\t\t<p>*LES CHANGEMENTS DE COULEUR ET DE STRUCTURE DE CONCEPTION NE SONT PAS AUTORIS\u00c9S.<\/p>\n<p><strong>NEW 2025 LOGO VERSION<br \/>** AVAILABLE SOON **<\/strong><\/p>\n<p>392k &#8211; ZIP<br \/>.ai, .pdf, .svg, .png<\/p>\n\t\t\t<a href=\"https:\/\/revtronik.com\/wp-content\/uploads\/TipTRONIK-LOGOS.zip\" title=\"Click Here\" target=\"_self\"   role=\"button\" aria-label=\"t\u00e9l\u00e9charger\">\n\t\t\t\t\t\t\t\t\t\t\tt\u00e9l\u00e9charger\n\t\t<\/a>\n<h2>\n\t\tAUTRE MAT\u00c9RIEL \u00c0 VENIR BIENT\u00d4T\u00a0!\n\t<\/h2>","protected":false},"excerpt":{"rendered":"<p>ADS AND GRAPHICS BRAND LOGOS, COLORS &#038; FONTS All images, logos and content on this site can be downloaded from [&hellip;]<\/p>\n","protected":false},"author":1,"featured_media":5425,"parent":0,"menu_order":0,"comment_status":"closed","ping_status":"closed","template":"","meta":{"_acf_changed":false,"site-sidebar-layout":"default","site-content-layout":"","ast-site-content-layout":"default","site-content-style":"default","site-sidebar-style":"default","ast-global-header-display":"","ast-banner-title-visibility":"","ast-main-header-display":"","ast-hfb-above-header-display":"","ast-hfb-below-header-display":"","ast-hfb-mobile-header-display":"","site-post-title":"","ast-breadcrumbs-content":"","ast-featured-img":"","footer-sml-layout":"","ast-disable-related-posts":"","theme-transparent-header-meta":"","adv-header-id-meta":"","stick-header-meta":"","header-above-stick-meta":"","header-main-stick-meta":"","header-below-stick-meta":"","astra-migrate-meta-layouts":"default","ast-page-background-enabled":"default","ast-page-background-meta":{"desktop":{"background-color":"var(--ast-global-color-4)","background-image":"","background-repeat":"repeat","background-position":"center center","background-size":"auto","background-attachment":"scroll","background-type":"","background-media":"","overlay-type":"","overlay-color":"","overlay-opacity":"","overlay-gradient":""},"tablet":{"background-color":"","background-image":"","background-repeat":"repeat","background-position":"center center","background-size":"auto","background-attachment":"scroll","background-type":"","background-media":"","overlay-type":"","overlay-color":"","overlay-opacity":"","overlay-gradient":""},"mobile":{"background-color":"","background-image":"","background-repeat":"repeat","background-position":"center center","background-size":"auto","background-attachment":"scroll","background-type":"","background-media":"","overlay-type":"","overlay-color":"","overlay-opacity":"","overlay-gradient":""}},"ast-content-background-meta":{"desktop":{"background-color":"var(--ast-global-color-5)","background-image":"","background-repeat":"repeat","background-position":"center center","background-size":"auto","background-attachment":"scroll","background-type":"","background-media":"","overlay-type":"","overlay-color":"","overlay-opacity":"","overlay-gradient":""},"tablet":{"background-color":"var(--ast-global-color-5)","background-image":"","background-repeat":"repeat","background-position":"center center","background-size":"auto","background-attachment":"scroll","background-type":"","background-media":"","overlay-type":"","overlay-color":"","overlay-opacity":"","overlay-gradient":""},"mobile":{"background-color":"var(--ast-global-color-5)","background-image":"","background-repeat":"repeat","background-position":"center center","background-size":"auto","background-attachment":"scroll","background-type":"","background-media":"","overlay-type":"","overlay-color":"","overlay-opacity":"","overlay-gradient":""}},"footnotes":""},"categories":[],"tags":[],"class_list":["post-5361","page","type-page","status-publish","has-post-thumbnail","hentry"],"acf":[],"yoast_head":"<!-- This site is optimized with the Yoast SEO Premium plugin v27.3 (Yoast SEO v27.5) - https:\/\/yoast.com\/product\/yoast-seo-premium-wordpress\/ -->\n<title>Downloads | REVTRONIK.com<\/title>\n<meta name=\"description\" content=\"Find REVTRONIK&#039;s all manuals, branding and advertizing files and documents for your promotional needs. Logos, images, colors, fonts.\" \/>\n<meta name=\"robots\" content=\"noindex, follow\" \/>\n<meta property=\"og:locale\" content=\"fr_CA\" \/>\n<meta property=\"og:type\" content=\"article\" \/>\n<meta property=\"og:title\" content=\"Downloads | REVTRONIK.com\" \/>\n<meta property=\"og:description\" content=\"Find REVTRONIK&#039;s all manuals, branding and advertizing files and documents for your promotional needs. Logos, images, colors, fonts.\" \/>\n<meta property=\"og:url\" content=\"https:\/\/revtronik.com\/fr\/downloads\/\" \/>\n<meta property=\"og:site_name\" content=\"REVTRONIK.com\" \/>\n<meta property=\"article:publisher\" content=\"https:\/\/www.facebook.com\/revtronik\" \/>\n<meta property=\"article:modified_time\" content=\"2025-05-01T23:30:52+00:00\" \/>\n<meta property=\"og:image\" content=\"https:\/\/revtronik.com\/wp-content\/uploads\/REV-DOWNLOADS-ms.png\" \/>\n\t<meta property=\"og:image:width\" content=\"2510\" \/>\n\t<meta property=\"og:image:height\" content=\"2291\" \/>\n\t<meta property=\"og:image:type\" content=\"image\/png\" \/>\n<meta name=\"twitter:card\" content=\"summary_large_image\" \/>\n<meta name=\"twitter:title\" content=\"S! | REVTRONIK.com SHOP\" \/>\n<meta name=\"twitter:description\" content=\"Welcome to the REVTRONIK shop where our products are among the best available in the trucking industry!\" \/>\n<meta name=\"twitter:image\" content=\"https:\/\/revtronik.com\/wp-content\/uploads\/RevTronik-GreenXtra-Tip-tipper-alarm-Test-Wireless-Trailer-Tester-Remote-Control-Heat-Engine-Heater-Battery-Brake-Charge-Power-Converter-Charger-Optimizer.png\" \/>\n<meta name=\"twitter:label1\" content=\"Estimation du temps de lecture\" \/>\n\t<meta name=\"twitter:data1\" content=\"9 minutes\" \/>\n<script type=\"application\/ld+json\" class=\"yoast-schema-graph\">{\"@context\":\"https:\\\/\\\/schema.org\",\"@graph\":[{\"@type\":\"WebPage\",\"@id\":\"https:\\\/\\\/revtronik.com\\\/downloads\\\/\",\"url\":\"https:\\\/\\\/revtronik.com\\\/downloads\\\/\",\"name\":\"Downloads | REVTRONIK.com\",\"isPartOf\":{\"@id\":\"https:\\\/\\\/revtronik.com\\\/#website\"},\"primaryImageOfPage\":{\"@id\":\"https:\\\/\\\/revtronik.com\\\/downloads\\\/#primaryimage\"},\"image\":{\"@id\":\"https:\\\/\\\/revtronik.com\\\/downloads\\\/#primaryimage\"},\"thumbnailUrl\":\"https:\\\/\\\/revtronik.com\\\/wp-content\\\/uploads\\\/REV-DOWNLOADS-ms.png\",\"datePublished\":\"2024-01-18T16:22:19+00:00\",\"dateModified\":\"2025-05-01T23:30:52+00:00\",\"description\":\"Find REVTRONIK's all manuals, branding and advertizing files and documents for your promotional needs. Logos, images, colors, fonts.\",\"breadcrumb\":{\"@id\":\"https:\\\/\\\/revtronik.com\\\/downloads\\\/#breadcrumb\"},\"inLanguage\":\"fr-CA\",\"potentialAction\":[{\"@type\":\"ReadAction\",\"target\":[\"https:\\\/\\\/revtronik.com\\\/downloads\\\/\"]}]},{\"@type\":\"ImageObject\",\"inLanguage\":\"fr-CA\",\"@id\":\"https:\\\/\\\/revtronik.com\\\/downloads\\\/#primaryimage\",\"url\":\"https:\\\/\\\/revtronik.com\\\/wp-content\\\/uploads\\\/REV-DOWNLOADS-ms.png\",\"contentUrl\":\"https:\\\/\\\/revtronik.com\\\/wp-content\\\/uploads\\\/REV-DOWNLOADS-ms.png\",\"width\":2510,\"height\":2291,\"caption\":\"REV DOWNLOADS ms\"},{\"@type\":\"BreadcrumbList\",\"@id\":\"https:\\\/\\\/revtronik.com\\\/downloads\\\/#breadcrumb\",\"itemListElement\":[{\"@type\":\"ListItem\",\"position\":1,\"name\":\"Accueil\",\"item\":\"https:\\\/\\\/revtronik.com\\\/\"},{\"@type\":\"ListItem\",\"position\":2,\"name\":\"Downloads\"}]},{\"@type\":\"WebSite\",\"@id\":\"https:\\\/\\\/revtronik.com\\\/#website\",\"url\":\"https:\\\/\\\/revtronik.com\\\/\",\"name\":\"REVTRONIK.com\",\"description\":\"Smart Trucking Products\",\"publisher\":{\"@id\":\"https:\\\/\\\/revtronik.com\\\/#organization\"},\"potentialAction\":[{\"@type\":\"SearchAction\",\"target\":{\"@type\":\"EntryPoint\",\"urlTemplate\":\"https:\\\/\\\/revtronik.com\\\/?s={search_term_string}\"},\"query-input\":{\"@type\":\"PropertyValueSpecification\",\"valueRequired\":true,\"valueName\":\"search_term_string\"}}],\"inLanguage\":\"fr-CA\"},{\"@type\":\"Organization\",\"@id\":\"https:\\\/\\\/revtronik.com\\\/#organization\",\"name\":\"RevTronik inc.\",\"url\":\"https:\\\/\\\/revtronik.com\\\/\",\"logo\":{\"@type\":\"ImageObject\",\"inLanguage\":\"fr-CA\",\"@id\":\"https:\\\/\\\/revtronik.com\\\/#\\\/schema\\\/logo\\\/image\\\/\",\"url\":\"https:\\\/\\\/revtronik.com\\\/wp-content\\\/uploads\\\/MS-revtronik-Banner-trucking-products-solutions-and-racing-division-performance.webp\",\"contentUrl\":\"https:\\\/\\\/revtronik.com\\\/wp-content\\\/uploads\\\/MS-revtronik-Banner-trucking-products-solutions-and-racing-division-performance.webp\",\"width\":1200,\"height\":675,\"caption\":\"RevTronik inc.\"},\"image\":{\"@id\":\"https:\\\/\\\/revtronik.com\\\/#\\\/schema\\\/logo\\\/image\\\/\"},\"sameAs\":[\"https:\\\/\\\/www.facebook.com\\\/revtronik\",\"https:\\\/\\\/www.youtube.com\\\/channel\\\/UCiXuXHlfSRJmUqmJbOoc2wQ\",\"https:\\\/\\\/www.linkedin.com\\\/company\\\/revtronik-inc-\\\/\"],\"description\":\"Meet present and future truck industry requirements with user friendly, high quality and cost effective products !\",\"email\":\"info@revtronik.com\",\"telephone\":\"+1 819 870-2331\",\"legalName\":\"Revtronik inc.\",\"foundingDate\":\"2014-10-26\",\"numberOfEmployees\":{\"@type\":\"QuantitativeValue\",\"minValue\":\"1\",\"maxValue\":\"10\"}}]}<\/script>\n<!-- \/ Yoast SEO Premium plugin. -->","yoast_head_json":{"title":"Downloads | REVTRONIK.com","description":"Find REVTRONIK's all manuals, branding and advertizing files and documents for your promotional needs. Logos, images, colors, fonts.","robots":{"index":"noindex","follow":"follow"},"og_locale":"fr_CA","og_type":"article","og_title":"Downloads | REVTRONIK.com","og_description":"Find REVTRONIK's all manuals, branding and advertizing files and documents for your promotional needs. Logos, images, colors, fonts.","og_url":"https:\/\/revtronik.com\/fr\/downloads\/","og_site_name":"REVTRONIK.com","article_publisher":"https:\/\/www.facebook.com\/revtronik","article_modified_time":"2025-05-01T23:30:52+00:00","og_image":[{"width":2510,"height":2291,"url":"https:\/\/revtronik.com\/wp-content\/uploads\/REV-DOWNLOADS-ms.png","type":"image\/png"}],"twitter_card":"summary_large_image","twitter_title":"S! | REVTRONIK.com SHOP","twitter_description":"Welcome to the REVTRONIK shop where our products are among the best available in the trucking industry!","twitter_image":"https:\/\/revtronik.com\/wp-content\/uploads\/RevTronik-GreenXtra-Tip-tipper-alarm-Test-Wireless-Trailer-Tester-Remote-Control-Heat-Engine-Heater-Battery-Brake-Charge-Power-Converter-Charger-Optimizer.png","twitter_misc":{"Estimation du temps de lecture":"9 minutes"},"schema":{"@context":"https:\/\/schema.org","@graph":[{"@type":"WebPage","@id":"https:\/\/revtronik.com\/downloads\/","url":"https:\/\/revtronik.com\/downloads\/","name":"Downloads | REVTRONIK.com","isPartOf":{"@id":"https:\/\/revtronik.com\/#website"},"primaryImageOfPage":{"@id":"https:\/\/revtronik.com\/downloads\/#primaryimage"},"image":{"@id":"https:\/\/revtronik.com\/downloads\/#primaryimage"},"thumbnailUrl":"https:\/\/revtronik.com\/wp-content\/uploads\/REV-DOWNLOADS-ms.png","datePublished":"2024-01-18T16:22:19+00:00","dateModified":"2025-05-01T23:30:52+00:00","description":"Find REVTRONIK's all manuals, branding and advertizing files and documents for your promotional needs. Logos, images, colors, fonts.","breadcrumb":{"@id":"https:\/\/revtronik.com\/downloads\/#breadcrumb"},"inLanguage":"fr-CA","potentialAction":[{"@type":"ReadAction","target":["https:\/\/revtronik.com\/downloads\/"]}]},{"@type":"ImageObject","inLanguage":"fr-CA","@id":"https:\/\/revtronik.com\/downloads\/#primaryimage","url":"https:\/\/revtronik.com\/wp-content\/uploads\/REV-DOWNLOADS-ms.png","contentUrl":"https:\/\/revtronik.com\/wp-content\/uploads\/REV-DOWNLOADS-ms.png","width":2510,"height":2291,"caption":"REV DOWNLOADS ms"},{"@type":"BreadcrumbList","@id":"https:\/\/revtronik.com\/downloads\/#breadcrumb","itemListElement":[{"@type":"ListItem","position":1,"name":"Accueil","item":"https:\/\/revtronik.com\/"},{"@type":"ListItem","position":2,"name":"Downloads"}]},{"@type":"WebSite","@id":"https:\/\/revtronik.com\/#website","url":"https:\/\/revtronik.com\/","name":"REVTRONIK.com","description":"Smart Trucking Products","publisher":{"@id":"https:\/\/revtronik.com\/#organization"},"potentialAction":[{"@type":"SearchAction","target":{"@type":"EntryPoint","urlTemplate":"https:\/\/revtronik.com\/?s={search_term_string}"},"query-input":{"@type":"PropertyValueSpecification","valueRequired":true,"valueName":"search_term_string"}}],"inLanguage":"fr-CA"},{"@type":"Organization","@id":"https:\/\/revtronik.com\/#organization","name":"RevTronik inc.","url":"https:\/\/revtronik.com\/","logo":{"@type":"ImageObject","inLanguage":"fr-CA","@id":"https:\/\/revtronik.com\/#\/schema\/logo\/image\/","url":"https:\/\/revtronik.com\/wp-content\/uploads\/MS-revtronik-Banner-trucking-products-solutions-and-racing-division-performance.webp","contentUrl":"https:\/\/revtronik.com\/wp-content\/uploads\/MS-revtronik-Banner-trucking-products-solutions-and-racing-division-performance.webp","width":1200,"height":675,"caption":"RevTronik inc."},"image":{"@id":"https:\/\/revtronik.com\/#\/schema\/logo\/image\/"},"sameAs":["https:\/\/www.facebook.com\/revtronik","https:\/\/www.youtube.com\/channel\/UCiXuXHlfSRJmUqmJbOoc2wQ","https:\/\/www.linkedin.com\/company\/revtronik-inc-\/"],"description":"Des produits de haute qualit\u00e9, faciles \u00e0 utiliser et rentables, qui r\u00e9pondent aux exigences actuelles et futures de l'industrie du camionnage.","email":"info@revtronik.com","telephone":"+1 819 870-2331","legalName":"Revtronik inc.","foundingDate":"2014-10-26","numberOfEmployees":{"@type":"QuantitativeValue","minValue":"1","maxValue":"10"}}]}},"_links":{"self":[{"href":"https:\/\/revtronik.com\/fr\/wp-json\/wp\/v2\/pages\/5361","targetHints":{"allow":["GET"]}}],"collection":[{"href":"https:\/\/revtronik.com\/fr\/wp-json\/wp\/v2\/pages"}],"about":[{"href":"https:\/\/revtronik.com\/fr\/wp-json\/wp\/v2\/types\/page"}],"author":[{"embeddable":true,"href":"https:\/\/revtronik.com\/fr\/wp-json\/wp\/v2\/users\/1"}],"replies":[{"embeddable":true,"href":"https:\/\/revtronik.com\/fr\/wp-json\/wp\/v2\/comments?post=5361"}],"version-history":[{"count":6,"href":"https:\/\/revtronik.com\/fr\/wp-json\/wp\/v2\/pages\/5361\/revisions"}],"predecessor-version":[{"id":6317,"href":"https:\/\/revtronik.com\/fr\/wp-json\/wp\/v2\/pages\/5361\/revisions\/6317"}],"wp:featuredmedia":[{"embeddable":true,"href":"https:\/\/revtronik.com\/fr\/wp-json\/wp\/v2\/media\/5425"}],"wp:attachment":[{"href":"https:\/\/revtronik.com\/fr\/wp-json\/wp\/v2\/media?parent=5361"}],"wp:term":[{"taxonomy":"category","embeddable":true,"href":"https:\/\/revtronik.com\/fr\/wp-json\/wp\/v2\/categories?post=5361"},{"taxonomy":"post_tag","embeddable":true,"href":"https:\/\/revtronik.com\/fr\/wp-json\/wp\/v2\/tags?post=5361"}],"curies":[{"name":"wp","href":"https:\/\/api.w.org\/{rel}","templated":true}]}}