{"id":253,"date":"2022-01-10T13:58:26","date_gmt":"2022-01-10T18:58:26","guid":{"rendered":"https:\/\/uvj26cep1o-staging.onrocket.site\/?page_id=253"},"modified":"2026-02-19T17:17:19","modified_gmt":"2026-02-19T21:17:19","slug":"dealer-and-distributor","status":"publish","type":"page","link":"https:\/\/revtronik.com\/fr\/dealer-and-distributor\/","title":{"rendered":"Distributeurs"},"content":{"rendered":"<img decoding=\"async\" src=\"https:\/\/revtronik.com\/wp-content\/uploads\/Map-Pin-Revtronik.svg\" alt=\"Map Pin Revtronik\" title=\"Map Pin Revtronik\" itemprop=\"image\"\/>\n\t\t<h3>Find below is our growing list of Revtronik product distributors and resellers across Canada, with growing North-America and upcoming USA distributors.<\/h3>\t\t\t\n<figure itemscope itemtype=\"https:\/\/schema.org\/ImageObject\">\n\t\t\t\t<img decoding=\"async\" src=\"https:\/\/revtronik.com\/wp-content\/uploads\/Approved-Certified-Icon-TipTronik-Trailer-Dumper-Box-Tipper-Raised-Alarm-GPS-WIFI-Revtronik.svg\" alt=\"Approved Certified Icon TipTronik Trailer Dumper Box Tipper Raised Alarm GPS WIFI Revtronik\" height=\"202\" width=\"202\" title=\"Approved Certified Icon TipTronik Trailer Dumper Box Tipper Raised Alarm GPS WIFI Revtronik\" onerror=\"this.style.display='none'\" loading=\"lazy\" \/>\n\t<\/figure>\n\t<a href=\"#findus\" target=\"_self\" role=\"button\" aria-label=\"D\u00c9TECTEZ-NOUS PR\u00c8S DE VOUS\">\n\t\t\t\t\t\tD\u00c9TECTEZ-NOUS PR\u00c8S DE VOUS\n\t\t\t\t\t<\/a>\n\t<a href=\"#becomedistributor\" target=\"_self\" role=\"button\" aria-label=\"DEVENIR DISTRIBUTEUR\">\n\t\t\t\t\t\tDEVENIR DISTRIBUTEUR\n\t\t\t\t\t<\/a>\n\t\t\t<h5>CLICK BELOW ON THE<\/h5><h3>GREEN TARGET ICON<\/h3>\t\t\t\t\n\t\t\t\t<p>TO GET A DISTRIBUTOR NEAR YOU BASED ON YOUR CURRENT GPS POSITION &amp; LOCATION<\/p>\n\t\n\t\t<h3>DEVENIR DISTRIBUTEUR<\/h3>\n\t\t\t\t<p>Currently developing and expanding our distribution network and partnerships throughout all North America.<\/p>\n<p>Contactez-nous pour discuter et d\u00e9buter ensemble de nouvelles opportunit\u00e9s commerciales. Appelez-nous ou remplissez le formulaire de demande de distributeur ci-dessous\u00a0!<\/p>\n<form action=\"\">\n\t<input type=\"hidden\" name=\"fl-layout-id\" value=\"253\" \/>\n    \t\t<label for=\"pp-name-\">Nom<\/label>\n    \t\tPlease enter your name.\n    \t\t<input type=\"text\" name=\"pp-name\" id=\"pp-name-\" value=\"\" placeholder=\"Nom\"  \/>\n    \t\t<label for=\"pp-email-\">Courriel<\/label>\n    \t\tPlease enter a valid email address.\n    \t\t<input type=\"email\" name=\"pp-email\" id=\"pp-email-\" value=\"\" placeholder=\"Courriel\"  \/>\n    \t\t<label for=\"pp-subject-\">Entreprise<\/label>\n    \t\tPlease enter a subject.\n    \t\t<input type=\"text\" name=\"pp-subject\" id=\"pp-subject-\" value=\"\" placeholder=\"Entreprise\"  \/>\n    \t\t<label for=\"pp-message-\">Message<\/label>\n    \t\tPlease type your message.\n    \t\t<textarea name=\"pp-message\" id=\"pp-message-\" placeholder=\"Message\"><\/textarea>\n    \t<a href=\"#\" target=\"_self\" role=\"button\">\n    \t\t    \t\t    \t\tENVOYER\n    \t\t    \t\t    \t<\/a>\n\t\t\tMessage failed. Please try again.\n<input type=\"hidden\" name=\"trp-form-language\" value=\"fr\"\/><\/form>\n  <p>Thanks for your message! We&#8217;ll be in touch soon.<\/p>","protected":false},"excerpt":{"rendered":"<p>Find below is our growing list of Revtronik product distributors and resellers across Canada, with growing North-America and upcoming USA [&hellip;]<\/p>\n","protected":false},"author":1,"featured_media":3390,"parent":0,"menu_order":0,"comment_status":"closed","ping_status":"closed","template":"","meta":{"_acf_changed":false,"site-sidebar-layout":"default","site-content-layout":"","ast-site-content-layout":"default","site-content-style":"default","site-sidebar-style":"default","ast-global-header-display":"","ast-banner-title-visibility":"","ast-main-header-display":"","ast-hfb-above-header-display":"","ast-hfb-below-header-display":"","ast-hfb-mobile-header-display":"","site-post-title":"","ast-breadcrumbs-content":"","ast-featured-img":"","footer-sml-layout":"","ast-disable-related-posts":"","theme-transparent-header-meta":"","adv-header-id-meta":"","stick-header-meta":"","header-above-stick-meta":"","header-main-stick-meta":"","header-below-stick-meta":"","astra-migrate-meta-layouts":"default","ast-page-background-enabled":"default","ast-page-background-meta":{"desktop":{"background-color":"var(--ast-global-color-4)","background-image":"","background-repeat":"repeat","background-position":"center center","background-size":"auto","background-attachment":"scroll","background-type":"","background-media":"","overlay-type":"","overlay-color":"","overlay-opacity":"","overlay-gradient":""},"tablet":{"background-color":"","background-image":"","background-repeat":"repeat","background-position":"center center","background-size":"auto","background-attachment":"scroll","background-type":"","background-media":"","overlay-type":"","overlay-color":"","overlay-opacity":"","overlay-gradient":""},"mobile":{"background-color":"","background-image":"","background-repeat":"repeat","background-position":"center center","background-size":"auto","background-attachment":"scroll","background-type":"","background-media":"","overlay-type":"","overlay-color":"","overlay-opacity":"","overlay-gradient":""}},"ast-content-background-meta":{"desktop":{"background-color":"var(--ast-global-color-5)","background-image":"","background-repeat":"repeat","background-position":"center center","background-size":"auto","background-attachment":"scroll","background-type":"","background-media":"","overlay-type":"","overlay-color":"","overlay-opacity":"","overlay-gradient":""},"tablet":{"background-color":"var(--ast-global-color-5)","background-image":"","background-repeat":"repeat","background-position":"center center","background-size":"auto","background-attachment":"scroll","background-type":"","background-media":"","overlay-type":"","overlay-color":"","overlay-opacity":"","overlay-gradient":""},"mobile":{"background-color":"var(--ast-global-color-5)","background-image":"","background-repeat":"repeat","background-position":"center center","background-size":"auto","background-attachment":"scroll","background-type":"","background-media":"","overlay-type":"","overlay-color":"","overlay-opacity":"","overlay-gradient":""}},"footnotes":""},"categories":[],"tags":[],"class_list":["post-253","page","type-page","status-publish","has-post-thumbnail","hentry"],"acf":[],"yoast_head":"<!-- This site is optimized with the Yoast SEO Premium plugin v27.3 (Yoast SEO v27.5) - https:\/\/yoast.com\/product\/yoast-seo-premium-wordpress\/ -->\n<title>Find Us! - RevTRONIK Dealers &amp; Distributors<\/title>\n<meta name=\"description\" content=\"Find near you our certified dealers and installers of RevTRONIK products across Canada and soon across North America.\" \/>\n<meta name=\"robots\" content=\"index, follow, max-snippet:-1, max-image-preview:large, max-video-preview:-1\" \/>\n<link rel=\"canonical\" href=\"https:\/\/revtronik.com\/fr\/dealer-and-distributor\/\" \/>\n<meta property=\"og:locale\" content=\"fr_CA\" \/>\n<meta property=\"og:type\" content=\"article\" \/>\n<meta property=\"og:title\" content=\"Find Us! - RevTRONIK Dealers &amp; Distributors\" \/>\n<meta property=\"og:description\" content=\"Find near you our certified dealers and installers of RevTRONIK products across Canada and soon across North America.\" \/>\n<meta property=\"og:url\" content=\"https:\/\/revtronik.com\/fr\/dealer-and-distributor\/\" \/>\n<meta property=\"og:site_name\" content=\"REVTRONIK.com\" \/>\n<meta property=\"article:publisher\" content=\"https:\/\/www.facebook.com\/revtronik\" \/>\n<meta property=\"article:modified_time\" content=\"2026-02-19T21:17:19+00:00\" \/>\n<meta property=\"og:image\" content=\"https:\/\/revtronik.com\/wp-content\/uploads\/Find-Us-Near-You-TipTRONIK-Lifted-trailer-Alarms-TestTRONIK-Wireless-Trailer-Tester-HeatTRONIK-Engine-Heater-BrakeTRONIK-Brake-ChargeTRONIK-Power-Converter-Battery-Charger-Optimizer-Revtronik.jpg\" \/>\n\t<meta property=\"og:image:width\" content=\"2000\" \/>\n\t<meta property=\"og:image:height\" content=\"950\" \/>\n\t<meta property=\"og:image:type\" content=\"image\/jpeg\" \/>\n<meta name=\"twitter:card\" content=\"summary_large_image\" \/>\n<meta name=\"twitter:title\" content=\"Find Us! - RevTRONIK Dealers &amp; Distributors\" \/>\n<meta name=\"twitter:description\" content=\"Find near you our certified dealers and installers of RevTRONIK products across Canada and soon across North America.\" \/>\n<meta name=\"twitter:label1\" content=\"Estimation du temps de lecture\" \/>\n\t<meta name=\"twitter:data1\" content=\"1 minute\" \/>\n<script type=\"application\/ld+json\" class=\"yoast-schema-graph\">{\"@context\":\"https:\\\/\\\/schema.org\",\"@graph\":[{\"@type\":\"WebPage\",\"@id\":\"https:\\\/\\\/revtronik.com\\\/dealer-and-distributor\\\/\",\"url\":\"https:\\\/\\\/revtronik.com\\\/dealer-and-distributor\\\/\",\"name\":\"Find Us! - RevTRONIK Dealers & Distributors\",\"isPartOf\":{\"@id\":\"https:\\\/\\\/revtronik.com\\\/#website\"},\"primaryImageOfPage\":{\"@id\":\"https:\\\/\\\/revtronik.com\\\/dealer-and-distributor\\\/#primaryimage\"},\"image\":{\"@id\":\"https:\\\/\\\/revtronik.com\\\/dealer-and-distributor\\\/#primaryimage\"},\"thumbnailUrl\":\"https:\\\/\\\/revtronik.com\\\/wp-content\\\/uploads\\\/Find-Us-Near-You-TipTRONIK-Lifted-trailer-Alarms-TestTRONIK-Wireless-Trailer-Tester-HeatTRONIK-Engine-Heater-BrakeTRONIK-Brake-ChargeTRONIK-Power-Converter-Battery-Charger-Optimizer-Revtronik.jpg\",\"datePublished\":\"2022-01-10T18:58:26+00:00\",\"dateModified\":\"2026-02-19T21:17:19+00:00\",\"description\":\"Find near you our certified dealers and installers of RevTRONIK products across Canada and soon across North America.\",\"breadcrumb\":{\"@id\":\"https:\\\/\\\/revtronik.com\\\/dealer-and-distributor\\\/#breadcrumb\"},\"inLanguage\":\"fr-CA\",\"potentialAction\":[{\"@type\":\"ReadAction\",\"target\":[\"https:\\\/\\\/revtronik.com\\\/dealer-and-distributor\\\/\"]}]},{\"@type\":\"ImageObject\",\"inLanguage\":\"fr-CA\",\"@id\":\"https:\\\/\\\/revtronik.com\\\/dealer-and-distributor\\\/#primaryimage\",\"url\":\"https:\\\/\\\/revtronik.com\\\/wp-content\\\/uploads\\\/Find-Us-Near-You-TipTRONIK-Lifted-trailer-Alarms-TestTRONIK-Wireless-Trailer-Tester-HeatTRONIK-Engine-Heater-BrakeTRONIK-Brake-ChargeTRONIK-Power-Converter-Battery-Charger-Optimizer-Revtronik.jpg\",\"contentUrl\":\"https:\\\/\\\/revtronik.com\\\/wp-content\\\/uploads\\\/Find-Us-Near-You-TipTRONIK-Lifted-trailer-Alarms-TestTRONIK-Wireless-Trailer-Tester-HeatTRONIK-Engine-Heater-BrakeTRONIK-Brake-ChargeTRONIK-Power-Converter-Battery-Charger-Optimizer-Revtronik.jpg\",\"width\":2000,\"height\":950,\"caption\":\"Find Us Near You TipTRONIK Lifted trailer Alarms TestTRONIK Wireless Trailer Tester HeatTRONIK Engine Heater BrakeTRONIK Brake ChargeTRONIK Power Converter Battery Charger Optimizer Revtronik\"},{\"@type\":\"BreadcrumbList\",\"@id\":\"https:\\\/\\\/revtronik.com\\\/dealer-and-distributor\\\/#breadcrumb\",\"itemListElement\":[{\"@type\":\"ListItem\",\"position\":1,\"name\":\"Accueil\",\"item\":\"https:\\\/\\\/revtronik.com\\\/\"},{\"@type\":\"ListItem\",\"position\":2,\"name\":\"Dealers &#038; Distributors\"}]},{\"@type\":\"WebSite\",\"@id\":\"https:\\\/\\\/revtronik.com\\\/#website\",\"url\":\"https:\\\/\\\/revtronik.com\\\/\",\"name\":\"REVTRONIK.com\",\"description\":\"Smart Trucking Products\",\"publisher\":{\"@id\":\"https:\\\/\\\/revtronik.com\\\/#organization\"},\"potentialAction\":[{\"@type\":\"SearchAction\",\"target\":{\"@type\":\"EntryPoint\",\"urlTemplate\":\"https:\\\/\\\/revtronik.com\\\/?s={search_term_string}\"},\"query-input\":{\"@type\":\"PropertyValueSpecification\",\"valueRequired\":true,\"valueName\":\"search_term_string\"}}],\"inLanguage\":\"fr-CA\"},{\"@type\":\"Organization\",\"@id\":\"https:\\\/\\\/revtronik.com\\\/#organization\",\"name\":\"RevTronik inc.\",\"url\":\"https:\\\/\\\/revtronik.com\\\/\",\"logo\":{\"@type\":\"ImageObject\",\"inLanguage\":\"fr-CA\",\"@id\":\"https:\\\/\\\/revtronik.com\\\/#\\\/schema\\\/logo\\\/image\\\/\",\"url\":\"https:\\\/\\\/revtronik.com\\\/wp-content\\\/uploads\\\/MS-revtronik-Banner-trucking-products-solutions-and-racing-division-performance.webp\",\"contentUrl\":\"https:\\\/\\\/revtronik.com\\\/wp-content\\\/uploads\\\/MS-revtronik-Banner-trucking-products-solutions-and-racing-division-performance.webp\",\"width\":1200,\"height\":675,\"caption\":\"RevTronik inc.\"},\"image\":{\"@id\":\"https:\\\/\\\/revtronik.com\\\/#\\\/schema\\\/logo\\\/image\\\/\"},\"sameAs\":[\"https:\\\/\\\/www.facebook.com\\\/revtronik\",\"https:\\\/\\\/www.youtube.com\\\/channel\\\/UCiXuXHlfSRJmUqmJbOoc2wQ\",\"https:\\\/\\\/www.linkedin.com\\\/company\\\/revtronik-inc-\\\/\"],\"description\":\"Meet present and future truck industry requirements with user friendly, high quality and cost effective products !\",\"email\":\"info@revtronik.com\",\"telephone\":\"+1 819 870-2331\",\"legalName\":\"Revtronik inc.\",\"foundingDate\":\"2014-10-26\",\"numberOfEmployees\":{\"@type\":\"QuantitativeValue\",\"minValue\":\"1\",\"maxValue\":\"10\"}}]}<\/script>\n<!-- \/ Yoast SEO Premium plugin. -->","yoast_head_json":{"title":"Find Us! - RevTRONIK Dealers & Distributors","description":"Find near you our certified dealers and installers of RevTRONIK products across Canada and soon across North America.","robots":{"index":"index","follow":"follow","max-snippet":"max-snippet:-1","max-image-preview":"max-image-preview:large","max-video-preview":"max-video-preview:-1"},"canonical":"https:\/\/revtronik.com\/fr\/dealer-and-distributor\/","og_locale":"fr_CA","og_type":"article","og_title":"Find Us! - RevTRONIK Dealers & Distributors","og_description":"Find near you our certified dealers and installers of RevTRONIK products across Canada and soon across North America.","og_url":"https:\/\/revtronik.com\/fr\/dealer-and-distributor\/","og_site_name":"REVTRONIK.com","article_publisher":"https:\/\/www.facebook.com\/revtronik","article_modified_time":"2026-02-19T21:17:19+00:00","og_image":[{"width":2000,"height":950,"url":"https:\/\/revtronik.com\/wp-content\/uploads\/Find-Us-Near-You-TipTRONIK-Lifted-trailer-Alarms-TestTRONIK-Wireless-Trailer-Tester-HeatTRONIK-Engine-Heater-BrakeTRONIK-Brake-ChargeTRONIK-Power-Converter-Battery-Charger-Optimizer-Revtronik.jpg","type":"image\/jpeg"}],"twitter_card":"summary_large_image","twitter_title":"Find Us! - RevTRONIK Dealers & Distributors","twitter_description":"Find near you our certified dealers and installers of RevTRONIK products across Canada and soon across North America.","twitter_misc":{"Estimation du temps de lecture":"1 minute"},"schema":{"@context":"https:\/\/schema.org","@graph":[{"@type":"WebPage","@id":"https:\/\/revtronik.com\/dealer-and-distributor\/","url":"https:\/\/revtronik.com\/dealer-and-distributor\/","name":"Find Us! - RevTRONIK Dealers & Distributors","isPartOf":{"@id":"https:\/\/revtronik.com\/#website"},"primaryImageOfPage":{"@id":"https:\/\/revtronik.com\/dealer-and-distributor\/#primaryimage"},"image":{"@id":"https:\/\/revtronik.com\/dealer-and-distributor\/#primaryimage"},"thumbnailUrl":"https:\/\/revtronik.com\/wp-content\/uploads\/Find-Us-Near-You-TipTRONIK-Lifted-trailer-Alarms-TestTRONIK-Wireless-Trailer-Tester-HeatTRONIK-Engine-Heater-BrakeTRONIK-Brake-ChargeTRONIK-Power-Converter-Battery-Charger-Optimizer-Revtronik.jpg","datePublished":"2022-01-10T18:58:26+00:00","dateModified":"2026-02-19T21:17:19+00:00","description":"Find near you our certified dealers and installers of RevTRONIK products across Canada and soon across North America.","breadcrumb":{"@id":"https:\/\/revtronik.com\/dealer-and-distributor\/#breadcrumb"},"inLanguage":"fr-CA","potentialAction":[{"@type":"ReadAction","target":["https:\/\/revtronik.com\/dealer-and-distributor\/"]}]},{"@type":"ImageObject","inLanguage":"fr-CA","@id":"https:\/\/revtronik.com\/dealer-and-distributor\/#primaryimage","url":"https:\/\/revtronik.com\/wp-content\/uploads\/Find-Us-Near-You-TipTRONIK-Lifted-trailer-Alarms-TestTRONIK-Wireless-Trailer-Tester-HeatTRONIK-Engine-Heater-BrakeTRONIK-Brake-ChargeTRONIK-Power-Converter-Battery-Charger-Optimizer-Revtronik.jpg","contentUrl":"https:\/\/revtronik.com\/wp-content\/uploads\/Find-Us-Near-You-TipTRONIK-Lifted-trailer-Alarms-TestTRONIK-Wireless-Trailer-Tester-HeatTRONIK-Engine-Heater-BrakeTRONIK-Brake-ChargeTRONIK-Power-Converter-Battery-Charger-Optimizer-Revtronik.jpg","width":2000,"height":950,"caption":"Find Us Near You TipTRONIK Lifted trailer Alarms TestTRONIK Wireless Trailer Tester HeatTRONIK Engine Heater BrakeTRONIK Brake ChargeTRONIK Power Converter Battery Charger Optimizer Revtronik"},{"@type":"BreadcrumbList","@id":"https:\/\/revtronik.com\/dealer-and-distributor\/#breadcrumb","itemListElement":[{"@type":"ListItem","position":1,"name":"Accueil","item":"https:\/\/revtronik.com\/"},{"@type":"ListItem","position":2,"name":"Dealers &#038; Distributors"}]},{"@type":"WebSite","@id":"https:\/\/revtronik.com\/#website","url":"https:\/\/revtronik.com\/","name":"REVTRONIK.com","description":"Smart Trucking Products","publisher":{"@id":"https:\/\/revtronik.com\/#organization"},"potentialAction":[{"@type":"SearchAction","target":{"@type":"EntryPoint","urlTemplate":"https:\/\/revtronik.com\/?s={search_term_string}"},"query-input":{"@type":"PropertyValueSpecification","valueRequired":true,"valueName":"search_term_string"}}],"inLanguage":"fr-CA"},{"@type":"Organization","@id":"https:\/\/revtronik.com\/#organization","name":"RevTronik inc.","url":"https:\/\/revtronik.com\/","logo":{"@type":"ImageObject","inLanguage":"fr-CA","@id":"https:\/\/revtronik.com\/#\/schema\/logo\/image\/","url":"https:\/\/revtronik.com\/wp-content\/uploads\/MS-revtronik-Banner-trucking-products-solutions-and-racing-division-performance.webp","contentUrl":"https:\/\/revtronik.com\/wp-content\/uploads\/MS-revtronik-Banner-trucking-products-solutions-and-racing-division-performance.webp","width":1200,"height":675,"caption":"RevTronik inc."},"image":{"@id":"https:\/\/revtronik.com\/#\/schema\/logo\/image\/"},"sameAs":["https:\/\/www.facebook.com\/revtronik","https:\/\/www.youtube.com\/channel\/UCiXuXHlfSRJmUqmJbOoc2wQ","https:\/\/www.linkedin.com\/company\/revtronik-inc-\/"],"description":"Des produits de haute qualit\u00e9, faciles \u00e0 utiliser et rentables, qui r\u00e9pondent aux exigences actuelles et futures de l'industrie du camionnage.","email":"info@revtronik.com","telephone":"+1 819 870-2331","legalName":"Revtronik inc.","foundingDate":"2014-10-26","numberOfEmployees":{"@type":"QuantitativeValue","minValue":"1","maxValue":"10"}}]}},"_links":{"self":[{"href":"https:\/\/revtronik.com\/fr\/wp-json\/wp\/v2\/pages\/253","targetHints":{"allow":["GET"]}}],"collection":[{"href":"https:\/\/revtronik.com\/fr\/wp-json\/wp\/v2\/pages"}],"about":[{"href":"https:\/\/revtronik.com\/fr\/wp-json\/wp\/v2\/types\/page"}],"author":[{"embeddable":true,"href":"https:\/\/revtronik.com\/fr\/wp-json\/wp\/v2\/users\/1"}],"replies":[{"embeddable":true,"href":"https:\/\/revtronik.com\/fr\/wp-json\/wp\/v2\/comments?post=253"}],"version-history":[{"count":6,"href":"https:\/\/revtronik.com\/fr\/wp-json\/wp\/v2\/pages\/253\/revisions"}],"predecessor-version":[{"id":10116,"href":"https:\/\/revtronik.com\/fr\/wp-json\/wp\/v2\/pages\/253\/revisions\/10116"}],"wp:featuredmedia":[{"embeddable":true,"href":"https:\/\/revtronik.com\/fr\/wp-json\/wp\/v2\/media\/3390"}],"wp:attachment":[{"href":"https:\/\/revtronik.com\/fr\/wp-json\/wp\/v2\/media?parent=253"}],"wp:term":[{"taxonomy":"category","embeddable":true,"href":"https:\/\/revtronik.com\/fr\/wp-json\/wp\/v2\/categories?post=253"},{"taxonomy":"post_tag","embeddable":true,"href":"https:\/\/revtronik.com\/fr\/wp-json\/wp\/v2\/tags?post=253"}],"curies":[{"name":"wp","href":"https:\/\/api.w.org\/{rel}","templated":true}]}}